{"id":526,"date":"2020-07-28T11:23:49","date_gmt":"2020-07-28T11:23:49","guid":{"rendered":"https:\/\/acusticsambient.panelserver.org\/?page_id=526"},"modified":"2020-11-04T20:36:55","modified_gmt":"2020-11-04T20:36:55","slug":"aislamiento","status":"publish","type":"page","link":"https:\/\/acusticsambient.com\/es\/aislamiento\/","title":{"rendered":"Aislamiento"},"content":{"rendered":"<p>[vc_row css_animation=\u00bb\u00bb row_type=\u00bbrow\u00bb use_row_as_full_screen_section=\u00bbno\u00bb type=\u00bbgrid\u00bb angled_section=\u00bbno\u00bb text_align=\u00bbleft\u00bb background_image_as_pattern=\u00bbwithout_pattern\u00bb css=\u00bb.vc_custom_1600364212737{padding-top: 120px !important;padding-bottom: 120px !important;}\u00bb z_index=\u00bb\u00bb][vc_column][vc_row_inner row_type=\u00bbrow\u00bb type=\u00bbfull_width\u00bb text_align=\u00bbleft\u00bb css_animation=\u00bb\u00bb][vc_column_inner width=\u00bb1\/2&#8243;][vc_column_text css=\u00bb.vc_custom_1600767235695{padding-right: 10% !important;padding-bottom: 30px !important;}\u00bb]<\/p>\n<h3>Reducci\u00f3n de ruido mediante aislamiento<\/h3>\n<p>Aislar supone impedir que un sonido penetre en un medio o que salga de \u00e9l. Por eso, para aislar, en los sistemas constructivos combinamos tanto materiales absorbentes, como materiales aislantes. Al incidir la onda ac\u00fastica sobre un elemento constructivo, una parte de la energ\u00eda sonora se refleja, otra se absorbe transform\u00e1ndose en energ\u00eda calor\u00edfica y otra se transmite atravesando el elemento constructivo.<\/p>\n<p>Se entiende por aislamiento ac\u00fastico al conjunto de procedimientos empleados para reducir o evitar la transmisi\u00f3n de ruidos por v\u00eda a\u00e9rea o estructural.<\/p>\n<h3><strong>Aislamiento ac\u00fastico a\u00e9reo<\/strong><\/h3>\n<p>aislamiento contra el sonido a\u00e9reo de acuerdo con la norma ISO 16283-1 determinado en bandas de frecuencia (bandas de un tercio de octava o bandas de octava) a partir de las cuales se pueden obtener calificaciones de un n\u00famero \u00fanico para al rendimiento del edificio de acuerdo con la norma ISO 717-1<\/p>\n<h3>Aislamiento ac\u00fastico de impacto<\/h3>\n<p>aislamiento contra el sonido de impacto de acuerdo con la norma ISO 16283-2 determinado en bandas de frecuencia (bandas de un tercio de octava o bandas de octava) a partir de las cuales se pueden obtener calificaciones de un n\u00famero \u00fanico para el rendimiento del edificio de acuerdo con la norma ISO 717-2<\/p>\n<h3>Aislamiento ac\u00fastico a\u00e9reo de fachadas<\/h3>\n<p>aislamiento contra el ruido del exterior seg\u00fan la norma ISO 16283-3 determinado en bandas de frecuencia (bandas de un tercio de octava o bandas de octava) a partir de las cuales se pueden obtener calificaciones de un n\u00famero \u00fanico para al rendimiento del edificio de acuerdo con la norma ISO 717-1[\/vc_column_text][\/vc_column_inner][vc_column_inner width=\u00bb1\/2&#8243; css=\u00bb.vc_custom_1600767243000{padding-top: 300px !important;padding-bottom: 130% !important;background-image: url(https:\/\/acusticsambient.com\/wp-content\/uploads\/2020\/09\/AUDITORI-9.jpg?id=1392) !important;background-position: center !important;background-repeat: no-repeat !important;background-size: cover !important;}\u00bb][\/vc_column_inner][\/vc_row_inner][vc_row_inner row_type=\u00bbrow\u00bb type=\u00bbfull_width\u00bb text_align=\u00bbleft\u00bb css_animation=\u00bb\u00bb][vc_column_inner width=\u00bb1\/2&#8243; css=\u00bb.vc_custom_1600767286704{padding-top: 300px !important;padding-bottom: 160% !important;background-image: url(https:\/\/acusticsambient.com\/wp-content\/uploads\/2020\/09\/INDUSTRIA-2.jpg?id=1725) !important;background-position: center !important;background-repeat: no-repeat !important;background-size: cover !important;}\u00bb][\/vc_column_inner][vc_column_inner width=\u00bb1\/2&#8243;][vc_column_text css=\u00bb.vc_custom_1600767046275{padding-bottom: 30px !important;padding-left: 30px !important;}\u00bb]<\/p>\n<h3>Diferencia de niveles estandarizada:<\/h3>\n<p>Ponderada A, entre recintos interiores, DnT,A: Valoraci\u00f3n global, en dBA, de la diferencia de niveles estandarizada, entre recintos interiores, DnT, para ruido rosa.<\/p>\n<p>Diferencia de niveles estandarizada entre recintos interiores, DnT: Diferencia, en dB,\u00a0 entre los niveles medios de presi\u00f3n sonora producidos en dos recintos por una o varias fuentes de ruido emitiendo en uno de ellos, normalizada al valor 0,5 s del tiempo de reverberaci\u00f3n. En general es funci\u00f3n de la frecuencia<\/p>\n<p>Diferencia de niveles estandarizada entre recintos, (o aislamiento ac\u00fastico bruto entre recintos), D: Diferencia, en dB, entre los niveles medios de presi\u00f3n sonora producidos en dos recintos por la acci\u00f3n de una o varias fuentes de ruido emitiendo en uno de ellos, que se toma como recinto emisor.<\/p>\n<p>Diferencia de niveles estandarizada en fachadas, en cubiertas y en suelos en contacto con el aire exterior, D2m,nT: Aislamiento ac\u00fastico a ruido a\u00e9reo de una fachada, una cubierta o un suelo en contacto con el aire exterior, en dB, cuando la medida del nivel de ruido exterior, L1,2m, se hace a 2 metros frente a la fachada o la cubierta.<\/p>\n<p>\u00cdndice global de reducci\u00f3n ac\u00fastica de un elemento constructivo, ponderado A, RA: Valoraci\u00f3n global, en dBA, del \u00edndice de reducci\u00f3n ac\u00fastica, R, para un ruido incidente rosa normalizado, ponderado A.<\/p>\n<p>Los \u00edndices de reducci\u00f3n ac\u00fastica se determinar\u00e1n mediante ensayo en laboratorio. No obstante, y en ausencia de ensayo, puede decirse que el \u00edndice de reducci\u00f3n ac\u00fastica proporcionado por un elemento constructivo de una hoja de materiales homog\u00e9neos, es funci\u00f3n casi exclusiva de su masa.<\/p>\n<p>\u00cdndice de reducci\u00f3n ac\u00fastica de un elemento constructivo, R: Aislamiento ac\u00fastico, en dB, de un elemento constructivo medido en laboratorio. Es funci\u00f3n de la frecuencia.<\/p>\n<p>\u00cdndice de reducci\u00f3n ac\u00fastica aparente, R\u2019: Aislamiento ac\u00fastico, en dB, de un elemento constructivo medido in situ, incluidas las transmisiones indirectas. En funci\u00f3n de la frecuencia.<\/p>\n<p>ISO 12354-1: 2017 especifica modelos de c\u00e1lculo dise\u00f1ados para estimar el aislamiento ac\u00fastico en el aire entre habitaciones adyacentes en edificios, utilizando principalmente datos medidos que caracterizan la transmisi\u00f3n de flanqueo directo o indirecto por los elementos de construcci\u00f3n participantes, y m\u00e9todos derivados te\u00f3ricamente de propagaci\u00f3n del sonido en elementos estructurales .[\/vc_column_text][\/vc_column_inner][\/vc_row_inner][vc_row_inner row_type=\u00bbrow\u00bb type=\u00bbfull_width\u00bb text_align=\u00bbleft\u00bb css_animation=\u00bb\u00bb][vc_column_inner width=\u00bb1\/2&#8243;][vc_column_text css=\u00bb.vc_custom_1600767265247{padding-right: 10% !important;padding-bottom: 30px !important;}\u00bb]<\/p>\n<h3>Aislamiento ac\u00fastico a ruido de impactos<\/h3>\n<p>Aislamiento ac\u00fastico a ruido de impactos: Protecci\u00f3n frente al ruido de impactos. Viene determinado por el nivel global de presi\u00f3n de ruido de impactos estandarizado, L\u2019nT,w, en dB.<\/p>\n<p>Nivel de presi\u00f3n de ruido de impactos estandarizado, L\u2019nT: Nivel de presi\u00f3n sonora medio, en dB, en el recinto receptor normalizado a un tiempo de reverberaci\u00f3n de 0,5s, cuando el elemento constructivo de separaci\u00f3n respecto al recinto emisor es excitado por la m\u00e1quina de impactos normalizada. Es funci\u00f3n de la frecuencia.<\/p>\n<p>Nivel de presi\u00f3n de ruido de impactos normalizado de un elemento constructivo horizontal, Ln: Nivel de presi\u00f3n sonora medio en el recinto receptor referido a una absorci\u00f3n de 10 m2, con el elemento constructivo horizontal montado como elemento de separaci\u00f3n respecto al recinto superior. Tal elemento es excitado por la m\u00e1quina de impactos normalizada, en condiciones de ensayo en laboratorio (carencia de transmisiones indirectas). Es funci\u00f3n de la frecuencia.<\/p>\n<p>Nivel global de presi\u00f3n de ruido de impactos estandarizado, L\u2019nT,w: Valoraci\u00f3n global del nivel de presi\u00f3n de ruido de impactos estandarizado, L\u2019nT.<\/p>\n<p>Nivel global de presi\u00f3n de ruido de impactos normalizado de un elemento constructivo horizontal, Ln,w: Valor a 500 Hz de la curva de referencia ajustada a los valores experimentales de nivel de presi\u00f3n de ruido de impactos normalizado, Ln. Si los niveles experimentales est\u00e1n dados para bandas de octava, hay que reducir en 5 dB el valor a 500Hz.<\/p>\n<h3>Aislamiento activo<\/h3>\n<p>T\u00e9cnicas de prevenci\u00f3n y sistemas de control de les emisiones.<\/p>\n<p>El Limitador de potencia es un ecualizador limitador de tercios de octava que adapta el nivel sonoro producido por el equipo en el que se instala a las condiciones del aislamiento del local de manera que en cada tercio de octava se cumple que:<\/p>\n<p>Nivel de presi\u00f3n Sonora en el local &lt; Aislamiento del local + Nivel de presi\u00f3n sonora m\u00e1ximo permitido por Normativa en el receptor (Curva NC).[\/vc_column_text]\n\n\t<a href=\"https:\/\/acusticsambient.com\/es\/#proyectos\" target=\"_self\" style=\"color: #ffffff;background-color: #51a126;font-size: 20px;font-weight: 400;margin: 20px 0px 0px 0px\" class=\"qode-btn qode-btn-medium qode-btn-solid qode-btn-custom-hover-bg qode-btn-custom-hover-color qode-btn-default-hover\" data-hover-bg-color=\"#96949a\" data-hover-color=\"#ffffff\" >\n\t    <span class=\"qode-btn-text\">M\u00e1s Proyectos<\/span>\t<\/a>\n\n[\/vc_column_inner][vc_column_inner width=\u00bb1\/2&#8243; css=\u00bb.vc_custom_1600767310289{padding-top: 300px !important;padding-bottom: 170% !important;background-image: url(https:\/\/acusticsambient.com\/wp-content\/uploads\/2020\/09\/MEDIAMBIENT-8-rotated.jpg?id=1783) !important;background-position: center !important;background-repeat: no-repeat !important;background-size: cover !important;}\u00bb][\/vc_column_inner][\/vc_row_inner][\/vc_column][\/vc_row][vc_row css_animation=\u00bb\u00bb row_type=\u00bbrow\u00bb use_row_as_full_screen_section=\u00bbno\u00bb type=\u00bbfull_width\u00bb angled_section=\u00bbno\u00bb text_align=\u00bbleft\u00bb background_image_as_pattern=\u00bbwithout_pattern\u00bb][vc_column css=\u00bb.vc_custom_1598604146555{padding-top: 0px !important;padding-right: 0px !important;padding-bottom: 0px !important;padding-left: 0px !important;background-color: #51a126 !important;}\u00bb]<div class=\"qode-advanced-call-to-action\" style=\"height:155px\">\n\t<a class=\"advanced-cta-link\" href=\"\/es\/contacto\" target=\"_self\"><\/a>\n\t<div class=\"qode-advanced-cta-content\">\t\t\n\t    <span class=\"qode-advanced-cta-text-holder\" style=\"color:#ffffff;font-size:25px;font-weight:700\">\n\t\t    Solicita m\u00e1s informaci\u00f3n\t    <\/span>\n\t    <span class=\"qode-advanced-cta-icon-holder\" style=\"color:#ffffff;font-size:38px;font-weight:600;height:45px;width:45px\">\n\t\t    <span class=\"qode-advanced-cta-icon-holder-table\">\n\t\t    \t<span class=\"qode-advanced-cta-icon-holder-cell\" >\n\t\t\t    \t<span aria-hidden=\"true\" class=\"qode_icon_font_elegant arrow_right qode-advanced-cta-icon\" ><\/span>\t\t\t    <\/span>\n\t\t    <\/span>\n\t\t    \t    <\/span>\n\t<\/div>\n\t\t\t<div class=\"qode-advanced-cta-background-holder\">\n\t\t\t<span class=\"qode-advanced-cta-background-1 qode-type1-gradient-left-to-right\"><\/span>\n\t\t\t<span class=\"qode-advanced-cta-background-2 qode-type1-gradient-left-to-right\"><\/span>\n\t\t\t<span class=\"qode-advanced-cta-background-3\"><\/span>\n\t\t<\/div>\n\t<\/div>[\/vc_column][\/vc_row]<\/p>\n","protected":false},"excerpt":{"rendered":"<p>[vc_row css_animation=\u00bb\u00bb row_type=\u00bbrow\u00bb use_row_as_full_screen_section=\u00bbno\u00bb type=\u00bbgrid\u00bb angled_section=\u00bbno\u00bb text_align=\u00bbleft\u00bb background_image_as_pattern=\u00bbwithout_pattern\u00bb css=\u00bb.vc_custom_1600364212737{padding-top: 120px !important;padding-bottom: 120px !important;}\u00bb z_index=\u00bb\u00bb][vc_column][vc_row_inner row_type=\u00bbrow\u00bb type=\u00bbfull_width\u00bb text_align=\u00bbleft\u00bb css_animation=\u00bb\u00bb][vc_column_inner width=\u00bb1\/2&#8243;][vc_column_text css=\u00bb.vc_custom_1600767235695{padding-right: 10% !important;padding-bottom: 30px !important;}\u00bb] Reducci\u00f3n de ruido mediante aislamiento Aislar supone impedir que un sonido penetre en un medio o que salga de \u00e9l. Por&#8230;<\/p>\n","protected":false},"author":2,"featured_media":0,"parent":0,"menu_order":300,"comment_status":"closed","ping_status":"closed","template":"full_width.php","meta":{"footnotes":""},"class_list":["post-526","page","type-page","status-publish","hentry"],"yoast_head":"<!-- This site is optimized with the Yoast SEO plugin v19.13 - https:\/\/yoast.com\/wordpress\/plugins\/seo\/ -->\n<title>Aislamiento | Acustics Ambient<\/title>\n<meta name=\"robots\" content=\"index, follow, max-snippet:-1, max-image-preview:large, max-video-preview:-1\" \/>\n<link rel=\"canonical\" href=\"https:\/\/acusticsambient.com\/es\/aislamiento\/\" \/>\n<meta property=\"og:locale\" content=\"es_ES\" \/>\n<meta property=\"og:type\" content=\"article\" \/>\n<meta property=\"og:title\" content=\"Aislamiento | Acustics Ambient\" \/>\n<meta property=\"og:description\" content=\"[vc_row css_animation=\u00bb\u00bb row_type=\u00bbrow\u00bb use_row_as_full_screen_section=\u00bbno\u00bb type=\u00bbgrid\u00bb angled_section=\u00bbno\u00bb text_align=\u00bbleft\u00bb background_image_as_pattern=\u00bbwithout_pattern\u00bb css=\u00bb.vc_custom_1600364212737{padding-top: 120px !important;padding-bottom: 120px !important;}\u00bb z_index=\u00bb\u00bb][vc_column][vc_row_inner row_type=\u00bbrow\u00bb type=\u00bbfull_width\u00bb text_align=\u00bbleft\u00bb css_animation=\u00bb\u00bb][vc_column_inner width=\u00bb1\/2&#8243;][vc_column_text css=\u00bb.vc_custom_1600767235695{padding-right: 10% !important;padding-bottom: 30px !important;}\u00bb] Reducci\u00f3n de ruido mediante aislamiento Aislar supone impedir que un sonido penetre en un medio o que salga de \u00e9l. Por...\" \/>\n<meta property=\"og:url\" content=\"https:\/\/acusticsambient.com\/es\/aislamiento\/\" \/>\n<meta property=\"og:site_name\" content=\"Acustics Ambient\" \/>\n<meta property=\"article:modified_time\" content=\"2020-11-04T20:36:55+00:00\" \/>\n<meta name=\"twitter:card\" content=\"summary_large_image\" \/>\n<meta name=\"twitter:label1\" content=\"Tiempo de lectura\" \/>\n\t<meta name=\"twitter:data1\" content=\"7 minutos\" \/>\n<script type=\"application\/ld+json\" class=\"yoast-schema-graph\">{\"@context\":\"https:\/\/schema.org\",\"@graph\":[{\"@type\":\"WebPage\",\"@id\":\"https:\/\/acusticsambient.com\/es\/aislamiento\/\",\"url\":\"https:\/\/acusticsambient.com\/es\/aislamiento\/\",\"name\":\"Aislamiento | Acustics Ambient\",\"isPartOf\":{\"@id\":\"https:\/\/acusticsambient.com\/es\/#website\"},\"datePublished\":\"2020-07-28T11:23:49+00:00\",\"dateModified\":\"2020-11-04T20:36:55+00:00\",\"breadcrumb\":{\"@id\":\"https:\/\/acusticsambient.com\/es\/aislamiento\/#breadcrumb\"},\"inLanguage\":\"es\",\"potentialAction\":[{\"@type\":\"ReadAction\",\"target\":[\"https:\/\/acusticsambient.com\/es\/aislamiento\/\"]}]},{\"@type\":\"BreadcrumbList\",\"@id\":\"https:\/\/acusticsambient.com\/es\/aislamiento\/#breadcrumb\",\"itemListElement\":[{\"@type\":\"ListItem\",\"position\":1,\"name\":\"Home\",\"item\":\"https:\/\/acusticsambient.com\/es\/\"},{\"@type\":\"ListItem\",\"position\":2,\"name\":\"Aislamiento\"}]},{\"@type\":\"WebSite\",\"@id\":\"https:\/\/acusticsambient.com\/es\/#website\",\"url\":\"https:\/\/acusticsambient.com\/es\/\",\"name\":\"Acustics Ambient\",\"description\":\"Just another WordPress site\",\"publisher\":{\"@id\":\"https:\/\/acusticsambient.com\/es\/#organization\"},\"potentialAction\":[{\"@type\":\"SearchAction\",\"target\":{\"@type\":\"EntryPoint\",\"urlTemplate\":\"https:\/\/acusticsambient.com\/es\/?s={search_term_string}\"},\"query-input\":\"required name=search_term_string\"}],\"inLanguage\":\"es\"},{\"@type\":\"Organization\",\"@id\":\"https:\/\/acusticsambient.com\/es\/#organization\",\"name\":\"Ac\u00fastics Ambient Consultoria Ac\u00fastica\",\"url\":\"https:\/\/acusticsambient.com\/es\/\",\"logo\":{\"@type\":\"ImageObject\",\"inLanguage\":\"es\",\"@id\":\"https:\/\/acusticsambient.com\/es\/#\/schema\/logo\/image\/\",\"url\":\"https:\/\/acusticsambient.com\/wp-content\/uploads\/2020\/09\/acusticalogo.png\",\"contentUrl\":\"https:\/\/acusticsambient.com\/wp-content\/uploads\/2020\/09\/acusticalogo.png\",\"width\":900,\"height\":600,\"caption\":\"Ac\u00fastics Ambient Consultoria Ac\u00fastica\"},\"image\":{\"@id\":\"https:\/\/acusticsambient.com\/es\/#\/schema\/logo\/image\/\"}}]}<\/script>\n<!-- \/ Yoast SEO plugin. -->","yoast_head_json":{"title":"Aislamiento | Acustics Ambient","robots":{"index":"index","follow":"follow","max-snippet":"max-snippet:-1","max-image-preview":"max-image-preview:large","max-video-preview":"max-video-preview:-1"},"canonical":"https:\/\/acusticsambient.com\/es\/aislamiento\/","og_locale":"es_ES","og_type":"article","og_title":"Aislamiento | Acustics Ambient","og_description":"[vc_row css_animation=\u00bb\u00bb row_type=\u00bbrow\u00bb use_row_as_full_screen_section=\u00bbno\u00bb type=\u00bbgrid\u00bb angled_section=\u00bbno\u00bb text_align=\u00bbleft\u00bb background_image_as_pattern=\u00bbwithout_pattern\u00bb css=\u00bb.vc_custom_1600364212737{padding-top: 120px !important;padding-bottom: 120px !important;}\u00bb z_index=\u00bb\u00bb][vc_column][vc_row_inner row_type=\u00bbrow\u00bb type=\u00bbfull_width\u00bb text_align=\u00bbleft\u00bb css_animation=\u00bb\u00bb][vc_column_inner width=\u00bb1\/2&#8243;][vc_column_text css=\u00bb.vc_custom_1600767235695{padding-right: 10% !important;padding-bottom: 30px !important;}\u00bb] Reducci\u00f3n de ruido mediante aislamiento Aislar supone impedir que un sonido penetre en un medio o que salga de \u00e9l. Por...","og_url":"https:\/\/acusticsambient.com\/es\/aislamiento\/","og_site_name":"Acustics Ambient","article_modified_time":"2020-11-04T20:36:55+00:00","twitter_card":"summary_large_image","twitter_misc":{"Tiempo de lectura":"7 minutos"},"schema":{"@context":"https:\/\/schema.org","@graph":[{"@type":"WebPage","@id":"https:\/\/acusticsambient.com\/es\/aislamiento\/","url":"https:\/\/acusticsambient.com\/es\/aislamiento\/","name":"Aislamiento | Acustics Ambient","isPartOf":{"@id":"https:\/\/acusticsambient.com\/es\/#website"},"datePublished":"2020-07-28T11:23:49+00:00","dateModified":"2020-11-04T20:36:55+00:00","breadcrumb":{"@id":"https:\/\/acusticsambient.com\/es\/aislamiento\/#breadcrumb"},"inLanguage":"es","potentialAction":[{"@type":"ReadAction","target":["https:\/\/acusticsambient.com\/es\/aislamiento\/"]}]},{"@type":"BreadcrumbList","@id":"https:\/\/acusticsambient.com\/es\/aislamiento\/#breadcrumb","itemListElement":[{"@type":"ListItem","position":1,"name":"Home","item":"https:\/\/acusticsambient.com\/es\/"},{"@type":"ListItem","position":2,"name":"Aislamiento"}]},{"@type":"WebSite","@id":"https:\/\/acusticsambient.com\/es\/#website","url":"https:\/\/acusticsambient.com\/es\/","name":"Acustics Ambient","description":"Just another WordPress site","publisher":{"@id":"https:\/\/acusticsambient.com\/es\/#organization"},"potentialAction":[{"@type":"SearchAction","target":{"@type":"EntryPoint","urlTemplate":"https:\/\/acusticsambient.com\/es\/?s={search_term_string}"},"query-input":"required name=search_term_string"}],"inLanguage":"es"},{"@type":"Organization","@id":"https:\/\/acusticsambient.com\/es\/#organization","name":"Ac\u00fastics Ambient Consultoria Ac\u00fastica","url":"https:\/\/acusticsambient.com\/es\/","logo":{"@type":"ImageObject","inLanguage":"es","@id":"https:\/\/acusticsambient.com\/es\/#\/schema\/logo\/image\/","url":"https:\/\/acusticsambient.com\/wp-content\/uploads\/2020\/09\/acusticalogo.png","contentUrl":"https:\/\/acusticsambient.com\/wp-content\/uploads\/2020\/09\/acusticalogo.png","width":900,"height":600,"caption":"Ac\u00fastics Ambient Consultoria Ac\u00fastica"},"image":{"@id":"https:\/\/acusticsambient.com\/es\/#\/schema\/logo\/image\/"}}]}},"_links":{"self":[{"href":"https:\/\/acusticsambient.com\/es\/wp-json\/wp\/v2\/pages\/526","targetHints":{"allow":["GET"]}}],"collection":[{"href":"https:\/\/acusticsambient.com\/es\/wp-json\/wp\/v2\/pages"}],"about":[{"href":"https:\/\/acusticsambient.com\/es\/wp-json\/wp\/v2\/types\/page"}],"author":[{"embeddable":true,"href":"https:\/\/acusticsambient.com\/es\/wp-json\/wp\/v2\/users\/2"}],"replies":[{"embeddable":true,"href":"https:\/\/acusticsambient.com\/es\/wp-json\/wp\/v2\/comments?post=526"}],"version-history":[{"count":21,"href":"https:\/\/acusticsambient.com\/es\/wp-json\/wp\/v2\/pages\/526\/revisions"}],"predecessor-version":[{"id":2571,"href":"https:\/\/acusticsambient.com\/es\/wp-json\/wp\/v2\/pages\/526\/revisions\/2571"}],"wp:attachment":[{"href":"https:\/\/acusticsambient.com\/es\/wp-json\/wp\/v2\/media?parent=526"}],"curies":[{"name":"wp","href":"https:\/\/api.w.org\/{rel}","templated":true}]}}