{"id":279,"date":"2017-10-26T10:26:48","date_gmt":"2017-10-26T10:26:48","guid":{"rendered":"http:\/\/bridge97.qodeinteractive.com\/?page_id=279"},"modified":"2020-09-22T10:41:13","modified_gmt":"2020-09-22T10:41:13","slug":"arquitectura-con-madera","status":"publish","type":"page","link":"https:\/\/acusticsambient.com\/es\/arquitectura-con-madera\/","title":{"rendered":"Arquitectura con madera"},"content":{"rendered":"<p>[vc_row css_animation=\u00bb\u00bb row_type=\u00bbrow\u00bb use_row_as_full_screen_section=\u00bbno\u00bb type=\u00bbfull_width\u00bb angled_section=\u00bbno\u00bb text_align=\u00bbleft\u00bb background_image_as_pattern=\u00bbwithout_pattern\u00bb z_index=\u00bb\u00bb css=\u00bb.vc_custom_1600699405145{padding-top: 60px !important;}\u00bb][vc_column width=\u00bb1\/2&#8243; css=\u00bb.vc_custom_1600703853702{padding-bottom: 30px !important;}\u00bb][vc_column_text css=\u00bb.vc_custom_1600427606425{padding-right: 30px !important;padding-bottom: 30px !important;}\u00bb]<\/p>\n<h3>Construcciones en madera<\/h3>\n<p>Desde el a\u00f1o 2009 y tras la aprobaci\u00f3n del <strong>C\u00d3DIGO T\u00c9CNICO EDIFICACI\u00d3N HR Protecci\u00f3n contra el ruido<\/strong>,\u00a0 ACUSTICS AMBIENT SL \u00a0se ha especializado en la intervenci\u00f3n de proyectos arquitect\u00f3nicos en madera laminada encolada y entramado ligero para la construcci\u00f3n. Nuestra experiencia nos permite innovar constantemente y desarrollar nuevas soluciones para los proyectos m\u00e1s complejos.<\/p>\n<p>ACUSTICS AMBIENT SL se adapta al equipo multidisciplinar de redacci\u00f3n de proyecto aportando soluciones para dar cumplimiento a los requisitos normativos, as\u00ed como a los requisitos m\u00e1s exigentes establecidos por el cliente final.<\/p>\n<p>Soluciones constructivas combinadas mediante elementos modulares de construcci\u00f3n en seco mediante entramado ligero y panel estructural tipo CLT.<\/p>\n<p>Sistemas combinados mediante sistemas de construcci\u00f3n tradicional.[\/vc_column_text]\n\n\t<a href=\"https:\/\/acusticsambient.com\/#proyectos\" target=\"_self\" style=\"color: #ffffff;background-color: #51a126;font-size: 20px;font-weight: 400;margin: 0px 0px 0px 0px\" class=\"qode-btn qode-btn-medium qode-btn-solid qode-btn-custom-hover-bg qode-btn-custom-hover-color qode-btn-default-hover\" data-hover-bg-color=\"#96949a\" data-hover-color=\"#ffffff\" >\n\t    <span class=\"qode-btn-text\">M\u00e1s Proyectos<\/span>\t<\/a>\n\n[\/vc_column][vc_column width=\u00bb1\/2&#8243;][vc_single_image image=\u00bb1213&#8243; img_size=\u00bb900&#215;1200&#8243; alignment=\u00bbcenter\u00bb qode_css_animation=\u00bb\u00bb][\/vc_column][\/vc_row][vc_row css_animation=\u00bb\u00bb row_type=\u00bbrow\u00bb use_row_as_full_screen_section=\u00bbno\u00bb type=\u00bbfull_width\u00bb angled_section=\u00bbno\u00bb text_align=\u00bbleft\u00bb background_image_as_pattern=\u00bbwithout_pattern\u00bb z_index=\u00bb\u00bb css=\u00bb.vc_custom_1598863638347{background-color: #ffffff !important;}\u00bb][vc_column][vc_empty_space height=\u00bb48px\u00bb][vc_column_text]<\/p>\n<h2 style=\"text-align: center; color: #51a126;\">Nuestros <span style=\"color: #969799;\">Proyectos:<\/span><\/h2>\n<h3 style=\"text-align: center; color: #51a126;\">Arquitectura<span style=\"color: #969799;\"> con madera<\/span><\/h3>\n<p>[\/vc_column_text][vc_empty_space height=\u00bb48px\u00bb]<div class='projects_holder_outer v4 portfolio_with_space portfolio_standard'>\n        <div class='projects_holder portfolio_main_holder clearfix v4 standard portfolio_full_image portfolio_one_by_one'>\n        \n        <article class='mix portfolio_category_34 default' style=''>\n    \n    \n    \n                <div class='image_holder'>\n                <a itemprop='url' class='portfolio_link_for_touch' href='https:\/\/acusticsambient.com\/es\/portfolio_page\/estudio-de-impacto-acustico-proyecto-basico-ejecutivo-centro-civico-can-portabella\/' target=''>\n                    \n<span class='image'><img loading=\"lazy\" decoding=\"async\" width=\"800\" height=\"800\" src=\"https:\/\/acusticsambient.com\/wp-content\/uploads\/2020\/09\/arquitectura-amb-fusta15.jpg\" class=\"attachment-full size-full wp-post-image\" alt=\"\" srcset=\"https:\/\/acusticsambient.com\/wp-content\/uploads\/2020\/09\/arquitectura-amb-fusta15.jpg 800w, https:\/\/acusticsambient.com\/wp-content\/uploads\/2020\/09\/arquitectura-amb-fusta15-300x300.jpg 300w, https:\/\/acusticsambient.com\/wp-content\/uploads\/2020\/09\/arquitectura-amb-fusta15-150x150.jpg 150w, https:\/\/acusticsambient.com\/wp-content\/uploads\/2020\/09\/arquitectura-amb-fusta15-768x768.jpg 768w, https:\/\/acusticsambient.com\/wp-content\/uploads\/2020\/09\/arquitectura-amb-fusta15-570x570.jpg 570w, https:\/\/acusticsambient.com\/wp-content\/uploads\/2020\/09\/arquitectura-amb-fusta15-500x500.jpg 500w, https:\/\/acusticsambient.com\/wp-content\/uploads\/2020\/09\/arquitectura-amb-fusta15-700x700.jpg 700w\" sizes=\"auto, (max-width: 800px) 100vw, 800px\" \/><\/span>                <\/a>\n\n                <span class='text_holder'>\n    <span class='text_outer'>\n        <span class='text_inner'>\n            <span class='feature_holder'>\n                            <span class=\"feature_holder_icons\">';\n                    \n                            <a itemprop='url' class='preview qbutton small white' href='https:\/\/acusticsambient.com\/es\/portfolio_page\/estudio-de-impacto-acustico-proyecto-basico-ejecutivo-centro-civico-can-portabella\/' target='_self'>Ver m\u00e1s<\/i><\/a>\n    \n                                            <\/span>\n        <\/span>\n    <\/span>\n<\/span>            <\/div>\n                <div class='portfolio_description text_align_center' >\n\n        \n    <h5 itemprop=\"name\" class=\"portfolio_title entry_title\"><a itemprop=\"url\" href=\"https:\/\/acusticsambient.com\/es\/portfolio_page\/estudio-de-impacto-acustico-proyecto-basico-ejecutivo-centro-civico-can-portabella\/\"  target=\"_self\"> Estudio de Impacto Ac\u00fastico .Proyecto B\u00e1sico Ejecutivo CENTRO CIVICO CAN PORTABELLA<\/a><\/h5>\n\n\n            <div style=\"background-color: #51a126\" class=\"portfolio_separator separator  small center\"><\/div>\n\n        \n    <\/div>\n        \n<\/article>\n<article class='mix portfolio_category_34 default' style=''>\n    \n    \n    \n                <div class='image_holder'>\n                <a itemprop='url' class='portfolio_link_for_touch' href='https:\/\/acusticsambient.com\/es\/portfolio_page\/estudio-de-impacto-acustico-proyecto-basico-ejecutivo-edificio-residencia-estudiantes-jose\/' target=''>\n                    \n<span class='image'><img loading=\"lazy\" decoding=\"async\" width=\"800\" height=\"800\" src=\"https:\/\/acusticsambient.com\/wp-content\/uploads\/2020\/09\/arquitectura-amb-fusta12.jpg\" class=\"attachment-full size-full wp-post-image\" alt=\"\" srcset=\"https:\/\/acusticsambient.com\/wp-content\/uploads\/2020\/09\/arquitectura-amb-fusta12.jpg 800w, https:\/\/acusticsambient.com\/wp-content\/uploads\/2020\/09\/arquitectura-amb-fusta12-300x300.jpg 300w, https:\/\/acusticsambient.com\/wp-content\/uploads\/2020\/09\/arquitectura-amb-fusta12-150x150.jpg 150w, https:\/\/acusticsambient.com\/wp-content\/uploads\/2020\/09\/arquitectura-amb-fusta12-768x768.jpg 768w, https:\/\/acusticsambient.com\/wp-content\/uploads\/2020\/09\/arquitectura-amb-fusta12-570x570.jpg 570w, https:\/\/acusticsambient.com\/wp-content\/uploads\/2020\/09\/arquitectura-amb-fusta12-500x500.jpg 500w, https:\/\/acusticsambient.com\/wp-content\/uploads\/2020\/09\/arquitectura-amb-fusta12-700x700.jpg 700w\" sizes=\"auto, (max-width: 800px) 100vw, 800px\" \/><\/span>                <\/a>\n\n                <span class='text_holder'>\n    <span class='text_outer'>\n        <span class='text_inner'>\n            <span class='feature_holder'>\n                            <span class=\"feature_holder_icons\">';\n                    \n                            <a itemprop='url' class='preview qbutton small white' href='https:\/\/acusticsambient.com\/es\/portfolio_page\/estudio-de-impacto-acustico-proyecto-basico-ejecutivo-edificio-residencia-estudiantes-jose\/' target='_self'>Ver m\u00e1s<\/i><\/a>\n    \n                                            <\/span>\n        <\/span>\n    <\/span>\n<\/span>            <\/div>\n                <div class='portfolio_description text_align_center' >\n\n        \n    <h5 itemprop=\"name\" class=\"portfolio_title entry_title\"><a itemprop=\"url\" href=\"https:\/\/acusticsambient.com\/es\/portfolio_page\/estudio-de-impacto-acustico-proyecto-basico-ejecutivo-edificio-residencia-estudiantes-jose\/\"  target=\"_self\"> Estudio de Impacto Ac\u00fastico Proyecto B\u00e1sico Ejecutivo Edificio Residencia Estudiantes Jos\u00e9<\/a><\/h5>\n\n\n            <div style=\"background-color: #51a126\" class=\"portfolio_separator separator  small center\"><\/div>\n\n        \n    <\/div>\n        \n<\/article>\n<article class='mix portfolio_category_34 default' style=''>\n    \n    \n    \n                <div class='image_holder'>\n                <a itemprop='url' class='portfolio_link_for_touch' href='https:\/\/acusticsambient.com\/es\/portfolio_page\/estudio-de-impacto-acustico-proyecto-basico-ejecutivo-edificio-viviendas-arquitecto-ramon-llobera-serentill-lleida\/' target=''>\n                    \n<span class='image'><img loading=\"lazy\" decoding=\"async\" width=\"1512\" height=\"1512\" src=\"https:\/\/acusticsambient.com\/wp-content\/uploads\/2020\/08\/arquitectura-amb-fusta-9-1.jpg\" class=\"attachment-full size-full wp-post-image\" alt=\"\" srcset=\"https:\/\/acusticsambient.com\/wp-content\/uploads\/2020\/08\/arquitectura-amb-fusta-9-1.jpg 1512w, https:\/\/acusticsambient.com\/wp-content\/uploads\/2020\/08\/arquitectura-amb-fusta-9-1-300x300.jpg 300w, https:\/\/acusticsambient.com\/wp-content\/uploads\/2020\/08\/arquitectura-amb-fusta-9-1-1024x1024.jpg 1024w, https:\/\/acusticsambient.com\/wp-content\/uploads\/2020\/08\/arquitectura-amb-fusta-9-1-150x150.jpg 150w, https:\/\/acusticsambient.com\/wp-content\/uploads\/2020\/08\/arquitectura-amb-fusta-9-1-768x768.jpg 768w, https:\/\/acusticsambient.com\/wp-content\/uploads\/2020\/08\/arquitectura-amb-fusta-9-1-570x570.jpg 570w, https:\/\/acusticsambient.com\/wp-content\/uploads\/2020\/08\/arquitectura-amb-fusta-9-1-500x500.jpg 500w, https:\/\/acusticsambient.com\/wp-content\/uploads\/2020\/08\/arquitectura-amb-fusta-9-1-1000x1000.jpg 1000w, https:\/\/acusticsambient.com\/wp-content\/uploads\/2020\/08\/arquitectura-amb-fusta-9-1-700x700.jpg 700w\" sizes=\"auto, (max-width: 1512px) 100vw, 1512px\" \/><\/span>                <\/a>\n\n                <span class='text_holder'>\n    <span class='text_outer'>\n        <span class='text_inner'>\n            <span class='feature_holder'>\n                            <span class=\"feature_holder_icons\">';\n                    \n                            <a itemprop='url' class='preview qbutton small white' href='https:\/\/acusticsambient.com\/es\/portfolio_page\/estudio-de-impacto-acustico-proyecto-basico-ejecutivo-edificio-viviendas-arquitecto-ramon-llobera-serentill-lleida\/' target='_self'>Ver m\u00e1s<\/i><\/a>\n    \n                                            <\/span>\n        <\/span>\n    <\/span>\n<\/span>            <\/div>\n                <div class='portfolio_description text_align_center' >\n\n        \n    <h5 itemprop=\"name\" class=\"portfolio_title entry_title\"><a itemprop=\"url\" href=\"https:\/\/acusticsambient.com\/es\/portfolio_page\/estudio-de-impacto-acustico-proyecto-basico-ejecutivo-edificio-viviendas-arquitecto-ramon-llobera-serentill-lleida\/\"  target=\"_self\"> Estudio de Impacto Ac\u00fastico. Proyecto B\u00e1sico Ejecutivo Edificio viviendas Arquitecto Ramon Llobera Serentill (Lleida)<\/a><\/h5>\n\n\n            <div style=\"background-color: #51a126\" class=\"portfolio_separator separator  small center\"><\/div>\n\n        \n    <\/div>\n        \n<\/article>\n<article class='mix portfolio_category_34 default' style=''>\n    \n    \n    \n                <div class='image_holder'>\n                <a itemprop='url' class='portfolio_link_for_touch' href='https:\/\/acusticsambient.com\/es\/portfolio_page\/estudio-de-impacto-acustico-proyecto-basico-ejecutivo-promotor-eco-hotel-tierra-bonanssa\/' target=''>\n                    \n<span class='image'><img loading=\"lazy\" decoding=\"async\" width=\"1512\" height=\"1512\" src=\"https:\/\/acusticsambient.com\/wp-content\/uploads\/2020\/08\/arquitectura-amb-fusta-10-1.jpg\" class=\"attachment-full size-full wp-post-image\" alt=\"\" srcset=\"https:\/\/acusticsambient.com\/wp-content\/uploads\/2020\/08\/arquitectura-amb-fusta-10-1.jpg 1512w, https:\/\/acusticsambient.com\/wp-content\/uploads\/2020\/08\/arquitectura-amb-fusta-10-1-300x300.jpg 300w, https:\/\/acusticsambient.com\/wp-content\/uploads\/2020\/08\/arquitectura-amb-fusta-10-1-1024x1024.jpg 1024w, https:\/\/acusticsambient.com\/wp-content\/uploads\/2020\/08\/arquitectura-amb-fusta-10-1-150x150.jpg 150w, https:\/\/acusticsambient.com\/wp-content\/uploads\/2020\/08\/arquitectura-amb-fusta-10-1-768x768.jpg 768w, https:\/\/acusticsambient.com\/wp-content\/uploads\/2020\/08\/arquitectura-amb-fusta-10-1-570x570.jpg 570w, https:\/\/acusticsambient.com\/wp-content\/uploads\/2020\/08\/arquitectura-amb-fusta-10-1-500x500.jpg 500w, https:\/\/acusticsambient.com\/wp-content\/uploads\/2020\/08\/arquitectura-amb-fusta-10-1-1000x1000.jpg 1000w, https:\/\/acusticsambient.com\/wp-content\/uploads\/2020\/08\/arquitectura-amb-fusta-10-1-700x700.jpg 700w\" sizes=\"auto, (max-width: 1512px) 100vw, 1512px\" \/><\/span>                <\/a>\n\n                <span class='text_holder'>\n    <span class='text_outer'>\n        <span class='text_inner'>\n            <span class='feature_holder'>\n                            <span class=\"feature_holder_icons\">';\n                    \n                            <a itemprop='url' class='preview qbutton small white' href='https:\/\/acusticsambient.com\/es\/portfolio_page\/estudio-de-impacto-acustico-proyecto-basico-ejecutivo-promotor-eco-hotel-tierra-bonanssa\/' target='_self'>Ver m\u00e1s<\/i><\/a>\n    \n                                            <\/span>\n        <\/span>\n    <\/span>\n<\/span>            <\/div>\n                <div class='portfolio_description text_align_center' >\n\n        \n    <h5 itemprop=\"name\" class=\"portfolio_title entry_title\"><a itemprop=\"url\" href=\"https:\/\/acusticsambient.com\/es\/portfolio_page\/estudio-de-impacto-acustico-proyecto-basico-ejecutivo-promotor-eco-hotel-tierra-bonanssa\/\"  target=\"_self\"> Estudio de Impacto Ac\u00fastico .Proyecto B\u00e1sico Ejecutivo Promotor: ECO HOTEL TIERRA BONANSSA<\/a><\/h5>\n\n\n            <div style=\"background-color: #51a126\" class=\"portfolio_separator separator  small center\"><\/div>\n\n        \n    <\/div>\n        \n<\/article>\n        <div class='filler'><\/div>\n            <div class='filler'><\/div>\n            <div class='filler'><\/div>\n            <div class='filler'><\/div>\n        <\/div>\n\n    \n    <\/div>[vc_empty_space height=\u00bb48px\u00bb][\/vc_column][\/vc_row]<\/p>\n","protected":false},"excerpt":{"rendered":"<p>[vc_row css_animation=\u00bb\u00bb row_type=\u00bbrow\u00bb use_row_as_full_screen_section=\u00bbno\u00bb type=\u00bbfull_width\u00bb angled_section=\u00bbno\u00bb text_align=\u00bbleft\u00bb background_image_as_pattern=\u00bbwithout_pattern\u00bb z_index=\u00bb\u00bb css=\u00bb.vc_custom_1600699405145{padding-top: 60px !important;}\u00bb][vc_column width=\u00bb1\/2&#8243; css=\u00bb.vc_custom_1600703853702{padding-bottom: 30px !important;}\u00bb][vc_column_text css=\u00bb.vc_custom_1600427606425{padding-right: 30px !important;padding-bottom: 30px !important;}\u00bb] Construcciones en madera Desde el a\u00f1o 2009 y tras la aprobaci\u00f3n del C\u00d3DIGO T\u00c9CNICO EDIFICACI\u00d3N HR Protecci\u00f3n contra el ruido,\u00a0 ACUSTICS AMBIENT SL \u00a0se&#8230;<\/p>\n","protected":false},"author":2,"featured_media":0,"parent":0,"menu_order":300,"comment_status":"closed","ping_status":"closed","template":"","meta":{"footnotes":""},"class_list":["post-279","page","type-page","status-publish","hentry"],"yoast_head":"<!-- This site is optimized with the Yoast SEO plugin v19.13 - https:\/\/yoast.com\/wordpress\/plugins\/seo\/ -->\n<title>Arquitectura con madera | Acustics Ambient<\/title>\n<meta name=\"robots\" content=\"index, follow, max-snippet:-1, max-image-preview:large, max-video-preview:-1\" \/>\n<link rel=\"canonical\" href=\"https:\/\/acusticsambient.com\/es\/arquitectura-con-madera\/\" \/>\n<meta property=\"og:locale\" content=\"es_ES\" \/>\n<meta property=\"og:type\" content=\"article\" \/>\n<meta property=\"og:title\" content=\"Arquitectura con madera | Acustics Ambient\" \/>\n<meta property=\"og:description\" content=\"[vc_row css_animation=\u00bb\u00bb row_type=\u00bbrow\u00bb use_row_as_full_screen_section=\u00bbno\u00bb type=\u00bbfull_width\u00bb angled_section=\u00bbno\u00bb text_align=\u00bbleft\u00bb background_image_as_pattern=\u00bbwithout_pattern\u00bb z_index=\u00bb\u00bb css=\u00bb.vc_custom_1600699405145{padding-top: 60px !important;}\u00bb][vc_column width=\u00bb1\/2&#8243; css=\u00bb.vc_custom_1600703853702{padding-bottom: 30px !important;}\u00bb][vc_column_text css=\u00bb.vc_custom_1600427606425{padding-right: 30px !important;padding-bottom: 30px !important;}\u00bb] Construcciones en madera Desde el a\u00f1o 2009 y tras la aprobaci\u00f3n del C\u00d3DIGO T\u00c9CNICO EDIFICACI\u00d3N HR Protecci\u00f3n contra el ruido,\u00a0 ACUSTICS AMBIENT SL \u00a0se...\" \/>\n<meta property=\"og:url\" content=\"https:\/\/acusticsambient.com\/es\/arquitectura-con-madera\/\" \/>\n<meta property=\"og:site_name\" content=\"Acustics Ambient\" \/>\n<meta property=\"article:modified_time\" content=\"2020-09-22T10:41:13+00:00\" \/>\n<meta name=\"twitter:card\" content=\"summary_large_image\" \/>\n<meta name=\"twitter:label1\" content=\"Tiempo de lectura\" \/>\n\t<meta name=\"twitter:data1\" content=\"2 minutos\" \/>\n<script type=\"application\/ld+json\" class=\"yoast-schema-graph\">{\"@context\":\"https:\/\/schema.org\",\"@graph\":[{\"@type\":\"WebPage\",\"@id\":\"https:\/\/acusticsambient.com\/es\/arquitectura-con-madera\/\",\"url\":\"https:\/\/acusticsambient.com\/es\/arquitectura-con-madera\/\",\"name\":\"Arquitectura con madera | Acustics Ambient\",\"isPartOf\":{\"@id\":\"https:\/\/acusticsambient.com\/es\/#website\"},\"datePublished\":\"2017-10-26T10:26:48+00:00\",\"dateModified\":\"2020-09-22T10:41:13+00:00\",\"breadcrumb\":{\"@id\":\"https:\/\/acusticsambient.com\/es\/arquitectura-con-madera\/#breadcrumb\"},\"inLanguage\":\"es\",\"potentialAction\":[{\"@type\":\"ReadAction\",\"target\":[\"https:\/\/acusticsambient.com\/es\/arquitectura-con-madera\/\"]}]},{\"@type\":\"BreadcrumbList\",\"@id\":\"https:\/\/acusticsambient.com\/es\/arquitectura-con-madera\/#breadcrumb\",\"itemListElement\":[{\"@type\":\"ListItem\",\"position\":1,\"name\":\"Home\",\"item\":\"https:\/\/acusticsambient.com\/es\/\"},{\"@type\":\"ListItem\",\"position\":2,\"name\":\"Arquitectura con madera\"}]},{\"@type\":\"WebSite\",\"@id\":\"https:\/\/acusticsambient.com\/es\/#website\",\"url\":\"https:\/\/acusticsambient.com\/es\/\",\"name\":\"Acustics Ambient\",\"description\":\"Just another WordPress site\",\"publisher\":{\"@id\":\"https:\/\/acusticsambient.com\/es\/#organization\"},\"potentialAction\":[{\"@type\":\"SearchAction\",\"target\":{\"@type\":\"EntryPoint\",\"urlTemplate\":\"https:\/\/acusticsambient.com\/es\/?s={search_term_string}\"},\"query-input\":\"required name=search_term_string\"}],\"inLanguage\":\"es\"},{\"@type\":\"Organization\",\"@id\":\"https:\/\/acusticsambient.com\/es\/#organization\",\"name\":\"Ac\u00fastics Ambient Consultoria Ac\u00fastica\",\"url\":\"https:\/\/acusticsambient.com\/es\/\",\"logo\":{\"@type\":\"ImageObject\",\"inLanguage\":\"es\",\"@id\":\"https:\/\/acusticsambient.com\/es\/#\/schema\/logo\/image\/\",\"url\":\"https:\/\/acusticsambient.com\/wp-content\/uploads\/2020\/09\/acusticalogo.png\",\"contentUrl\":\"https:\/\/acusticsambient.com\/wp-content\/uploads\/2020\/09\/acusticalogo.png\",\"width\":900,\"height\":600,\"caption\":\"Ac\u00fastics Ambient Consultoria Ac\u00fastica\"},\"image\":{\"@id\":\"https:\/\/acusticsambient.com\/es\/#\/schema\/logo\/image\/\"}}]}<\/script>\n<!-- \/ Yoast SEO plugin. -->","yoast_head_json":{"title":"Arquitectura con madera | Acustics Ambient","robots":{"index":"index","follow":"follow","max-snippet":"max-snippet:-1","max-image-preview":"max-image-preview:large","max-video-preview":"max-video-preview:-1"},"canonical":"https:\/\/acusticsambient.com\/es\/arquitectura-con-madera\/","og_locale":"es_ES","og_type":"article","og_title":"Arquitectura con madera | Acustics Ambient","og_description":"[vc_row css_animation=\u00bb\u00bb row_type=\u00bbrow\u00bb use_row_as_full_screen_section=\u00bbno\u00bb type=\u00bbfull_width\u00bb angled_section=\u00bbno\u00bb text_align=\u00bbleft\u00bb background_image_as_pattern=\u00bbwithout_pattern\u00bb z_index=\u00bb\u00bb css=\u00bb.vc_custom_1600699405145{padding-top: 60px !important;}\u00bb][vc_column width=\u00bb1\/2&#8243; css=\u00bb.vc_custom_1600703853702{padding-bottom: 30px !important;}\u00bb][vc_column_text css=\u00bb.vc_custom_1600427606425{padding-right: 30px !important;padding-bottom: 30px !important;}\u00bb] Construcciones en madera Desde el a\u00f1o 2009 y tras la aprobaci\u00f3n del C\u00d3DIGO T\u00c9CNICO EDIFICACI\u00d3N HR Protecci\u00f3n contra el ruido,\u00a0 ACUSTICS AMBIENT SL \u00a0se...","og_url":"https:\/\/acusticsambient.com\/es\/arquitectura-con-madera\/","og_site_name":"Acustics Ambient","article_modified_time":"2020-09-22T10:41:13+00:00","twitter_card":"summary_large_image","twitter_misc":{"Tiempo de lectura":"2 minutos"},"schema":{"@context":"https:\/\/schema.org","@graph":[{"@type":"WebPage","@id":"https:\/\/acusticsambient.com\/es\/arquitectura-con-madera\/","url":"https:\/\/acusticsambient.com\/es\/arquitectura-con-madera\/","name":"Arquitectura con madera | Acustics Ambient","isPartOf":{"@id":"https:\/\/acusticsambient.com\/es\/#website"},"datePublished":"2017-10-26T10:26:48+00:00","dateModified":"2020-09-22T10:41:13+00:00","breadcrumb":{"@id":"https:\/\/acusticsambient.com\/es\/arquitectura-con-madera\/#breadcrumb"},"inLanguage":"es","potentialAction":[{"@type":"ReadAction","target":["https:\/\/acusticsambient.com\/es\/arquitectura-con-madera\/"]}]},{"@type":"BreadcrumbList","@id":"https:\/\/acusticsambient.com\/es\/arquitectura-con-madera\/#breadcrumb","itemListElement":[{"@type":"ListItem","position":1,"name":"Home","item":"https:\/\/acusticsambient.com\/es\/"},{"@type":"ListItem","position":2,"name":"Arquitectura con madera"}]},{"@type":"WebSite","@id":"https:\/\/acusticsambient.com\/es\/#website","url":"https:\/\/acusticsambient.com\/es\/","name":"Acustics Ambient","description":"Just another WordPress site","publisher":{"@id":"https:\/\/acusticsambient.com\/es\/#organization"},"potentialAction":[{"@type":"SearchAction","target":{"@type":"EntryPoint","urlTemplate":"https:\/\/acusticsambient.com\/es\/?s={search_term_string}"},"query-input":"required name=search_term_string"}],"inLanguage":"es"},{"@type":"Organization","@id":"https:\/\/acusticsambient.com\/es\/#organization","name":"Ac\u00fastics Ambient Consultoria Ac\u00fastica","url":"https:\/\/acusticsambient.com\/es\/","logo":{"@type":"ImageObject","inLanguage":"es","@id":"https:\/\/acusticsambient.com\/es\/#\/schema\/logo\/image\/","url":"https:\/\/acusticsambient.com\/wp-content\/uploads\/2020\/09\/acusticalogo.png","contentUrl":"https:\/\/acusticsambient.com\/wp-content\/uploads\/2020\/09\/acusticalogo.png","width":900,"height":600,"caption":"Ac\u00fastics Ambient Consultoria Ac\u00fastica"},"image":{"@id":"https:\/\/acusticsambient.com\/es\/#\/schema\/logo\/image\/"}}]}},"_links":{"self":[{"href":"https:\/\/acusticsambient.com\/es\/wp-json\/wp\/v2\/pages\/279","targetHints":{"allow":["GET"]}}],"collection":[{"href":"https:\/\/acusticsambient.com\/es\/wp-json\/wp\/v2\/pages"}],"about":[{"href":"https:\/\/acusticsambient.com\/es\/wp-json\/wp\/v2\/types\/page"}],"author":[{"embeddable":true,"href":"https:\/\/acusticsambient.com\/es\/wp-json\/wp\/v2\/users\/2"}],"replies":[{"embeddable":true,"href":"https:\/\/acusticsambient.com\/es\/wp-json\/wp\/v2\/comments?post=279"}],"version-history":[{"count":99,"href":"https:\/\/acusticsambient.com\/es\/wp-json\/wp\/v2\/pages\/279\/revisions"}],"predecessor-version":[{"id":2009,"href":"https:\/\/acusticsambient.com\/es\/wp-json\/wp\/v2\/pages\/279\/revisions\/2009"}],"wp:attachment":[{"href":"https:\/\/acusticsambient.com\/es\/wp-json\/wp\/v2\/media?parent=279"}],"curies":[{"name":"wp","href":"https:\/\/api.w.org\/{rel}","templated":true}]}}