{"id":1322,"date":"2020-09-09T07:17:40","date_gmt":"2020-09-09T07:17:40","guid":{"rendered":"https:\/\/acusticsambient.panelserver.org\/?page_id=1322"},"modified":"2021-03-16T11:42:09","modified_gmt":"2021-03-16T11:42:09","slug":"monitoreo-ruido-vibraciones-smart-industria-4-0","status":"publish","type":"page","link":"https:\/\/acusticsambient.com\/es\/monitoreo-ruido-vibraciones-smart-industria-4-0\/","title":{"rendered":"Monitoreo ruido vibraciones Smart Industria 4.0"},"content":{"rendered":"<p>[vc_row css_animation=\u00bb\u00bb row_type=\u00bbrow\u00bb use_row_as_full_screen_section=\u00bbno\u00bb type=\u00bbgrid\u00bb angled_section=\u00bbno\u00bb text_align=\u00bbleft\u00bb background_image_as_pattern=\u00bbwithout_pattern\u00bb css=\u00bb.vc_custom_1600364212737{padding-top: 120px !important;padding-bottom: 120px !important;}\u00bb z_index=\u00bb\u00bb][vc_column][vc_row_inner row_type=\u00bbrow\u00bb type=\u00bbfull_width\u00bb text_align=\u00bbleft\u00bb css_animation=\u00bb\u00bb][vc_column_inner width=\u00bb1\/2&#8243;][vc_column_text]<\/p>\n<h3>Sensor de monitorizaci\u00f3n de ruido<\/h3>\n<p>El sensor de ruido con precisi\u00f3n de un son\u00f3metro Clase 1, m\u00e1xima protecci\u00f3n de un kit de intemperie y la conectividad total con plataformas de c\u00f3digo abierto.<\/p>\n<ul>\n<li>Medici\u00f3n continua (24h\/7d) con precisi\u00f3n clase 1 seg\u00fan IEC 61672-1<\/li>\n<li>Protecci\u00f3n con kit de exterior contra el viento, lluvia, p\u00e1jaros e insectos<\/li>\n<li>Protecci\u00f3n IP65 contra el polvo y el agua<\/li>\n<li>Dimensiones reducidas y f\u00e1cil de integrar en el mobiliario urbano<\/li>\n<li>Alimentaci\u00f3n por red el\u00e9ctrica, POE (Power over Ethernet), 12 VDC (Paneles solares, bater\u00edas externas)<\/li>\n<li>Comunicaci\u00f3n por Ethernet (RJ45), bucle 4-20mA*,\u00a0 Wi-Fi*, M\u00f3dem GPRS\/2G* (*Opcional)<\/li>\n<li>Aplicaciones: Sensorizaci\u00f3n de ciudades inteligentes, redes de vigilancia del ruido (monitorizaci\u00f3n permanente), protecci\u00f3n de zonas tranquilas, presentaci\u00f3n de niveles de ruido en tiempo real,etc.<\/li>\n<\/ul>\n<p>[\/vc_column_text][\/vc_column_inner][vc_column_inner width=\u00bb1\/2&#8243; css=\u00bb.vc_custom_1615894927880{padding-top: 300px !important;padding-bottom: 60% !important;background-image: url(https:\/\/acusticsambient.com\/wp-content\/uploads\/2021\/03\/image004-1-scaled-e1615894643448.jpg?id=3561) !important;background-position: center !important;background-repeat: no-repeat !important;background-size: cover !important;}\u00bb][\/vc_column_inner][\/vc_row_inner][vc_row_inner row_type=\u00bbrow\u00bb type=\u00bbfull_width\u00bb text_align=\u00bbleft\u00bb css_animation=\u00bb\u00bb][vc_column_inner width=\u00bb1\/2&#8243; css=\u00bb.vc_custom_1600770237396{padding-top: 300px !important;padding-bottom: 80% !important;background-image: url(https:\/\/acusticsambient.com\/wp-content\/uploads\/2020\/09\/VIBRACIONES-3-1.jpg?id=1984) !important;background-position: center !important;background-repeat: no-repeat !important;background-size: cover !important;}\u00bb][\/vc_column_inner][vc_column_inner width=\u00bb1\/2&#8243;][vc_column_text css=\u00bb.vc_custom_1600770113652{padding-bottom: 30px !important;padding-left: 30px !important;}\u00bb]<\/p>\n<h3>Monitoreo de vibraciones como sistema control de mantenimiento preventivo<\/h3>\n<p>El monitoreo del estado de las m\u00e1quinas mediante mediciones recurrentes de vibraci\u00f3n es uno de los m\u00e9todos m\u00e1s efectivos y confiables de predicci\u00f3n temprana de posibles aver\u00edas y prevenci\u00f3n de paros inesperados.<\/p>\n<p>Permite detectar se\u00f1ales de advertencia tempranas y ayuda a detener interrupciones no programadas, optimizar el rendimiento de la m\u00e1quina y reducir el tiempo de reparaci\u00f3n y los costos de mantenimiento.<\/p>\n<p>El monitoreo del estado de la m\u00e1quina mediante mediciones y an\u00e1lisis de vibraciones es aplicable a una amplia gama de plantas industriales, incluidas m\u00e1quinas herramientas, f\u00e1bricas de acero, cart\u00f3n y papel, plantas qu\u00edmicas, hospitales, hornos de cemento, compresores, motores diesel, aires acondicionados, ventilaci\u00f3n. Ventiladores, cogeneraciones, molinos y centrales el\u00e9ctricas.[\/vc_column_text]\n\n\t<a href=\"https:\/\/acusticsambient.com\/#proyectos\" target=\"_self\" style=\"color: #ffffff;background-color: #51a126;font-size: 20px;font-weight: 400;margin: 0px 0px 0px 0px\" class=\"qode-btn qode-btn-medium qode-btn-solid qode-btn-custom-hover-bg qode-btn-custom-hover-color qode-btn-default-hover\" data-hover-bg-color=\"#96949a\" data-hover-color=\"#ffffff\" >\n\t    <span class=\"qode-btn-text\">M\u00e1s Proyectos<\/span>\t<\/a>\n\n[\/vc_column_inner][\/vc_row_inner][\/vc_column][\/vc_row]<\/p>\n","protected":false},"excerpt":{"rendered":"<p>[vc_row css_animation=\u00bb\u00bb row_type=\u00bbrow\u00bb use_row_as_full_screen_section=\u00bbno\u00bb type=\u00bbgrid\u00bb angled_section=\u00bbno\u00bb text_align=\u00bbleft\u00bb background_image_as_pattern=\u00bbwithout_pattern\u00bb css=\u00bb.vc_custom_1600364212737{padding-top: 120px !important;padding-bottom: 120px !important;}\u00bb z_index=\u00bb\u00bb][vc_column][vc_row_inner row_type=\u00bbrow\u00bb type=\u00bbfull_width\u00bb text_align=\u00bbleft\u00bb css_animation=\u00bb\u00bb][vc_column_inner width=\u00bb1\/2&#8243;][vc_column_text] Sensor de monitorizaci\u00f3n de ruido El sensor de ruido con precisi\u00f3n de un son\u00f3metro Clase 1, m\u00e1xima protecci\u00f3n de un kit de intemperie y la conectividad&#8230;<\/p>\n","protected":false},"author":2,"featured_media":0,"parent":0,"menu_order":300,"comment_status":"closed","ping_status":"closed","template":"full_width.php","meta":{"footnotes":""},"class_list":["post-1322","page","type-page","status-publish","hentry"],"yoast_head":"<!-- This site is optimized with the Yoast SEO plugin v19.13 - https:\/\/yoast.com\/wordpress\/plugins\/seo\/ -->\n<title>Monitoreo ruido vibraciones Smart Industria 4.0 | Acustics Ambient<\/title>\n<meta name=\"robots\" content=\"index, follow, max-snippet:-1, max-image-preview:large, max-video-preview:-1\" \/>\n<link rel=\"canonical\" href=\"https:\/\/acusticsambient.com\/es\/monitoreo-ruido-vibraciones-smart-industria-4-0\/\" \/>\n<meta property=\"og:locale\" content=\"es_ES\" \/>\n<meta property=\"og:type\" content=\"article\" \/>\n<meta property=\"og:title\" content=\"Monitoreo ruido vibraciones Smart Industria 4.0 | Acustics Ambient\" \/>\n<meta property=\"og:description\" content=\"[vc_row css_animation=\u00bb\u00bb row_type=\u00bbrow\u00bb use_row_as_full_screen_section=\u00bbno\u00bb type=\u00bbgrid\u00bb angled_section=\u00bbno\u00bb text_align=\u00bbleft\u00bb background_image_as_pattern=\u00bbwithout_pattern\u00bb css=\u00bb.vc_custom_1600364212737{padding-top: 120px !important;padding-bottom: 120px !important;}\u00bb z_index=\u00bb\u00bb][vc_column][vc_row_inner row_type=\u00bbrow\u00bb type=\u00bbfull_width\u00bb text_align=\u00bbleft\u00bb css_animation=\u00bb\u00bb][vc_column_inner width=\u00bb1\/2&#8243;][vc_column_text] Sensor de monitorizaci\u00f3n de ruido El sensor de ruido con precisi\u00f3n de un son\u00f3metro Clase 1, m\u00e1xima protecci\u00f3n de un kit de intemperie y la conectividad...\" \/>\n<meta property=\"og:url\" content=\"https:\/\/acusticsambient.com\/es\/monitoreo-ruido-vibraciones-smart-industria-4-0\/\" \/>\n<meta property=\"og:site_name\" content=\"Acustics Ambient\" \/>\n<meta property=\"article:modified_time\" content=\"2021-03-16T11:42:09+00:00\" \/>\n<meta name=\"twitter:card\" content=\"summary_large_image\" \/>\n<meta name=\"twitter:label1\" content=\"Tiempo de lectura\" \/>\n\t<meta name=\"twitter:data1\" content=\"3 minutos\" \/>\n<script type=\"application\/ld+json\" class=\"yoast-schema-graph\">{\"@context\":\"https:\/\/schema.org\",\"@graph\":[{\"@type\":\"WebPage\",\"@id\":\"https:\/\/acusticsambient.com\/es\/monitoreo-ruido-vibraciones-smart-industria-4-0\/\",\"url\":\"https:\/\/acusticsambient.com\/es\/monitoreo-ruido-vibraciones-smart-industria-4-0\/\",\"name\":\"Monitoreo ruido vibraciones Smart Industria 4.0 | Acustics Ambient\",\"isPartOf\":{\"@id\":\"https:\/\/acusticsambient.com\/es\/#website\"},\"datePublished\":\"2020-09-09T07:17:40+00:00\",\"dateModified\":\"2021-03-16T11:42:09+00:00\",\"breadcrumb\":{\"@id\":\"https:\/\/acusticsambient.com\/es\/monitoreo-ruido-vibraciones-smart-industria-4-0\/#breadcrumb\"},\"inLanguage\":\"es\",\"potentialAction\":[{\"@type\":\"ReadAction\",\"target\":[\"https:\/\/acusticsambient.com\/es\/monitoreo-ruido-vibraciones-smart-industria-4-0\/\"]}]},{\"@type\":\"BreadcrumbList\",\"@id\":\"https:\/\/acusticsambient.com\/es\/monitoreo-ruido-vibraciones-smart-industria-4-0\/#breadcrumb\",\"itemListElement\":[{\"@type\":\"ListItem\",\"position\":1,\"name\":\"Home\",\"item\":\"https:\/\/acusticsambient.com\/es\/\"},{\"@type\":\"ListItem\",\"position\":2,\"name\":\"Monitoreo ruido vibraciones Smart Industria 4.0\"}]},{\"@type\":\"WebSite\",\"@id\":\"https:\/\/acusticsambient.com\/es\/#website\",\"url\":\"https:\/\/acusticsambient.com\/es\/\",\"name\":\"Acustics Ambient\",\"description\":\"Just another WordPress site\",\"publisher\":{\"@id\":\"https:\/\/acusticsambient.com\/es\/#organization\"},\"potentialAction\":[{\"@type\":\"SearchAction\",\"target\":{\"@type\":\"EntryPoint\",\"urlTemplate\":\"https:\/\/acusticsambient.com\/es\/?s={search_term_string}\"},\"query-input\":\"required name=search_term_string\"}],\"inLanguage\":\"es\"},{\"@type\":\"Organization\",\"@id\":\"https:\/\/acusticsambient.com\/es\/#organization\",\"name\":\"Ac\u00fastics Ambient Consultoria Ac\u00fastica\",\"url\":\"https:\/\/acusticsambient.com\/es\/\",\"logo\":{\"@type\":\"ImageObject\",\"inLanguage\":\"es\",\"@id\":\"https:\/\/acusticsambient.com\/es\/#\/schema\/logo\/image\/\",\"url\":\"https:\/\/acusticsambient.com\/wp-content\/uploads\/2020\/09\/acusticalogo.png\",\"contentUrl\":\"https:\/\/acusticsambient.com\/wp-content\/uploads\/2020\/09\/acusticalogo.png\",\"width\":900,\"height\":600,\"caption\":\"Ac\u00fastics Ambient Consultoria Ac\u00fastica\"},\"image\":{\"@id\":\"https:\/\/acusticsambient.com\/es\/#\/schema\/logo\/image\/\"}}]}<\/script>\n<!-- \/ Yoast SEO plugin. -->","yoast_head_json":{"title":"Monitoreo ruido vibraciones Smart Industria 4.0 | Acustics Ambient","robots":{"index":"index","follow":"follow","max-snippet":"max-snippet:-1","max-image-preview":"max-image-preview:large","max-video-preview":"max-video-preview:-1"},"canonical":"https:\/\/acusticsambient.com\/es\/monitoreo-ruido-vibraciones-smart-industria-4-0\/","og_locale":"es_ES","og_type":"article","og_title":"Monitoreo ruido vibraciones Smart Industria 4.0 | Acustics Ambient","og_description":"[vc_row css_animation=\u00bb\u00bb row_type=\u00bbrow\u00bb use_row_as_full_screen_section=\u00bbno\u00bb type=\u00bbgrid\u00bb angled_section=\u00bbno\u00bb text_align=\u00bbleft\u00bb background_image_as_pattern=\u00bbwithout_pattern\u00bb css=\u00bb.vc_custom_1600364212737{padding-top: 120px !important;padding-bottom: 120px !important;}\u00bb z_index=\u00bb\u00bb][vc_column][vc_row_inner row_type=\u00bbrow\u00bb type=\u00bbfull_width\u00bb text_align=\u00bbleft\u00bb css_animation=\u00bb\u00bb][vc_column_inner width=\u00bb1\/2&#8243;][vc_column_text] Sensor de monitorizaci\u00f3n de ruido El sensor de ruido con precisi\u00f3n de un son\u00f3metro Clase 1, m\u00e1xima protecci\u00f3n de un kit de intemperie y la conectividad...","og_url":"https:\/\/acusticsambient.com\/es\/monitoreo-ruido-vibraciones-smart-industria-4-0\/","og_site_name":"Acustics Ambient","article_modified_time":"2021-03-16T11:42:09+00:00","twitter_card":"summary_large_image","twitter_misc":{"Tiempo de lectura":"3 minutos"},"schema":{"@context":"https:\/\/schema.org","@graph":[{"@type":"WebPage","@id":"https:\/\/acusticsambient.com\/es\/monitoreo-ruido-vibraciones-smart-industria-4-0\/","url":"https:\/\/acusticsambient.com\/es\/monitoreo-ruido-vibraciones-smart-industria-4-0\/","name":"Monitoreo ruido vibraciones Smart Industria 4.0 | Acustics Ambient","isPartOf":{"@id":"https:\/\/acusticsambient.com\/es\/#website"},"datePublished":"2020-09-09T07:17:40+00:00","dateModified":"2021-03-16T11:42:09+00:00","breadcrumb":{"@id":"https:\/\/acusticsambient.com\/es\/monitoreo-ruido-vibraciones-smart-industria-4-0\/#breadcrumb"},"inLanguage":"es","potentialAction":[{"@type":"ReadAction","target":["https:\/\/acusticsambient.com\/es\/monitoreo-ruido-vibraciones-smart-industria-4-0\/"]}]},{"@type":"BreadcrumbList","@id":"https:\/\/acusticsambient.com\/es\/monitoreo-ruido-vibraciones-smart-industria-4-0\/#breadcrumb","itemListElement":[{"@type":"ListItem","position":1,"name":"Home","item":"https:\/\/acusticsambient.com\/es\/"},{"@type":"ListItem","position":2,"name":"Monitoreo ruido vibraciones Smart Industria 4.0"}]},{"@type":"WebSite","@id":"https:\/\/acusticsambient.com\/es\/#website","url":"https:\/\/acusticsambient.com\/es\/","name":"Acustics Ambient","description":"Just another WordPress site","publisher":{"@id":"https:\/\/acusticsambient.com\/es\/#organization"},"potentialAction":[{"@type":"SearchAction","target":{"@type":"EntryPoint","urlTemplate":"https:\/\/acusticsambient.com\/es\/?s={search_term_string}"},"query-input":"required name=search_term_string"}],"inLanguage":"es"},{"@type":"Organization","@id":"https:\/\/acusticsambient.com\/es\/#organization","name":"Ac\u00fastics Ambient Consultoria Ac\u00fastica","url":"https:\/\/acusticsambient.com\/es\/","logo":{"@type":"ImageObject","inLanguage":"es","@id":"https:\/\/acusticsambient.com\/es\/#\/schema\/logo\/image\/","url":"https:\/\/acusticsambient.com\/wp-content\/uploads\/2020\/09\/acusticalogo.png","contentUrl":"https:\/\/acusticsambient.com\/wp-content\/uploads\/2020\/09\/acusticalogo.png","width":900,"height":600,"caption":"Ac\u00fastics Ambient Consultoria Ac\u00fastica"},"image":{"@id":"https:\/\/acusticsambient.com\/es\/#\/schema\/logo\/image\/"}}]}},"_links":{"self":[{"href":"https:\/\/acusticsambient.com\/es\/wp-json\/wp\/v2\/pages\/1322","targetHints":{"allow":["GET"]}}],"collection":[{"href":"https:\/\/acusticsambient.com\/es\/wp-json\/wp\/v2\/pages"}],"about":[{"href":"https:\/\/acusticsambient.com\/es\/wp-json\/wp\/v2\/types\/page"}],"author":[{"embeddable":true,"href":"https:\/\/acusticsambient.com\/es\/wp-json\/wp\/v2\/users\/2"}],"replies":[{"embeddable":true,"href":"https:\/\/acusticsambient.com\/es\/wp-json\/wp\/v2\/comments?post=1322"}],"version-history":[{"count":8,"href":"https:\/\/acusticsambient.com\/es\/wp-json\/wp\/v2\/pages\/1322\/revisions"}],"predecessor-version":[{"id":3572,"href":"https:\/\/acusticsambient.com\/es\/wp-json\/wp\/v2\/pages\/1322\/revisions\/3572"}],"wp:attachment":[{"href":"https:\/\/acusticsambient.com\/es\/wp-json\/wp\/v2\/media?parent=1322"}],"curies":[{"name":"wp","href":"https:\/\/api.w.org\/{rel}","templated":true}]}}