{"id":1310,"date":"2020-09-09T07:08:24","date_gmt":"2020-09-09T07:08:24","guid":{"rendered":"https:\/\/acusticsambient.panelserver.org\/?page_id=1310"},"modified":"2020-09-22T10:45:14","modified_gmt":"2020-09-22T10:45:14","slug":"pantallas-acusticas","status":"publish","type":"page","link":"https:\/\/acusticsambient.com\/es\/pantallas-acusticas\/","title":{"rendered":"Pantallas ac\u00fasticas"},"content":{"rendered":"<p>[vc_row css_animation=\u00bb\u00bb row_type=\u00bbrow\u00bb use_row_as_full_screen_section=\u00bbno\u00bb type=\u00bbgrid\u00bb angled_section=\u00bbno\u00bb text_align=\u00bbleft\u00bb background_image_as_pattern=\u00bbwithout_pattern\u00bb css=\u00bb.vc_custom_1600364212737{padding-top: 120px !important;padding-bottom: 120px !important;}\u00bb z_index=\u00bb\u00bb][vc_column][vc_row_inner row_type=\u00bbrow\u00bb type=\u00bbfull_width\u00bb text_align=\u00bbleft\u00bb css_animation=\u00bb\u00bb][vc_column_inner width=\u00bb1\/2&#8243;][vc_column_text css=\u00bb.vc_custom_1600764662350{padding-top: 30px !important;padding-right: 30px !important;padding-bottom: 30px !important;}\u00bb]<\/p>\n<h3>Aislamiento ac\u00fastico con pantallas<\/h3>\n<p>La funci\u00f3n principal de las pantallas ac\u00fasticas es proteger a los receptores del ruido excesivo generado por el tr\u00e1fico rodado, ruido industrial, m\u00e1quinas de climatizaci\u00f3n, etc.<\/p>\n<p>Si bien la responsabilidad de mitigar el ruido del tr\u00e1fico rodado recae en los proyectos viales o del promotor* (Ver CTE), las pantallas ac\u00fasticas se consideran las medidas de mitigaci\u00f3n de ruido m\u00e1s razonables disponibles.<\/p>\n<p>Es necesario considerar muchos factores en el dise\u00f1o detallado de las pantallas ac\u00fasticas. En primer lugar, las pantallas deben ser ac\u00fasticamente adecuadas. Un dise\u00f1o optimizado de pantallas ac\u00fasticas necesitar\u00eda las debidas consideraciones tanto desde el punto de vista ac\u00fastico, urban\u00edstico, est\u00e9tico, impacto visual, etc.<\/p>\n<p>El material, la ubicaci\u00f3n, las dimensiones y las formas de las pantallas ac\u00fasticas pueden afectar el rendimiento ac\u00fastico.<\/p>\n<p>El camino en l\u00ednea recta original desde la fuente al receptor ahora se ve interrumpido por la pantalla de ruido. Dependiendo del material de la pantalla contra el ruido y del tratamiento de la superficie, una parte de la energ\u00eda del ruido original se refleja o se dispersa hacia la fuente. Otras porciones son absorbidas por el material de la pantalla contra el ruido, transmitidas a trav\u00e9s de la pantalla contra el ruido o difractadas en el borde superior de la pantalla contra el ruido.[\/vc_column_text][\/vc_column_inner][vc_column_inner width=\u00bb1\/2&#8243; css=\u00bb.vc_custom_1600764993225{padding-top: 300px !important;padding-bottom: 100% !important;background-image: url(https:\/\/acusticsambient.com\/wp-content\/uploads\/2020\/09\/PANTALLA-7-scaled.jpg?id=1837) !important;background-position: center !important;background-repeat: no-repeat !important;background-size: cover !important;}\u00bb][\/vc_column_inner][\/vc_row_inner][vc_row_inner row_type=\u00bbrow\u00bb type=\u00bbfull_width\u00bb text_align=\u00bbleft\u00bb css_animation=\u00bb\u00bb][vc_column_inner width=\u00bb1\/2&#8243; css=\u00bb.vc_custom_1600765121980{padding-top: 300px !important;padding-bottom: 150% !important;background-image: url(https:\/\/acusticsambient.com\/wp-content\/uploads\/2020\/09\/PANTALLA-6-scaled.jpg?id=1835) !important;background-position: center !important;background-repeat: no-repeat !important;background-size: cover !important;}\u00bb][\/vc_column_inner][vc_column_inner width=\u00bb1\/2&#8243;][vc_column_text css=\u00bb.vc_custom_1600764891507{padding-bottom: 30px !important;padding-left: 30px !important;}\u00bb]El ruido transmitido, sin embargo, contin\u00faa hacia el receptor con una \u00abp\u00e9rdida\u00bb de energ\u00eda ac\u00fastica (energ\u00eda ac\u00fastica redirigida y parte transformada en calor).<\/p>\n<blockquote>\n<h3><strong>Para que una pantalla sea completamente efectiva, la cantidad de energ\u00eda sonora que la atraviesa debe ser significativamente menor que la que pasa por la parte superior mediante el efecto de difracci\u00f3n.<\/strong><\/h3>\n<\/blockquote>\n<p>En las etapas de dise\u00f1o y construcci\u00f3n debemos de cuidar los detalles para evitar puentes ac\u00fasticos, rendijas o brechas, ya sea con los paneles contiguos, a lo largo del borde inferior o espacios para se\u00f1ales de tr\u00e1nsito, uniones de construcci\u00f3n o juntas de expansi\u00f3n.<\/p>\n<p>La eficacia de una pantalla delgada de altura determinada puede aumentarse acercando el borde de difracci\u00f3n a la fuente de ruido, aumentando as\u00ed la diferencia de trayectoria. Cuando se coloca una pantalla alta cerca de la calzada, inclinar la secci\u00f3n superior hacia la fuente puede proporcionar un beneficio adicional. El aumento del n\u00famero de bordes difractantes tambi\u00e9n puede mejorar considerablemente la atenuaci\u00f3n.<\/p>\n<p>En la mayor\u00eda de los casos, ser\u00e1 relativamente costoso proporcionar m\u00e1s de una pantalla, sin embargo, al colocar paneles laterales cortos a una pantalla de modo que haya varios bordes en el mismo nivel, puede aumentar el n\u00famero de bordes difractantes. Los ensayos a gran escala con una pantalla de triple filo han demostrado beneficios de hasta 3 dB (A) en determinadas circunstancias. Deberemos garantizar la seguridad integral del proyecto mediante un optimo dimensionado estructural.<\/p>\n<p>El dise\u00f1o y los materiales utilizados en las pantallas ac\u00fasticas se seleccionar\u00e1n para garantizar que factores como la resistencia al envejecimiento \/ corrosi\u00f3n, la resistencia al impacto y la resistencia al fuego, etc. puedan satisfacer los requisitos especificados de cada proyecto.[\/vc_column_text]\n\n\t<a href=\"https:\/\/acusticsambient.com\/#proyectos\" target=\"_self\" style=\"color: #ffffff;background-color: #51a126;font-size: 20px;font-weight: 400;margin: 0px 0px 0px 0px\" class=\"qode-btn qode-btn-medium qode-btn-solid qode-btn-custom-hover-bg qode-btn-custom-hover-color qode-btn-default-hover\" data-hover-bg-color=\"#96949a\" data-hover-color=\"#ffffff\" >\n\t    <span class=\"qode-btn-text\">M\u00e1s Proyectos<\/span>\t<\/a>\n\n[\/vc_column_inner][\/vc_row_inner][\/vc_column][\/vc_row][vc_row css_animation=\u00bb\u00bb row_type=\u00bbrow\u00bb use_row_as_full_screen_section=\u00bbno\u00bb type=\u00bbfull_width\u00bb angled_section=\u00bbno\u00bb text_align=\u00bbleft\u00bb background_image_as_pattern=\u00bbwithout_pattern\u00bb z_index=\u00bb\u00bb css=\u00bb.vc_custom_1600335949546{background-color: #ffffff !important;}\u00bb][vc_column][vc_empty_space height=\u00bb48px\u00bb][vc_column_text]<\/p>\n<h2 style=\"text-align: center; color: #51a126;\">Nuestros <span style=\"color: #969799;\">Proyectos:<\/span><\/h2>\n<h3 style=\"text-align: center; color: #51a126;\">Pantallas <span style=\"color: #969799;\">ac\u00fasticas<\/span><\/h3>\n<p>[\/vc_column_text][vc_empty_space height=\u00bb48px\u00bb][vc_gallery type=\u00bbimage_grid\u00bb images=\u00bb1827,1829,1831,1833,1835,1837,1839&#8243; img_size=\u00bb500&#215;500&#8243; column_number=\u00bb4&#8243; grayscale=\u00bbno\u00bb images_space=\u00bbgallery_with_space\u00bb][vc_empty_space height=\u00bb48px\u00bb][\/vc_column][\/vc_row]<\/p>\n","protected":false},"excerpt":{"rendered":"<p>[vc_row css_animation=\u00bb\u00bb row_type=\u00bbrow\u00bb use_row_as_full_screen_section=\u00bbno\u00bb type=\u00bbgrid\u00bb angled_section=\u00bbno\u00bb text_align=\u00bbleft\u00bb background_image_as_pattern=\u00bbwithout_pattern\u00bb css=\u00bb.vc_custom_1600364212737{padding-top: 120px !important;padding-bottom: 120px !important;}\u00bb z_index=\u00bb\u00bb][vc_column][vc_row_inner row_type=\u00bbrow\u00bb type=\u00bbfull_width\u00bb text_align=\u00bbleft\u00bb css_animation=\u00bb\u00bb][vc_column_inner width=\u00bb1\/2&#8243;][vc_column_text css=\u00bb.vc_custom_1600764662350{padding-top: 30px !important;padding-right: 30px !important;padding-bottom: 30px !important;}\u00bb] Aislamiento ac\u00fastico con pantallas La funci\u00f3n principal de las pantallas ac\u00fasticas es proteger a los receptores del ruido excesivo&#8230;<\/p>\n","protected":false},"author":2,"featured_media":0,"parent":0,"menu_order":300,"comment_status":"closed","ping_status":"closed","template":"full_width.php","meta":{"footnotes":""},"class_list":["post-1310","page","type-page","status-publish","hentry"],"yoast_head":"<!-- This site is optimized with the Yoast SEO plugin v19.13 - https:\/\/yoast.com\/wordpress\/plugins\/seo\/ -->\n<title>Pantallas ac\u00fasticas | Acustics Ambient<\/title>\n<meta name=\"robots\" content=\"index, follow, max-snippet:-1, max-image-preview:large, max-video-preview:-1\" \/>\n<link rel=\"canonical\" href=\"https:\/\/acusticsambient.com\/es\/pantallas-acusticas\/\" \/>\n<meta property=\"og:locale\" content=\"es_ES\" \/>\n<meta property=\"og:type\" content=\"article\" \/>\n<meta property=\"og:title\" content=\"Pantallas ac\u00fasticas | Acustics Ambient\" \/>\n<meta property=\"og:description\" content=\"[vc_row css_animation=\u00bb\u00bb row_type=\u00bbrow\u00bb use_row_as_full_screen_section=\u00bbno\u00bb type=\u00bbgrid\u00bb angled_section=\u00bbno\u00bb text_align=\u00bbleft\u00bb background_image_as_pattern=\u00bbwithout_pattern\u00bb css=\u00bb.vc_custom_1600364212737{padding-top: 120px !important;padding-bottom: 120px !important;}\u00bb z_index=\u00bb\u00bb][vc_column][vc_row_inner row_type=\u00bbrow\u00bb type=\u00bbfull_width\u00bb text_align=\u00bbleft\u00bb css_animation=\u00bb\u00bb][vc_column_inner width=\u00bb1\/2&#8243;][vc_column_text css=\u00bb.vc_custom_1600764662350{padding-top: 30px !important;padding-right: 30px !important;padding-bottom: 30px !important;}\u00bb] Aislamiento ac\u00fastico con pantallas La funci\u00f3n principal de las pantallas ac\u00fasticas es proteger a los receptores del ruido excesivo...\" \/>\n<meta property=\"og:url\" content=\"https:\/\/acusticsambient.com\/es\/pantallas-acusticas\/\" \/>\n<meta property=\"og:site_name\" content=\"Acustics Ambient\" \/>\n<meta property=\"article:modified_time\" content=\"2020-09-22T10:45:14+00:00\" \/>\n<meta name=\"twitter:card\" content=\"summary_large_image\" \/>\n<meta name=\"twitter:label1\" content=\"Tiempo de lectura\" \/>\n\t<meta name=\"twitter:data1\" content=\"4 minutos\" \/>\n<script type=\"application\/ld+json\" class=\"yoast-schema-graph\">{\"@context\":\"https:\/\/schema.org\",\"@graph\":[{\"@type\":\"WebPage\",\"@id\":\"https:\/\/acusticsambient.com\/es\/pantallas-acusticas\/\",\"url\":\"https:\/\/acusticsambient.com\/es\/pantallas-acusticas\/\",\"name\":\"Pantallas ac\u00fasticas | Acustics Ambient\",\"isPartOf\":{\"@id\":\"https:\/\/acusticsambient.com\/es\/#website\"},\"datePublished\":\"2020-09-09T07:08:24+00:00\",\"dateModified\":\"2020-09-22T10:45:14+00:00\",\"breadcrumb\":{\"@id\":\"https:\/\/acusticsambient.com\/es\/pantallas-acusticas\/#breadcrumb\"},\"inLanguage\":\"es\",\"potentialAction\":[{\"@type\":\"ReadAction\",\"target\":[\"https:\/\/acusticsambient.com\/es\/pantallas-acusticas\/\"]}]},{\"@type\":\"BreadcrumbList\",\"@id\":\"https:\/\/acusticsambient.com\/es\/pantallas-acusticas\/#breadcrumb\",\"itemListElement\":[{\"@type\":\"ListItem\",\"position\":1,\"name\":\"Home\",\"item\":\"https:\/\/acusticsambient.com\/es\/\"},{\"@type\":\"ListItem\",\"position\":2,\"name\":\"Pantallas ac\u00fasticas\"}]},{\"@type\":\"WebSite\",\"@id\":\"https:\/\/acusticsambient.com\/es\/#website\",\"url\":\"https:\/\/acusticsambient.com\/es\/\",\"name\":\"Acustics Ambient\",\"description\":\"Just another WordPress site\",\"publisher\":{\"@id\":\"https:\/\/acusticsambient.com\/es\/#organization\"},\"potentialAction\":[{\"@type\":\"SearchAction\",\"target\":{\"@type\":\"EntryPoint\",\"urlTemplate\":\"https:\/\/acusticsambient.com\/es\/?s={search_term_string}\"},\"query-input\":\"required name=search_term_string\"}],\"inLanguage\":\"es\"},{\"@type\":\"Organization\",\"@id\":\"https:\/\/acusticsambient.com\/es\/#organization\",\"name\":\"Ac\u00fastics Ambient Consultoria Ac\u00fastica\",\"url\":\"https:\/\/acusticsambient.com\/es\/\",\"logo\":{\"@type\":\"ImageObject\",\"inLanguage\":\"es\",\"@id\":\"https:\/\/acusticsambient.com\/es\/#\/schema\/logo\/image\/\",\"url\":\"https:\/\/acusticsambient.com\/wp-content\/uploads\/2020\/09\/acusticalogo.png\",\"contentUrl\":\"https:\/\/acusticsambient.com\/wp-content\/uploads\/2020\/09\/acusticalogo.png\",\"width\":900,\"height\":600,\"caption\":\"Ac\u00fastics Ambient Consultoria Ac\u00fastica\"},\"image\":{\"@id\":\"https:\/\/acusticsambient.com\/es\/#\/schema\/logo\/image\/\"}}]}<\/script>\n<!-- \/ Yoast SEO plugin. -->","yoast_head_json":{"title":"Pantallas ac\u00fasticas | Acustics Ambient","robots":{"index":"index","follow":"follow","max-snippet":"max-snippet:-1","max-image-preview":"max-image-preview:large","max-video-preview":"max-video-preview:-1"},"canonical":"https:\/\/acusticsambient.com\/es\/pantallas-acusticas\/","og_locale":"es_ES","og_type":"article","og_title":"Pantallas ac\u00fasticas | Acustics Ambient","og_description":"[vc_row css_animation=\u00bb\u00bb row_type=\u00bbrow\u00bb use_row_as_full_screen_section=\u00bbno\u00bb type=\u00bbgrid\u00bb angled_section=\u00bbno\u00bb text_align=\u00bbleft\u00bb background_image_as_pattern=\u00bbwithout_pattern\u00bb css=\u00bb.vc_custom_1600364212737{padding-top: 120px !important;padding-bottom: 120px !important;}\u00bb z_index=\u00bb\u00bb][vc_column][vc_row_inner row_type=\u00bbrow\u00bb type=\u00bbfull_width\u00bb text_align=\u00bbleft\u00bb css_animation=\u00bb\u00bb][vc_column_inner width=\u00bb1\/2&#8243;][vc_column_text css=\u00bb.vc_custom_1600764662350{padding-top: 30px !important;padding-right: 30px !important;padding-bottom: 30px !important;}\u00bb] Aislamiento ac\u00fastico con pantallas La funci\u00f3n principal de las pantallas ac\u00fasticas es proteger a los receptores del ruido excesivo...","og_url":"https:\/\/acusticsambient.com\/es\/pantallas-acusticas\/","og_site_name":"Acustics Ambient","article_modified_time":"2020-09-22T10:45:14+00:00","twitter_card":"summary_large_image","twitter_misc":{"Tiempo de lectura":"4 minutos"},"schema":{"@context":"https:\/\/schema.org","@graph":[{"@type":"WebPage","@id":"https:\/\/acusticsambient.com\/es\/pantallas-acusticas\/","url":"https:\/\/acusticsambient.com\/es\/pantallas-acusticas\/","name":"Pantallas ac\u00fasticas | Acustics Ambient","isPartOf":{"@id":"https:\/\/acusticsambient.com\/es\/#website"},"datePublished":"2020-09-09T07:08:24+00:00","dateModified":"2020-09-22T10:45:14+00:00","breadcrumb":{"@id":"https:\/\/acusticsambient.com\/es\/pantallas-acusticas\/#breadcrumb"},"inLanguage":"es","potentialAction":[{"@type":"ReadAction","target":["https:\/\/acusticsambient.com\/es\/pantallas-acusticas\/"]}]},{"@type":"BreadcrumbList","@id":"https:\/\/acusticsambient.com\/es\/pantallas-acusticas\/#breadcrumb","itemListElement":[{"@type":"ListItem","position":1,"name":"Home","item":"https:\/\/acusticsambient.com\/es\/"},{"@type":"ListItem","position":2,"name":"Pantallas ac\u00fasticas"}]},{"@type":"WebSite","@id":"https:\/\/acusticsambient.com\/es\/#website","url":"https:\/\/acusticsambient.com\/es\/","name":"Acustics Ambient","description":"Just another WordPress site","publisher":{"@id":"https:\/\/acusticsambient.com\/es\/#organization"},"potentialAction":[{"@type":"SearchAction","target":{"@type":"EntryPoint","urlTemplate":"https:\/\/acusticsambient.com\/es\/?s={search_term_string}"},"query-input":"required name=search_term_string"}],"inLanguage":"es"},{"@type":"Organization","@id":"https:\/\/acusticsambient.com\/es\/#organization","name":"Ac\u00fastics Ambient Consultoria Ac\u00fastica","url":"https:\/\/acusticsambient.com\/es\/","logo":{"@type":"ImageObject","inLanguage":"es","@id":"https:\/\/acusticsambient.com\/es\/#\/schema\/logo\/image\/","url":"https:\/\/acusticsambient.com\/wp-content\/uploads\/2020\/09\/acusticalogo.png","contentUrl":"https:\/\/acusticsambient.com\/wp-content\/uploads\/2020\/09\/acusticalogo.png","width":900,"height":600,"caption":"Ac\u00fastics Ambient Consultoria Ac\u00fastica"},"image":{"@id":"https:\/\/acusticsambient.com\/es\/#\/schema\/logo\/image\/"}}]}},"_links":{"self":[{"href":"https:\/\/acusticsambient.com\/es\/wp-json\/wp\/v2\/pages\/1310","targetHints":{"allow":["GET"]}}],"collection":[{"href":"https:\/\/acusticsambient.com\/es\/wp-json\/wp\/v2\/pages"}],"about":[{"href":"https:\/\/acusticsambient.com\/es\/wp-json\/wp\/v2\/types\/page"}],"author":[{"embeddable":true,"href":"https:\/\/acusticsambient.com\/es\/wp-json\/wp\/v2\/users\/2"}],"replies":[{"embeddable":true,"href":"https:\/\/acusticsambient.com\/es\/wp-json\/wp\/v2\/comments?post=1310"}],"version-history":[{"count":9,"href":"https:\/\/acusticsambient.com\/es\/wp-json\/wp\/v2\/pages\/1310\/revisions"}],"predecessor-version":[{"id":1891,"href":"https:\/\/acusticsambient.com\/es\/wp-json\/wp\/v2\/pages\/1310\/revisions\/1891"}],"wp:attachment":[{"href":"https:\/\/acusticsambient.com\/es\/wp-json\/wp\/v2\/media?parent=1310"}],"curies":[{"name":"wp","href":"https:\/\/api.w.org\/{rel}","templated":true}]}}