{"id":1306,"date":"2020-09-09T07:03:53","date_gmt":"2020-09-09T07:03:53","guid":{"rendered":"https:\/\/acusticsambient.panelserver.org\/?page_id=1306"},"modified":"2021-03-09T10:23:42","modified_gmt":"2021-03-09T10:23:42","slug":"medioambiente-mapa-acustico","status":"publish","type":"page","link":"https:\/\/acusticsambient.com\/es\/medioambiente-mapa-acustico\/","title":{"rendered":"Medioambiente &#8211; Mapas ac\u00fasticos"},"content":{"rendered":"<p>[vc_row css_animation=\u00bb\u00bb row_type=\u00bbrow\u00bb use_row_as_full_screen_section=\u00bbno\u00bb type=\u00bbgrid\u00bb angled_section=\u00bbno\u00bb text_align=\u00bbleft\u00bb background_image_as_pattern=\u00bbwithout_pattern\u00bb css=\u00bb.vc_custom_1600364212737{padding-top: 120px !important;padding-bottom: 120px !important;}\u00bb z_index=\u00bb\u00bb][vc_column][vc_row_inner row_type=\u00bbrow\u00bb type=\u00bbfull_width\u00bb text_align=\u00bbleft\u00bb css_animation=\u00bb\u00bb][vc_column_inner width=\u00bb1\/2&#8243;][vc_column_text css=\u00bb.vc_custom_1600763300720{padding-top: 30px !important;padding-right: 30px !important;padding-bottom: 30px !important;}\u00bb]<\/p>\n<h3>Ac\u00fastica y medioambiente<\/h3>\n<p>ACUSTICS AMBIENT SL lleva a cabo la predicci\u00f3n de ruido mediante software especifico teniendo en cuenta la propagaci\u00f3n y dispersi\u00f3n de ruido:<\/p>\n<p>Espectro de ruido en tercios de octavas haciendo hincapi\u00e9 en baja frecuencia:<\/p>\n<ul>\n<li>Dispersi\u00f3n geom\u00e9trica (divergencia, atenuaci\u00f3n de distancia) de ruido<\/li>\n<li>Absorci\u00f3n de ruido por el aire dependiendo de la temperatura atmosf\u00e9rica, presi\u00f3n y humedad<\/li>\n<li>Estabilidad atmosf\u00e9rica (efectos de gradiente de temperatura, inversi\u00f3n de temperatura)<\/li>\n<li>Velocidad y direcci\u00f3n del viento<\/li>\n<li>Topograf\u00eda<\/li>\n<li>Efectos sobre el suelo (absorci\u00f3n)<\/li>\n<\/ul>\n<p>Presencia de carreteras, pol\u00edgonos industriales, edificios, barreras ac\u00fasticas.<\/p>\n<p>Dependiendo de los requisitos espec\u00edficos del proyecto, llevamos a cabo el modelado de dispersi\u00f3n de ruido mediante diferentes (software):<\/p>\n<ul>\n<li><a href=\"https:\/\/www.emsbk.com\/predictor-lima\/\">Predictor 7810<\/a> (Modelos : Dinamarca \/ Holanda \/ Alemania) &#8211; ruido industrial, vial y ferroviario<\/li>\n<li><a href=\"http:\/\/www.datakustik.com\/en\/products\/cadnaa\">CadnaA\u00a0 (Alemania)<\/a> : ruido industrial, vial y ferroviario<\/li>\n<\/ul>\n<h3><strong>Mapas de capacidad ac\u00fastica<\/strong><\/h3>\n<p>Los mapas de capacidad ac\u00fastica municipal son un instrumento para la gesti\u00f3n ambiental del ruido, que tienen como finalidad evitar, prevenir o reducir la contaminaci\u00f3n ac\u00fastica a la que est\u00e1 expuesta la poblaci\u00f3n, la prevenci\u00f3n y \/ o mejora de la calidad ac\u00fastica del territorio.<\/p>\n<p>El mapa asigna los niveles de inmisi\u00f3n fijados como objetivos de calidad en el territorio, estableciendo las zonas de sensibilidad ac\u00fastica, que agrupan las partes del territorio con la misma percepci\u00f3n ac\u00fastica (clasific\u00e1ndolas en: alta, moderada y baja), para tres periodos temporales diferenciados: d\u00eda, tarde y noche, donde tambi\u00e9n se incorporan los usos del suelo.[\/vc_column_text][\/vc_column_inner][vc_column_inner width=\u00bb1\/2&#8243; css=\u00bb.vc_custom_1600762968354{padding-top: 300px !important;padding-bottom: 950px !important;background-image: url(https:\/\/acusticsambient.com\/wp-content\/uploads\/2020\/09\/MEDIAMBIENT-8-rotated.jpg?id=1783) !important;background-position: center !important;background-repeat: no-repeat !important;background-size: cover !important;}\u00bb][\/vc_column_inner][\/vc_row_inner][vc_row_inner row_type=\u00bbrow\u00bb type=\u00bbfull_width\u00bb text_align=\u00bbleft\u00bb css_animation=\u00bb\u00bb][vc_column_inner width=\u00bb1\/2&#8243; css=\u00bb.vc_custom_1600763466132{padding-top: 300px !important;padding-bottom: 230% !important;background-image: url(https:\/\/acusticsambient.com\/wp-content\/uploads\/2020\/09\/MAPA-5.jpg?id=1769) !important;background-position: center !important;background-repeat: no-repeat !important;background-size: cover !important;}\u00bb][\/vc_column_inner][vc_column_inner width=\u00bb1\/2&#8243;][vc_column_text css=\u00bb.vc_custom_1600763429469{padding-bottom: 30px !important;padding-left: 30px !important;}\u00bb]En funci\u00f3n de las caracter\u00edsticas del municipio, los mapas tambi\u00e9n deben incluir las zonas declaradas de especial protecci\u00f3n de la calidad ac\u00fastica (ZEPQA), las zonas de r\u00e9gimen especial (ZARE), las zonas de ruido que se definan y otras \u00e1reas de sensibilidad ac\u00fastica que alcancen unos objetivos de calidad que otorguen m\u00e1s protecci\u00f3n en el territorio.<\/p>\n<blockquote>\n<h3><strong>La totalidad de ayuntamientos tienen la obligaci\u00f3n de elaborar y aprobar el mapa de capacidad ac\u00fastica y ponerlo a disposici\u00f3n de la poblaci\u00f3n. Desde ACUSTICS AMBIENT SL tenemos amplia experiencia en la redacci\u00f3n de dichos mapas tanto para poblaciones de gran magnitud como para peque\u00f1as poblaciones.<\/strong><\/h3>\n<\/blockquote>\n<p>Los mapas de capacidad ac\u00fastica se deben elaborar y representar, siguiendo los criterios establecidos en el Decreto 245\/2005, de 8 de noviembre, modificado por el Decreto 176\/2009, de 10 de noviembre, por el que se aprueba el Reglamento de la Ley 16\/2002.<\/p>\n<h3>Plan de acci\u00f3n de reducci\u00f3n de ruido<\/h3>\n<p>La estrategia establecida para la reducci\u00f3n de niveles de ruido radica en el an\u00e1lisis del n\u00famero de personas expuestas a altos niveles de ruido, en particular debido al aumento del tr\u00e1fico por carretera, aviaci\u00f3n, y al aumento del n\u00famero de habitantes de las ciudades.<\/p>\n<p>Las acciones de reducci\u00f3n del ruido se dividen en tres temas: planificaci\u00f3n y orientaci\u00f3n, que afectan a la fuente de ruido, y reducci\u00f3n de ruido estructural.<\/p>\n<p>Los planes de acci\u00f3n deben contener, entre otros, los siguientes elementos:<\/p>\n<ul>\n<li>La descripci\u00f3n de la aglomeraci\u00f3n, los principales ejes viarios, los principales ejes ferroviarios o principales aeropuertos y otras fuentes consideradas<\/li>\n<li>La autoridad responsable<\/li>\n<li>El contexto jur\u00eddico<\/li>\n<li>Los valores l\u00edmite de inmisi\u00f3n establecidos de acuerdo con los anexos de este Reglamento<\/li>\n<li>el resumen de los resultados de las tareas de cartograf\u00eda del ruido<\/li>\n<li>la evaluaci\u00f3n del n\u00famero estimado de personas expuestas al ruido y la determinaci\u00f3n de los problemas y las situaciones que deben mejorar<\/li>\n<li>la relaci\u00f3n de las alegaciones u observaciones recibidas en el tr\u00e1mite de informaci\u00f3n p\u00fablica<\/li>\n<li>Las medidas que ya se aplican para reducir el ruido y los proyectos en preparaci\u00f3n<\/li>\n<li>Las actuaciones previstas por las autoridades competentes para los pr\u00f3ximos cinco a\u00f1os, incluidas las medidas para proteger las zonas tranquilas<\/li>\n<li>Las estrategias a largo plazo<\/li>\n<li>La informaci\u00f3n econ\u00f3mica (si est\u00e1 disponible): presupuestos, evaluaciones coste-eficacia o coste-beneficio<\/li>\n<li>Las disposiciones previstas para evaluar la aplicaci\u00f3n y los resultados del plan de acci\u00f3n.<\/li>\n<\/ul>\n<p>[\/vc_column_text][\/vc_column_inner][\/vc_row_inner][vc_row_inner row_type=\u00bbrow\u00bb type=\u00bbfull_width\u00bb text_align=\u00bbleft\u00bb css_animation=\u00bb\u00bb][vc_column_inner width=\u00bb1\/2&#8243;][vc_column_text css=\u00bb.vc_custom_1600761762539{padding-top: 30px !important;padding-right: 30px !important;padding-bottom: 30px !important;}\u00bb]Algunas de las medidas que pueden prever las autoridades dentro de sus competencias son, entre otros: la regulaci\u00f3n de la movilidad, la ordenaci\u00f3n del territorio, la aplicaci\u00f3n de medidas t\u00e9cnicas en las fuentes emisoras, la selecci\u00f3n de fuentes m\u00e1s silenciosas , la reducci\u00f3n de la transmisi\u00f3n de ruido y medidas o incentivos reglamentarios o econ\u00f3micos.<\/p>\n<h3>Mapas Estrat\u00e9gicos de Ruido (MER)<\/h3>\n<p>Los mapas estrat\u00e9gicos de ruido son herramientas dise\u00f1adas para poder evaluar globalmente la exposici\u00f3n al ruido en una zona determinada, seg\u00fan se define en la Directiva 2002\/49\/CE del parlamento europeo y del consejo de 25 de junio de 2002 sobre evaluaci\u00f3n y gesti\u00f3n del ruido ambiental.<\/p>\n<p>Su elaboraci\u00f3n y gesti\u00f3n queda regulada tanto por la mencionada Directiva, como por la Ley 37\/2003, de 17 de noviembre, del Ruido y los Reales Decretos 1513\/2005, 1367\/2007 y 1038\/2012 que la desarrollan.<\/p>\n<p>En cumplimiento de esta normativa, se elaboran los mapas estrat\u00e9gicos de ruido de los aeropuertos que registren m\u00e1s de 50.000 operaciones anuales.<\/p>\n<p>Estos mapas se realizan cada 5 a\u00f1os, seg\u00fan requiere la normativa, y son una herramienta de diagn\u00f3stico que permite evaluar la situaci\u00f3n de la contaminaci\u00f3n ac\u00fastica en el entorno de un aeropuerto y para un a\u00f1o de referencia, permitiendo realizar un seguimiento de la evoluci\u00f3n del ruido.[\/vc_column_text]\n\n\t<a href=\"https:\/\/acusticsambient.com\/#proyectos\" target=\"_self\" style=\"color: #ffffff;background-color: #51a126;font-size: 20px;font-weight: 400;margin: 0px 0px 0px 0px\" class=\"qode-btn qode-btn-medium qode-btn-solid qode-btn-custom-hover-bg qode-btn-custom-hover-color qode-btn-default-hover\" data-hover-bg-color=\"#96949a\" data-hover-color=\"#ffffff\" >\n\t    <span class=\"qode-btn-text\">M\u00e1s Proyectos<\/span>\t<\/a>\n\n[\/vc_column_inner][vc_column_inner width=\u00bb1\/2&#8243; css=\u00bb.vc_custom_1600763246128{padding-top: 300px !important;padding-bottom: 100% !important;background-image: url(https:\/\/acusticsambient.com\/wp-content\/uploads\/2020\/09\/MAPA-2.jpg?id=1787) !important;background-position: center !important;background-repeat: no-repeat !important;background-size: cover !important;}\u00bb][\/vc_column_inner][\/vc_row_inner][\/vc_column][\/vc_row][vc_row css_animation=\u00bb\u00bb row_type=\u00bbrow\u00bb use_row_as_full_screen_section=\u00bbno\u00bb type=\u00bbfull_width\u00bb angled_section=\u00bbno\u00bb text_align=\u00bbleft\u00bb background_image_as_pattern=\u00bbwithout_pattern\u00bb z_index=\u00bb\u00bb css=\u00bb.vc_custom_1600335949546{background-color: #ffffff !important;}\u00bb][vc_column][vc_empty_space height=\u00bb48px\u00bb][vc_column_text]<\/p>\n<h2 style=\"text-align: center; color: #51a126;\">Nuestros <span style=\"color: #969799;\">Proyectos:<\/span><\/h2>\n<h3 style=\"text-align: center; color: #51a126;\">Medioambiente \u2013 <span style=\"color: #969799;\">Mapa ac\u00fastico<\/span><\/h3>\n<p>[\/vc_column_text][vc_empty_space height=\u00bb48px\u00bb][vc_gallery type=\u00bbimage_grid\u00bb images=\u00bb1765,1767,1769,1771,1773,1775,1777,1779,1781,1783,1785,1787,3379,3381&#8243; img_size=\u00bb500&#215;500&#8243; column_number=\u00bb4&#8243; grayscale=\u00bbno\u00bb images_space=\u00bbgallery_with_space\u00bb][vc_empty_space height=\u00bb48px\u00bb][\/vc_column][\/vc_row]<\/p>\n","protected":false},"excerpt":{"rendered":"<p>[vc_row css_animation=\u00bb\u00bb row_type=\u00bbrow\u00bb use_row_as_full_screen_section=\u00bbno\u00bb type=\u00bbgrid\u00bb angled_section=\u00bbno\u00bb text_align=\u00bbleft\u00bb background_image_as_pattern=\u00bbwithout_pattern\u00bb css=\u00bb.vc_custom_1600364212737{padding-top: 120px !important;padding-bottom: 120px !important;}\u00bb z_index=\u00bb\u00bb][vc_column][vc_row_inner row_type=\u00bbrow\u00bb type=\u00bbfull_width\u00bb text_align=\u00bbleft\u00bb css_animation=\u00bb\u00bb][vc_column_inner width=\u00bb1\/2&#8243;][vc_column_text css=\u00bb.vc_custom_1600763300720{padding-top: 30px !important;padding-right: 30px !important;padding-bottom: 30px !important;}\u00bb] Ac\u00fastica y medioambiente ACUSTICS AMBIENT SL lleva a cabo la predicci\u00f3n de ruido mediante software especifico teniendo en cuenta&#8230;<\/p>\n","protected":false},"author":2,"featured_media":0,"parent":0,"menu_order":300,"comment_status":"closed","ping_status":"closed","template":"full_width.php","meta":[],"yoast_head":"<!-- This site is optimized with the Yoast SEO plugin v19.13 - https:\/\/yoast.com\/wordpress\/plugins\/seo\/ -->\n<title>Medioambiente - Mapas ac\u00fasticos | Acustics Ambient<\/title>\n<meta name=\"robots\" content=\"index, follow, max-snippet:-1, max-image-preview:large, max-video-preview:-1\" \/>\n<link rel=\"canonical\" href=\"https:\/\/acusticsambient.com\/es\/medioambiente-mapa-acustico\/\" \/>\n<meta property=\"og:locale\" content=\"es_ES\" \/>\n<meta property=\"og:type\" content=\"article\" \/>\n<meta property=\"og:title\" content=\"Medioambiente - Mapas ac\u00fasticos | Acustics Ambient\" \/>\n<meta property=\"og:description\" content=\"[vc_row css_animation=\u00bb\u00bb row_type=\u00bbrow\u00bb use_row_as_full_screen_section=\u00bbno\u00bb type=\u00bbgrid\u00bb angled_section=\u00bbno\u00bb text_align=\u00bbleft\u00bb background_image_as_pattern=\u00bbwithout_pattern\u00bb css=\u00bb.vc_custom_1600364212737{padding-top: 120px !important;padding-bottom: 120px !important;}\u00bb z_index=\u00bb\u00bb][vc_column][vc_row_inner row_type=\u00bbrow\u00bb type=\u00bbfull_width\u00bb text_align=\u00bbleft\u00bb css_animation=\u00bb\u00bb][vc_column_inner width=\u00bb1\/2&#8243;][vc_column_text css=\u00bb.vc_custom_1600763300720{padding-top: 30px !important;padding-right: 30px !important;padding-bottom: 30px !important;}\u00bb] Ac\u00fastica y medioambiente ACUSTICS AMBIENT SL lleva a cabo la predicci\u00f3n de ruido mediante software especifico teniendo en cuenta...\" \/>\n<meta property=\"og:url\" content=\"https:\/\/acusticsambient.com\/es\/medioambiente-mapa-acustico\/\" \/>\n<meta property=\"og:site_name\" content=\"Acustics Ambient\" \/>\n<meta property=\"article:modified_time\" content=\"2021-03-09T10:23:42+00:00\" \/>\n<meta name=\"twitter:card\" content=\"summary_large_image\" \/>\n<meta name=\"twitter:label1\" content=\"Tiempo de lectura\" \/>\n\t<meta name=\"twitter:data1\" content=\"7 minutos\" \/>\n<script type=\"application\/ld+json\" class=\"yoast-schema-graph\">{\"@context\":\"https:\/\/schema.org\",\"@graph\":[{\"@type\":\"WebPage\",\"@id\":\"https:\/\/acusticsambient.com\/es\/medioambiente-mapa-acustico\/\",\"url\":\"https:\/\/acusticsambient.com\/es\/medioambiente-mapa-acustico\/\",\"name\":\"Medioambiente - Mapas ac\u00fasticos | Acustics Ambient\",\"isPartOf\":{\"@id\":\"https:\/\/acusticsambient.com\/es\/#website\"},\"datePublished\":\"2020-09-09T07:03:53+00:00\",\"dateModified\":\"2021-03-09T10:23:42+00:00\",\"breadcrumb\":{\"@id\":\"https:\/\/acusticsambient.com\/es\/medioambiente-mapa-acustico\/#breadcrumb\"},\"inLanguage\":\"es\",\"potentialAction\":[{\"@type\":\"ReadAction\",\"target\":[\"https:\/\/acusticsambient.com\/es\/medioambiente-mapa-acustico\/\"]}]},{\"@type\":\"BreadcrumbList\",\"@id\":\"https:\/\/acusticsambient.com\/es\/medioambiente-mapa-acustico\/#breadcrumb\",\"itemListElement\":[{\"@type\":\"ListItem\",\"position\":1,\"name\":\"Home\",\"item\":\"https:\/\/acusticsambient.com\/es\/\"},{\"@type\":\"ListItem\",\"position\":2,\"name\":\"Medioambiente &#8211; Mapas ac\u00fasticos\"}]},{\"@type\":\"WebSite\",\"@id\":\"https:\/\/acusticsambient.com\/es\/#website\",\"url\":\"https:\/\/acusticsambient.com\/es\/\",\"name\":\"Acustics Ambient\",\"description\":\"Just another WordPress site\",\"publisher\":{\"@id\":\"https:\/\/acusticsambient.com\/es\/#organization\"},\"potentialAction\":[{\"@type\":\"SearchAction\",\"target\":{\"@type\":\"EntryPoint\",\"urlTemplate\":\"https:\/\/acusticsambient.com\/es\/?s={search_term_string}\"},\"query-input\":\"required name=search_term_string\"}],\"inLanguage\":\"es\"},{\"@type\":\"Organization\",\"@id\":\"https:\/\/acusticsambient.com\/es\/#organization\",\"name\":\"Ac\u00fastics Ambient Consultoria Ac\u00fastica\",\"url\":\"https:\/\/acusticsambient.com\/es\/\",\"logo\":{\"@type\":\"ImageObject\",\"inLanguage\":\"es\",\"@id\":\"https:\/\/acusticsambient.com\/es\/#\/schema\/logo\/image\/\",\"url\":\"https:\/\/acusticsambient.com\/wp-content\/uploads\/2020\/09\/acusticalogo.png\",\"contentUrl\":\"https:\/\/acusticsambient.com\/wp-content\/uploads\/2020\/09\/acusticalogo.png\",\"width\":900,\"height\":600,\"caption\":\"Ac\u00fastics Ambient Consultoria Ac\u00fastica\"},\"image\":{\"@id\":\"https:\/\/acusticsambient.com\/es\/#\/schema\/logo\/image\/\"}}]}<\/script>\n<!-- \/ Yoast SEO plugin. -->","yoast_head_json":{"title":"Medioambiente - Mapas ac\u00fasticos | Acustics Ambient","robots":{"index":"index","follow":"follow","max-snippet":"max-snippet:-1","max-image-preview":"max-image-preview:large","max-video-preview":"max-video-preview:-1"},"canonical":"https:\/\/acusticsambient.com\/es\/medioambiente-mapa-acustico\/","og_locale":"es_ES","og_type":"article","og_title":"Medioambiente - Mapas ac\u00fasticos | Acustics Ambient","og_description":"[vc_row css_animation=\u00bb\u00bb row_type=\u00bbrow\u00bb use_row_as_full_screen_section=\u00bbno\u00bb type=\u00bbgrid\u00bb angled_section=\u00bbno\u00bb text_align=\u00bbleft\u00bb background_image_as_pattern=\u00bbwithout_pattern\u00bb css=\u00bb.vc_custom_1600364212737{padding-top: 120px !important;padding-bottom: 120px !important;}\u00bb z_index=\u00bb\u00bb][vc_column][vc_row_inner row_type=\u00bbrow\u00bb type=\u00bbfull_width\u00bb text_align=\u00bbleft\u00bb css_animation=\u00bb\u00bb][vc_column_inner width=\u00bb1\/2&#8243;][vc_column_text css=\u00bb.vc_custom_1600763300720{padding-top: 30px !important;padding-right: 30px !important;padding-bottom: 30px !important;}\u00bb] Ac\u00fastica y medioambiente ACUSTICS AMBIENT SL lleva a cabo la predicci\u00f3n de ruido mediante software especifico teniendo en cuenta...","og_url":"https:\/\/acusticsambient.com\/es\/medioambiente-mapa-acustico\/","og_site_name":"Acustics Ambient","article_modified_time":"2021-03-09T10:23:42+00:00","twitter_card":"summary_large_image","twitter_misc":{"Tiempo de lectura":"7 minutos"},"schema":{"@context":"https:\/\/schema.org","@graph":[{"@type":"WebPage","@id":"https:\/\/acusticsambient.com\/es\/medioambiente-mapa-acustico\/","url":"https:\/\/acusticsambient.com\/es\/medioambiente-mapa-acustico\/","name":"Medioambiente - Mapas ac\u00fasticos | Acustics Ambient","isPartOf":{"@id":"https:\/\/acusticsambient.com\/es\/#website"},"datePublished":"2020-09-09T07:03:53+00:00","dateModified":"2021-03-09T10:23:42+00:00","breadcrumb":{"@id":"https:\/\/acusticsambient.com\/es\/medioambiente-mapa-acustico\/#breadcrumb"},"inLanguage":"es","potentialAction":[{"@type":"ReadAction","target":["https:\/\/acusticsambient.com\/es\/medioambiente-mapa-acustico\/"]}]},{"@type":"BreadcrumbList","@id":"https:\/\/acusticsambient.com\/es\/medioambiente-mapa-acustico\/#breadcrumb","itemListElement":[{"@type":"ListItem","position":1,"name":"Home","item":"https:\/\/acusticsambient.com\/es\/"},{"@type":"ListItem","position":2,"name":"Medioambiente &#8211; Mapas ac\u00fasticos"}]},{"@type":"WebSite","@id":"https:\/\/acusticsambient.com\/es\/#website","url":"https:\/\/acusticsambient.com\/es\/","name":"Acustics Ambient","description":"Just another WordPress site","publisher":{"@id":"https:\/\/acusticsambient.com\/es\/#organization"},"potentialAction":[{"@type":"SearchAction","target":{"@type":"EntryPoint","urlTemplate":"https:\/\/acusticsambient.com\/es\/?s={search_term_string}"},"query-input":"required name=search_term_string"}],"inLanguage":"es"},{"@type":"Organization","@id":"https:\/\/acusticsambient.com\/es\/#organization","name":"Ac\u00fastics Ambient Consultoria Ac\u00fastica","url":"https:\/\/acusticsambient.com\/es\/","logo":{"@type":"ImageObject","inLanguage":"es","@id":"https:\/\/acusticsambient.com\/es\/#\/schema\/logo\/image\/","url":"https:\/\/acusticsambient.com\/wp-content\/uploads\/2020\/09\/acusticalogo.png","contentUrl":"https:\/\/acusticsambient.com\/wp-content\/uploads\/2020\/09\/acusticalogo.png","width":900,"height":600,"caption":"Ac\u00fastics Ambient Consultoria Ac\u00fastica"},"image":{"@id":"https:\/\/acusticsambient.com\/es\/#\/schema\/logo\/image\/"}}]}},"_links":{"self":[{"href":"https:\/\/acusticsambient.com\/es\/wp-json\/wp\/v2\/pages\/1306"}],"collection":[{"href":"https:\/\/acusticsambient.com\/es\/wp-json\/wp\/v2\/pages"}],"about":[{"href":"https:\/\/acusticsambient.com\/es\/wp-json\/wp\/v2\/types\/page"}],"author":[{"embeddable":true,"href":"https:\/\/acusticsambient.com\/es\/wp-json\/wp\/v2\/users\/2"}],"replies":[{"embeddable":true,"href":"https:\/\/acusticsambient.com\/es\/wp-json\/wp\/v2\/comments?post=1306"}],"version-history":[{"count":19,"href":"https:\/\/acusticsambient.com\/es\/wp-json\/wp\/v2\/pages\/1306\/revisions"}],"predecessor-version":[{"id":3383,"href":"https:\/\/acusticsambient.com\/es\/wp-json\/wp\/v2\/pages\/1306\/revisions\/3383"}],"wp:attachment":[{"href":"https:\/\/acusticsambient.com\/es\/wp-json\/wp\/v2\/media?parent=1306"}],"curies":[{"name":"wp","href":"https:\/\/api.w.org\/{rel}","templated":true}]}}