{"id":1302,"date":"2020-09-09T07:02:16","date_gmt":"2020-09-09T07:02:16","guid":{"rendered":"https:\/\/acusticsambient.panelserver.org\/?page_id=1302"},"modified":"2021-03-09T10:39:55","modified_gmt":"2021-03-09T10:39:55","slug":"industria","status":"publish","type":"page","link":"https:\/\/acusticsambient.com\/es\/industria\/","title":{"rendered":"Industria"},"content":{"rendered":"<p>[vc_row css_animation=\u00bb\u00bb row_type=\u00bbrow\u00bb use_row_as_full_screen_section=\u00bbno\u00bb type=\u00bbgrid\u00bb angled_section=\u00bbno\u00bb text_align=\u00bbleft\u00bb background_image_as_pattern=\u00bbwithout_pattern\u00bb css=\u00bb.vc_custom_1600364212737{padding-top: 120px !important;padding-bottom: 120px !important;}\u00bb z_index=\u00bb\u00bb][vc_column][vc_row_inner row_type=\u00bbrow\u00bb type=\u00bbfull_width\u00bb text_align=\u00bbleft\u00bb css_animation=\u00bb\u00bb][vc_column_inner width=\u00bb1\/2&#8243;][vc_column_text css=\u00bb.vc_custom_1606470429354{padding-top: 30px !important;padding-right: 30px !important;padding-bottom: 30px !important;}\u00bb]<\/p>\n<h3>Ac\u00fastica industrial<\/h3>\n<p><strong>De acuerdo con la legislaci\u00f3n vigente las EMPRESAS est\u00e1n obligadas a identificar, evaluar y controlar los niveles de ruido en el lugar de trabajo<\/strong> para garantizar que ning\u00fan empleado u otra persona est\u00e9 expuesto a niveles de ruido que superen los criterios legales m\u00e1ximos.<\/p>\n<p><strong>La exposici\u00f3n a altos niveles de ruido puede provocar fatiga y estr\u00e9s, afectar la concentraci\u00f3n y la comunicaci\u00f3n, as\u00ed como disminuir el rendimiento de producci\u00f3n.<\/strong>\u00a0La p\u00e9rdida auditiva inducida por el ruido afecta a las personas dificultando la comunicaci\u00f3n, la inteligibilidad y afectar la capacidad de escuchar alarmas de advertencia, etc.<\/p>\n<p>La primera fase es evaluar los niveles de exposici\u00f3n al ruido existentes para sus empleados.<\/p>\n<p>ACUSTICS AMBIENT SL puede llevar a cabo una auditor\u00eda de ruido de los niveles existentes para identificar los niveles de ruido en los diferentes puestos, as\u00ed como identificar \u00e1reas o equipos ruidosos.[\/vc_column_text][\/vc_column_inner][vc_column_inner width=\u00bb1\/2&#8243; css=\u00bb.vc_custom_1600758730431{padding-top: 300px !important;padding-bottom: 300px !important;background-image: url(https:\/\/acusticsambient.com\/wp-content\/uploads\/2020\/09\/INDUSTRIA-12.jpg?id=1707) !important;background-position: center !important;background-repeat: no-repeat !important;background-size: cover !important;}\u00bb][\/vc_column_inner][\/vc_row_inner][vc_row_inner row_type=\u00bbrow\u00bb type=\u00bbfull_width\u00bb text_align=\u00bbleft\u00bb css_animation=\u00bb\u00bb][vc_column_inner width=\u00bb1\/2&#8243; css=\u00bb.vc_custom_1600758885301{padding-top: 300px !important;padding-bottom: 750px !important;background-image: url(https:\/\/acusticsambient.com\/wp-content\/uploads\/2020\/09\/INDUSTRIA-16.jpg?id=1711) !important;background-position: center !important;background-repeat: no-repeat !important;background-size: cover !important;}\u00bb][\/vc_column_inner][vc_column_inner width=\u00bb1\/2&#8243;][vc_column_text css=\u00bb.vc_custom_1600758875149{padding-bottom: 30px !important;padding-left: 30px !important;}\u00bb]<\/p>\n<h3>Refugios Ac\u00fasticos.<\/h3>\n<p>Cada vez m\u00e1s la tendencia de la industria y las plantas de producci\u00f3n radica en la reducci\u00f3n de puestos de trabajo sustituy\u00e9ndolos por sistemas automatizados, la labor de los operarios pasan a labores de control de calidad y supervisi\u00f3n. Debemos tener en cuenta los tiempos de exposici\u00f3n para asegurar en dichos refugios unos niveles reducidos de exposici\u00f3n.<\/p>\n<p>ACUSTICS AMBIENT SL somos especialistas en la optimizaci\u00f3n del dise\u00f1o de propuesta de med\u00edas correctoras.<\/p>\n<h3>Protecci\u00f3n individual<\/h3>\n<p>Los protectores auditivos son equipos de protecci\u00f3n individual que reducen los efectos del ruido para evitar da\u00f1os en el o\u00eddo.<\/p>\n<p>La protecci\u00f3n individual s\u00f3lo se debe considerar una medida complementaria cuando no es t\u00e9cnicamente posible reducir el nivel sonoro hasta niveles seguros, y tambi\u00e9n mientras se implantan las medidas para reducirlo o en circunstancias especiales, como por ejemplo, el acceso espor\u00e1dico a salas de m\u00e1quinas.<\/p>\n<p>El RD 286\/2006 establece la obligatoriedad de uso del protector auditivo cuando se superan los valores superiores de exposici\u00f3n: LAeq,d = 85 dB(A) y Lpic= 137 dB(C). Sin embargo la empresa tiene que poner a disposici\u00f3n de los trabajadores protectores auditivos cuando los niveles de ruido sean superiores a los valores inferiores de exposici\u00f3n: LAeq,d = 80 dB(A) y Lpic = 135 dB(C), respectivamente.<\/p>\n<p>Los protectores auditivos se suministrar\u00e1n gratuitamente al trabajador\u00a0 y ser\u00e1n de uso personal. La empresa debe proporcionarles, preferentemente por escrito, instrucciones precisas y comprensibles. Igualmente se aconseja hacer formaci\u00f3n en sesiones de entrenamiento previo al primer uso.[\/vc_column_text]\n\n\t<a href=\"https:\/\/acusticsambient.com\/#proyectos\" target=\"_self\" style=\"color: #ffffff;background-color: #51a126;font-size: 20px;font-weight: 400;margin: 0px 0px 0px 0px\" class=\"qode-btn qode-btn-medium qode-btn-solid qode-btn-custom-hover-bg qode-btn-custom-hover-color qode-btn-default-hover\" data-hover-bg-color=\"#96949a\" data-hover-color=\"#ffffff\" >\n\t    <span class=\"qode-btn-text\">M\u00e1s Proyectos<\/span>\t<\/a>\n\n[\/vc_column_inner][\/vc_row_inner][\/vc_column][\/vc_row][vc_row css_animation=\u00bb\u00bb row_type=\u00bbrow\u00bb use_row_as_full_screen_section=\u00bbno\u00bb type=\u00bbfull_width\u00bb angled_section=\u00bbno\u00bb text_align=\u00bbleft\u00bb background_image_as_pattern=\u00bbwithout_pattern\u00bb z_index=\u00bb\u00bb css=\u00bb.vc_custom_1600335949546{background-color: #ffffff !important;}\u00bb][vc_column][vc_empty_space height=\u00bb48px\u00bb][vc_column_text]<\/p>\n<h2 style=\"text-align: center; color: #51a126;\">Nuestros <span style=\"color: #969799;\">Proyectos:<\/span><\/h2>\n<h3 style=\"text-align: center; color: #51a126;\">Industria<\/h3>\n<p>[\/vc_column_text][vc_empty_space height=\u00bb48px\u00bb][vc_gallery type=\u00bbimage_grid\u00bb images=\u00bb1703,1705,1707,1709,1711,1713,1715,1717,1719,1721,1723,1725,1727,1729,1731,1733,1735,1737,3384,3386,3388,3390,3392,3394,3396,3398,3400&#8243; img_size=\u00bb500&#215;500&#8243; column_number=\u00bb4&#8243; grayscale=\u00bbno\u00bb images_space=\u00bbgallery_with_space\u00bb][vc_empty_space height=\u00bb48px\u00bb][\/vc_column][\/vc_row]<\/p>\n","protected":false},"excerpt":{"rendered":"<p>[vc_row css_animation=\u00bb\u00bb row_type=\u00bbrow\u00bb use_row_as_full_screen_section=\u00bbno\u00bb type=\u00bbgrid\u00bb angled_section=\u00bbno\u00bb text_align=\u00bbleft\u00bb background_image_as_pattern=\u00bbwithout_pattern\u00bb css=\u00bb.vc_custom_1600364212737{padding-top: 120px !important;padding-bottom: 120px !important;}\u00bb z_index=\u00bb\u00bb][vc_column][vc_row_inner row_type=\u00bbrow\u00bb type=\u00bbfull_width\u00bb text_align=\u00bbleft\u00bb css_animation=\u00bb\u00bb][vc_column_inner width=\u00bb1\/2&#8243;][vc_column_text css=\u00bb.vc_custom_1606470429354{padding-top: 30px !important;padding-right: 30px !important;padding-bottom: 30px !important;}\u00bb] Ac\u00fastica industrial De acuerdo con la legislaci\u00f3n vigente las EMPRESAS est\u00e1n obligadas a identificar, evaluar y controlar los niveles&#8230;<\/p>\n","protected":false},"author":2,"featured_media":0,"parent":0,"menu_order":300,"comment_status":"closed","ping_status":"closed","template":"full_width.php","meta":[],"yoast_head":"<!-- This site is optimized with the Yoast SEO plugin v19.13 - https:\/\/yoast.com\/wordpress\/plugins\/seo\/ -->\n<title>Industria | Acustics Ambient<\/title>\n<meta name=\"robots\" content=\"index, follow, max-snippet:-1, max-image-preview:large, max-video-preview:-1\" \/>\n<link rel=\"canonical\" href=\"https:\/\/acusticsambient.com\/es\/industria\/\" \/>\n<meta property=\"og:locale\" content=\"es_ES\" \/>\n<meta property=\"og:type\" content=\"article\" \/>\n<meta property=\"og:title\" content=\"Industria | Acustics Ambient\" \/>\n<meta property=\"og:description\" content=\"[vc_row css_animation=\u00bb\u00bb row_type=\u00bbrow\u00bb use_row_as_full_screen_section=\u00bbno\u00bb type=\u00bbgrid\u00bb angled_section=\u00bbno\u00bb text_align=\u00bbleft\u00bb background_image_as_pattern=\u00bbwithout_pattern\u00bb css=\u00bb.vc_custom_1600364212737{padding-top: 120px !important;padding-bottom: 120px !important;}\u00bb z_index=\u00bb\u00bb][vc_column][vc_row_inner row_type=\u00bbrow\u00bb type=\u00bbfull_width\u00bb text_align=\u00bbleft\u00bb css_animation=\u00bb\u00bb][vc_column_inner width=\u00bb1\/2&#8243;][vc_column_text css=\u00bb.vc_custom_1606470429354{padding-top: 30px !important;padding-right: 30px !important;padding-bottom: 30px !important;}\u00bb] Ac\u00fastica industrial De acuerdo con la legislaci\u00f3n vigente las EMPRESAS est\u00e1n obligadas a identificar, evaluar y controlar los niveles...\" \/>\n<meta property=\"og:url\" content=\"https:\/\/acusticsambient.com\/es\/industria\/\" \/>\n<meta property=\"og:site_name\" content=\"Acustics Ambient\" \/>\n<meta property=\"article:modified_time\" content=\"2021-03-09T10:39:55+00:00\" \/>\n<meta name=\"twitter:card\" content=\"summary_large_image\" \/>\n<meta name=\"twitter:label1\" content=\"Tiempo de lectura\" \/>\n\t<meta name=\"twitter:data1\" content=\"4 minutos\" \/>\n<script type=\"application\/ld+json\" class=\"yoast-schema-graph\">{\"@context\":\"https:\/\/schema.org\",\"@graph\":[{\"@type\":\"WebPage\",\"@id\":\"https:\/\/acusticsambient.com\/es\/industria\/\",\"url\":\"https:\/\/acusticsambient.com\/es\/industria\/\",\"name\":\"Industria | Acustics Ambient\",\"isPartOf\":{\"@id\":\"https:\/\/acusticsambient.com\/es\/#website\"},\"datePublished\":\"2020-09-09T07:02:16+00:00\",\"dateModified\":\"2021-03-09T10:39:55+00:00\",\"breadcrumb\":{\"@id\":\"https:\/\/acusticsambient.com\/es\/industria\/#breadcrumb\"},\"inLanguage\":\"es\",\"potentialAction\":[{\"@type\":\"ReadAction\",\"target\":[\"https:\/\/acusticsambient.com\/es\/industria\/\"]}]},{\"@type\":\"BreadcrumbList\",\"@id\":\"https:\/\/acusticsambient.com\/es\/industria\/#breadcrumb\",\"itemListElement\":[{\"@type\":\"ListItem\",\"position\":1,\"name\":\"Home\",\"item\":\"https:\/\/acusticsambient.com\/es\/\"},{\"@type\":\"ListItem\",\"position\":2,\"name\":\"Industria\"}]},{\"@type\":\"WebSite\",\"@id\":\"https:\/\/acusticsambient.com\/es\/#website\",\"url\":\"https:\/\/acusticsambient.com\/es\/\",\"name\":\"Acustics Ambient\",\"description\":\"Just another WordPress site\",\"publisher\":{\"@id\":\"https:\/\/acusticsambient.com\/es\/#organization\"},\"potentialAction\":[{\"@type\":\"SearchAction\",\"target\":{\"@type\":\"EntryPoint\",\"urlTemplate\":\"https:\/\/acusticsambient.com\/es\/?s={search_term_string}\"},\"query-input\":\"required name=search_term_string\"}],\"inLanguage\":\"es\"},{\"@type\":\"Organization\",\"@id\":\"https:\/\/acusticsambient.com\/es\/#organization\",\"name\":\"Ac\u00fastics Ambient Consultoria Ac\u00fastica\",\"url\":\"https:\/\/acusticsambient.com\/es\/\",\"logo\":{\"@type\":\"ImageObject\",\"inLanguage\":\"es\",\"@id\":\"https:\/\/acusticsambient.com\/es\/#\/schema\/logo\/image\/\",\"url\":\"https:\/\/acusticsambient.com\/wp-content\/uploads\/2020\/09\/acusticalogo.png\",\"contentUrl\":\"https:\/\/acusticsambient.com\/wp-content\/uploads\/2020\/09\/acusticalogo.png\",\"width\":900,\"height\":600,\"caption\":\"Ac\u00fastics Ambient Consultoria Ac\u00fastica\"},\"image\":{\"@id\":\"https:\/\/acusticsambient.com\/es\/#\/schema\/logo\/image\/\"}}]}<\/script>\n<!-- \/ Yoast SEO plugin. -->","yoast_head_json":{"title":"Industria | Acustics Ambient","robots":{"index":"index","follow":"follow","max-snippet":"max-snippet:-1","max-image-preview":"max-image-preview:large","max-video-preview":"max-video-preview:-1"},"canonical":"https:\/\/acusticsambient.com\/es\/industria\/","og_locale":"es_ES","og_type":"article","og_title":"Industria | Acustics Ambient","og_description":"[vc_row css_animation=\u00bb\u00bb row_type=\u00bbrow\u00bb use_row_as_full_screen_section=\u00bbno\u00bb type=\u00bbgrid\u00bb angled_section=\u00bbno\u00bb text_align=\u00bbleft\u00bb background_image_as_pattern=\u00bbwithout_pattern\u00bb css=\u00bb.vc_custom_1600364212737{padding-top: 120px !important;padding-bottom: 120px !important;}\u00bb z_index=\u00bb\u00bb][vc_column][vc_row_inner row_type=\u00bbrow\u00bb type=\u00bbfull_width\u00bb text_align=\u00bbleft\u00bb css_animation=\u00bb\u00bb][vc_column_inner width=\u00bb1\/2&#8243;][vc_column_text css=\u00bb.vc_custom_1606470429354{padding-top: 30px !important;padding-right: 30px !important;padding-bottom: 30px !important;}\u00bb] Ac\u00fastica industrial De acuerdo con la legislaci\u00f3n vigente las EMPRESAS est\u00e1n obligadas a identificar, evaluar y controlar los niveles...","og_url":"https:\/\/acusticsambient.com\/es\/industria\/","og_site_name":"Acustics Ambient","article_modified_time":"2021-03-09T10:39:55+00:00","twitter_card":"summary_large_image","twitter_misc":{"Tiempo de lectura":"4 minutos"},"schema":{"@context":"https:\/\/schema.org","@graph":[{"@type":"WebPage","@id":"https:\/\/acusticsambient.com\/es\/industria\/","url":"https:\/\/acusticsambient.com\/es\/industria\/","name":"Industria | Acustics Ambient","isPartOf":{"@id":"https:\/\/acusticsambient.com\/es\/#website"},"datePublished":"2020-09-09T07:02:16+00:00","dateModified":"2021-03-09T10:39:55+00:00","breadcrumb":{"@id":"https:\/\/acusticsambient.com\/es\/industria\/#breadcrumb"},"inLanguage":"es","potentialAction":[{"@type":"ReadAction","target":["https:\/\/acusticsambient.com\/es\/industria\/"]}]},{"@type":"BreadcrumbList","@id":"https:\/\/acusticsambient.com\/es\/industria\/#breadcrumb","itemListElement":[{"@type":"ListItem","position":1,"name":"Home","item":"https:\/\/acusticsambient.com\/es\/"},{"@type":"ListItem","position":2,"name":"Industria"}]},{"@type":"WebSite","@id":"https:\/\/acusticsambient.com\/es\/#website","url":"https:\/\/acusticsambient.com\/es\/","name":"Acustics Ambient","description":"Just another WordPress site","publisher":{"@id":"https:\/\/acusticsambient.com\/es\/#organization"},"potentialAction":[{"@type":"SearchAction","target":{"@type":"EntryPoint","urlTemplate":"https:\/\/acusticsambient.com\/es\/?s={search_term_string}"},"query-input":"required name=search_term_string"}],"inLanguage":"es"},{"@type":"Organization","@id":"https:\/\/acusticsambient.com\/es\/#organization","name":"Ac\u00fastics Ambient Consultoria Ac\u00fastica","url":"https:\/\/acusticsambient.com\/es\/","logo":{"@type":"ImageObject","inLanguage":"es","@id":"https:\/\/acusticsambient.com\/es\/#\/schema\/logo\/image\/","url":"https:\/\/acusticsambient.com\/wp-content\/uploads\/2020\/09\/acusticalogo.png","contentUrl":"https:\/\/acusticsambient.com\/wp-content\/uploads\/2020\/09\/acusticalogo.png","width":900,"height":600,"caption":"Ac\u00fastics Ambient Consultoria Ac\u00fastica"},"image":{"@id":"https:\/\/acusticsambient.com\/es\/#\/schema\/logo\/image\/"}}]}},"_links":{"self":[{"href":"https:\/\/acusticsambient.com\/es\/wp-json\/wp\/v2\/pages\/1302"}],"collection":[{"href":"https:\/\/acusticsambient.com\/es\/wp-json\/wp\/v2\/pages"}],"about":[{"href":"https:\/\/acusticsambient.com\/es\/wp-json\/wp\/v2\/types\/page"}],"author":[{"embeddable":true,"href":"https:\/\/acusticsambient.com\/es\/wp-json\/wp\/v2\/users\/2"}],"replies":[{"embeddable":true,"href":"https:\/\/acusticsambient.com\/es\/wp-json\/wp\/v2\/comments?post=1302"}],"version-history":[{"count":10,"href":"https:\/\/acusticsambient.com\/es\/wp-json\/wp\/v2\/pages\/1302\/revisions"}],"predecessor-version":[{"id":3402,"href":"https:\/\/acusticsambient.com\/es\/wp-json\/wp\/v2\/pages\/1302\/revisions\/3402"}],"wp:attachment":[{"href":"https:\/\/acusticsambient.com\/es\/wp-json\/wp\/v2\/media?parent=1302"}],"curies":[{"name":"wp","href":"https:\/\/api.w.org\/{rel}","templated":true}]}}