{"id":1297,"date":"2020-09-08T08:41:18","date_gmt":"2020-09-08T08:41:18","guid":{"rendered":"https:\/\/acusticsambient.panelserver.org\/?page_id=1297"},"modified":"2020-09-22T10:43:56","modified_gmt":"2020-09-22T10:43:56","slug":"hoteles","status":"publish","type":"page","link":"https:\/\/acusticsambient.com\/es\/hoteles\/","title":{"rendered":"Hoteles"},"content":{"rendered":"<p>[vc_row css_animation=\u00bb\u00bb row_type=\u00bbrow\u00bb use_row_as_full_screen_section=\u00bbno\u00bb type=\u00bbgrid\u00bb angled_section=\u00bbno\u00bb text_align=\u00bbleft\u00bb background_image_as_pattern=\u00bbwithout_pattern\u00bb css=\u00bb.vc_custom_1600364212737{padding-top: 120px !important;padding-bottom: 120px !important;}\u00bb z_index=\u00bb\u00bb][vc_column][vc_row_inner row_type=\u00bbrow\u00bb type=\u00bbfull_width\u00bb text_align=\u00bbleft\u00bb css_animation=\u00bb\u00bb][vc_column_inner width=\u00bb1\/2&#8243;][vc_column_text css=\u00bb.vc_custom_1600709297334{padding-top: 30px !important;padding-right: 30px !important;padding-bottom: 30px !important;}\u00bb]<\/p>\n<h2>Ac\u00fastica de hoteles<\/h2>\n<p><strong style=\"font-size: 16px;\">Un buen proyecto Ac\u00fastico evita quejas y criticas en un futuro, \u2026 es garant\u00eda de confort.<\/strong><\/p>\n<p><span style=\"font-weight: 400;\">En edificios tipo Hotel o residencial debemos asegurar el confort ac\u00fastico requerido por el elevado nivel de exigencia de los clientes en momentos de ocio y relax.<\/span><\/p>\n<p><span style=\"font-weight: 400;\">De inicio aseguraremos elevados niveles de aislamiento ac\u00fastico superiores a los establecidos por la normativa vigente (CTE). Conseguiremos de esta forma la privacidad y nivel de ruido de fondo requerido en dormitorios y estancias de reposo.<\/span><\/p>\n<h3><strong>Exigencia ac\u00fastica\u00a0<\/strong><\/h3>\n<p><span style=\"font-weight: 400;\">El elevado grado de aislamiento requiere que la totalidad de instalaciones aporten de la misma forma niveles de inmisi\u00f3n controlados debido a que el ruido de fondo no va a enmascarar los niveles de emisi\u00f3n generados por las instalaciones.<\/span><\/p>\n<p><span style=\"font-weight: 400;\">Especial atenci\u00f3n a cuartos de m\u00e1quinas, ascensores, paso de conducciones de sistemas de renovaci\u00f3n de aire, cuartos de bombas, transmisi\u00f3n de vibraciones de maquinaria situada en cubierta, transformadores, cocina, sistemas de extracci\u00f3n de humo, lavander\u00eda , gimnasio , spa , c\u00e1maras frigor\u00edficas,\u00a0 etc ,\u2026\u00a0<\/span><\/p>\n<p><span style=\"font-weight: 400;\">Especial atenci\u00f3n para zonas de reproducci\u00f3n musical como bar \/ disco \/ cafeter\u00eda as\u00ed como en zonas comunes para evitar la molestias de caminar, o transito de maletas o carros de servicio,\u2026\u00a0<\/span><\/p>\n<p><span style=\"font-weight: 400;\">Por otro lado debemos hacer hincapi\u00e9 en el tratamiento antivibratorio de determinadas fuentes como piscinas, hidromasajes o yacusis para evitar la transmisi\u00f3n de molestias a estancias colindantes<\/span><span style=\"font-weight: 400;\">.<\/span>[\/vc_column_text][\/vc_column_inner][vc_column_inner width=\u00bb1\/2&#8243; css=\u00bb.vc_custom_1600709322316{padding-top: 300px !important;padding-bottom: 700px !important;background-image: url(https:\/\/acusticsambient.com\/wp-content\/uploads\/2020\/09\/HOTEL-1-scaled.jpg?id=1692) !important;background-position: center !important;background-repeat: no-repeat !important;background-size: cover !important;}\u00bb][\/vc_column_inner][\/vc_row_inner][vc_row_inner row_type=\u00bbrow\u00bb type=\u00bbfull_width\u00bb text_align=\u00bbleft\u00bb css_animation=\u00bb\u00bb][vc_column_inner width=\u00bb1\/2&#8243; css=\u00bb.vc_custom_1600709362926{padding-top: 300px !important;padding-bottom: 300px !important;background-image: url(https:\/\/acusticsambient.com\/wp-content\/uploads\/2020\/09\/HOTEL-5-scaled.jpg?id=1696) !important;background-position: center !important;background-repeat: no-repeat !important;background-size: cover !important;}\u00bb][\/vc_column_inner][vc_column_inner width=\u00bb1\/2&#8243;][vc_column_text css=\u00bb.vc_custom_1600709023377{padding-top: 30px !important;padding-left: 30px !important;}\u00bb]<\/p>\n<blockquote>\n<h3><strong>Un correcto dise\u00f1o ACUSTICO a nivel de proyecto nos va a facilitar enormemente las soluciones constructivas as\u00ed como vamos a poder tratar de forma eficiente optimizando recursos.<\/strong><\/h3>\n<\/blockquote>\n<p>[\/vc_column_text][vc_column_text css=\u00bb.vc_custom_1600709200757{padding-bottom: 30px !important;padding-left: 30px !important;}\u00bb]<span style=\"font-weight: 400;\">Destacamos de la misma forma la necesidad de obtener unos niveles de confort ac\u00fastico en el interior de espacios dedicados a la palabra como salas de congresos, reuniones o videoconferencias, as\u00ed como en cafeter\u00eda , restaurante.<\/span><\/p>\n<p><span style=\"font-weight: 400;\">Un buen proyecto Ac\u00fastico evita quejas y criticas en un futuro, \u2026 es garant\u00eda de confort.<\/span>[\/vc_column_text]\n\n\t<a href=\"https:\/\/acusticsambient.com\/#proyectos\" target=\"_self\" style=\"color: #ffffff;background-color: #51a126;font-size: 20px;font-weight: 400;margin: 0px 0px 0px 0px\" class=\"qode-btn qode-btn-medium qode-btn-solid qode-btn-custom-hover-bg qode-btn-custom-hover-color qode-btn-default-hover\" data-hover-bg-color=\"#96949a\" data-hover-color=\"#ffffff\" >\n\t    <span class=\"qode-btn-text\">M\u00e1s Proyectos<\/span>\t<\/a>\n\n[\/vc_column_inner][\/vc_row_inner][\/vc_column][\/vc_row][vc_row css_animation=\u00bb\u00bb row_type=\u00bbrow\u00bb use_row_as_full_screen_section=\u00bbno\u00bb type=\u00bbfull_width\u00bb angled_section=\u00bbno\u00bb text_align=\u00bbleft\u00bb background_image_as_pattern=\u00bbwithout_pattern\u00bb z_index=\u00bb\u00bb css=\u00bb.vc_custom_1600335949546{background-color: #ffffff !important;}\u00bb][vc_column][vc_empty_space height=\u00bb48px\u00bb][vc_column_text]<\/p>\n<h2 style=\"text-align: center; color: #51a126;\">Nuestros <span style=\"color: #969799;\">Proyectos:<\/span><\/h2>\n<h3 style=\"text-align: center; color: #51a126;\">Hoteles<\/h3>\n<p>[\/vc_column_text][vc_empty_space height=\u00bb48px\u00bb][vc_gallery type=\u00bbimage_grid\u00bb images=\u00bb1688,1690,1692,1694,1696&#8243; img_size=\u00bb500&#215;500&#8243; column_number=\u00bb4&#8243; grayscale=\u00bbno\u00bb images_space=\u00bbgallery_with_space\u00bb][vc_empty_space height=\u00bb48px\u00bb][\/vc_column][\/vc_row]<\/p>\n","protected":false},"excerpt":{"rendered":"<p>[vc_row css_animation=\u00bb\u00bb row_type=\u00bbrow\u00bb use_row_as_full_screen_section=\u00bbno\u00bb type=\u00bbgrid\u00bb angled_section=\u00bbno\u00bb text_align=\u00bbleft\u00bb background_image_as_pattern=\u00bbwithout_pattern\u00bb css=\u00bb.vc_custom_1600364212737{padding-top: 120px !important;padding-bottom: 120px !important;}\u00bb z_index=\u00bb\u00bb][vc_column][vc_row_inner row_type=\u00bbrow\u00bb type=\u00bbfull_width\u00bb text_align=\u00bbleft\u00bb css_animation=\u00bb\u00bb][vc_column_inner width=\u00bb1\/2&#8243;][vc_column_text css=\u00bb.vc_custom_1600709297334{padding-top: 30px !important;padding-right: 30px !important;padding-bottom: 30px !important;}\u00bb] Ac\u00fastica de hoteles Un buen proyecto Ac\u00fastico evita quejas y criticas en un futuro, \u2026 es garant\u00eda de confort&#8230;.<\/p>\n","protected":false},"author":2,"featured_media":0,"parent":0,"menu_order":300,"comment_status":"closed","ping_status":"closed","template":"full_width.php","meta":[],"yoast_head":"<!-- This site is optimized with the Yoast SEO plugin v19.13 - https:\/\/yoast.com\/wordpress\/plugins\/seo\/ -->\n<title>Hoteles | Acustics Ambient<\/title>\n<meta name=\"robots\" content=\"index, follow, max-snippet:-1, max-image-preview:large, max-video-preview:-1\" \/>\n<link rel=\"canonical\" href=\"https:\/\/acusticsambient.com\/es\/hoteles\/\" \/>\n<meta property=\"og:locale\" content=\"es_ES\" \/>\n<meta property=\"og:type\" content=\"article\" \/>\n<meta property=\"og:title\" content=\"Hoteles | Acustics Ambient\" \/>\n<meta property=\"og:description\" content=\"[vc_row css_animation=\u00bb\u00bb row_type=\u00bbrow\u00bb use_row_as_full_screen_section=\u00bbno\u00bb type=\u00bbgrid\u00bb angled_section=\u00bbno\u00bb text_align=\u00bbleft\u00bb background_image_as_pattern=\u00bbwithout_pattern\u00bb css=\u00bb.vc_custom_1600364212737{padding-top: 120px !important;padding-bottom: 120px !important;}\u00bb z_index=\u00bb\u00bb][vc_column][vc_row_inner row_type=\u00bbrow\u00bb type=\u00bbfull_width\u00bb text_align=\u00bbleft\u00bb css_animation=\u00bb\u00bb][vc_column_inner width=\u00bb1\/2&#8243;][vc_column_text css=\u00bb.vc_custom_1600709297334{padding-top: 30px !important;padding-right: 30px !important;padding-bottom: 30px !important;}\u00bb] Ac\u00fastica de hoteles Un buen proyecto Ac\u00fastico evita quejas y criticas en un futuro, \u2026 es garant\u00eda de confort....\" \/>\n<meta property=\"og:url\" content=\"https:\/\/acusticsambient.com\/es\/hoteles\/\" \/>\n<meta property=\"og:site_name\" content=\"Acustics Ambient\" \/>\n<meta property=\"article:modified_time\" content=\"2020-09-22T10:43:56+00:00\" \/>\n<meta name=\"twitter:card\" content=\"summary_large_image\" \/>\n<meta name=\"twitter:label1\" content=\"Tiempo de lectura\" \/>\n\t<meta name=\"twitter:data1\" content=\"3 minutos\" \/>\n<script type=\"application\/ld+json\" class=\"yoast-schema-graph\">{\"@context\":\"https:\/\/schema.org\",\"@graph\":[{\"@type\":\"WebPage\",\"@id\":\"https:\/\/acusticsambient.com\/es\/hoteles\/\",\"url\":\"https:\/\/acusticsambient.com\/es\/hoteles\/\",\"name\":\"Hoteles | Acustics Ambient\",\"isPartOf\":{\"@id\":\"https:\/\/acusticsambient.com\/es\/#website\"},\"datePublished\":\"2020-09-08T08:41:18+00:00\",\"dateModified\":\"2020-09-22T10:43:56+00:00\",\"breadcrumb\":{\"@id\":\"https:\/\/acusticsambient.com\/es\/hoteles\/#breadcrumb\"},\"inLanguage\":\"es\",\"potentialAction\":[{\"@type\":\"ReadAction\",\"target\":[\"https:\/\/acusticsambient.com\/es\/hoteles\/\"]}]},{\"@type\":\"BreadcrumbList\",\"@id\":\"https:\/\/acusticsambient.com\/es\/hoteles\/#breadcrumb\",\"itemListElement\":[{\"@type\":\"ListItem\",\"position\":1,\"name\":\"Home\",\"item\":\"https:\/\/acusticsambient.com\/es\/\"},{\"@type\":\"ListItem\",\"position\":2,\"name\":\"Hoteles\"}]},{\"@type\":\"WebSite\",\"@id\":\"https:\/\/acusticsambient.com\/es\/#website\",\"url\":\"https:\/\/acusticsambient.com\/es\/\",\"name\":\"Acustics Ambient\",\"description\":\"Just another WordPress site\",\"publisher\":{\"@id\":\"https:\/\/acusticsambient.com\/es\/#organization\"},\"potentialAction\":[{\"@type\":\"SearchAction\",\"target\":{\"@type\":\"EntryPoint\",\"urlTemplate\":\"https:\/\/acusticsambient.com\/es\/?s={search_term_string}\"},\"query-input\":\"required name=search_term_string\"}],\"inLanguage\":\"es\"},{\"@type\":\"Organization\",\"@id\":\"https:\/\/acusticsambient.com\/es\/#organization\",\"name\":\"Ac\u00fastics Ambient Consultoria Ac\u00fastica\",\"url\":\"https:\/\/acusticsambient.com\/es\/\",\"logo\":{\"@type\":\"ImageObject\",\"inLanguage\":\"es\",\"@id\":\"https:\/\/acusticsambient.com\/es\/#\/schema\/logo\/image\/\",\"url\":\"https:\/\/acusticsambient.com\/wp-content\/uploads\/2020\/09\/acusticalogo.png\",\"contentUrl\":\"https:\/\/acusticsambient.com\/wp-content\/uploads\/2020\/09\/acusticalogo.png\",\"width\":900,\"height\":600,\"caption\":\"Ac\u00fastics Ambient Consultoria Ac\u00fastica\"},\"image\":{\"@id\":\"https:\/\/acusticsambient.com\/es\/#\/schema\/logo\/image\/\"}}]}<\/script>\n<!-- \/ Yoast SEO plugin. -->","yoast_head_json":{"title":"Hoteles | Acustics Ambient","robots":{"index":"index","follow":"follow","max-snippet":"max-snippet:-1","max-image-preview":"max-image-preview:large","max-video-preview":"max-video-preview:-1"},"canonical":"https:\/\/acusticsambient.com\/es\/hoteles\/","og_locale":"es_ES","og_type":"article","og_title":"Hoteles | Acustics Ambient","og_description":"[vc_row css_animation=\u00bb\u00bb row_type=\u00bbrow\u00bb use_row_as_full_screen_section=\u00bbno\u00bb type=\u00bbgrid\u00bb angled_section=\u00bbno\u00bb text_align=\u00bbleft\u00bb background_image_as_pattern=\u00bbwithout_pattern\u00bb css=\u00bb.vc_custom_1600364212737{padding-top: 120px !important;padding-bottom: 120px !important;}\u00bb z_index=\u00bb\u00bb][vc_column][vc_row_inner row_type=\u00bbrow\u00bb type=\u00bbfull_width\u00bb text_align=\u00bbleft\u00bb css_animation=\u00bb\u00bb][vc_column_inner width=\u00bb1\/2&#8243;][vc_column_text css=\u00bb.vc_custom_1600709297334{padding-top: 30px !important;padding-right: 30px !important;padding-bottom: 30px !important;}\u00bb] Ac\u00fastica de hoteles Un buen proyecto Ac\u00fastico evita quejas y criticas en un futuro, \u2026 es garant\u00eda de confort....","og_url":"https:\/\/acusticsambient.com\/es\/hoteles\/","og_site_name":"Acustics Ambient","article_modified_time":"2020-09-22T10:43:56+00:00","twitter_card":"summary_large_image","twitter_misc":{"Tiempo de lectura":"3 minutos"},"schema":{"@context":"https:\/\/schema.org","@graph":[{"@type":"WebPage","@id":"https:\/\/acusticsambient.com\/es\/hoteles\/","url":"https:\/\/acusticsambient.com\/es\/hoteles\/","name":"Hoteles | Acustics Ambient","isPartOf":{"@id":"https:\/\/acusticsambient.com\/es\/#website"},"datePublished":"2020-09-08T08:41:18+00:00","dateModified":"2020-09-22T10:43:56+00:00","breadcrumb":{"@id":"https:\/\/acusticsambient.com\/es\/hoteles\/#breadcrumb"},"inLanguage":"es","potentialAction":[{"@type":"ReadAction","target":["https:\/\/acusticsambient.com\/es\/hoteles\/"]}]},{"@type":"BreadcrumbList","@id":"https:\/\/acusticsambient.com\/es\/hoteles\/#breadcrumb","itemListElement":[{"@type":"ListItem","position":1,"name":"Home","item":"https:\/\/acusticsambient.com\/es\/"},{"@type":"ListItem","position":2,"name":"Hoteles"}]},{"@type":"WebSite","@id":"https:\/\/acusticsambient.com\/es\/#website","url":"https:\/\/acusticsambient.com\/es\/","name":"Acustics Ambient","description":"Just another WordPress site","publisher":{"@id":"https:\/\/acusticsambient.com\/es\/#organization"},"potentialAction":[{"@type":"SearchAction","target":{"@type":"EntryPoint","urlTemplate":"https:\/\/acusticsambient.com\/es\/?s={search_term_string}"},"query-input":"required name=search_term_string"}],"inLanguage":"es"},{"@type":"Organization","@id":"https:\/\/acusticsambient.com\/es\/#organization","name":"Ac\u00fastics Ambient Consultoria Ac\u00fastica","url":"https:\/\/acusticsambient.com\/es\/","logo":{"@type":"ImageObject","inLanguage":"es","@id":"https:\/\/acusticsambient.com\/es\/#\/schema\/logo\/image\/","url":"https:\/\/acusticsambient.com\/wp-content\/uploads\/2020\/09\/acusticalogo.png","contentUrl":"https:\/\/acusticsambient.com\/wp-content\/uploads\/2020\/09\/acusticalogo.png","width":900,"height":600,"caption":"Ac\u00fastics Ambient Consultoria Ac\u00fastica"},"image":{"@id":"https:\/\/acusticsambient.com\/es\/#\/schema\/logo\/image\/"}}]}},"_links":{"self":[{"href":"https:\/\/acusticsambient.com\/es\/wp-json\/wp\/v2\/pages\/1297"}],"collection":[{"href":"https:\/\/acusticsambient.com\/es\/wp-json\/wp\/v2\/pages"}],"about":[{"href":"https:\/\/acusticsambient.com\/es\/wp-json\/wp\/v2\/types\/page"}],"author":[{"embeddable":true,"href":"https:\/\/acusticsambient.com\/es\/wp-json\/wp\/v2\/users\/2"}],"replies":[{"embeddable":true,"href":"https:\/\/acusticsambient.com\/es\/wp-json\/wp\/v2\/comments?post=1297"}],"version-history":[{"count":9,"href":"https:\/\/acusticsambient.com\/es\/wp-json\/wp\/v2\/pages\/1297\/revisions"}],"predecessor-version":[{"id":2721,"href":"https:\/\/acusticsambient.com\/es\/wp-json\/wp\/v2\/pages\/1297\/revisions\/2721"}],"wp:attachment":[{"href":"https:\/\/acusticsambient.com\/es\/wp-json\/wp\/v2\/media?parent=1297"}],"curies":[{"name":"wp","href":"https:\/\/api.w.org\/{rel}","templated":true}]}}