{"id":1295,"date":"2020-09-08T08:38:23","date_gmt":"2020-09-08T08:38:23","guid":{"rendered":"https:\/\/acusticsambient.panelserver.org\/?page_id=1295"},"modified":"2020-11-13T08:01:11","modified_gmt":"2020-11-13T08:01:11","slug":"certificacion-acustica","status":"publish","type":"page","link":"https:\/\/acusticsambient.com\/es\/certificacion-acustica\/","title":{"rendered":"Certificaci\u00f3n ac\u00fastica"},"content":{"rendered":"<p>[vc_row css_animation=\u00bb\u00bb row_type=\u00bbrow\u00bb use_row_as_full_screen_section=\u00bbno\u00bb type=\u00bbgrid\u00bb angled_section=\u00bbno\u00bb text_align=\u00bbleft\u00bb background_image_as_pattern=\u00bbwithout_pattern\u00bb css=\u00bb.vc_custom_1600364212737{padding-top: 120px !important;padding-bottom: 120px !important;}\u00bb z_index=\u00bb\u00bb][vc_column][vc_row_inner row_type=\u00bbrow\u00bb type=\u00bbfull_width\u00bb text_align=\u00bbleft\u00bb css_animation=\u00bb\u00bb][vc_column_inner width=\u00bb1\/2&#8243;][vc_column_text css=\u00bb.vc_custom_1600759351431{padding-top: 30px !important;padding-right: 30px !important;padding-bottom: 30px !important;}\u00bb]<\/p>\n<h3>Decretos y normativa ac\u00fastica<\/h3>\n<h3><strong>Leyes:<\/strong><\/h3>\n<h3><\/h3>\n<ul>\n<li><a href=\"https:\/\/www.boe.es\/buscar\/act.php?id=BOE-A-2003-20976\" target=\"_blank\" rel=\"noopener noreferrer\"><span style=\"font-weight: 400;\">Ley 37\/2003, de 17 de noviembre, del Ruido.<\/span><\/a><\/li>\n<li><a href=\"https:\/\/www.parlament.cat\/document\/nom\/TL%2022In.pdf\" target=\"_blank\" rel=\"noopener noreferrer\"><span style=\"font-weight: 400;\">Ley 16\/2002, de 28 de junio, de protecci\u00f3n contra la contaminaci\u00f3n ac\u00fastica.<\/span><\/a><\/li>\n<li><a href=\"https:\/\/portaljuridic.gencat.cat\/eli\/es-ct\/d\/2009\/11\/10\/176\" target=\"_blank\" rel=\"noopener noreferrer\"><span style=\"font-weight: 400;\">Decreto 176\/2009, de 10 de noviembre, por el cual se aprueba el Reglamento de la Ley 16\/2002, de 28 de junio, de protecci\u00f3n contra la contaminaci\u00f3n ac\u00fastica, y se adaptan los anexos.<\/span><\/a><\/li>\n<li><a href=\"https:\/\/www.boe.es\/eli\/es\/rd\/2006\/03\/10\/286\/con\" target=\"_blank\" rel=\"noopener noreferrer\"><span style=\"font-weight: 400;\">Real Decreto 286\/2006, de 10 de marzo, sobre la protecci\u00f3n de la salud y la seguridad de los trabajadores contra los riesgos relacionados con la exposici\u00f3n al ruido.<\/span><\/a><\/li>\n<\/ul>\n<h3>Mapa de capacidad ac\u00fastica<\/h3>\n<p>Los Mapas estrat\u00e9gicos de ruido (MES) tienen como finalidad evaluar la exposici\u00f3n de la poblaci\u00f3n al ruido que proviene de diferentes fuentes en una zona determinada, y sirven de base para la elaboraci\u00f3n de los Planes de acci\u00f3n para la mejora y la recuperaci\u00f3n de la calidad ac\u00fastica donde sea necesario y para mantener la calidad del entorno ac\u00fastico donde sea satisfactoria.<\/p>\n<p>Determina el grado de sensibilidad ac\u00fastica por cada tramo de calle, en funci\u00f3n de los usos del suelo y de las actividades que se dan habitualmente. Las zonas m\u00e1s sensibles son las que requerir\u00e1n m\u00e1s protecci\u00f3n y, por lo tanto, por <a href=\"http:\/\/sig.gencat.cat\/visors\/capacitat_acustica.html\" target=\"_blank\" rel=\"noopener noreferrer\"><strong>normativa<\/strong><\/a> tendr\u00e1n asociados unos niveles l\u00edmite permitidos m\u00e1s restrictivos. Este mapa pues nos determina los objetivos de calidad ac\u00fastica a los cuales la ciudad quiere llegar.[\/vc_column_text][\/vc_column_inner][vc_column_inner width=\u00bb1\/2&#8243; css=\u00bb.vc_custom_1600704910196{padding-top: 300px !important;padding-bottom: 520px !important;background-image: url(https:\/\/acusticsambient.com\/wp-content\/uploads\/2020\/09\/INDUSTRIA-6.jpg?id=1652) !important;background-position: center !important;background-repeat: no-repeat !important;background-size: cover !important;}\u00bb][\/vc_column_inner][\/vc_row_inner][vc_row_inner row_type=\u00bbrow\u00bb type=\u00bbfull_width\u00bb text_align=\u00bbleft\u00bb css_animation=\u00bb\u00bb][vc_column_inner width=\u00bb1\/2&#8243; css=\u00bb.vc_custom_1600705108587{padding-top: 300px !important;padding-bottom: 700px !important;background-image: url(https:\/\/acusticsambient.com\/wp-content\/uploads\/2020\/09\/VIBRACIONES-4.jpg?id=1658) !important;background-position: center !important;background-repeat: no-repeat !important;background-size: cover !important;}\u00bb][\/vc_column_inner][vc_column_inner width=\u00bb1\/2&#8243; css=\u00bb.vc_custom_1600704499037{padding-bottom: 30px !important;}\u00bb][vc_column_text css=\u00bb.vc_custom_1600704928343{padding-top: 50px !important;padding-bottom: 30px !important;padding-left: 30px !important;}\u00bb]<\/p>\n<h3><strong>MES:<\/strong><\/h3>\n<ul>\n<li><a href=\"https:\/\/ajuntament.barcelona.cat\/ordenances\/sites\/default\/files\/pdf\/mediambient.425_9.pdf\" target=\"_blank\" rel=\"noopener noreferrer\">Ordenan\u00e7a del Medi Ambient de Barcelona (02-05-2011). Modificaci\u00f3 Ordenan\u00e7a del Medi Ambient de Barcelona (28-04-2014).<\/a><\/li>\n<li><a href=\"https:\/\/www.paeria.es\/planol\/MCA\/Mem%c3%b2ria%20MCA%202017.pdf\" target=\"_blank\" rel=\"noopener noreferrer\">Mapa de Capacitat Ac\u00fastica de Lleida (2017)<\/a><\/li>\n<li><a href=\"https:\/\/www.paeria.es\/planol\/MES\/planols-MES.pdf\" target=\"_blank\" rel=\"noopener noreferrer\">Mapa Estrat\u00e8gic de Soroll de Lleida (2017)<\/a><\/li>\n<li><a href=\"https:\/\/urbanisme.paeria.cat\/fitxers\/documents\/Ordenana_llicncies_i_comunicacions.pdf\"><span style=\"font-weight: 400;\">Ordenan\u00e7a reguladora dels procediments d\u2019intervenci\u00f3 administrativa municipal sobre l\u2019\u00fas del s\u00f2l i edificaci\u00f3: llic\u00e8ncies urban\u00edstiques i comunicacions pr\u00e8vies.<\/span><\/a><span style=\"font-weight: 400;\">\u00a0(Publicada BOP 231\u00a0-01\/12\/2016)<\/span><\/li>\n<li><span style=\"font-weight: 400;\">A\u00efllament ac\u00fastic a soroll aeri segons norma UNE-EN ISO 140-4 i UNE-EN ISO 16283-1. <\/span><\/li>\n<li style=\"font-weight: 400;\"><a href=\"https:\/\/www.aenor.com\/normas-y-libros\/buscador-de-normas\/UNE?c=N0054637\"><span style=\"font-weight: 400;\">Ac\u00fastica. Medici\u00f3n in situ del aislamiento ac\u00fastico en los edificios y en los elementos de construcci\u00f3n. Parte 1: Aislamiento a ruido a\u00e9reo. (ISO 16283-1:2014).<\/span><\/a><\/li>\n<li><span style=\"font-weight: 400;\">A\u00efllament a soroll d\u2019impactes segons norma UNE-EN ISO 140-7 i UNE-EN ISO 16283-2<\/span><\/li>\n<li><a href=\"https:\/\/www.aenor.com\/normas-y-libros\/buscador-de-normas\/UNE?c=N0061523\"><span style=\"font-weight: 400;\">Ac\u00fastica. Medici\u00f3n in situ del aislamiento ac\u00fastico en los edificios y en los elementos de construcci\u00f3n. Parte 2: Aislamiento a ruido de impactos. (ISO 16283-2:2018).<\/span><\/a><\/li>\n<li><span style=\"font-weight: 400;\">A\u00efllament ac\u00fastic de fa\u00e7anes segons norma UNE-EN ISO 140-5.<\/span><\/li>\n<li><span style=\"font-weight: 400;\"><a href=\"https:\/\/www.aenor.com\/normas-y-libros\/buscador-de-normas\/UNE?c=N0057030\">Ac\u00fastica. Medici\u00f3n in situ del aislamiento ac\u00fastico en los edificios y en los elementos de construcci\u00f3n. Parte 3: Aislamiento a ruido de fachada. (ISO 16283-3:2016).<\/a><\/span><\/li>\n<li><a href=\"https:\/\/www.codigotecnico.org\/index.php\/menu-proteccion-frente-ruido.html\"><span style=\"font-weight: 400;\">Conforme a las disposiciones transitorias del Real Decreto 732\/2019, esta nueva versi\u00f3n del DB-HR ser\u00e1 de aplicaci\u00f3n obligatoria a las obras de nueva construcci\u00f3n y a las intervenciones en edificios existentes para las que, en ambos casos, se solicite licencia municipal de obras a partir del 24 de septiembre de 2020. Para aquellas para las que la licencia municipal de obras se solicite antes de esa fecha su aplicaci\u00f3n es voluntaria, pudiendo aplicarse tambi\u00e9n la versi\u00f3n anterior del documento.<\/span><\/a><\/li>\n<\/ul>\n<p>[\/vc_column_text]\n\n\t<a href=\"https:\/\/acusticsambient.com\/#proyectos\" target=\"_self\" style=\"color: #ffffff;background-color: #51a126;font-size: 20px;font-weight: 400;margin: 0px 0px 0px 0px\" class=\"qode-btn qode-btn-medium qode-btn-solid qode-btn-custom-hover-bg qode-btn-custom-hover-color qode-btn-default-hover\" data-hover-bg-color=\"#96949a\" data-hover-color=\"#ffffff\" >\n\t    <span class=\"qode-btn-text\">M\u00e1s Proyectos<\/span>\t<\/a>\n\n[\/vc_column_inner][\/vc_row_inner][\/vc_column][\/vc_row][vc_row css_animation=\u00bb\u00bb row_type=\u00bbrow\u00bb use_row_as_full_screen_section=\u00bbno\u00bb type=\u00bbfull_width\u00bb angled_section=\u00bbno\u00bb text_align=\u00bbleft\u00bb background_image_as_pattern=\u00bbwithout_pattern\u00bb z_index=\u00bb\u00bb css=\u00bb.vc_custom_1600335949546{background-color: #ffffff !important;}\u00bb][vc_column][vc_empty_space height=\u00bb48px\u00bb][vc_column_text]<\/p>\n<h2 style=\"text-align: center; color: #51a126;\">Nuestros <span style=\"color: #969799;\">Proyectos:<\/span><\/h2>\n<h3 style=\"text-align: center; color: #51a126;\">Certificaci\u00f3n <span style=\"color: #969799;\">ac\u00fastica<\/span><\/h3>\n<p>[\/vc_column_text][vc_empty_space height=\u00bb48px\u00bb][vc_gallery type=\u00bbimage_grid\u00bb images=\u00bb1652,1654,1656,1658,1660,1662&#8243; img_size=\u00bb500&#215;500&#8243; column_number=\u00bb4&#8243; grayscale=\u00bbno\u00bb images_space=\u00bbgallery_with_space\u00bb][vc_empty_space height=\u00bb48px\u00bb][\/vc_column][\/vc_row]<\/p>\n","protected":false},"excerpt":{"rendered":"<p>[vc_row css_animation=\u00bb\u00bb row_type=\u00bbrow\u00bb use_row_as_full_screen_section=\u00bbno\u00bb type=\u00bbgrid\u00bb angled_section=\u00bbno\u00bb text_align=\u00bbleft\u00bb background_image_as_pattern=\u00bbwithout_pattern\u00bb css=\u00bb.vc_custom_1600364212737{padding-top: 120px !important;padding-bottom: 120px !important;}\u00bb z_index=\u00bb\u00bb][vc_column][vc_row_inner row_type=\u00bbrow\u00bb type=\u00bbfull_width\u00bb text_align=\u00bbleft\u00bb css_animation=\u00bb\u00bb][vc_column_inner width=\u00bb1\/2&#8243;][vc_column_text css=\u00bb.vc_custom_1600759351431{padding-top: 30px !important;padding-right: 30px !important;padding-bottom: 30px !important;}\u00bb] Decretos y normativa ac\u00fastica Leyes: Ley 37\/2003, de 17 de noviembre, del Ruido. Ley 16\/2002, de 28 de junio,&#8230;<\/p>\n","protected":false},"author":2,"featured_media":0,"parent":0,"menu_order":300,"comment_status":"closed","ping_status":"closed","template":"full_width.php","meta":[],"yoast_head":"<!-- This site is optimized with the Yoast SEO plugin v19.13 - https:\/\/yoast.com\/wordpress\/plugins\/seo\/ -->\n<title>Certificaci\u00f3n ac\u00fastica | Acustics Ambient<\/title>\n<meta name=\"robots\" content=\"index, follow, max-snippet:-1, max-image-preview:large, max-video-preview:-1\" \/>\n<link rel=\"canonical\" href=\"https:\/\/acusticsambient.com\/es\/certificacion-acustica\/\" \/>\n<meta property=\"og:locale\" content=\"es_ES\" \/>\n<meta property=\"og:type\" content=\"article\" \/>\n<meta property=\"og:title\" content=\"Certificaci\u00f3n ac\u00fastica | Acustics Ambient\" \/>\n<meta property=\"og:description\" content=\"[vc_row css_animation=\u00bb\u00bb row_type=\u00bbrow\u00bb use_row_as_full_screen_section=\u00bbno\u00bb type=\u00bbgrid\u00bb angled_section=\u00bbno\u00bb text_align=\u00bbleft\u00bb background_image_as_pattern=\u00bbwithout_pattern\u00bb css=\u00bb.vc_custom_1600364212737{padding-top: 120px !important;padding-bottom: 120px !important;}\u00bb z_index=\u00bb\u00bb][vc_column][vc_row_inner row_type=\u00bbrow\u00bb type=\u00bbfull_width\u00bb text_align=\u00bbleft\u00bb css_animation=\u00bb\u00bb][vc_column_inner width=\u00bb1\/2&#8243;][vc_column_text css=\u00bb.vc_custom_1600759351431{padding-top: 30px !important;padding-right: 30px !important;padding-bottom: 30px !important;}\u00bb] Decretos y normativa ac\u00fastica Leyes: Ley 37\/2003, de 17 de noviembre, del Ruido. Ley 16\/2002, de 28 de junio,...\" \/>\n<meta property=\"og:url\" content=\"https:\/\/acusticsambient.com\/es\/certificacion-acustica\/\" \/>\n<meta property=\"og:site_name\" content=\"Acustics Ambient\" \/>\n<meta property=\"article:modified_time\" content=\"2020-11-13T08:01:11+00:00\" \/>\n<meta name=\"twitter:card\" content=\"summary_large_image\" \/>\n<meta name=\"twitter:label1\" content=\"Tiempo de lectura\" \/>\n\t<meta name=\"twitter:data1\" content=\"4 minutos\" \/>\n<script type=\"application\/ld+json\" class=\"yoast-schema-graph\">{\"@context\":\"https:\/\/schema.org\",\"@graph\":[{\"@type\":\"WebPage\",\"@id\":\"https:\/\/acusticsambient.com\/es\/certificacion-acustica\/\",\"url\":\"https:\/\/acusticsambient.com\/es\/certificacion-acustica\/\",\"name\":\"Certificaci\u00f3n ac\u00fastica | Acustics Ambient\",\"isPartOf\":{\"@id\":\"https:\/\/acusticsambient.com\/es\/#website\"},\"datePublished\":\"2020-09-08T08:38:23+00:00\",\"dateModified\":\"2020-11-13T08:01:11+00:00\",\"breadcrumb\":{\"@id\":\"https:\/\/acusticsambient.com\/es\/certificacion-acustica\/#breadcrumb\"},\"inLanguage\":\"es\",\"potentialAction\":[{\"@type\":\"ReadAction\",\"target\":[\"https:\/\/acusticsambient.com\/es\/certificacion-acustica\/\"]}]},{\"@type\":\"BreadcrumbList\",\"@id\":\"https:\/\/acusticsambient.com\/es\/certificacion-acustica\/#breadcrumb\",\"itemListElement\":[{\"@type\":\"ListItem\",\"position\":1,\"name\":\"Home\",\"item\":\"https:\/\/acusticsambient.com\/es\/\"},{\"@type\":\"ListItem\",\"position\":2,\"name\":\"Certificaci\u00f3n ac\u00fastica\"}]},{\"@type\":\"WebSite\",\"@id\":\"https:\/\/acusticsambient.com\/es\/#website\",\"url\":\"https:\/\/acusticsambient.com\/es\/\",\"name\":\"Acustics Ambient\",\"description\":\"Just another WordPress site\",\"publisher\":{\"@id\":\"https:\/\/acusticsambient.com\/es\/#organization\"},\"potentialAction\":[{\"@type\":\"SearchAction\",\"target\":{\"@type\":\"EntryPoint\",\"urlTemplate\":\"https:\/\/acusticsambient.com\/es\/?s={search_term_string}\"},\"query-input\":\"required name=search_term_string\"}],\"inLanguage\":\"es\"},{\"@type\":\"Organization\",\"@id\":\"https:\/\/acusticsambient.com\/es\/#organization\",\"name\":\"Ac\u00fastics Ambient Consultoria Ac\u00fastica\",\"url\":\"https:\/\/acusticsambient.com\/es\/\",\"logo\":{\"@type\":\"ImageObject\",\"inLanguage\":\"es\",\"@id\":\"https:\/\/acusticsambient.com\/es\/#\/schema\/logo\/image\/\",\"url\":\"https:\/\/acusticsambient.com\/wp-content\/uploads\/2020\/09\/acusticalogo.png\",\"contentUrl\":\"https:\/\/acusticsambient.com\/wp-content\/uploads\/2020\/09\/acusticalogo.png\",\"width\":900,\"height\":600,\"caption\":\"Ac\u00fastics Ambient Consultoria Ac\u00fastica\"},\"image\":{\"@id\":\"https:\/\/acusticsambient.com\/es\/#\/schema\/logo\/image\/\"}}]}<\/script>\n<!-- \/ Yoast SEO plugin. -->","yoast_head_json":{"title":"Certificaci\u00f3n ac\u00fastica | Acustics Ambient","robots":{"index":"index","follow":"follow","max-snippet":"max-snippet:-1","max-image-preview":"max-image-preview:large","max-video-preview":"max-video-preview:-1"},"canonical":"https:\/\/acusticsambient.com\/es\/certificacion-acustica\/","og_locale":"es_ES","og_type":"article","og_title":"Certificaci\u00f3n ac\u00fastica | Acustics Ambient","og_description":"[vc_row css_animation=\u00bb\u00bb row_type=\u00bbrow\u00bb use_row_as_full_screen_section=\u00bbno\u00bb type=\u00bbgrid\u00bb angled_section=\u00bbno\u00bb text_align=\u00bbleft\u00bb background_image_as_pattern=\u00bbwithout_pattern\u00bb css=\u00bb.vc_custom_1600364212737{padding-top: 120px !important;padding-bottom: 120px !important;}\u00bb z_index=\u00bb\u00bb][vc_column][vc_row_inner row_type=\u00bbrow\u00bb type=\u00bbfull_width\u00bb text_align=\u00bbleft\u00bb css_animation=\u00bb\u00bb][vc_column_inner width=\u00bb1\/2&#8243;][vc_column_text css=\u00bb.vc_custom_1600759351431{padding-top: 30px !important;padding-right: 30px !important;padding-bottom: 30px !important;}\u00bb] Decretos y normativa ac\u00fastica Leyes: Ley 37\/2003, de 17 de noviembre, del Ruido. Ley 16\/2002, de 28 de junio,...","og_url":"https:\/\/acusticsambient.com\/es\/certificacion-acustica\/","og_site_name":"Acustics Ambient","article_modified_time":"2020-11-13T08:01:11+00:00","twitter_card":"summary_large_image","twitter_misc":{"Tiempo de lectura":"4 minutos"},"schema":{"@context":"https:\/\/schema.org","@graph":[{"@type":"WebPage","@id":"https:\/\/acusticsambient.com\/es\/certificacion-acustica\/","url":"https:\/\/acusticsambient.com\/es\/certificacion-acustica\/","name":"Certificaci\u00f3n ac\u00fastica | Acustics Ambient","isPartOf":{"@id":"https:\/\/acusticsambient.com\/es\/#website"},"datePublished":"2020-09-08T08:38:23+00:00","dateModified":"2020-11-13T08:01:11+00:00","breadcrumb":{"@id":"https:\/\/acusticsambient.com\/es\/certificacion-acustica\/#breadcrumb"},"inLanguage":"es","potentialAction":[{"@type":"ReadAction","target":["https:\/\/acusticsambient.com\/es\/certificacion-acustica\/"]}]},{"@type":"BreadcrumbList","@id":"https:\/\/acusticsambient.com\/es\/certificacion-acustica\/#breadcrumb","itemListElement":[{"@type":"ListItem","position":1,"name":"Home","item":"https:\/\/acusticsambient.com\/es\/"},{"@type":"ListItem","position":2,"name":"Certificaci\u00f3n ac\u00fastica"}]},{"@type":"WebSite","@id":"https:\/\/acusticsambient.com\/es\/#website","url":"https:\/\/acusticsambient.com\/es\/","name":"Acustics Ambient","description":"Just another WordPress site","publisher":{"@id":"https:\/\/acusticsambient.com\/es\/#organization"},"potentialAction":[{"@type":"SearchAction","target":{"@type":"EntryPoint","urlTemplate":"https:\/\/acusticsambient.com\/es\/?s={search_term_string}"},"query-input":"required name=search_term_string"}],"inLanguage":"es"},{"@type":"Organization","@id":"https:\/\/acusticsambient.com\/es\/#organization","name":"Ac\u00fastics Ambient Consultoria Ac\u00fastica","url":"https:\/\/acusticsambient.com\/es\/","logo":{"@type":"ImageObject","inLanguage":"es","@id":"https:\/\/acusticsambient.com\/es\/#\/schema\/logo\/image\/","url":"https:\/\/acusticsambient.com\/wp-content\/uploads\/2020\/09\/acusticalogo.png","contentUrl":"https:\/\/acusticsambient.com\/wp-content\/uploads\/2020\/09\/acusticalogo.png","width":900,"height":600,"caption":"Ac\u00fastics Ambient Consultoria Ac\u00fastica"},"image":{"@id":"https:\/\/acusticsambient.com\/es\/#\/schema\/logo\/image\/"}}]}},"_links":{"self":[{"href":"https:\/\/acusticsambient.com\/es\/wp-json\/wp\/v2\/pages\/1295"}],"collection":[{"href":"https:\/\/acusticsambient.com\/es\/wp-json\/wp\/v2\/pages"}],"about":[{"href":"https:\/\/acusticsambient.com\/es\/wp-json\/wp\/v2\/types\/page"}],"author":[{"embeddable":true,"href":"https:\/\/acusticsambient.com\/es\/wp-json\/wp\/v2\/users\/2"}],"replies":[{"embeddable":true,"href":"https:\/\/acusticsambient.com\/es\/wp-json\/wp\/v2\/comments?post=1295"}],"version-history":[{"count":17,"href":"https:\/\/acusticsambient.com\/es\/wp-json\/wp\/v2\/pages\/1295\/revisions"}],"predecessor-version":[{"id":1742,"href":"https:\/\/acusticsambient.com\/es\/wp-json\/wp\/v2\/pages\/1295\/revisions\/1742"}],"wp:attachment":[{"href":"https:\/\/acusticsambient.com\/es\/wp-json\/wp\/v2\/media?parent=1295"}],"curies":[{"name":"wp","href":"https:\/\/api.w.org\/{rel}","templated":true}]}}