{"id":1293,"date":"2020-09-08T08:37:26","date_gmt":"2020-09-08T08:37:26","guid":{"rendered":"https:\/\/acusticsambient.panelserver.org\/?page_id=1293"},"modified":"2021-03-09T12:00:17","modified_gmt":"2021-03-09T12:00:17","slug":"auditorios","status":"publish","type":"page","link":"https:\/\/acusticsambient.com\/es\/auditorios\/","title":{"rendered":"Auditorios"},"content":{"rendered":"<p>[vc_row css_animation=\u00bb\u00bb row_type=\u00bbrow\u00bb use_row_as_full_screen_section=\u00bbno\u00bb type=\u00bbgrid\u00bb angled_section=\u00bbno\u00bb text_align=\u00bbleft\u00bb background_image_as_pattern=\u00bbwithout_pattern\u00bb css=\u00bb.vc_custom_1600364575649{padding-top: 115px !important;padding-bottom: 120px !important;background-color: #ffffff !important;}\u00bb z_index=\u00bb\u00bb][vc_column][vc_row_inner row_type=\u00bbrow\u00bb type=\u00bbfull_width\u00bb text_align=\u00bbleft\u00bb css_animation=\u00bb\u00bb][vc_column_inner width=\u00bb1\/2&#8243;][vc_column_text css=\u00bb.vc_custom_1600771360578{padding-right: 5% !important;padding-bottom: 5% !important;}\u00bb]<\/p>\n<h3>Consultor Ac\u00fastico<\/h3>\n<p>La figura del Consultor Ac\u00fastico la proponemos como un colaborador adjunto al equipo redactor del Proyecto Arquitect\u00f3nico.<\/p>\n<p>Nuestra tarea radicar\u00e1 en proponer soluciones tanto a nivel de aislamiento ac\u00fastico de la sala, procurando que ning\u00fan foco externo pueda perturbar la actividad de la sala, as\u00ed como a nivel de acondicionamiento ac\u00fastico proponemos los materiales necesarios para asegurar la ac\u00fastica mes adecuado para la actividad prevista, incluido de forma variable y el dimensionando del refuerzo electroac\u00fastico.<\/p>\n<p>La ac\u00fastica de salas se fundamenta en el estudio del volumen, la forma y los materiales de revestimiento de un espacio a fin de garantizar la calidad sonora que requiere su uso. Las caracter\u00edsticas ac\u00fasticas exigidas en un espacio var\u00edan seg\u00fan la funci\u00f3n del mismo.[\/vc_column_text][\/vc_column_inner][vc_column_inner width=\u00bb1\/2&#8243; css=\u00bb.vc_custom_1600333453929{padding-top: 300px !important;padding-bottom: 300px !important;background-image: url(https:\/\/acusticsambient.com\/wp-content\/uploads\/2020\/09\/TEATRE-6.jpg?id=1376) !important;background-position: center !important;background-repeat: no-repeat !important;background-size: cover !important;}\u00bb][\/vc_column_inner][\/vc_row_inner][vc_row_inner row_type=\u00bbrow\u00bb type=\u00bbfull_width\u00bb text_align=\u00bbleft\u00bb css_animation=\u00bb\u00bb][vc_column_inner width=\u00bb1\/2&#8243; css=\u00bb.vc_custom_1600708084438{padding-top: 300px !important;padding-bottom: 600px !important;background-image: url(https:\/\/acusticsambient.com\/wp-content\/uploads\/2020\/09\/AUDITORI-5.jpg?id=1384) !important;background-position: center !important;background-repeat: no-repeat !important;background-size: cover !important;}\u00bb][\/vc_column_inner][vc_column_inner width=\u00bb1\/2&#8243;][vc_column_text css=\u00bb.vc_custom_1600413779768{padding-top: 5% !important;padding-left: 5% !important;}\u00bb]<\/p>\n<blockquote>\n<h3>El dise\u00f1o ac\u00fastico debe ser diferente para cada caso: salas de conciertos sinf\u00f3nicos (auditorios), sala de m\u00fasica de peque\u00f1o formato, teatros, salas de conferencias, etc.\u00a0 \u00a0 Mediante el proyecto de acondicionamiento ac\u00fastico podremos predecir la respuesta de la sala a partir de su modelo tridimensional. Utilizamos un software espec\u00edfico para ac\u00fastica de espacios y evaluamos como llega la energ\u00eda a todos los puntos de la audiencia.<\/h3>\n<\/blockquote>\n<p>[\/vc_column_text][vc_column_text css=\u00bb.vc_custom_1600707758573{padding-bottom: 30px !important;padding-left: 5% !important;}\u00bb]Cada espacio tiene unos requerimientos establecidos por una serie de par\u00e1metros ac\u00fasticos o par\u00e1metros recomendados. La simulaci\u00f3n ac\u00fastica nos permite controlar todos estos par\u00e1metros, para bandas de frecuencia, a fin de controlarlos en todo su espectro de frecuencias.<\/p>\n<p>Si un espacio sufre un mal dise\u00f1o ac\u00fastico, un desequilibrio frecuencial, un exceso o una falta de absorci\u00f3n, o bien si tiene una forma incorrecta o un volumen no adecuado, este espacio no podr\u00e1 dar respuesta a la demanda de su uso y aparecer\u00e1n problemas de reflexiones indeseadas o ecos, falta de inteligibilidad o de sonoridad, desequilibrio frecuencial, p\u00e9rdida de calidad sonora, o p\u00e9rdida de confort ac\u00fastico. Por lo tanto, el dise\u00f1o ac\u00fastico es imprescindible para que el espacio o la sala sea \u00fatil para las funciones que est\u00e1 dise\u00f1ada.[\/vc_column_text]\n\n\t<a href=\"https:\/\/acusticsambient.com\/#proyectos\" target=\"_self\" style=\"color: #ffffff;background-color: #51a126;font-size: 20px;font-weight: 400;margin: 0px 0px 0px 0px\" class=\"qode-btn qode-btn-medium qode-btn-solid qode-btn-custom-hover-bg qode-btn-custom-hover-color qode-btn-default-hover\" data-hover-bg-color=\"#96949a\" data-hover-color=\"#ffffff\" >\n\t    <span class=\"qode-btn-text\">M\u00e1s Proyectos<\/span>\t<\/a>\n\n[\/vc_column_inner][\/vc_row_inner][\/vc_column][\/vc_row][vc_row css_animation=\u00bb\u00bb row_type=\u00bbrow\u00bb use_row_as_full_screen_section=\u00bbno\u00bb type=\u00bbfull_width\u00bb angled_section=\u00bbno\u00bb text_align=\u00bbleft\u00bb background_image_as_pattern=\u00bbwithout_pattern\u00bb z_index=\u00bb\u00bb css=\u00bb.vc_custom_1598863638347{background-color: #ffffff !important;}\u00bb][vc_column][vc_empty_space height=\u00bb48px\u00bb][vc_column_text]<\/p>\n<h2 style=\"text-align: center; color: #51a126;\">Nuestros <span style=\"color: #969799;\">Proyectos:<\/span><\/h2>\n<h3 style=\"text-align: center; color: #51a126;\">Auditorios<\/h3>\n<p>[\/vc_column_text][vc_empty_space height=\u00bb48px\u00bb][vc_gallery type=\u00bbimage_grid\u00bb images=\u00bb1366,1368,1370,1372,1376,1378,1382,1384,1386,1388,1390,1392,1394,1396,1398,1400,1380,1374,3411,3413,3415,3417,3419,3421,3423,3425,3427,3429,3431,3433,3435,3437,3439,3441,3443,3445&#8243; img_size=\u00bb500&#215;500&#8243; column_number=\u00bb4&#8243; grayscale=\u00bbno\u00bb images_space=\u00bbgallery_with_space\u00bb][vc_empty_space height=\u00bb48px\u00bb][\/vc_column][\/vc_row]<\/p>\n","protected":false},"excerpt":{"rendered":"<p>[vc_row css_animation=\u00bb\u00bb row_type=\u00bbrow\u00bb use_row_as_full_screen_section=\u00bbno\u00bb type=\u00bbgrid\u00bb angled_section=\u00bbno\u00bb text_align=\u00bbleft\u00bb background_image_as_pattern=\u00bbwithout_pattern\u00bb css=\u00bb.vc_custom_1600364575649{padding-top: 115px !important;padding-bottom: 120px !important;background-color: #ffffff !important;}\u00bb z_index=\u00bb\u00bb][vc_column][vc_row_inner row_type=\u00bbrow\u00bb type=\u00bbfull_width\u00bb text_align=\u00bbleft\u00bb css_animation=\u00bb\u00bb][vc_column_inner width=\u00bb1\/2&#8243;][vc_column_text css=\u00bb.vc_custom_1600771360578{padding-right: 5% !important;padding-bottom: 5% !important;}\u00bb] Consultor Ac\u00fastico La figura del Consultor Ac\u00fastico la proponemos como un colaborador adjunto al equipo redactor del Proyecto Arquitect\u00f3nico&#8230;.<\/p>\n","protected":false},"author":2,"featured_media":0,"parent":0,"menu_order":300,"comment_status":"closed","ping_status":"closed","template":"full_width.php","meta":{"footnotes":""},"class_list":["post-1293","page","type-page","status-publish","hentry"],"yoast_head":"<!-- This site is optimized with the Yoast SEO plugin v19.13 - https:\/\/yoast.com\/wordpress\/plugins\/seo\/ -->\n<title>Auditorios | Acustics Ambient<\/title>\n<meta name=\"robots\" content=\"index, follow, max-snippet:-1, max-image-preview:large, max-video-preview:-1\" \/>\n<link rel=\"canonical\" href=\"https:\/\/acusticsambient.com\/es\/auditorios\/\" \/>\n<meta property=\"og:locale\" content=\"es_ES\" \/>\n<meta property=\"og:type\" content=\"article\" \/>\n<meta property=\"og:title\" content=\"Auditorios | Acustics Ambient\" \/>\n<meta property=\"og:description\" content=\"[vc_row css_animation=\u00bb\u00bb row_type=\u00bbrow\u00bb use_row_as_full_screen_section=\u00bbno\u00bb type=\u00bbgrid\u00bb angled_section=\u00bbno\u00bb text_align=\u00bbleft\u00bb background_image_as_pattern=\u00bbwithout_pattern\u00bb css=\u00bb.vc_custom_1600364575649{padding-top: 115px !important;padding-bottom: 120px !important;background-color: #ffffff !important;}\u00bb z_index=\u00bb\u00bb][vc_column][vc_row_inner row_type=\u00bbrow\u00bb type=\u00bbfull_width\u00bb text_align=\u00bbleft\u00bb css_animation=\u00bb\u00bb][vc_column_inner width=\u00bb1\/2&#8243;][vc_column_text css=\u00bb.vc_custom_1600771360578{padding-right: 5% !important;padding-bottom: 5% !important;}\u00bb] Consultor Ac\u00fastico La figura del Consultor Ac\u00fastico la proponemos como un colaborador adjunto al equipo redactor del Proyecto Arquitect\u00f3nico....\" \/>\n<meta property=\"og:url\" content=\"https:\/\/acusticsambient.com\/es\/auditorios\/\" \/>\n<meta property=\"og:site_name\" content=\"Acustics Ambient\" \/>\n<meta property=\"article:modified_time\" content=\"2021-03-09T12:00:17+00:00\" \/>\n<meta name=\"twitter:card\" content=\"summary_large_image\" \/>\n<meta name=\"twitter:label1\" content=\"Tiempo de lectura\" \/>\n\t<meta name=\"twitter:data1\" content=\"3 minutos\" \/>\n<script type=\"application\/ld+json\" class=\"yoast-schema-graph\">{\"@context\":\"https:\/\/schema.org\",\"@graph\":[{\"@type\":\"WebPage\",\"@id\":\"https:\/\/acusticsambient.com\/es\/auditorios\/\",\"url\":\"https:\/\/acusticsambient.com\/es\/auditorios\/\",\"name\":\"Auditorios | Acustics Ambient\",\"isPartOf\":{\"@id\":\"https:\/\/acusticsambient.com\/es\/#website\"},\"datePublished\":\"2020-09-08T08:37:26+00:00\",\"dateModified\":\"2021-03-09T12:00:17+00:00\",\"breadcrumb\":{\"@id\":\"https:\/\/acusticsambient.com\/es\/auditorios\/#breadcrumb\"},\"inLanguage\":\"es\",\"potentialAction\":[{\"@type\":\"ReadAction\",\"target\":[\"https:\/\/acusticsambient.com\/es\/auditorios\/\"]}]},{\"@type\":\"BreadcrumbList\",\"@id\":\"https:\/\/acusticsambient.com\/es\/auditorios\/#breadcrumb\",\"itemListElement\":[{\"@type\":\"ListItem\",\"position\":1,\"name\":\"Home\",\"item\":\"https:\/\/acusticsambient.com\/es\/\"},{\"@type\":\"ListItem\",\"position\":2,\"name\":\"Auditorios\"}]},{\"@type\":\"WebSite\",\"@id\":\"https:\/\/acusticsambient.com\/es\/#website\",\"url\":\"https:\/\/acusticsambient.com\/es\/\",\"name\":\"Acustics Ambient\",\"description\":\"Just another WordPress site\",\"publisher\":{\"@id\":\"https:\/\/acusticsambient.com\/es\/#organization\"},\"potentialAction\":[{\"@type\":\"SearchAction\",\"target\":{\"@type\":\"EntryPoint\",\"urlTemplate\":\"https:\/\/acusticsambient.com\/es\/?s={search_term_string}\"},\"query-input\":\"required name=search_term_string\"}],\"inLanguage\":\"es\"},{\"@type\":\"Organization\",\"@id\":\"https:\/\/acusticsambient.com\/es\/#organization\",\"name\":\"Ac\u00fastics Ambient Consultoria Ac\u00fastica\",\"url\":\"https:\/\/acusticsambient.com\/es\/\",\"logo\":{\"@type\":\"ImageObject\",\"inLanguage\":\"es\",\"@id\":\"https:\/\/acusticsambient.com\/es\/#\/schema\/logo\/image\/\",\"url\":\"https:\/\/acusticsambient.com\/wp-content\/uploads\/2020\/09\/acusticalogo.png\",\"contentUrl\":\"https:\/\/acusticsambient.com\/wp-content\/uploads\/2020\/09\/acusticalogo.png\",\"width\":900,\"height\":600,\"caption\":\"Ac\u00fastics Ambient Consultoria Ac\u00fastica\"},\"image\":{\"@id\":\"https:\/\/acusticsambient.com\/es\/#\/schema\/logo\/image\/\"}}]}<\/script>\n<!-- \/ Yoast SEO plugin. -->","yoast_head_json":{"title":"Auditorios | Acustics Ambient","robots":{"index":"index","follow":"follow","max-snippet":"max-snippet:-1","max-image-preview":"max-image-preview:large","max-video-preview":"max-video-preview:-1"},"canonical":"https:\/\/acusticsambient.com\/es\/auditorios\/","og_locale":"es_ES","og_type":"article","og_title":"Auditorios | Acustics Ambient","og_description":"[vc_row css_animation=\u00bb\u00bb row_type=\u00bbrow\u00bb use_row_as_full_screen_section=\u00bbno\u00bb type=\u00bbgrid\u00bb angled_section=\u00bbno\u00bb text_align=\u00bbleft\u00bb background_image_as_pattern=\u00bbwithout_pattern\u00bb css=\u00bb.vc_custom_1600364575649{padding-top: 115px !important;padding-bottom: 120px !important;background-color: #ffffff !important;}\u00bb z_index=\u00bb\u00bb][vc_column][vc_row_inner row_type=\u00bbrow\u00bb type=\u00bbfull_width\u00bb text_align=\u00bbleft\u00bb css_animation=\u00bb\u00bb][vc_column_inner width=\u00bb1\/2&#8243;][vc_column_text css=\u00bb.vc_custom_1600771360578{padding-right: 5% !important;padding-bottom: 5% !important;}\u00bb] Consultor Ac\u00fastico La figura del Consultor Ac\u00fastico la proponemos como un colaborador adjunto al equipo redactor del Proyecto Arquitect\u00f3nico....","og_url":"https:\/\/acusticsambient.com\/es\/auditorios\/","og_site_name":"Acustics Ambient","article_modified_time":"2021-03-09T12:00:17+00:00","twitter_card":"summary_large_image","twitter_misc":{"Tiempo de lectura":"3 minutos"},"schema":{"@context":"https:\/\/schema.org","@graph":[{"@type":"WebPage","@id":"https:\/\/acusticsambient.com\/es\/auditorios\/","url":"https:\/\/acusticsambient.com\/es\/auditorios\/","name":"Auditorios | Acustics Ambient","isPartOf":{"@id":"https:\/\/acusticsambient.com\/es\/#website"},"datePublished":"2020-09-08T08:37:26+00:00","dateModified":"2021-03-09T12:00:17+00:00","breadcrumb":{"@id":"https:\/\/acusticsambient.com\/es\/auditorios\/#breadcrumb"},"inLanguage":"es","potentialAction":[{"@type":"ReadAction","target":["https:\/\/acusticsambient.com\/es\/auditorios\/"]}]},{"@type":"BreadcrumbList","@id":"https:\/\/acusticsambient.com\/es\/auditorios\/#breadcrumb","itemListElement":[{"@type":"ListItem","position":1,"name":"Home","item":"https:\/\/acusticsambient.com\/es\/"},{"@type":"ListItem","position":2,"name":"Auditorios"}]},{"@type":"WebSite","@id":"https:\/\/acusticsambient.com\/es\/#website","url":"https:\/\/acusticsambient.com\/es\/","name":"Acustics Ambient","description":"Just another WordPress site","publisher":{"@id":"https:\/\/acusticsambient.com\/es\/#organization"},"potentialAction":[{"@type":"SearchAction","target":{"@type":"EntryPoint","urlTemplate":"https:\/\/acusticsambient.com\/es\/?s={search_term_string}"},"query-input":"required name=search_term_string"}],"inLanguage":"es"},{"@type":"Organization","@id":"https:\/\/acusticsambient.com\/es\/#organization","name":"Ac\u00fastics Ambient Consultoria Ac\u00fastica","url":"https:\/\/acusticsambient.com\/es\/","logo":{"@type":"ImageObject","inLanguage":"es","@id":"https:\/\/acusticsambient.com\/es\/#\/schema\/logo\/image\/","url":"https:\/\/acusticsambient.com\/wp-content\/uploads\/2020\/09\/acusticalogo.png","contentUrl":"https:\/\/acusticsambient.com\/wp-content\/uploads\/2020\/09\/acusticalogo.png","width":900,"height":600,"caption":"Ac\u00fastics Ambient Consultoria Ac\u00fastica"},"image":{"@id":"https:\/\/acusticsambient.com\/es\/#\/schema\/logo\/image\/"}}]}},"_links":{"self":[{"href":"https:\/\/acusticsambient.com\/es\/wp-json\/wp\/v2\/pages\/1293","targetHints":{"allow":["GET"]}}],"collection":[{"href":"https:\/\/acusticsambient.com\/es\/wp-json\/wp\/v2\/pages"}],"about":[{"href":"https:\/\/acusticsambient.com\/es\/wp-json\/wp\/v2\/types\/page"}],"author":[{"embeddable":true,"href":"https:\/\/acusticsambient.com\/es\/wp-json\/wp\/v2\/users\/2"}],"replies":[{"embeddable":true,"href":"https:\/\/acusticsambient.com\/es\/wp-json\/wp\/v2\/comments?post=1293"}],"version-history":[{"count":40,"href":"https:\/\/acusticsambient.com\/es\/wp-json\/wp\/v2\/pages\/1293\/revisions"}],"predecessor-version":[{"id":3449,"href":"https:\/\/acusticsambient.com\/es\/wp-json\/wp\/v2\/pages\/1293\/revisions\/3449"}],"wp:attachment":[{"href":"https:\/\/acusticsambient.com\/es\/wp-json\/wp\/v2\/media?parent=1293"}],"curies":[{"name":"wp","href":"https:\/\/api.w.org\/{rel}","templated":true}]}}