{"id":1288,"date":"2020-09-07T10:50:55","date_gmt":"2020-09-07T10:50:55","guid":{"rendered":"https:\/\/acusticsambient.panelserver.org\/?page_id=1288"},"modified":"2021-03-09T11:51:58","modified_gmt":"2021-03-09T11:51:58","slug":"audiovisual-estudios-tv","status":"publish","type":"page","link":"https:\/\/acusticsambient.com\/es\/audiovisual-estudios-tv\/","title":{"rendered":"Audiovisual estudios TV"},"content":{"rendered":"<p>[vc_row css_animation=\u00bb\u00bb row_type=\u00bbrow\u00bb use_row_as_full_screen_section=\u00bbno\u00bb type=\u00bbgrid\u00bb angled_section=\u00bbno\u00bb text_align=\u00bbleft\u00bb background_image_as_pattern=\u00bbwithout_pattern\u00bb css=\u00bb.vc_custom_1600364212737{padding-top: 120px !important;padding-bottom: 120px !important;}\u00bb z_index=\u00bb\u00bb][vc_column][vc_row_inner row_type=\u00bbrow\u00bb type=\u00bbfull_width\u00bb text_align=\u00bbleft\u00bb css_animation=\u00bb\u00bb][vc_column_inner width=\u00bb1\/2&#8243;][vc_column_text css=\u00bb.vc_custom_1605004866487{padding-top: 30px !important;padding-right: 30px !important;padding-bottom: 30px !important;}\u00bb]<\/p>\n<h3>Ac\u00fastica de salas<\/h3>\n<p><strong>La ac\u00fastica de salas se fundamenta<\/strong> en el estudio del volumen, su geometr\u00eda, los materiales de revestimiento con el fin de garantizar la inteligibilidad y confort que una actividad de palabra requiere.<\/p>\n<p>Las caracter\u00edsticas ac\u00fasticas exigidas a un espacio var\u00edan en funci\u00f3n del uso de cada uno de los espacios.<\/p>\n<p>El proyecto de acondicionamiento ac\u00fastico estudia la respuesta de la sala a partir de su modelo tridimensional, utilizamos software espec\u00edfico para evaluar la energ\u00eda sonora que llega a la totalidad de los puntos de la audiencia.<\/p>\n<p>Cada espacio tiene unos requerimientos establecidos por una serie de par\u00e1metros ac\u00fasticos o factores de confort recomendados. La simulaci\u00f3n ac\u00fastica nos permite controlar todos estos par\u00e1metros, por bandas de frecuencia, en la totalidad de la audiencia.[\/vc_column_text][\/vc_column_inner][vc_column_inner width=\u00bb1\/2&#8243; css=\u00bb.vc_custom_1600331005410{padding-top: 300px !important;padding-bottom: 300px !important;background-image: url(https:\/\/acusticsambient.com\/wp-content\/uploads\/2020\/09\/ESTUDIO-2-scaled.jpg?id=1461) !important;background-position: center !important;background-repeat: no-repeat !important;background-size: cover !important;}\u00bb][\/vc_column_inner][\/vc_row_inner][vc_row_inner row_type=\u00bbrow\u00bb type=\u00bbfull_width\u00bb text_align=\u00bbleft\u00bb css_animation=\u00bb\u00bb][vc_column_inner width=\u00bb1\/2&#8243; css=\u00bb.vc_custom_1600708077126{padding-top: 300px !important;padding-bottom: 450px !important;background-image: url(https:\/\/acusticsambient.com\/wp-content\/uploads\/2020\/09\/ESTUDI-2-scaled.jpg?id=1465) !important;background-position: center !important;background-repeat: no-repeat !important;background-size: cover !important;}\u00bb][\/vc_column_inner][vc_column_inner width=\u00bb1\/2&#8243;][vc_column_text css=\u00bb.vc_custom_1600413765721{padding-top: 30px !important;padding-left: 30px !important;}\u00bb]<\/p>\n<blockquote>\n<h3>Si un espacio sufre un mal dise\u00f1o ac\u00fastico, un desequilibrio frecuencial, un exceso o falta de absorci\u00f3n, o ya bien si su geometr\u00eda o volumen no es adecuado, dicho espacio no podr\u00e1 aportar la respuesta esperada y aparecer\u00e1n problemas de reflexiones no deseadas o ecos, falta de inteligibilidad , desequilibrio frecuencial o perdida de confort ac\u00fastico.<\/h3>\n<\/blockquote>\n<p>[\/vc_column_text][vc_column_text css=\u00bb.vc_custom_1605004851543{padding-bottom: 30px !important;padding-left: 30px !important;}\u00bb]En espacios audiovisuales es fundamental asegurar unos niveles de ruido de fondo \u00f3ptimos para poder garantizar una correcta ac\u00fastica en los procesos de registro. Haciendo especial hincapi\u00e9 en los posibles niveles generados por las instalaciones de climatizaci\u00f3n y renovaci\u00f3n de aire.<\/p>\n<p>Los principales par\u00e1metros ac\u00fasticos que vamos a tener en cuenta en esta tipolog\u00eda de espacios ser\u00e1n principalmente el tiempo de reverberaci\u00f3n y los par\u00e1metros de inteligibilidad.[\/vc_column_text]\n\n\t<a href=\"https:\/\/acusticsambient.com\/#proyectos\" target=\"_self\" style=\"color: #ffffff;background-color: #51a126;font-size: 20px;font-weight: 400;margin: 0px 0px 0px 0px\" class=\"qode-btn qode-btn-medium qode-btn-solid qode-btn-custom-hover-bg qode-btn-custom-hover-color qode-btn-default-hover\" data-hover-bg-color=\"#96949a\" data-hover-color=\"#ffffff\" >\n\t    <span class=\"qode-btn-text\">M\u00e1s Proyectos<\/span>\t<\/a>\n\n[\/vc_column_inner][\/vc_row_inner][\/vc_column][\/vc_row][vc_row css_animation=\u00bb\u00bb row_type=\u00bbrow\u00bb use_row_as_full_screen_section=\u00bbno\u00bb type=\u00bbfull_width\u00bb angled_section=\u00bbno\u00bb text_align=\u00bbleft\u00bb background_image_as_pattern=\u00bbwithout_pattern\u00bb z_index=\u00bb\u00bb css=\u00bb.vc_custom_1598863638347{background-color: #ffffff !important;}\u00bb][vc_column][vc_empty_space height=\u00bb48px\u00bb][vc_column_text]<\/p>\n<h2 style=\"text-align: center; color: #51a126;\">Nuestros <span style=\"color: #969799;\">Proyectos:<\/span><\/h2>\n<h3 style=\"text-align: center; color: #51a126;\">Audiovisual estudios TV<\/h3>\n<p>[\/vc_column_text][vc_empty_space height=\u00bb48px\u00bb][vc_gallery type=\u00bbimage_grid\u00bb images=\u00bb3405,3407&#8243; img_size=\u00bb500&#215;500&#8243; column_number=\u00bb4&#8243; grayscale=\u00bbno\u00bb images_space=\u00bbgallery_with_space\u00bb][vc_empty_space height=\u00bb48px\u00bb][\/vc_column][\/vc_row]<\/p>\n","protected":false},"excerpt":{"rendered":"<p>[vc_row css_animation=\u00bb\u00bb row_type=\u00bbrow\u00bb use_row_as_full_screen_section=\u00bbno\u00bb type=\u00bbgrid\u00bb angled_section=\u00bbno\u00bb text_align=\u00bbleft\u00bb background_image_as_pattern=\u00bbwithout_pattern\u00bb css=\u00bb.vc_custom_1600364212737{padding-top: 120px !important;padding-bottom: 120px !important;}\u00bb z_index=\u00bb\u00bb][vc_column][vc_row_inner row_type=\u00bbrow\u00bb type=\u00bbfull_width\u00bb text_align=\u00bbleft\u00bb css_animation=\u00bb\u00bb][vc_column_inner width=\u00bb1\/2&#8243;][vc_column_text css=\u00bb.vc_custom_1605004866487{padding-top: 30px !important;padding-right: 30px !important;padding-bottom: 30px !important;}\u00bb] Ac\u00fastica de salas La ac\u00fastica de salas se fundamenta en el estudio del volumen, su geometr\u00eda, los materiales de&#8230;<\/p>\n","protected":false},"author":2,"featured_media":0,"parent":0,"menu_order":300,"comment_status":"closed","ping_status":"closed","template":"full_width.php","meta":{"footnotes":""},"class_list":["post-1288","page","type-page","status-publish","hentry"],"yoast_head":"<!-- This site is optimized with the Yoast SEO plugin v19.13 - https:\/\/yoast.com\/wordpress\/plugins\/seo\/ -->\n<title>Audiovisual estudios TV | Acustics Ambient<\/title>\n<meta name=\"robots\" content=\"index, follow, max-snippet:-1, max-image-preview:large, max-video-preview:-1\" \/>\n<link rel=\"canonical\" href=\"https:\/\/acusticsambient.com\/es\/audiovisual-estudios-tv\/\" \/>\n<meta property=\"og:locale\" content=\"es_ES\" \/>\n<meta property=\"og:type\" content=\"article\" \/>\n<meta property=\"og:title\" content=\"Audiovisual estudios TV | Acustics Ambient\" \/>\n<meta property=\"og:description\" content=\"[vc_row css_animation=\u00bb\u00bb row_type=\u00bbrow\u00bb use_row_as_full_screen_section=\u00bbno\u00bb type=\u00bbgrid\u00bb angled_section=\u00bbno\u00bb text_align=\u00bbleft\u00bb background_image_as_pattern=\u00bbwithout_pattern\u00bb css=\u00bb.vc_custom_1600364212737{padding-top: 120px !important;padding-bottom: 120px !important;}\u00bb z_index=\u00bb\u00bb][vc_column][vc_row_inner row_type=\u00bbrow\u00bb type=\u00bbfull_width\u00bb text_align=\u00bbleft\u00bb css_animation=\u00bb\u00bb][vc_column_inner width=\u00bb1\/2&#8243;][vc_column_text css=\u00bb.vc_custom_1605004866487{padding-top: 30px !important;padding-right: 30px !important;padding-bottom: 30px !important;}\u00bb] Ac\u00fastica de salas La ac\u00fastica de salas se fundamenta en el estudio del volumen, su geometr\u00eda, los materiales de...\" \/>\n<meta property=\"og:url\" content=\"https:\/\/acusticsambient.com\/es\/audiovisual-estudios-tv\/\" \/>\n<meta property=\"og:site_name\" content=\"Acustics Ambient\" \/>\n<meta property=\"article:modified_time\" content=\"2021-03-09T11:51:58+00:00\" \/>\n<meta name=\"twitter:card\" content=\"summary_large_image\" \/>\n<meta name=\"twitter:label1\" content=\"Tiempo de lectura\" \/>\n\t<meta name=\"twitter:data1\" content=\"3 minutos\" \/>\n<script type=\"application\/ld+json\" class=\"yoast-schema-graph\">{\"@context\":\"https:\/\/schema.org\",\"@graph\":[{\"@type\":\"WebPage\",\"@id\":\"https:\/\/acusticsambient.com\/es\/audiovisual-estudios-tv\/\",\"url\":\"https:\/\/acusticsambient.com\/es\/audiovisual-estudios-tv\/\",\"name\":\"Audiovisual estudios TV | Acustics Ambient\",\"isPartOf\":{\"@id\":\"https:\/\/acusticsambient.com\/es\/#website\"},\"datePublished\":\"2020-09-07T10:50:55+00:00\",\"dateModified\":\"2021-03-09T11:51:58+00:00\",\"breadcrumb\":{\"@id\":\"https:\/\/acusticsambient.com\/es\/audiovisual-estudios-tv\/#breadcrumb\"},\"inLanguage\":\"es\",\"potentialAction\":[{\"@type\":\"ReadAction\",\"target\":[\"https:\/\/acusticsambient.com\/es\/audiovisual-estudios-tv\/\"]}]},{\"@type\":\"BreadcrumbList\",\"@id\":\"https:\/\/acusticsambient.com\/es\/audiovisual-estudios-tv\/#breadcrumb\",\"itemListElement\":[{\"@type\":\"ListItem\",\"position\":1,\"name\":\"Home\",\"item\":\"https:\/\/acusticsambient.com\/es\/\"},{\"@type\":\"ListItem\",\"position\":2,\"name\":\"Audiovisual estudios TV\"}]},{\"@type\":\"WebSite\",\"@id\":\"https:\/\/acusticsambient.com\/es\/#website\",\"url\":\"https:\/\/acusticsambient.com\/es\/\",\"name\":\"Acustics Ambient\",\"description\":\"Just another WordPress site\",\"publisher\":{\"@id\":\"https:\/\/acusticsambient.com\/es\/#organization\"},\"potentialAction\":[{\"@type\":\"SearchAction\",\"target\":{\"@type\":\"EntryPoint\",\"urlTemplate\":\"https:\/\/acusticsambient.com\/es\/?s={search_term_string}\"},\"query-input\":\"required name=search_term_string\"}],\"inLanguage\":\"es\"},{\"@type\":\"Organization\",\"@id\":\"https:\/\/acusticsambient.com\/es\/#organization\",\"name\":\"Ac\u00fastics Ambient Consultoria Ac\u00fastica\",\"url\":\"https:\/\/acusticsambient.com\/es\/\",\"logo\":{\"@type\":\"ImageObject\",\"inLanguage\":\"es\",\"@id\":\"https:\/\/acusticsambient.com\/es\/#\/schema\/logo\/image\/\",\"url\":\"https:\/\/acusticsambient.com\/wp-content\/uploads\/2020\/09\/acusticalogo.png\",\"contentUrl\":\"https:\/\/acusticsambient.com\/wp-content\/uploads\/2020\/09\/acusticalogo.png\",\"width\":900,\"height\":600,\"caption\":\"Ac\u00fastics Ambient Consultoria Ac\u00fastica\"},\"image\":{\"@id\":\"https:\/\/acusticsambient.com\/es\/#\/schema\/logo\/image\/\"}}]}<\/script>\n<!-- \/ Yoast SEO plugin. -->","yoast_head_json":{"title":"Audiovisual estudios TV | Acustics Ambient","robots":{"index":"index","follow":"follow","max-snippet":"max-snippet:-1","max-image-preview":"max-image-preview:large","max-video-preview":"max-video-preview:-1"},"canonical":"https:\/\/acusticsambient.com\/es\/audiovisual-estudios-tv\/","og_locale":"es_ES","og_type":"article","og_title":"Audiovisual estudios TV | Acustics Ambient","og_description":"[vc_row css_animation=\u00bb\u00bb row_type=\u00bbrow\u00bb use_row_as_full_screen_section=\u00bbno\u00bb type=\u00bbgrid\u00bb angled_section=\u00bbno\u00bb text_align=\u00bbleft\u00bb background_image_as_pattern=\u00bbwithout_pattern\u00bb css=\u00bb.vc_custom_1600364212737{padding-top: 120px !important;padding-bottom: 120px !important;}\u00bb z_index=\u00bb\u00bb][vc_column][vc_row_inner row_type=\u00bbrow\u00bb type=\u00bbfull_width\u00bb text_align=\u00bbleft\u00bb css_animation=\u00bb\u00bb][vc_column_inner width=\u00bb1\/2&#8243;][vc_column_text css=\u00bb.vc_custom_1605004866487{padding-top: 30px !important;padding-right: 30px !important;padding-bottom: 30px !important;}\u00bb] Ac\u00fastica de salas La ac\u00fastica de salas se fundamenta en el estudio del volumen, su geometr\u00eda, los materiales de...","og_url":"https:\/\/acusticsambient.com\/es\/audiovisual-estudios-tv\/","og_site_name":"Acustics Ambient","article_modified_time":"2021-03-09T11:51:58+00:00","twitter_card":"summary_large_image","twitter_misc":{"Tiempo de lectura":"3 minutos"},"schema":{"@context":"https:\/\/schema.org","@graph":[{"@type":"WebPage","@id":"https:\/\/acusticsambient.com\/es\/audiovisual-estudios-tv\/","url":"https:\/\/acusticsambient.com\/es\/audiovisual-estudios-tv\/","name":"Audiovisual estudios TV | Acustics Ambient","isPartOf":{"@id":"https:\/\/acusticsambient.com\/es\/#website"},"datePublished":"2020-09-07T10:50:55+00:00","dateModified":"2021-03-09T11:51:58+00:00","breadcrumb":{"@id":"https:\/\/acusticsambient.com\/es\/audiovisual-estudios-tv\/#breadcrumb"},"inLanguage":"es","potentialAction":[{"@type":"ReadAction","target":["https:\/\/acusticsambient.com\/es\/audiovisual-estudios-tv\/"]}]},{"@type":"BreadcrumbList","@id":"https:\/\/acusticsambient.com\/es\/audiovisual-estudios-tv\/#breadcrumb","itemListElement":[{"@type":"ListItem","position":1,"name":"Home","item":"https:\/\/acusticsambient.com\/es\/"},{"@type":"ListItem","position":2,"name":"Audiovisual estudios TV"}]},{"@type":"WebSite","@id":"https:\/\/acusticsambient.com\/es\/#website","url":"https:\/\/acusticsambient.com\/es\/","name":"Acustics Ambient","description":"Just another WordPress site","publisher":{"@id":"https:\/\/acusticsambient.com\/es\/#organization"},"potentialAction":[{"@type":"SearchAction","target":{"@type":"EntryPoint","urlTemplate":"https:\/\/acusticsambient.com\/es\/?s={search_term_string}"},"query-input":"required name=search_term_string"}],"inLanguage":"es"},{"@type":"Organization","@id":"https:\/\/acusticsambient.com\/es\/#organization","name":"Ac\u00fastics Ambient Consultoria Ac\u00fastica","url":"https:\/\/acusticsambient.com\/es\/","logo":{"@type":"ImageObject","inLanguage":"es","@id":"https:\/\/acusticsambient.com\/es\/#\/schema\/logo\/image\/","url":"https:\/\/acusticsambient.com\/wp-content\/uploads\/2020\/09\/acusticalogo.png","contentUrl":"https:\/\/acusticsambient.com\/wp-content\/uploads\/2020\/09\/acusticalogo.png","width":900,"height":600,"caption":"Ac\u00fastics Ambient Consultoria Ac\u00fastica"},"image":{"@id":"https:\/\/acusticsambient.com\/es\/#\/schema\/logo\/image\/"}}]}},"_links":{"self":[{"href":"https:\/\/acusticsambient.com\/es\/wp-json\/wp\/v2\/pages\/1288","targetHints":{"allow":["GET"]}}],"collection":[{"href":"https:\/\/acusticsambient.com\/es\/wp-json\/wp\/v2\/pages"}],"about":[{"href":"https:\/\/acusticsambient.com\/es\/wp-json\/wp\/v2\/types\/page"}],"author":[{"embeddable":true,"href":"https:\/\/acusticsambient.com\/es\/wp-json\/wp\/v2\/users\/2"}],"replies":[{"embeddable":true,"href":"https:\/\/acusticsambient.com\/es\/wp-json\/wp\/v2\/comments?post=1288"}],"version-history":[{"count":44,"href":"https:\/\/acusticsambient.com\/es\/wp-json\/wp\/v2\/pages\/1288\/revisions"}],"predecessor-version":[{"id":3410,"href":"https:\/\/acusticsambient.com\/es\/wp-json\/wp\/v2\/pages\/1288\/revisions\/3410"}],"wp:attachment":[{"href":"https:\/\/acusticsambient.com\/es\/wp-json\/wp\/v2\/media?parent=1288"}],"curies":[{"name":"wp","href":"https:\/\/api.w.org\/{rel}","templated":true}]}}