{"id":567,"date":"2020-07-28T10:06:15","date_gmt":"2020-07-28T10:06:15","guid":{"rendered":"https:\/\/acusticsambient.panelserver.org\/politica-de-cookies\/"},"modified":"2020-08-11T09:41:59","modified_gmt":"2020-08-11T09:41:59","slug":"politica-de-cookies","status":"publish","type":"page","link":"https:\/\/acusticsambient.com\/ca\/politica-de-cookies\/","title":{"rendered":"Pol\u00edtica de cookies"},"content":{"rendered":"<p>[vc_row css_animation=&#8221;&#8221; row_type=&#8221;row&#8221; use_row_as_full_screen_section=&#8221;no&#8221; type=&#8221;full_width&#8221; angled_section=&#8221;no&#8221; text_align=&#8221;left&#8221; background_image_as_pattern=&#8221;without_pattern&#8221;][vc_column][vc_column_text]<\/p>\r\n<p>En compliment amb el deure d&#8217;informaci\u00f3 recollit a l&#8217;apartat 2\u00ba de l&#8217;article 22 de la Llei 34\/2002, d&#8217;11 de Juliol, de Serveis de la Societat de la Informaci\u00f3 i del Comer\u00e7 Electr\u00f2nic, la present pol\u00edtica de\u00a0cookies\u00a0t\u00e9 per finalitat informar-li de manera clara i precisa sobre les\u00a0cookies\u00a0que s&#8217;utilitzen a la p\u00e0gina web de ACUSTICS AMBIENT S.L..<\/p>\r\n<h3><strong><br \/><\/strong>Qu\u00e8 s\u00f3n les\u00a0cookies?<\/h3>\r\n<p>Una\u00a0cookie\u00a0\u00e9s un fitxer de petit tamany que els llocs web envien al navegador i es descarreguen en el seu ordinador. Les\u00a0cookies permeten que la p\u00e0gina web emmagatzemi i recuperi la informaci\u00f3 sobre la seva visita, com la seva prefer\u00e8ncia d&#8217;idioma i altres opcions, amb la finalitat de millorar els serveis que s&#8217;ofereixen i contribuir a tenir una millor experi\u00e8ncia de navegaci\u00f3 per a l&#8217;usuari.<\/p>\r\n<h3><strong><br \/><\/strong>Autoritzaci\u00f3 per a l&#8217;\u00fas de\u00a0cookies<\/h3>\r\n<p>De conformitat amb l&#8217;av\u00eds de\u00a0cookies\u00a0que apareix en el lloc web, l&#8217;usuari accepta que, en navegar pel mateix, consent expressament l&#8217;\u00fas de\u00a0cookies\u00a0segons la descripci\u00f3 que a continuaci\u00f3 es detalla, sense perjudici que l&#8217;usuari pugui modificar la configuraci\u00f3 del seu navegador per rebutjar l&#8217;\u00fas de les\u00a0cookies.<\/p>\r\n<h3><strong><br \/><\/strong>Tipus de\u00a0cookies<\/h3>\r\n<p>En funci\u00f3 de qui gestioni el domini des d&#8217;on s&#8217;envien les\u00a0cookies\u00a0i es tractin les dades, es distingir\u00e0 entre\u00a0cookies\u00a0pr\u00f2pies i\u00a0cookies\u00a0de tercers.<\/p>\r\n<p>Les\u00a0cookies\u00a0tamb\u00e9 poden classificar-se segons el termini de temps que romanguin emmagatzemades en el navegador de l&#8217;usuari, distingint-se entre\u00a0cookies\u00a0de sessi\u00f3 o\u00a0cookies persistents.<\/p>\r\n<p>Finalment, en funci\u00f3 de la finalitat per la qual es tracti la informaci\u00f3 recopilada, les\u00a0cookies\u00a0es poden classificar en les seg\u00fcents categories:<\/p>\r\n<ul>\r\n<li>Cookies\u00a0t\u00e8cniques: \u00a0permeten a l&#8217;usuari navegar per un lloc web i utilitzar alguns dels serveis oferts pel mateix (com per exemple, les que serveixen per recordar els elements integrants d&#8217;un carret de compra).<\/li>\r\n<li>Cookies\u00a0de personalitzaci\u00f3: permeten que l&#8217;usuari accedeixi al lloc web amb unes caracter\u00edstiques determinades, com pot ser l&#8217;idioma.<\/li>\r\n<li>Cookies\u00a0de seguretat: serveixen per impedir o dificultar els atacs contra el lloc web.<\/li>\r\n<li>Cookies\u00a0de complement per intercanviar continguts socials: els anomenats\u00a0plugins, que permeten compartir continguts en xarxes socials.<\/li>\r\n<li>Cookies\u00a0d&#8217;an\u00e0lisi: permeten al responsable el seguiment del comportament de l&#8217;usuari.<\/li>\r\n<li>Cookies\u00a0publicit\u00e0ries: permeten gestionar els espais de publicitat del lloc web.<\/li>\r\n<li>Cookies\u00a0de publicitat\u00a0comportamental: com les anteriors, serveixen per gestionar els espais de publicitat del lloc web en funci\u00f3 de la informaci\u00f3 recollida sobre el comportament de l&#8217;usuari i els seus h\u00e0bits, adaptant la publicitat al perfil de l&#8217;usuari.<\/li>\r\n<li>Cookies\u00a0de\u00a0geolocalitzaci\u00f3: utilitzades per esbrinar el pa\u00eds on es troba l\u2019usuari.<\/li>\r\n<\/ul>\r\n<h3><strong><br \/><\/strong>Com modificar la configuraci\u00f3 de les\u00a0cookies<\/h3>\r\n<p>Vost\u00e8 pot restringir, bloquejar o esborrar les\u00a0cookies\u00a0de ACUSTICS AMBIENT S.L. o qualsevol altra p\u00e0gina web utilitzant el seu navegador. En cada navegador l&#8217;operativa \u00e9s diferent, pot trobar com fer-ho en el men\u00fa d&#8217;ajuda del seu navegador on s&#8217;estableix el procediment per a la seva eliminaci\u00f3. Per a m\u00e9s informaci\u00f3:<\/p>\r\n<ul>\r\n<li>Google\u00a0Chrome:<\/li>\r\n<\/ul>\r\n<p><a href=\"https:\/\/support.google.com\/chrome\/answer\/95647?co=genie.platform%3DDesktop&amp;hl=\u00e9s\">https:\/\/support.google.com\/chrome\/answer\/95647?co=genie.platform%3DDesktop&amp;hl=\u00e9s<\/a><\/p>\r\n<ul>\r\n<li>Mozilla\u00a0Firefox:<\/li>\r\n<\/ul>\r\n<p><a href=\"https:\/\/support.mozilla.org\/es\/kb\/habilitar-y-deshabilitar-cookies-sitios-web-rastrear-preferencias\">https:\/\/support.mozilla.org\/es\/kb\/habilitar-y-deshabilitar-cookies-sitios-web-rastrear-preferencias<\/a><\/p>\r\n<ul>\r\n<li>Safari:<\/li>\r\n<\/ul>\r\n<p><a href=\"https:\/\/support.apple.com\/es-es\/guide\/safari\/sfri11471\/mac\">https:\/\/support.apple.com\/es-es\/guide\/safari\/sfri11471\/mac<\/a><\/p>\r\n<ul>\r\n<li>Internet Explorer:<\/li>\r\n<\/ul>\r\n<p><a href=\"https:\/\/support.microsoft.com\/es-es\/help\/278835\/how-to-delete-cookie-files-in-internet-explorer\">https:\/\/support.microsoft.com\/es-es\/help\/278835\/how-to-delete-cookie-files-in-internet-explorer<\/a><\/p>\r\n<p>\u00c9s possible que en deshabilitar les\u00a0cookies\u00a0la p\u00e0gina web no funcioni correctament o no pugui accedir a determinades funcions de la mateixa.<\/p>\r\n<h3><strong><br \/><\/strong>Cookies\u00a0utilitzades a la web<\/h3>\r\n<p>Al portal web s&#8217;utilitzen diferents tipus de\u00a0cookies\u00a0amb diferents finalitats, a continuaci\u00f3 s&#8217;enumeren les\u00a0cookies\u00a0empleades:<\/p>\r\n<p>&nbsp;<\/p>\r\n<h3><strong>Cookies de tercers<\/strong><\/h3>\r\n<table>\r\n<tbody>\r\n<tr>\r\n<td width=\"110\"><strong>Tipus de <em>cookie<\/em><\/strong><\/td>\r\n<td width=\"100\"><strong>Empresa<\/strong><\/td>\r\n<td width=\"200\"><strong>Finalitat<\/strong><\/td>\r\n<td width=\"200\"><strong>M\u00e1s Informaci\u00f3n<\/strong><\/td>\r\n<\/tr>\r\n<tr>\r\n<td><strong>_utma<br \/>_utmb<br \/>_utmc<br \/>_utmz<\/strong><\/td>\r\n<td><strong>Google<\/strong><\/td>\r\n<td>Navegaci\u00f3 de manera an\u00f2nima que permet saber qu\u00e8 es consulta i com es navega<\/td>\r\n<td><a href=\"http:\/\/www.google.es\/intl\/es\/analytics\/privacyoverview.html\">http:\/\/www.google.es\/intl\/es\/analytics\/privacyoverview.html<\/a><\/td>\r\n<\/tr>\r\n<\/tbody>\r\n<\/table>\r\n<h3><strong><br \/><\/strong>Modificaci\u00f3 de les condicions<\/h3>\r\n<p>ACUSTICS AMBIENT S.L. es reserva expressament el dret a modificar unilateralment, total o parcialment, sense necessitat de previ av\u00eds, la present Pol\u00edtica de\u00a0Cookies. L&#8217;usuari reconeix i accepta que \u00e9s la seva responsabilitat revisar la present Pol\u00edtica de\u00a0Cookies.<\/p>\r\n<p>[\/vc_column_text][\/vc_column][\/vc_row][vc_row css_animation=&#8221;&#8221; row_type=&#8221;row&#8221; use_row_as_full_screen_section=&#8221;no&#8221; type=&#8221;full_width&#8221; angled_section=&#8221;no&#8221; text_align=&#8221;left&#8221; background_image_as_pattern=&#8221;without_pattern&#8221;][vc_column][vc_empty_space height=&#8221;100px&#8221;][\/vc_column][\/vc_row]<\/p>","protected":false},"excerpt":{"rendered":"<p>[vc_row css_animation=&#8221;&#8221; row_type=&#8221;row&#8221; use_row_as_full_screen_section=&#8221;no&#8221; type=&#8221;full_width&#8221; angled_section=&#8221;no&#8221; text_align=&#8221;left&#8221; background_image_as_pattern=&#8221;without_pattern&#8221;][vc_column][vc_column_text] En compliment amb el deure d&#8217;informaci\u00f3 recollit a l&#8217;apartat 2\u00ba de l&#8217;article 22 de la Llei 34\/2002, d&#8217;11 de Juliol, de Serveis de la Societat de la Informaci\u00f3 i del Comer\u00e7 Electr\u00f2nic, la present pol\u00edtica de\u00a0cookies\u00a0t\u00e9 per&#8230;<\/p>\n","protected":false},"author":2,"featured_media":0,"parent":0,"menu_order":1300,"comment_status":"closed","ping_status":"closed","template":"","meta":[],"yoast_head":"<!-- This site is optimized with the Yoast SEO plugin v19.13 - https:\/\/yoast.com\/wordpress\/plugins\/seo\/ -->\n<title>Pol\u00edtica de cookies | Acustics Ambient<\/title>\n<meta name=\"robots\" content=\"index, follow, max-snippet:-1, max-image-preview:large, max-video-preview:-1\" \/>\n<link rel=\"canonical\" href=\"https:\/\/acusticsambient.com\/ca\/politica-de-cookies\/\" \/>\n<meta property=\"og:locale\" content=\"ca_ES\" \/>\n<meta property=\"og:type\" content=\"article\" \/>\n<meta property=\"og:title\" content=\"Pol\u00edtica de cookies | Acustics Ambient\" \/>\n<meta property=\"og:description\" content=\"[vc_row css_animation=&#8221;&#8221; row_type=&#8221;row&#8221; use_row_as_full_screen_section=&#8221;no&#8221; type=&#8221;full_width&#8221; angled_section=&#8221;no&#8221; text_align=&#8221;left&#8221; background_image_as_pattern=&#8221;without_pattern&#8221;][vc_column][vc_column_text] En compliment amb el deure d&#8217;informaci\u00f3 recollit a l&#8217;apartat 2\u00ba de l&#8217;article 22 de la Llei 34\/2002, d&#8217;11 de Juliol, de Serveis de la Societat de la Informaci\u00f3 i del Comer\u00e7 Electr\u00f2nic, la present pol\u00edtica de\u00a0cookies\u00a0t\u00e9 per...\" \/>\n<meta property=\"og:url\" content=\"https:\/\/acusticsambient.com\/ca\/politica-de-cookies\/\" \/>\n<meta property=\"og:site_name\" content=\"Acustics Ambient\" \/>\n<meta property=\"article:modified_time\" content=\"2020-08-11T09:41:59+00:00\" \/>\n<meta name=\"twitter:card\" content=\"summary_large_image\" \/>\n<meta name=\"twitter:label1\" content=\"Temps estimat de lectura\" \/>\n\t<meta name=\"twitter:data1\" content=\"4 minuts\" \/>\n<script type=\"application\/ld+json\" class=\"yoast-schema-graph\">{\"@context\":\"https:\/\/schema.org\",\"@graph\":[{\"@type\":\"WebPage\",\"@id\":\"https:\/\/acusticsambient.com\/ca\/politica-de-cookies\/\",\"url\":\"https:\/\/acusticsambient.com\/ca\/politica-de-cookies\/\",\"name\":\"Pol\u00edtica de cookies | Acustics Ambient\",\"isPartOf\":{\"@id\":\"https:\/\/acusticsambient.com\/ca\/#website\"},\"datePublished\":\"2020-07-28T10:06:15+00:00\",\"dateModified\":\"2020-08-11T09:41:59+00:00\",\"breadcrumb\":{\"@id\":\"https:\/\/acusticsambient.com\/ca\/politica-de-cookies\/#breadcrumb\"},\"inLanguage\":\"ca\",\"potentialAction\":[{\"@type\":\"ReadAction\",\"target\":[\"https:\/\/acusticsambient.com\/ca\/politica-de-cookies\/\"]}]},{\"@type\":\"BreadcrumbList\",\"@id\":\"https:\/\/acusticsambient.com\/ca\/politica-de-cookies\/#breadcrumb\",\"itemListElement\":[{\"@type\":\"ListItem\",\"position\":1,\"name\":\"Home\",\"item\":\"https:\/\/acusticsambient.com\/ca\/\"},{\"@type\":\"ListItem\",\"position\":2,\"name\":\"Pol\u00edtica de cookies\"}]},{\"@type\":\"WebSite\",\"@id\":\"https:\/\/acusticsambient.com\/ca\/#website\",\"url\":\"https:\/\/acusticsambient.com\/ca\/\",\"name\":\"Acustics Ambient\",\"description\":\"Just another WordPress site\",\"publisher\":{\"@id\":\"https:\/\/acusticsambient.com\/ca\/#organization\"},\"potentialAction\":[{\"@type\":\"SearchAction\",\"target\":{\"@type\":\"EntryPoint\",\"urlTemplate\":\"https:\/\/acusticsambient.com\/ca\/?s={search_term_string}\"},\"query-input\":\"required name=search_term_string\"}],\"inLanguage\":\"ca\"},{\"@type\":\"Organization\",\"@id\":\"https:\/\/acusticsambient.com\/ca\/#organization\",\"name\":\"Ac\u00fastics Ambient Consultoria Ac\u00fastica\",\"url\":\"https:\/\/acusticsambient.com\/ca\/\",\"logo\":{\"@type\":\"ImageObject\",\"inLanguage\":\"ca\",\"@id\":\"https:\/\/acusticsambient.com\/ca\/#\/schema\/logo\/image\/\",\"url\":\"https:\/\/acusticsambient.com\/wp-content\/uploads\/2020\/09\/acusticalogo.png\",\"contentUrl\":\"https:\/\/acusticsambient.com\/wp-content\/uploads\/2020\/09\/acusticalogo.png\",\"width\":900,\"height\":600,\"caption\":\"Ac\u00fastics Ambient Consultoria Ac\u00fastica\"},\"image\":{\"@id\":\"https:\/\/acusticsambient.com\/ca\/#\/schema\/logo\/image\/\"}}]}<\/script>\n<!-- \/ Yoast SEO plugin. -->","yoast_head_json":{"title":"Pol\u00edtica de cookies | Acustics Ambient","robots":{"index":"index","follow":"follow","max-snippet":"max-snippet:-1","max-image-preview":"max-image-preview:large","max-video-preview":"max-video-preview:-1"},"canonical":"https:\/\/acusticsambient.com\/ca\/politica-de-cookies\/","og_locale":"ca_ES","og_type":"article","og_title":"Pol\u00edtica de cookies | Acustics Ambient","og_description":"[vc_row css_animation=&#8221;&#8221; row_type=&#8221;row&#8221; use_row_as_full_screen_section=&#8221;no&#8221; type=&#8221;full_width&#8221; angled_section=&#8221;no&#8221; text_align=&#8221;left&#8221; background_image_as_pattern=&#8221;without_pattern&#8221;][vc_column][vc_column_text] En compliment amb el deure d&#8217;informaci\u00f3 recollit a l&#8217;apartat 2\u00ba de l&#8217;article 22 de la Llei 34\/2002, d&#8217;11 de Juliol, de Serveis de la Societat de la Informaci\u00f3 i del Comer\u00e7 Electr\u00f2nic, la present pol\u00edtica de\u00a0cookies\u00a0t\u00e9 per...","og_url":"https:\/\/acusticsambient.com\/ca\/politica-de-cookies\/","og_site_name":"Acustics Ambient","article_modified_time":"2020-08-11T09:41:59+00:00","twitter_card":"summary_large_image","twitter_misc":{"Temps estimat de lectura":"4 minuts"},"schema":{"@context":"https:\/\/schema.org","@graph":[{"@type":"WebPage","@id":"https:\/\/acusticsambient.com\/ca\/politica-de-cookies\/","url":"https:\/\/acusticsambient.com\/ca\/politica-de-cookies\/","name":"Pol\u00edtica de cookies | Acustics Ambient","isPartOf":{"@id":"https:\/\/acusticsambient.com\/ca\/#website"},"datePublished":"2020-07-28T10:06:15+00:00","dateModified":"2020-08-11T09:41:59+00:00","breadcrumb":{"@id":"https:\/\/acusticsambient.com\/ca\/politica-de-cookies\/#breadcrumb"},"inLanguage":"ca","potentialAction":[{"@type":"ReadAction","target":["https:\/\/acusticsambient.com\/ca\/politica-de-cookies\/"]}]},{"@type":"BreadcrumbList","@id":"https:\/\/acusticsambient.com\/ca\/politica-de-cookies\/#breadcrumb","itemListElement":[{"@type":"ListItem","position":1,"name":"Home","item":"https:\/\/acusticsambient.com\/ca\/"},{"@type":"ListItem","position":2,"name":"Pol\u00edtica de cookies"}]},{"@type":"WebSite","@id":"https:\/\/acusticsambient.com\/ca\/#website","url":"https:\/\/acusticsambient.com\/ca\/","name":"Acustics Ambient","description":"Just another WordPress site","publisher":{"@id":"https:\/\/acusticsambient.com\/ca\/#organization"},"potentialAction":[{"@type":"SearchAction","target":{"@type":"EntryPoint","urlTemplate":"https:\/\/acusticsambient.com\/ca\/?s={search_term_string}"},"query-input":"required name=search_term_string"}],"inLanguage":"ca"},{"@type":"Organization","@id":"https:\/\/acusticsambient.com\/ca\/#organization","name":"Ac\u00fastics Ambient Consultoria Ac\u00fastica","url":"https:\/\/acusticsambient.com\/ca\/","logo":{"@type":"ImageObject","inLanguage":"ca","@id":"https:\/\/acusticsambient.com\/ca\/#\/schema\/logo\/image\/","url":"https:\/\/acusticsambient.com\/wp-content\/uploads\/2020\/09\/acusticalogo.png","contentUrl":"https:\/\/acusticsambient.com\/wp-content\/uploads\/2020\/09\/acusticalogo.png","width":900,"height":600,"caption":"Ac\u00fastics Ambient Consultoria Ac\u00fastica"},"image":{"@id":"https:\/\/acusticsambient.com\/ca\/#\/schema\/logo\/image\/"}}]}},"_links":{"self":[{"href":"https:\/\/acusticsambient.com\/ca\/wp-json\/wp\/v2\/pages\/567"}],"collection":[{"href":"https:\/\/acusticsambient.com\/ca\/wp-json\/wp\/v2\/pages"}],"about":[{"href":"https:\/\/acusticsambient.com\/ca\/wp-json\/wp\/v2\/types\/page"}],"author":[{"embeddable":true,"href":"https:\/\/acusticsambient.com\/ca\/wp-json\/wp\/v2\/users\/2"}],"replies":[{"embeddable":true,"href":"https:\/\/acusticsambient.com\/ca\/wp-json\/wp\/v2\/comments?post=567"}],"version-history":[{"count":6,"href":"https:\/\/acusticsambient.com\/ca\/wp-json\/wp\/v2\/pages\/567\/revisions"}],"predecessor-version":[{"id":613,"href":"https:\/\/acusticsambient.com\/ca\/wp-json\/wp\/v2\/pages\/567\/revisions\/613"}],"wp:attachment":[{"href":"https:\/\/acusticsambient.com\/ca\/wp-json\/wp\/v2\/media?parent=567"}],"curies":[{"name":"wp","href":"https:\/\/api.w.org\/{rel}","templated":true}]}}