{"id":558,"date":"2020-07-28T10:06:50","date_gmt":"2020-07-28T10:06:50","guid":{"rendered":"https:\/\/acusticsambient.panelserver.org\/avis-legal\/"},"modified":"2020-08-11T09:35:28","modified_gmt":"2020-08-11T09:35:28","slug":"avis-legal","status":"publish","type":"page","link":"https:\/\/acusticsambient.com\/ca\/avis-legal\/","title":{"rendered":"Avis legal"},"content":{"rendered":"<p>[vc_row css_animation=&#8221;&#8221; row_type=&#8221;row&#8221; use_row_as_full_screen_section=&#8221;no&#8221; type=&#8221;full_width&#8221; angled_section=&#8221;no&#8221; text_align=&#8221;left&#8221; background_image_as_pattern=&#8221;without_pattern&#8221;][vc_column][vc_column_text]En compliment amb el deure d&#8217;informaci\u00f3 recollit a l&#8217;article 10 de la Llei 34\/2002, d&#8217;11 de Juliol, de Serveis de la Informaci\u00f3 i del Comer\u00e7 Electr\u00f2nic, l&#8217;informem que el lloc web i el portal d&#8217;Internet WEB_RESPONSABLE (en endavant, el &#8220;Web&#8221;) \u00e9s titularitat de ACUSTICS AMBIENT S.L. amb domicili social a \u00a0\u00a0Parc Cient\u00edfic PCiTAL ed H2 of. 1.3\u00a0 25003 Lleida, Espa\u00f1a amb CIF n\u00ba B25587718. El present av\u00eds legal regula les condicions d&#8217;\u00fas del citat portal d&#8217;Internet.<\/p>\n<p>&nbsp;<\/p>\n<h3>Llei aplicable i jurisdicci\u00f3<\/h3>\n<p>Amb car\u00e0cter general les relacions entre ACUSTICS AMBIENT S.L. i els usuaris dels serveis telem\u00e0tics, presents a la Web, es troben sotmeses a la legislaci\u00f3 i jurisdicci\u00f3 espanyoles.<\/p>\n<p>Les parts renuncien expressament al fur\u00a0que els pugui correspondre i sotmeten expressament als Jutjats i Tribunals de\u00a0LLEIDA per resoldre qualsevol controv\u00e8rsia que pugui sorgir en la interpretaci\u00f3 o execuci\u00f3 de les presents condicions contractuals.<\/p>\n<p>&nbsp;<\/p>\n<h3>Acceptaci\u00f3 de l&#8217;usuari<\/h3>\n<p>Aquest Av\u00eds Legal regula l&#8217;acc\u00e9s i utilitzaci\u00f3 de la p\u00e0gina web que\u00a0ACUSTICS AMBIENT S.L. posa a la disposici\u00f3 dels usuaris d&#8217;Internet. Es considera usuari a la persona que accedeixi, navegui, utilitzi o participi en els serveis i activitats de la p\u00e0gina web.<\/p>\n<p>L&#8217;usuari queda informat, i accepta, que l&#8217;acc\u00e9s a la present web no suposa, de cap manera, l&#8217;inici d&#8217;una relaci\u00f3 comercial amb ACUSTICS AMBIENT S.L..<\/p>\n<p>L&#8217;acc\u00e9s i navegaci\u00f3 al lloc web per part de l&#8217;usuari suposa l&#8217;acceptaci\u00f3 de la totalitat de les presents Condicions d&#8217;\u00das. En cas de desacord amb les condicions ha d&#8217;abstenir-se a usar el lloc web.<\/p>\n<p>&nbsp;<\/p>\n<h3>Acc\u00e9s a la web<\/h3>\n<p>L&#8217;acc\u00e9s a la p\u00e0gina web per part dels usuaris \u00e9s de car\u00e0cter lliure i gratu\u00eft. Alguns serveis poden trobar-se subjectes a contractaci\u00f3 pr\u00e8via del servei.<\/p>\n<p>En cas de ser necessari que l&#8217;usuari aporti dades personals per accedir a algun dels serveis, la recollida i el tractament de les dades es realitzar\u00e0 de conformitat amb la normativa vigent, en concret amb el RGPD. Per m\u00e9s informaci\u00f3, consulti la nostra pol\u00edtica de privacitat\u00a0<a href=\"https:\/\/acusticsambient.com\/politica-de-privacidad\/\">https:\/\/acusticsambient.com\/politica-de-privacidad\/<\/a>.<\/p>\n<p>&nbsp;<\/p>\n<h3>Contingut i \u00fas<\/h3>\n<p>La visita al lloc web per part de l&#8217;usuari haur\u00e0 de fer-se de forma responsable i de conformitat a la legalitat vigent, la bona fe, el present Av\u00eds Legal i respectant els drets de propietat intel\u00b7lectual i industrial de titularitat de\u00a0ACUSTICS AMBIENT S.L.o qualsevol altres persones f\u00edsiques o jur\u00eddiques.<\/p>\n<p>L&#8217;\u00fas de qualsevol dels continguts del lloc web amb finalitats que siguin o poguessin ser il\u00b7l\u00edcites queda totalment prohibit, aix\u00ed com la realitzaci\u00f3 de qualsevol acci\u00f3 que causi o pugui causar danys o alteracions de qualsevol mena\u00a0no consentides per\u00a0ACUSTICS AMBIENT S.L.al lloc web o als seus continguts.<\/p>\n<p>El titular del web no s&#8217;identifica amb les opinions abocades en el mateix pels seus col\u00b7laboradors. L&#8217;empresa es reserva el dret a efectuar sense previ av\u00eds les modificacions que consideri oportunes en la seva Web, podent canviar, suprimir o afegir tant els continguts i serveis que es presten a trav\u00e9s de la mateixa com la forma en la qual\u00a0aquests apareguin presentats o localitzats en els seus servidors.<\/p>\n<p>&nbsp;<\/p>\n<h3>Propietat intel\u00b7lectual i industrial<\/h3>\n<p>Els drets de propietat intel\u00b7lectual del contingut de les p\u00e0gines web, el seu disseny gr\u00e0fic i codis s\u00f3n titularitat de\u00a0ACUSTICS AMBIENT S.L.i, per tant, queda prohibida la seva reproducci\u00f3, distribuci\u00f3, comunicaci\u00f3 p\u00fablica, transformaci\u00f3 o qualsevol altra activitat que es realitzi amb els continguts de la p\u00e0gina web, encara que es citin les fonts, excepte que es compti amb el consentiment previ, expr\u00e9s i per escrit de\u00a0ACUSTICS AMBIENT S.L.. Tots els noms comercials, marques o signes distintius de qualsevol classe continguts en les p\u00e0gines web de l&#8217;empresa s\u00f3n propietat dels seus amos i estan protegits per llei.<\/p>\n<p>ACUSTICS AMBIENT S.L.no concedeix cap llic\u00e8ncia o autoritzaci\u00f3 d&#8217;\u00fas de ninguna classe sobre els seus drets de propietat intel\u00b7lectual i industrial o sobre qualsevol altra\u00a0propietat o dret relacionat amb el lloc web, i en cap cas s&#8217;entendr\u00e0\u00a0que l&#8217;acc\u00e9s i navegaci\u00f3 dels usuaris implica una ren\u00fancia, transmissi\u00f3, llic\u00e8ncia o cessi\u00f3 total ni parcial d&#8217;aquests drets per part de\u00a0ACUSTICS AMBIENT S.L.<\/p>\n<p>Qualsevol \u00fas d&#8217;aquests continguts no autoritzats pr\u00e8viament per part de ACUSTICS AMBIENT S.L. ser\u00e0 considerat un incompliment greu dels drets de propietat intel\u00b7lectual o industrial i donar\u00e0 lloc a les responsabilitats legalment establertes.\u00a0ACUSTICS AMBIENT S.L.es reserva el dret d&#8217;exercitar enfront l&#8217;usuari les accions judicials i extrajudicials que corresponguin.<\/p>\n<p>&nbsp;<\/p>\n<h3>Responsabilitat i garanties<\/h3>\n<p>ACUSTICS AMBIENT S.L. declara que ha adoptat les mesures necess\u00e0ries que, dins de les seves possibilitats i l&#8217;estat de la tecnologia, permeten el correcte funcionament del seu lloc web aix\u00ed com l&#8217;abs\u00e8ncia de virus i components nocius. No obstant aix\u00f2,\u00a0ACUSTICS AMBIENT S.L.no pot fer-se responsable de les seg\u00fcents situacions que s&#8217;enumeren a t\u00edtol enunciatiu, per\u00f2 no limitatiu:<\/p>\n<ul>\n<li>La continu\u00eftat i disponibilitat dels Continguts.<\/li>\n<li>L&#8217;abs\u00e8ncia d&#8217;errors en els Continguts ni la correcci\u00f3 de qualsevol defecte que pogu\u00e9s oc\u00f3rrer.<\/li>\n<li>L&#8217;abs\u00e8ncia de virus i\/o altres components nocius.<\/li>\n<li>Els danys o perjudicis que causi qualsevol persona que vulneri els sistemes de seguretat de ACUSTICS AMBIENT S.L..<\/li>\n<li>L&#8217;\u00fas que els usuaris puguin fer dels continguts inclosos en el web. En conseq\u00fc\u00e8ncia, ACUSTICS AMBIENT S.L.no garanteix que l&#8217;\u00fas que els usuaris puguin fer dels continguts que en el seu cas s&#8217;incloguin en el lloc web\u00a0s&#8217;ajustin al present av\u00eds legal ni que l&#8217;\u00fas del lloc web es realitzi de forma diligent.<\/li>\n<li>L&#8217;\u00fas per menors d&#8217;edat del lloc web o de l&#8217;enviament de les seves dades personals sense el perm\u00eds dels seus tutors, sent els tutors responsables de l&#8217;\u00fas que facin d&#8217;Internet.<\/li>\n<li>Els continguts als quals\u00a0l&#8217;usuari pugui accedir a trav\u00e9s d&#8217;enlla\u00e7os no autoritzats o introdu\u00efts per usuaris mitjan\u00e7ant comentaris o eines similars.<\/li>\n<li>La introducci\u00f3 de dades err\u00f2nies per part de l&#8217;usuari o d&#8217;un tercer.<\/li>\n<\/ul>\n<p>ACUSTICS AMBIENT S.L. podr\u00e0 suspendre temporalment i sense previ av\u00eds, l&#8217;accessibilitat al lloc web amb motiu d&#8217;operacions de manteniment, reparaci\u00f3, actualitzaci\u00f3 o millora. No obstant aix\u00f2, sempre que les circumst\u00e0ncies ho permetin,\u00a0ACUSTICS AMBIENT S.L.comunicar\u00e0 a l&#8217;usuari, amb antelaci\u00f3 suficient, la data prevista per la suspensi\u00f3 dels continguts.<\/p>\n<p>Igualment, de conformitat amb els arts. 11 i 16 de la Llei 34\/2002, d&#8217;11 de juliol, de serveis de la societat de la informaci\u00f3 i de comer\u00e7 electr\u00f2nic,\u00a0ACUSTICS AMBIENT S.L.es compromet a l&#8217;eliminaci\u00f3 o, en el seu cas, el bloqueig dels continguts que poguessin afectar o ser contraris a la legislaci\u00f3 vigent, els drets de tercers o la moral i ordre p\u00fablic.<\/p>\n<p>&nbsp;<\/p>\n<h3>Cookies<\/h3>\n<p>ACUSTICS AMBIENT S.L. utilitza cookies, a l&#8217;efecte d&#8217;optimitzar i personalitzar la seva navegaci\u00f3 pel lloc web. Les cookies s\u00f3n fitxers f\u00edsics d&#8217;informaci\u00f3 que s&#8217;allotgen en el mateix terminal de l&#8217;usuari, la informaci\u00f3 recollida mitjan\u00e7ant les cookies serveix per facilitar la navegaci\u00f3 de l&#8217;usuari pel portal i optimitzar l&#8217;experi\u00e8ncia de navegaci\u00f3. Les dades recopilades mitjan\u00e7ant les cookies poden ser compartides amb els creadors d&#8217;aquestes, per\u00f2 en cap cas la informaci\u00f3 obtinguda per les mateixes ser\u00e0 associada a dades personals ni a dades que poden identificar a l&#8217;usuari.<\/p>\n<p>No obstant aix\u00f2, si l&#8217;usuari no desitja que s&#8217;instal\u00b7lin cookies en el seu disc dur, t\u00e9 la possibilitat de configurar el navegador de tal manera que impedeixi la instal\u00b7laci\u00f3\u00a0d&#8217;aquests arxius. Per obtenir m\u00e9s informaci\u00f3 consulti la nostra Pol\u00edtica de Cookies <a href=\"https:\/\/acusticsambient.com\/politica-de-cookies\/\">https:\/\/acusticsambient.com\/politica-de-cookies\/<\/a>.<\/p>\n<p>&nbsp;<\/p>\n<h3>Enlla\u00e7os (links)<\/h3>\n<p>La pres\u00e8ncia d&#8217;enlla\u00e7os (links) a la p\u00e0gina web de\u00a0ACUSTICS AMBIENT S.L.cap a altres llocs d&#8217;Internet t\u00e9 finalitat merament informativa i en cap cas suposen suggeriment, invitaci\u00f3 o recomanaci\u00f3 sobre aquests.\u00a0ACUSTICS AMBIENT S.L.no assumir\u00e0 responsabilitat pels continguts d&#8217;un enlla\u00e7 pertanyent a un lloc web ali\u00e8, ni garantir\u00e0 la fiabilitat, exactitud, amplitud, veracitat, validesa i disponibilitat t\u00e8cnica.<\/p>\n<p>En el cas de que a\u00a0altres llocs webs s&#8217;estableixin enlla\u00e7os a la p\u00e0gina web de\u00a0ACUSTICS AMBIENT S.L., no s&#8217;entendr\u00e0 que\u00a0ACUSTICS AMBIENT S.L.ha autoritzat l&#8217;enlla\u00e7 o el contingut del lloc web en el que es cont\u00e9 l&#8217;enlla\u00e7, tampoc es podr\u00e0 incloure a la p\u00e0gina de l&#8217;enlla\u00e7 continguts inapropiats, difamatoris, il\u00b7legals, obscens o il\u00b7l\u00edcits, ni altres continguts que siguin contraris a la legalitat vigent.<\/p>\n<p>ACUSTICS AMBIENT S.L.es\u00a0reserva la possibilitat de contactar amb el propietari del lloc web en el qual s&#8217;estableixi l&#8217;enlla\u00e7 si considera que s&#8217;incompleix la normativa, aix\u00ed com d&#8217;exercitar les corresponents accions judicials i extrajudicials.<\/p>\n<p>&nbsp;<\/p>\n<h3>Modificaci\u00f3\u00a0de les condicions<\/h3>\n<p>ACUSTICS AMBIENT S.L. es reserva expressament el dret a modificar unilateralment, total o parcialment, sense necessitat de previ av\u00eds, el present Av\u00eds Legal. L&#8217;usuari reconeix i accepta que \u00e9s responsabilitat seva revisar peri\u00f2dicament el present Av\u00eds Legal.[\/vc_column_text][\/vc_column][\/vc_row][vc_row css_animation=&#8221;&#8221; row_type=&#8221;row&#8221; use_row_as_full_screen_section=&#8221;no&#8221; type=&#8221;full_width&#8221; angled_section=&#8221;no&#8221; text_align=&#8221;left&#8221; background_image_as_pattern=&#8221;without_pattern&#8221;][vc_column][vc_empty_space height=&#8221;100px&#8221;][\/vc_column][\/vc_row]<\/p>\n","protected":false},"excerpt":{"rendered":"<p>[vc_row css_animation=&#8221;&#8221; row_type=&#8221;row&#8221; use_row_as_full_screen_section=&#8221;no&#8221; type=&#8221;full_width&#8221; angled_section=&#8221;no&#8221; text_align=&#8221;left&#8221; background_image_as_pattern=&#8221;without_pattern&#8221;][vc_column][vc_column_text]En compliment amb el deure d&#8217;informaci\u00f3 recollit a l&#8217;article 10 de la Llei 34\/2002, d&#8217;11 de Juliol, de Serveis de la Informaci\u00f3 i del Comer\u00e7 Electr\u00f2nic, l&#8217;informem que el lloc web i el portal d&#8217;Internet WEB_RESPONSABLE (en endavant,&#8230;<\/p>\n","protected":false},"author":2,"featured_media":0,"parent":0,"menu_order":1000,"comment_status":"closed","ping_status":"closed","template":"","meta":[],"yoast_head":"<!-- This site is optimized with the Yoast SEO plugin v19.13 - https:\/\/yoast.com\/wordpress\/plugins\/seo\/ -->\n<title>Avis legal | Acustics Ambient<\/title>\n<meta name=\"robots\" content=\"index, follow, max-snippet:-1, max-image-preview:large, max-video-preview:-1\" \/>\n<link rel=\"canonical\" href=\"https:\/\/acusticsambient.com\/ca\/avis-legal\/\" \/>\n<meta property=\"og:locale\" content=\"ca_ES\" \/>\n<meta property=\"og:type\" content=\"article\" \/>\n<meta property=\"og:title\" content=\"Avis legal | Acustics Ambient\" \/>\n<meta property=\"og:description\" content=\"[vc_row css_animation=&#8221;&#8221; row_type=&#8221;row&#8221; use_row_as_full_screen_section=&#8221;no&#8221; type=&#8221;full_width&#8221; angled_section=&#8221;no&#8221; text_align=&#8221;left&#8221; background_image_as_pattern=&#8221;without_pattern&#8221;][vc_column][vc_column_text]En compliment amb el deure d&#8217;informaci\u00f3 recollit a l&#8217;article 10 de la Llei 34\/2002, d&#8217;11 de Juliol, de Serveis de la Informaci\u00f3 i del Comer\u00e7 Electr\u00f2nic, l&#8217;informem que el lloc web i el portal d&#8217;Internet WEB_RESPONSABLE (en endavant,...\" \/>\n<meta property=\"og:url\" content=\"https:\/\/acusticsambient.com\/ca\/avis-legal\/\" \/>\n<meta property=\"og:site_name\" content=\"Acustics Ambient\" \/>\n<meta property=\"article:modified_time\" content=\"2020-08-11T09:35:28+00:00\" \/>\n<meta name=\"twitter:card\" content=\"summary_large_image\" \/>\n<meta name=\"twitter:label1\" content=\"Temps estimat de lectura\" \/>\n\t<meta name=\"twitter:data1\" content=\"8 minuts\" \/>\n<script type=\"application\/ld+json\" class=\"yoast-schema-graph\">{\"@context\":\"https:\/\/schema.org\",\"@graph\":[{\"@type\":\"WebPage\",\"@id\":\"https:\/\/acusticsambient.com\/ca\/avis-legal\/\",\"url\":\"https:\/\/acusticsambient.com\/ca\/avis-legal\/\",\"name\":\"Avis legal | Acustics Ambient\",\"isPartOf\":{\"@id\":\"https:\/\/acusticsambient.com\/ca\/#website\"},\"datePublished\":\"2020-07-28T10:06:50+00:00\",\"dateModified\":\"2020-08-11T09:35:28+00:00\",\"breadcrumb\":{\"@id\":\"https:\/\/acusticsambient.com\/ca\/avis-legal\/#breadcrumb\"},\"inLanguage\":\"ca\",\"potentialAction\":[{\"@type\":\"ReadAction\",\"target\":[\"https:\/\/acusticsambient.com\/ca\/avis-legal\/\"]}]},{\"@type\":\"BreadcrumbList\",\"@id\":\"https:\/\/acusticsambient.com\/ca\/avis-legal\/#breadcrumb\",\"itemListElement\":[{\"@type\":\"ListItem\",\"position\":1,\"name\":\"Home\",\"item\":\"https:\/\/acusticsambient.com\/ca\/\"},{\"@type\":\"ListItem\",\"position\":2,\"name\":\"Avis legal\"}]},{\"@type\":\"WebSite\",\"@id\":\"https:\/\/acusticsambient.com\/ca\/#website\",\"url\":\"https:\/\/acusticsambient.com\/ca\/\",\"name\":\"Acustics Ambient\",\"description\":\"Just another WordPress site\",\"publisher\":{\"@id\":\"https:\/\/acusticsambient.com\/ca\/#organization\"},\"potentialAction\":[{\"@type\":\"SearchAction\",\"target\":{\"@type\":\"EntryPoint\",\"urlTemplate\":\"https:\/\/acusticsambient.com\/ca\/?s={search_term_string}\"},\"query-input\":\"required name=search_term_string\"}],\"inLanguage\":\"ca\"},{\"@type\":\"Organization\",\"@id\":\"https:\/\/acusticsambient.com\/ca\/#organization\",\"name\":\"Ac\u00fastics Ambient Consultoria Ac\u00fastica\",\"url\":\"https:\/\/acusticsambient.com\/ca\/\",\"logo\":{\"@type\":\"ImageObject\",\"inLanguage\":\"ca\",\"@id\":\"https:\/\/acusticsambient.com\/ca\/#\/schema\/logo\/image\/\",\"url\":\"https:\/\/acusticsambient.com\/wp-content\/uploads\/2020\/09\/acusticalogo.png\",\"contentUrl\":\"https:\/\/acusticsambient.com\/wp-content\/uploads\/2020\/09\/acusticalogo.png\",\"width\":900,\"height\":600,\"caption\":\"Ac\u00fastics Ambient Consultoria Ac\u00fastica\"},\"image\":{\"@id\":\"https:\/\/acusticsambient.com\/ca\/#\/schema\/logo\/image\/\"}}]}<\/script>\n<!-- \/ Yoast SEO plugin. -->","yoast_head_json":{"title":"Avis legal | Acustics Ambient","robots":{"index":"index","follow":"follow","max-snippet":"max-snippet:-1","max-image-preview":"max-image-preview:large","max-video-preview":"max-video-preview:-1"},"canonical":"https:\/\/acusticsambient.com\/ca\/avis-legal\/","og_locale":"ca_ES","og_type":"article","og_title":"Avis legal | Acustics Ambient","og_description":"[vc_row css_animation=&#8221;&#8221; row_type=&#8221;row&#8221; use_row_as_full_screen_section=&#8221;no&#8221; type=&#8221;full_width&#8221; angled_section=&#8221;no&#8221; text_align=&#8221;left&#8221; background_image_as_pattern=&#8221;without_pattern&#8221;][vc_column][vc_column_text]En compliment amb el deure d&#8217;informaci\u00f3 recollit a l&#8217;article 10 de la Llei 34\/2002, d&#8217;11 de Juliol, de Serveis de la Informaci\u00f3 i del Comer\u00e7 Electr\u00f2nic, l&#8217;informem que el lloc web i el portal d&#8217;Internet WEB_RESPONSABLE (en endavant,...","og_url":"https:\/\/acusticsambient.com\/ca\/avis-legal\/","og_site_name":"Acustics Ambient","article_modified_time":"2020-08-11T09:35:28+00:00","twitter_card":"summary_large_image","twitter_misc":{"Temps estimat de lectura":"8 minuts"},"schema":{"@context":"https:\/\/schema.org","@graph":[{"@type":"WebPage","@id":"https:\/\/acusticsambient.com\/ca\/avis-legal\/","url":"https:\/\/acusticsambient.com\/ca\/avis-legal\/","name":"Avis legal | Acustics Ambient","isPartOf":{"@id":"https:\/\/acusticsambient.com\/ca\/#website"},"datePublished":"2020-07-28T10:06:50+00:00","dateModified":"2020-08-11T09:35:28+00:00","breadcrumb":{"@id":"https:\/\/acusticsambient.com\/ca\/avis-legal\/#breadcrumb"},"inLanguage":"ca","potentialAction":[{"@type":"ReadAction","target":["https:\/\/acusticsambient.com\/ca\/avis-legal\/"]}]},{"@type":"BreadcrumbList","@id":"https:\/\/acusticsambient.com\/ca\/avis-legal\/#breadcrumb","itemListElement":[{"@type":"ListItem","position":1,"name":"Home","item":"https:\/\/acusticsambient.com\/ca\/"},{"@type":"ListItem","position":2,"name":"Avis legal"}]},{"@type":"WebSite","@id":"https:\/\/acusticsambient.com\/ca\/#website","url":"https:\/\/acusticsambient.com\/ca\/","name":"Acustics Ambient","description":"Just another WordPress site","publisher":{"@id":"https:\/\/acusticsambient.com\/ca\/#organization"},"potentialAction":[{"@type":"SearchAction","target":{"@type":"EntryPoint","urlTemplate":"https:\/\/acusticsambient.com\/ca\/?s={search_term_string}"},"query-input":"required name=search_term_string"}],"inLanguage":"ca"},{"@type":"Organization","@id":"https:\/\/acusticsambient.com\/ca\/#organization","name":"Ac\u00fastics Ambient Consultoria Ac\u00fastica","url":"https:\/\/acusticsambient.com\/ca\/","logo":{"@type":"ImageObject","inLanguage":"ca","@id":"https:\/\/acusticsambient.com\/ca\/#\/schema\/logo\/image\/","url":"https:\/\/acusticsambient.com\/wp-content\/uploads\/2020\/09\/acusticalogo.png","contentUrl":"https:\/\/acusticsambient.com\/wp-content\/uploads\/2020\/09\/acusticalogo.png","width":900,"height":600,"caption":"Ac\u00fastics Ambient Consultoria Ac\u00fastica"},"image":{"@id":"https:\/\/acusticsambient.com\/ca\/#\/schema\/logo\/image\/"}}]}},"_links":{"self":[{"href":"https:\/\/acusticsambient.com\/ca\/wp-json\/wp\/v2\/pages\/558"}],"collection":[{"href":"https:\/\/acusticsambient.com\/ca\/wp-json\/wp\/v2\/pages"}],"about":[{"href":"https:\/\/acusticsambient.com\/ca\/wp-json\/wp\/v2\/types\/page"}],"author":[{"embeddable":true,"href":"https:\/\/acusticsambient.com\/ca\/wp-json\/wp\/v2\/users\/2"}],"replies":[{"embeddable":true,"href":"https:\/\/acusticsambient.com\/ca\/wp-json\/wp\/v2\/comments?post=558"}],"version-history":[{"count":11,"href":"https:\/\/acusticsambient.com\/ca\/wp-json\/wp\/v2\/pages\/558\/revisions"}],"predecessor-version":[{"id":609,"href":"https:\/\/acusticsambient.com\/ca\/wp-json\/wp\/v2\/pages\/558\/revisions\/609"}],"wp:attachment":[{"href":"https:\/\/acusticsambient.com\/ca\/wp-json\/wp\/v2\/media?parent=558"}],"curies":[{"name":"wp","href":"https:\/\/api.w.org\/{rel}","templated":true}]}}