{"id":2249,"date":"2020-09-09T07:02:16","date_gmt":"2020-09-09T07:02:16","guid":{"rendered":"https:\/\/acusticsambient.com\/industria\/"},"modified":"2021-03-09T10:42:12","modified_gmt":"2021-03-09T10:42:12","slug":"industria","status":"publish","type":"page","link":"https:\/\/acusticsambient.com\/ca\/industria\/","title":{"rendered":"Ind\u00fastria"},"content":{"rendered":"<p>[vc_row css_animation=&#8221;&#8221; row_type=&#8221;row&#8221; use_row_as_full_screen_section=&#8221;no&#8221; type=&#8221;grid&#8221; angled_section=&#8221;no&#8221; text_align=&#8221;left&#8221; background_image_as_pattern=&#8221;without_pattern&#8221; css=&#8221;.vc_custom_1600364212737{padding-top: 120px !important;padding-bottom: 120px !important;}&#8221; z_index=&#8221;&#8221;][vc_column][vc_row_inner row_type=&#8221;row&#8221; type=&#8221;full_width&#8221; text_align=&#8221;left&#8221; css_animation=&#8221;&#8221;][vc_column_inner width=&#8221;1\/2&#8243;][vc_column_text css=&#8221;.vc_custom_1606470376437{padding-top: 30px !important;padding-right: 30px !important;padding-bottom: 30px !important;}&#8221;]<\/p>\n<h3>Ac\u00fastica industrial<\/h3>\n<p><strong>D&#8217;acord amb la legislaci\u00f3 vigent les empreses estan obligades a identificar, avaluar i controlar els nivells de soroll en el lloc de treball<\/strong> per garantir que cap empleat o una altra persona estigui exposat a nivells de soroll que superin els criteris legals m\u00e0xims.<\/p>\n<p><strong>L&#8217;exposici\u00f3 a alts nivells de soroll pot provocar fatiga i estr\u00e8s, afectar la concentraci\u00f3 i la comunicaci\u00f3, aix\u00ed com disminuir el rendiment de producci\u00f3.<\/strong>\u00a0La p\u00e8rdua auditiva indu\u00efda pel soroll afecta les persones dificultant la comunicaci\u00f3, la intel\u00b7ligibilitat i afectar la capacitat d&#8217;escoltar alarmes d&#8217;advert\u00e8ncia, etc.<\/p>\n<p>La primera fase \u00e9s avaluar els nivells d&#8217;exposici\u00f3 a soroll existents per als seus empleats.<\/p>\n<p>Ac\u00fastics Ambient SL pot dur a terme una auditoria de soroll dels nivells existents per identificar els nivells de soroll en els diferents llocs, aix\u00ed com identificar \u00e0rees o equips sorollosos.[\/vc_column_text][\/vc_column_inner][vc_column_inner width=&#8221;1\/2&#8243; css=&#8221;.vc_custom_1600758730431{padding-top: 300px !important;padding-bottom: 300px !important;background-image: url(https:\/\/acusticsambient.com\/wp-content\/uploads\/2020\/09\/INDUSTRIA-12.jpg?id=1707) !important;background-position: center !important;background-repeat: no-repeat !important;background-size: cover !important;}&#8221;][\/vc_column_inner][\/vc_row_inner][vc_row_inner row_type=&#8221;row&#8221; type=&#8221;full_width&#8221; text_align=&#8221;left&#8221; css_animation=&#8221;&#8221;][vc_column_inner width=&#8221;1\/2&#8243; css=&#8221;.vc_custom_1600758885301{padding-top: 300px !important;padding-bottom: 750px !important;background-image: url(https:\/\/acusticsambient.com\/wp-content\/uploads\/2020\/09\/INDUSTRIA-16.jpg?id=1711) !important;background-position: center !important;background-repeat: no-repeat !important;background-size: cover !important;}&#8221;][\/vc_column_inner][vc_column_inner width=&#8221;1\/2&#8243;][vc_column_text css=&#8221;.vc_custom_1604403139485{padding-bottom: 30px !important;padding-left: 30px !important;}&#8221;]<\/p>\n<h3>Refugis Ac\u00fastics<\/h3>\n<p>Cada vegada m\u00e9s la tend\u00e8ncia de la ind\u00fastria i les plantes de producci\u00f3 rau en la reducci\u00f3 de llocs de treball substituint-los per sistemes automatitzats, la tasca dels operaris passen a tasques de control de qualitat i supervisi\u00f3. Hem de tenir en compte els temps d&#8217;exposici\u00f3 per assegurar en aquests refugis uns nivells redu\u00efts d&#8217;exposici\u00f3.<\/p>\n<p>Ac\u00fastics Ambient SL som especialistes en l&#8217;optimitzaci\u00f3 del disseny de proposta de mesures correctores.<\/p>\n<h3>Protecci\u00f3 individual<\/h3>\n<p>Els protectors auditius s\u00f3n equips de protecci\u00f3 individual que redueixen els efectes de soroll per evitar danys a l&#8217;o\u00efda. La protecci\u00f3 individual nom\u00e9s s&#8217;ha de considerar una mesura complement\u00e0ria quan no \u00e9s t\u00e8cnicament possible reduir el nivell sonor fins a nivells segurs, i tamb\u00e9 mentre s&#8217;implanten les mesures per reduir-lo o en circumst\u00e0ncies especials, com per exemple, l&#8217;acc\u00e9s espor\u00e0dic a sales de m\u00e0quines.<br \/>\nEl RD 286\/2006 estableix l&#8217;obligatorietat d&#8217;\u00fas del protector auditiu quan se superen els valors superiors d&#8217;exposici\u00f3: LAeq, d = 85 dB (A) i Lpic = 137 dB (C). No obstant aix\u00f2 l&#8217;empresa ha de posar a disposici\u00f3 dels treballadors protectors auditius quan els nivells de soroll siguin superiors als valors inferiors d&#8217;exposici\u00f3: LAeq, d = 80 dB (A) i Lpic = 135 dB (C), respectivament. Els protectors auditius se subministraran gratu\u00eftament al treballador i seran d&#8217;\u00fas personal. L&#8217;empresa ha de proporcionar, preferentment per escrit, instruccions precises i entenedores. Igualment s&#8217;aconsella fer formaci\u00f3 a sessions d&#8217;entrenament previ al primer \u00fas.[\/vc_column_text]\n\n\t<a href=\"https:\/\/acusticsambient.com\/ca\/#projectes\" target=\"_self\" style=\"color: #ffffff;background-color: #51a126;font-size: 20px;font-weight: 400;margin: 20px 0px 0px 0px\" class=\"qode-btn qode-btn-medium qode-btn-solid qode-btn-custom-hover-bg qode-btn-custom-hover-color qode-btn-default-hover\" data-hover-bg-color=\"#96949a\" data-hover-color=\"#ffffff\" >\n\t    <span class=\"qode-btn-text\">M\u00e9s Projectes<\/span>\t<\/a>\n\n[\/vc_column_inner][\/vc_row_inner][\/vc_column][\/vc_row][vc_row css_animation=&#8221;&#8221; row_type=&#8221;row&#8221; use_row_as_full_screen_section=&#8221;no&#8221; type=&#8221;full_width&#8221; angled_section=&#8221;no&#8221; text_align=&#8221;left&#8221; background_image_as_pattern=&#8221;without_pattern&#8221; z_index=&#8221;&#8221; css=&#8221;.vc_custom_1600335949546{background-color: #ffffff !important;}&#8221;][vc_column][vc_empty_space height=&#8221;48px&#8221;][vc_column_text]<\/p>\n<h2 style=\"text-align: center; color: #51a126;\">Els Nostres <span style=\"color: #969799;\">Projectes:<\/span><\/h2>\n<h3 style=\"text-align: center; color: #51a126;\">Ind\u00fastria<\/h3>\n<p>[\/vc_column_text][vc_empty_space height=&#8221;48px&#8221;][vc_gallery type=&#8221;image_grid&#8221; images=&#8221;1704,1706,1708,1710,1712,1714,1716,1718,1720,1722,1724,1726,1728,1730,1732,1734,1736,1738,3385,3387,3389,3391,3393,3395,3397,3399,3401&#8243; img_size=&#8221;500&#215;500&#8243; column_number=&#8221;4&#8243; grayscale=&#8221;no&#8221; images_space=&#8221;gallery_with_space&#8221;][vc_empty_space height=&#8221;48px&#8221;][\/vc_column][\/vc_row]<\/p>\n","protected":false},"excerpt":{"rendered":"<p>[vc_row css_animation=&#8221;&#8221; row_type=&#8221;row&#8221; use_row_as_full_screen_section=&#8221;no&#8221; type=&#8221;grid&#8221; angled_section=&#8221;no&#8221; text_align=&#8221;left&#8221; background_image_as_pattern=&#8221;without_pattern&#8221; css=&#8221;.vc_custom_1600364212737{padding-top: 120px !important;padding-bottom: 120px !important;}&#8221; z_index=&#8221;&#8221;][vc_column][vc_row_inner row_type=&#8221;row&#8221; type=&#8221;full_width&#8221; text_align=&#8221;left&#8221; css_animation=&#8221;&#8221;][vc_column_inner width=&#8221;1\/2&#8243;][vc_column_text css=&#8221;.vc_custom_1606470376437{padding-top: 30px !important;padding-right: 30px !important;padding-bottom: 30px !important;}&#8221;] Ac\u00fastica industrial D&#8217;acord amb la legislaci\u00f3 vigent les empreses estan obligades a identificar, avaluar i controlar els nivells de&#8230;<\/p>\n","protected":false},"author":2,"featured_media":0,"parent":0,"menu_order":300,"comment_status":"closed","ping_status":"closed","template":"full_width.php","meta":[],"yoast_head":"<!-- This site is optimized with the Yoast SEO plugin v19.13 - https:\/\/yoast.com\/wordpress\/plugins\/seo\/ -->\n<title>Ind\u00fastria | Acustics Ambient<\/title>\n<meta name=\"robots\" content=\"index, follow, max-snippet:-1, max-image-preview:large, max-video-preview:-1\" \/>\n<link rel=\"canonical\" href=\"https:\/\/acusticsambient.com\/ca\/industria\/\" \/>\n<meta property=\"og:locale\" content=\"ca_ES\" \/>\n<meta property=\"og:type\" content=\"article\" \/>\n<meta property=\"og:title\" content=\"Ind\u00fastria | Acustics Ambient\" \/>\n<meta property=\"og:description\" content=\"[vc_row css_animation=&#8221;&#8221; row_type=&#8221;row&#8221; use_row_as_full_screen_section=&#8221;no&#8221; type=&#8221;grid&#8221; angled_section=&#8221;no&#8221; text_align=&#8221;left&#8221; background_image_as_pattern=&#8221;without_pattern&#8221; css=&#8221;.vc_custom_1600364212737{padding-top: 120px !important;padding-bottom: 120px !important;}&#8221; z_index=&#8221;&#8221;][vc_column][vc_row_inner row_type=&#8221;row&#8221; type=&#8221;full_width&#8221; text_align=&#8221;left&#8221; css_animation=&#8221;&#8221;][vc_column_inner width=&#8221;1\/2&#8243;][vc_column_text css=&#8221;.vc_custom_1606470376437{padding-top: 30px !important;padding-right: 30px !important;padding-bottom: 30px !important;}&#8221;] Ac\u00fastica industrial D&#8217;acord amb la legislaci\u00f3 vigent les empreses estan obligades a identificar, avaluar i controlar els nivells de...\" \/>\n<meta property=\"og:url\" content=\"https:\/\/acusticsambient.com\/ca\/industria\/\" \/>\n<meta property=\"og:site_name\" content=\"Acustics Ambient\" \/>\n<meta property=\"article:modified_time\" content=\"2021-03-09T10:42:12+00:00\" \/>\n<meta name=\"twitter:card\" content=\"summary_large_image\" \/>\n<meta name=\"twitter:label1\" content=\"Temps estimat de lectura\" \/>\n\t<meta name=\"twitter:data1\" content=\"4 minuts\" \/>\n<script type=\"application\/ld+json\" class=\"yoast-schema-graph\">{\"@context\":\"https:\/\/schema.org\",\"@graph\":[{\"@type\":\"WebPage\",\"@id\":\"https:\/\/acusticsambient.com\/ca\/industria\/\",\"url\":\"https:\/\/acusticsambient.com\/ca\/industria\/\",\"name\":\"Ind\u00fastria | Acustics Ambient\",\"isPartOf\":{\"@id\":\"https:\/\/acusticsambient.com\/ca\/#website\"},\"datePublished\":\"2020-09-09T07:02:16+00:00\",\"dateModified\":\"2021-03-09T10:42:12+00:00\",\"breadcrumb\":{\"@id\":\"https:\/\/acusticsambient.com\/ca\/industria\/#breadcrumb\"},\"inLanguage\":\"ca\",\"potentialAction\":[{\"@type\":\"ReadAction\",\"target\":[\"https:\/\/acusticsambient.com\/ca\/industria\/\"]}]},{\"@type\":\"BreadcrumbList\",\"@id\":\"https:\/\/acusticsambient.com\/ca\/industria\/#breadcrumb\",\"itemListElement\":[{\"@type\":\"ListItem\",\"position\":1,\"name\":\"Home\",\"item\":\"https:\/\/acusticsambient.com\/ca\/\"},{\"@type\":\"ListItem\",\"position\":2,\"name\":\"Ind\u00fastria\"}]},{\"@type\":\"WebSite\",\"@id\":\"https:\/\/acusticsambient.com\/ca\/#website\",\"url\":\"https:\/\/acusticsambient.com\/ca\/\",\"name\":\"Acustics Ambient\",\"description\":\"Just another WordPress site\",\"publisher\":{\"@id\":\"https:\/\/acusticsambient.com\/ca\/#organization\"},\"potentialAction\":[{\"@type\":\"SearchAction\",\"target\":{\"@type\":\"EntryPoint\",\"urlTemplate\":\"https:\/\/acusticsambient.com\/ca\/?s={search_term_string}\"},\"query-input\":\"required name=search_term_string\"}],\"inLanguage\":\"ca\"},{\"@type\":\"Organization\",\"@id\":\"https:\/\/acusticsambient.com\/ca\/#organization\",\"name\":\"Ac\u00fastics Ambient Consultoria Ac\u00fastica\",\"url\":\"https:\/\/acusticsambient.com\/ca\/\",\"logo\":{\"@type\":\"ImageObject\",\"inLanguage\":\"ca\",\"@id\":\"https:\/\/acusticsambient.com\/ca\/#\/schema\/logo\/image\/\",\"url\":\"https:\/\/acusticsambient.com\/wp-content\/uploads\/2020\/09\/acusticalogo.png\",\"contentUrl\":\"https:\/\/acusticsambient.com\/wp-content\/uploads\/2020\/09\/acusticalogo.png\",\"width\":900,\"height\":600,\"caption\":\"Ac\u00fastics Ambient Consultoria Ac\u00fastica\"},\"image\":{\"@id\":\"https:\/\/acusticsambient.com\/ca\/#\/schema\/logo\/image\/\"}}]}<\/script>\n<!-- \/ Yoast SEO plugin. -->","yoast_head_json":{"title":"Ind\u00fastria | Acustics Ambient","robots":{"index":"index","follow":"follow","max-snippet":"max-snippet:-1","max-image-preview":"max-image-preview:large","max-video-preview":"max-video-preview:-1"},"canonical":"https:\/\/acusticsambient.com\/ca\/industria\/","og_locale":"ca_ES","og_type":"article","og_title":"Ind\u00fastria | Acustics Ambient","og_description":"[vc_row css_animation=&#8221;&#8221; row_type=&#8221;row&#8221; use_row_as_full_screen_section=&#8221;no&#8221; type=&#8221;grid&#8221; angled_section=&#8221;no&#8221; text_align=&#8221;left&#8221; background_image_as_pattern=&#8221;without_pattern&#8221; css=&#8221;.vc_custom_1600364212737{padding-top: 120px !important;padding-bottom: 120px !important;}&#8221; z_index=&#8221;&#8221;][vc_column][vc_row_inner row_type=&#8221;row&#8221; type=&#8221;full_width&#8221; text_align=&#8221;left&#8221; css_animation=&#8221;&#8221;][vc_column_inner width=&#8221;1\/2&#8243;][vc_column_text css=&#8221;.vc_custom_1606470376437{padding-top: 30px !important;padding-right: 30px !important;padding-bottom: 30px !important;}&#8221;] Ac\u00fastica industrial D&#8217;acord amb la legislaci\u00f3 vigent les empreses estan obligades a identificar, avaluar i controlar els nivells de...","og_url":"https:\/\/acusticsambient.com\/ca\/industria\/","og_site_name":"Acustics Ambient","article_modified_time":"2021-03-09T10:42:12+00:00","twitter_card":"summary_large_image","twitter_misc":{"Temps estimat de lectura":"4 minuts"},"schema":{"@context":"https:\/\/schema.org","@graph":[{"@type":"WebPage","@id":"https:\/\/acusticsambient.com\/ca\/industria\/","url":"https:\/\/acusticsambient.com\/ca\/industria\/","name":"Ind\u00fastria | Acustics Ambient","isPartOf":{"@id":"https:\/\/acusticsambient.com\/ca\/#website"},"datePublished":"2020-09-09T07:02:16+00:00","dateModified":"2021-03-09T10:42:12+00:00","breadcrumb":{"@id":"https:\/\/acusticsambient.com\/ca\/industria\/#breadcrumb"},"inLanguage":"ca","potentialAction":[{"@type":"ReadAction","target":["https:\/\/acusticsambient.com\/ca\/industria\/"]}]},{"@type":"BreadcrumbList","@id":"https:\/\/acusticsambient.com\/ca\/industria\/#breadcrumb","itemListElement":[{"@type":"ListItem","position":1,"name":"Home","item":"https:\/\/acusticsambient.com\/ca\/"},{"@type":"ListItem","position":2,"name":"Ind\u00fastria"}]},{"@type":"WebSite","@id":"https:\/\/acusticsambient.com\/ca\/#website","url":"https:\/\/acusticsambient.com\/ca\/","name":"Acustics Ambient","description":"Just another WordPress site","publisher":{"@id":"https:\/\/acusticsambient.com\/ca\/#organization"},"potentialAction":[{"@type":"SearchAction","target":{"@type":"EntryPoint","urlTemplate":"https:\/\/acusticsambient.com\/ca\/?s={search_term_string}"},"query-input":"required name=search_term_string"}],"inLanguage":"ca"},{"@type":"Organization","@id":"https:\/\/acusticsambient.com\/ca\/#organization","name":"Ac\u00fastics Ambient Consultoria Ac\u00fastica","url":"https:\/\/acusticsambient.com\/ca\/","logo":{"@type":"ImageObject","inLanguage":"ca","@id":"https:\/\/acusticsambient.com\/ca\/#\/schema\/logo\/image\/","url":"https:\/\/acusticsambient.com\/wp-content\/uploads\/2020\/09\/acusticalogo.png","contentUrl":"https:\/\/acusticsambient.com\/wp-content\/uploads\/2020\/09\/acusticalogo.png","width":900,"height":600,"caption":"Ac\u00fastics Ambient Consultoria Ac\u00fastica"},"image":{"@id":"https:\/\/acusticsambient.com\/ca\/#\/schema\/logo\/image\/"}}]}},"_links":{"self":[{"href":"https:\/\/acusticsambient.com\/ca\/wp-json\/wp\/v2\/pages\/2249"}],"collection":[{"href":"https:\/\/acusticsambient.com\/ca\/wp-json\/wp\/v2\/pages"}],"about":[{"href":"https:\/\/acusticsambient.com\/ca\/wp-json\/wp\/v2\/types\/page"}],"author":[{"embeddable":true,"href":"https:\/\/acusticsambient.com\/ca\/wp-json\/wp\/v2\/users\/2"}],"replies":[{"embeddable":true,"href":"https:\/\/acusticsambient.com\/ca\/wp-json\/wp\/v2\/comments?post=2249"}],"version-history":[{"count":12,"href":"https:\/\/acusticsambient.com\/ca\/wp-json\/wp\/v2\/pages\/2249\/revisions"}],"predecessor-version":[{"id":3404,"href":"https:\/\/acusticsambient.com\/ca\/wp-json\/wp\/v2\/pages\/2249\/revisions\/3404"}],"wp:attachment":[{"href":"https:\/\/acusticsambient.com\/ca\/wp-json\/wp\/v2\/media?parent=2249"}],"curies":[{"name":"wp","href":"https:\/\/api.w.org\/{rel}","templated":true}]}}