{"id":2247,"date":"2020-09-09T07:17:40","date_gmt":"2020-09-09T07:17:40","guid":{"rendered":"https:\/\/acusticsambient.com\/monitoreo-ruido-vibraciones-smart-industria-4-0\/"},"modified":"2021-03-16T11:45:20","modified_gmt":"2021-03-16T11:45:20","slug":"monitoreo-ruido-vibraciones-smart-industria-4-0","status":"publish","type":"page","link":"https:\/\/acusticsambient.com\/ca\/monitoreo-ruido-vibraciones-smart-industria-4-0\/","title":{"rendered":"Monitoreig soroll vibracions Smart Ind\u00fastria 4.0"},"content":{"rendered":"<p>[vc_row css_animation=&#8221;&#8221; row_type=&#8221;row&#8221; use_row_as_full_screen_section=&#8221;no&#8221; type=&#8221;grid&#8221; angled_section=&#8221;no&#8221; text_align=&#8221;left&#8221; background_image_as_pattern=&#8221;without_pattern&#8221; css=&#8221;.vc_custom_1600364212737{padding-top: 120px !important;padding-bottom: 120px !important;}&#8221; z_index=&#8221;&#8221;][vc_column][vc_row_inner row_type=&#8221;row&#8221; type=&#8221;full_width&#8221; text_align=&#8221;left&#8221; css_animation=&#8221;&#8221;][vc_column_inner width=&#8221;1\/2&#8243;][vc_column_text]<\/p>\n<h3>Sensor de monitoratge de soroll<\/h3>\n<p>El sensor de soroll amb precisi\u00f3 d\u2019un son\u00f2metre classe 1, m\u00e0xima protecci\u00f3 d\u2019un kit d\u2019intemp\u00e8rie i la connectivitat total amb plataformes de codi obert.<\/p>\n<ul>\n<li>Mesura cont\u00ednua (24h \/ 7d) amb precisi\u00f3 classe 1 segons IEC 61672-1Protecci\u00f3 amb kit d\u2019exterior contra el vent, pluja, ocells i insectes<\/li>\n<li>Protecci\u00f3 IP65 contra la pols i l\u2019aigua<\/li>\n<li>Dimensions redu\u00efdes i f\u00e0cil d\u2019integrar en el mobiliari urb\u00e0<\/li>\n<li>Alimentaci\u00f3 per xarxa el\u00e8ctrica, POE (Power over Ethernet), 12 VDC (Panells solars, bateries externes)<\/li>\n<li>Comunicaci\u00f3 per Ethernet (RJ45), bucle 4-20mA *, wi-fi *, M\u00f2dem GPRS \/ 2G * (* opcional)<\/li>\n<li>Aplicacions: Sonoritzaci\u00f3 de ciutats intel\u00b7ligents, xarxes de vigil\u00e0ncia de soroll (monitoratge permanent), protecci\u00f3 de zones tranquil\u00b7les, presentaci\u00f3 de nivells de soroll en temps real, etc<\/li>\n<\/ul>\n<p>[\/vc_column_text][\/vc_column_inner][vc_column_inner width=&#8221;1\/2&#8243; css=&#8221;.vc_custom_1615894927880{padding-top: 300px !important;padding-bottom: 60% !important;background-image: url(https:\/\/acusticsambient.com\/wp-content\/uploads\/2021\/03\/image004-1-scaled-e1615894643448.jpg?id=3561) !important;background-position: center !important;background-repeat: no-repeat !important;background-size: cover !important;}&#8221;][\/vc_column_inner][\/vc_row_inner][vc_row_inner row_type=&#8221;row&#8221; type=&#8221;full_width&#8221; text_align=&#8221;left&#8221; css_animation=&#8221;&#8221;][vc_column_inner width=&#8221;1\/2&#8243; css=&#8221;.vc_custom_1600770237396{padding-top: 300px !important;padding-bottom: 80% !important;background-image: url(https:\/\/acusticsambient.com\/wp-content\/uploads\/2020\/09\/VIBRACIONES-3-1.jpg?id=1984) !important;background-position: center !important;background-repeat: no-repeat !important;background-size: cover !important;}&#8221;][\/vc_column_inner][vc_column_inner width=&#8221;1\/2&#8243;][vc_column_text css=&#8221;.vc_custom_1615895096810{padding-bottom: 30px !important;padding-left: 30px !important;}&#8221;]<\/p>\n<h3>Monitoratge de vibracions com a sistema control de manteniment preventiu.<\/h3>\n<p>El monitoratge de l\u2019estat de les m\u00e0quines mitjan\u00e7ant mesuraments recurrents de vibraci\u00f3 \u00e9s un dels m\u00e8todes m\u00e9s efectius i fiables de predicci\u00f3 primerenca de possibles avaries i prevenci\u00f3 d\u2019aturades inesperats.<\/p>\n<p>Permet detectar senyals d\u2019advert\u00e8ncia primerencs i ajuda a detenir interrupcions no programades, optimitzar el rendiment de la m\u00e0quina i reduir el temps de reparaci\u00f3 i els costos de manteniment.<\/p>\n<p>El monitoratge de l\u2019estat de la m\u00e0quina mitjan\u00e7ant mesuraments i an\u00e0lisi de vibracions \u00e9s aplicable a una \u00e0mplia gamma de plantes industrials, incloses m\u00e0quines, eines, f\u00e0briques d\u2019acer, cartr\u00f3 i paper, plantes qu\u00edmiques, hospitals, forns de ciment, compressors, motors di\u00e8sel, aires condicionats, ventilaci\u00f3. Ventiladors, cogeneracions, molins i centrals el\u00e8ctriques.[\/vc_column_text]\n\n\t<a href=\"https:\/\/acusticsambient.com\/ca\/#projectes\" target=\"_self\" style=\"color: #ffffff;background-color: #51a126;font-size: 20px;font-weight: 400;margin: 0px 0px 0px 0px\" class=\"qode-btn qode-btn-medium qode-btn-solid qode-btn-custom-hover-bg qode-btn-custom-hover-color qode-btn-default-hover\" data-hover-bg-color=\"#96949a\" data-hover-color=\"#ffffff\" >\n\t    <span class=\"qode-btn-text\">M\u00e9s Projectes<\/span>\t<\/a>\n\n[\/vc_column_inner][\/vc_row_inner][\/vc_column][\/vc_row]<\/p>\n","protected":false},"excerpt":{"rendered":"<p>[vc_row css_animation=&#8221;&#8221; row_type=&#8221;row&#8221; use_row_as_full_screen_section=&#8221;no&#8221; type=&#8221;grid&#8221; angled_section=&#8221;no&#8221; text_align=&#8221;left&#8221; background_image_as_pattern=&#8221;without_pattern&#8221; css=&#8221;.vc_custom_1600364212737{padding-top: 120px !important;padding-bottom: 120px !important;}&#8221; z_index=&#8221;&#8221;][vc_column][vc_row_inner row_type=&#8221;row&#8221; type=&#8221;full_width&#8221; text_align=&#8221;left&#8221; css_animation=&#8221;&#8221;][vc_column_inner width=&#8221;1\/2&#8243;][vc_column_text] Sensor de monitoratge de soroll El sensor de soroll amb precisi\u00f3 d\u2019un son\u00f2metre classe 1, m\u00e0xima protecci\u00f3 d\u2019un kit d\u2019intemp\u00e8rie i la connectivitat total amb plataformes&#8230;<\/p>\n","protected":false},"author":2,"featured_media":0,"parent":0,"menu_order":300,"comment_status":"closed","ping_status":"closed","template":"full_width.php","meta":[],"yoast_head":"<!-- This site is optimized with the Yoast SEO plugin v19.13 - https:\/\/yoast.com\/wordpress\/plugins\/seo\/ -->\n<title>Monitoreig soroll vibracions Smart Ind\u00fastria 4.0 | Acustics Ambient<\/title>\n<meta name=\"robots\" content=\"index, follow, max-snippet:-1, max-image-preview:large, max-video-preview:-1\" \/>\n<link rel=\"canonical\" href=\"https:\/\/acusticsambient.com\/ca\/monitoreo-ruido-vibraciones-smart-industria-4-0\/\" \/>\n<meta property=\"og:locale\" content=\"ca_ES\" \/>\n<meta property=\"og:type\" content=\"article\" \/>\n<meta property=\"og:title\" content=\"Monitoreig soroll vibracions Smart Ind\u00fastria 4.0 | Acustics Ambient\" \/>\n<meta property=\"og:description\" content=\"[vc_row css_animation=&#8221;&#8221; row_type=&#8221;row&#8221; use_row_as_full_screen_section=&#8221;no&#8221; type=&#8221;grid&#8221; angled_section=&#8221;no&#8221; text_align=&#8221;left&#8221; background_image_as_pattern=&#8221;without_pattern&#8221; css=&#8221;.vc_custom_1600364212737{padding-top: 120px !important;padding-bottom: 120px !important;}&#8221; z_index=&#8221;&#8221;][vc_column][vc_row_inner row_type=&#8221;row&#8221; type=&#8221;full_width&#8221; text_align=&#8221;left&#8221; css_animation=&#8221;&#8221;][vc_column_inner width=&#8221;1\/2&#8243;][vc_column_text] Sensor de monitoratge de soroll El sensor de soroll amb precisi\u00f3 d\u2019un son\u00f2metre classe 1, m\u00e0xima protecci\u00f3 d\u2019un kit d\u2019intemp\u00e8rie i la connectivitat total amb plataformes...\" \/>\n<meta property=\"og:url\" content=\"https:\/\/acusticsambient.com\/ca\/monitoreo-ruido-vibraciones-smart-industria-4-0\/\" \/>\n<meta property=\"og:site_name\" content=\"Acustics Ambient\" \/>\n<meta property=\"article:modified_time\" content=\"2021-03-16T11:45:20+00:00\" \/>\n<meta name=\"twitter:card\" content=\"summary_large_image\" \/>\n<meta name=\"twitter:label1\" content=\"Temps estimat de lectura\" \/>\n\t<meta name=\"twitter:data1\" content=\"2 minuts\" \/>\n<script type=\"application\/ld+json\" class=\"yoast-schema-graph\">{\"@context\":\"https:\/\/schema.org\",\"@graph\":[{\"@type\":\"WebPage\",\"@id\":\"https:\/\/acusticsambient.com\/ca\/monitoreo-ruido-vibraciones-smart-industria-4-0\/\",\"url\":\"https:\/\/acusticsambient.com\/ca\/monitoreo-ruido-vibraciones-smart-industria-4-0\/\",\"name\":\"Monitoreig soroll vibracions Smart Ind\u00fastria 4.0 | Acustics Ambient\",\"isPartOf\":{\"@id\":\"https:\/\/acusticsambient.com\/ca\/#website\"},\"datePublished\":\"2020-09-09T07:17:40+00:00\",\"dateModified\":\"2021-03-16T11:45:20+00:00\",\"breadcrumb\":{\"@id\":\"https:\/\/acusticsambient.com\/ca\/monitoreo-ruido-vibraciones-smart-industria-4-0\/#breadcrumb\"},\"inLanguage\":\"ca\",\"potentialAction\":[{\"@type\":\"ReadAction\",\"target\":[\"https:\/\/acusticsambient.com\/ca\/monitoreo-ruido-vibraciones-smart-industria-4-0\/\"]}]},{\"@type\":\"BreadcrumbList\",\"@id\":\"https:\/\/acusticsambient.com\/ca\/monitoreo-ruido-vibraciones-smart-industria-4-0\/#breadcrumb\",\"itemListElement\":[{\"@type\":\"ListItem\",\"position\":1,\"name\":\"Home\",\"item\":\"https:\/\/acusticsambient.com\/ca\/\"},{\"@type\":\"ListItem\",\"position\":2,\"name\":\"Monitoreig soroll vibracions Smart Ind\u00fastria 4.0\"}]},{\"@type\":\"WebSite\",\"@id\":\"https:\/\/acusticsambient.com\/ca\/#website\",\"url\":\"https:\/\/acusticsambient.com\/ca\/\",\"name\":\"Acustics Ambient\",\"description\":\"Just another WordPress site\",\"publisher\":{\"@id\":\"https:\/\/acusticsambient.com\/ca\/#organization\"},\"potentialAction\":[{\"@type\":\"SearchAction\",\"target\":{\"@type\":\"EntryPoint\",\"urlTemplate\":\"https:\/\/acusticsambient.com\/ca\/?s={search_term_string}\"},\"query-input\":\"required name=search_term_string\"}],\"inLanguage\":\"ca\"},{\"@type\":\"Organization\",\"@id\":\"https:\/\/acusticsambient.com\/ca\/#organization\",\"name\":\"Ac\u00fastics Ambient Consultoria Ac\u00fastica\",\"url\":\"https:\/\/acusticsambient.com\/ca\/\",\"logo\":{\"@type\":\"ImageObject\",\"inLanguage\":\"ca\",\"@id\":\"https:\/\/acusticsambient.com\/ca\/#\/schema\/logo\/image\/\",\"url\":\"https:\/\/acusticsambient.com\/wp-content\/uploads\/2020\/09\/acusticalogo.png\",\"contentUrl\":\"https:\/\/acusticsambient.com\/wp-content\/uploads\/2020\/09\/acusticalogo.png\",\"width\":900,\"height\":600,\"caption\":\"Ac\u00fastics Ambient Consultoria Ac\u00fastica\"},\"image\":{\"@id\":\"https:\/\/acusticsambient.com\/ca\/#\/schema\/logo\/image\/\"}}]}<\/script>\n<!-- \/ Yoast SEO plugin. -->","yoast_head_json":{"title":"Monitoreig soroll vibracions Smart Ind\u00fastria 4.0 | Acustics Ambient","robots":{"index":"index","follow":"follow","max-snippet":"max-snippet:-1","max-image-preview":"max-image-preview:large","max-video-preview":"max-video-preview:-1"},"canonical":"https:\/\/acusticsambient.com\/ca\/monitoreo-ruido-vibraciones-smart-industria-4-0\/","og_locale":"ca_ES","og_type":"article","og_title":"Monitoreig soroll vibracions Smart Ind\u00fastria 4.0 | Acustics Ambient","og_description":"[vc_row css_animation=&#8221;&#8221; row_type=&#8221;row&#8221; use_row_as_full_screen_section=&#8221;no&#8221; type=&#8221;grid&#8221; angled_section=&#8221;no&#8221; text_align=&#8221;left&#8221; background_image_as_pattern=&#8221;without_pattern&#8221; css=&#8221;.vc_custom_1600364212737{padding-top: 120px !important;padding-bottom: 120px !important;}&#8221; z_index=&#8221;&#8221;][vc_column][vc_row_inner row_type=&#8221;row&#8221; type=&#8221;full_width&#8221; text_align=&#8221;left&#8221; css_animation=&#8221;&#8221;][vc_column_inner width=&#8221;1\/2&#8243;][vc_column_text] Sensor de monitoratge de soroll El sensor de soroll amb precisi\u00f3 d\u2019un son\u00f2metre classe 1, m\u00e0xima protecci\u00f3 d\u2019un kit d\u2019intemp\u00e8rie i la connectivitat total amb plataformes...","og_url":"https:\/\/acusticsambient.com\/ca\/monitoreo-ruido-vibraciones-smart-industria-4-0\/","og_site_name":"Acustics Ambient","article_modified_time":"2021-03-16T11:45:20+00:00","twitter_card":"summary_large_image","twitter_misc":{"Temps estimat de lectura":"2 minuts"},"schema":{"@context":"https:\/\/schema.org","@graph":[{"@type":"WebPage","@id":"https:\/\/acusticsambient.com\/ca\/monitoreo-ruido-vibraciones-smart-industria-4-0\/","url":"https:\/\/acusticsambient.com\/ca\/monitoreo-ruido-vibraciones-smart-industria-4-0\/","name":"Monitoreig soroll vibracions Smart Ind\u00fastria 4.0 | Acustics Ambient","isPartOf":{"@id":"https:\/\/acusticsambient.com\/ca\/#website"},"datePublished":"2020-09-09T07:17:40+00:00","dateModified":"2021-03-16T11:45:20+00:00","breadcrumb":{"@id":"https:\/\/acusticsambient.com\/ca\/monitoreo-ruido-vibraciones-smart-industria-4-0\/#breadcrumb"},"inLanguage":"ca","potentialAction":[{"@type":"ReadAction","target":["https:\/\/acusticsambient.com\/ca\/monitoreo-ruido-vibraciones-smart-industria-4-0\/"]}]},{"@type":"BreadcrumbList","@id":"https:\/\/acusticsambient.com\/ca\/monitoreo-ruido-vibraciones-smart-industria-4-0\/#breadcrumb","itemListElement":[{"@type":"ListItem","position":1,"name":"Home","item":"https:\/\/acusticsambient.com\/ca\/"},{"@type":"ListItem","position":2,"name":"Monitoreig soroll vibracions Smart Ind\u00fastria 4.0"}]},{"@type":"WebSite","@id":"https:\/\/acusticsambient.com\/ca\/#website","url":"https:\/\/acusticsambient.com\/ca\/","name":"Acustics Ambient","description":"Just another WordPress site","publisher":{"@id":"https:\/\/acusticsambient.com\/ca\/#organization"},"potentialAction":[{"@type":"SearchAction","target":{"@type":"EntryPoint","urlTemplate":"https:\/\/acusticsambient.com\/ca\/?s={search_term_string}"},"query-input":"required name=search_term_string"}],"inLanguage":"ca"},{"@type":"Organization","@id":"https:\/\/acusticsambient.com\/ca\/#organization","name":"Ac\u00fastics Ambient Consultoria Ac\u00fastica","url":"https:\/\/acusticsambient.com\/ca\/","logo":{"@type":"ImageObject","inLanguage":"ca","@id":"https:\/\/acusticsambient.com\/ca\/#\/schema\/logo\/image\/","url":"https:\/\/acusticsambient.com\/wp-content\/uploads\/2020\/09\/acusticalogo.png","contentUrl":"https:\/\/acusticsambient.com\/wp-content\/uploads\/2020\/09\/acusticalogo.png","width":900,"height":600,"caption":"Ac\u00fastics Ambient Consultoria Ac\u00fastica"},"image":{"@id":"https:\/\/acusticsambient.com\/ca\/#\/schema\/logo\/image\/"}}]}},"_links":{"self":[{"href":"https:\/\/acusticsambient.com\/ca\/wp-json\/wp\/v2\/pages\/2247"}],"collection":[{"href":"https:\/\/acusticsambient.com\/ca\/wp-json\/wp\/v2\/pages"}],"about":[{"href":"https:\/\/acusticsambient.com\/ca\/wp-json\/wp\/v2\/types\/page"}],"author":[{"embeddable":true,"href":"https:\/\/acusticsambient.com\/ca\/wp-json\/wp\/v2\/users\/2"}],"replies":[{"embeddable":true,"href":"https:\/\/acusticsambient.com\/ca\/wp-json\/wp\/v2\/comments?post=2247"}],"version-history":[{"count":18,"href":"https:\/\/acusticsambient.com\/ca\/wp-json\/wp\/v2\/pages\/2247\/revisions"}],"predecessor-version":[{"id":3575,"href":"https:\/\/acusticsambient.com\/ca\/wp-json\/wp\/v2\/pages\/2247\/revisions\/3575"}],"wp:attachment":[{"href":"https:\/\/acusticsambient.com\/ca\/wp-json\/wp\/v2\/media?parent=2247"}],"curies":[{"name":"wp","href":"https:\/\/api.w.org\/{rel}","templated":true}]}}