{"id":2245,"date":"2020-09-09T07:14:06","date_gmt":"2020-09-09T07:14:06","guid":{"rendered":"https:\/\/acusticsambient.com\/vibraciones\/"},"modified":"2021-03-08T11:33:31","modified_gmt":"2021-03-08T11:33:31","slug":"vibracions","status":"publish","type":"page","link":"https:\/\/acusticsambient.com\/ca\/vibracions\/","title":{"rendered":"Vibracions"},"content":{"rendered":"<p>[vc_row css_animation=&#8221;&#8221; row_type=&#8221;row&#8221; use_row_as_full_screen_section=&#8221;no&#8221; type=&#8221;grid&#8221; angled_section=&#8221;no&#8221; text_align=&#8221;left&#8221; background_image_as_pattern=&#8221;without_pattern&#8221; css=&#8221;.vc_custom_1600364212737{padding-top: 120px !important;padding-bottom: 120px !important;}&#8221; z_index=&#8221;&#8221;][vc_column][vc_row_inner row_type=&#8221;row&#8221; type=&#8221;full_width&#8221; text_align=&#8221;left&#8221; css_animation=&#8221;&#8221;][vc_column_inner width=&#8221;1\/2&#8243;][vc_column_text css=&#8221;.vc_custom_1604567029450{padding-top: 30px !important;padding-right: 30px !important;padding-bottom: 30px !important;}&#8221;]<\/p>\n<h3>Vibracions<\/h3>\n<p>L&#8217;experi\u00e8ncia portada a terme des de l&#8217;any 2000 ens ha facilitat la possibilitat d&#8217;estandaritzar i simplificar solucions constructives tot havent derivat en model d&#8217;utilitat i patent tot reconeixent d&#8217;aquesta forma l&#8217;exclusivitat i novetat de les solucions aportades.<br \/>\nEl sistema modular anti vibratori ha estat una soluci\u00f3 portada a terme des de la nostra empresa des de l&#8217;any 2005 tot aportant un bagatge extens amb excel\u00b7lents resultats avalats pels nostres millors clients.<br \/>\nRobusta \u00e9s una bancada d&#8217;inercia modular d&#8217;instal.laci\u00f3 industrialitzada que assegura la correcta atenuaci\u00f3 de les vibracions m\u00e9s complicades d&#8217;atenuar.<\/p>\n<p>D&#8217;acord amb l&#8217;Annex 7. Immissi\u00f3 de les vibracions a l&#8217;interior dels edificis, del Decret 176\/2009 del 10 de novembre, pel qual s&#8217;aprova el Reglament de la Llei 16\/2002, de 28 de juny, de protecci\u00f3 contra la contaminaci\u00f3 ac\u00fastica, i se n&#8217;adapten els annexos.<\/p>\n<blockquote>\n<table border=\"1\">\n<tbody>\n<tr>\n<th colspan=\"2\">DESCRIPCI\u00d3 DEL MATERIAL<\/th>\n<\/tr>\n<tr>\n<td class=\"color dimt1\">Material:<\/td>\n<td>Formig\u00f3 armat i acer inoxidable.<\/td>\n<\/tr>\n<tr>\n<td class=\"color dimt1\">Pes total:<\/td>\n<td>34,3 Kg<\/td>\n<\/tr>\n<tr>\n<td class=\"color dimt1\">Ample:<\/td>\n<td>500mm x 500mm<\/td>\n<\/tr>\n<tr>\n<td class=\"color dimt1\">Gruix:<\/td>\n<td>60mm<\/td>\n<\/tr>\n<\/tbody>\n<\/table>\n<\/blockquote>\n<blockquote>\n<table border=\"1\">\n<caption class=\"caption\">Assaig 19.09 \/ HMV-03 \/ 01.01, de el 19 de Setembre de 2019, realitzat per ICEC<\/caption>\n<tbody>\n<tr>\n<th colspan=\"2\">CARACTER\u00cdSTIQUES T\u00c8CNIQUES<\/th>\n<th>Assaig segons norma:<\/th>\n<\/tr>\n<tr>\n<td class=\"color\">C\u00e0rrega de trencament:<\/td>\n<td class=\"dimt2\">19,8 kN<\/td>\n<td>UNE-EN 1339:2004<\/td>\n<\/tr>\n<\/tbody>\n<\/table>\n<\/blockquote>\n<p>[\/vc_column_text]\n\n\t<a href=\"https:\/\/acusticsambient.com#projectes\" target=\"_self\" style=\"color: #ffffff;background-color: #51a126;font-size: 20px;font-weight: 400;margin: 20px 0px 0px 0px\" class=\"qode-btn qode-btn-medium qode-btn-solid qode-btn-custom-hover-bg qode-btn-custom-hover-color qode-btn-default-hover\" data-hover-bg-color=\"#96949a\" data-hover-color=\"#ffffff\" >\n\t    <span class=\"qode-btn-text\">M\u00e9s Projectes<\/span>\t<\/a>\n\n[\/vc_column_inner][vc_column_inner width=&#8221;1\/2&#8243; css=&#8221;.vc_custom_1615203151038{padding-top: 300px !important;padding-bottom: 80% !important;background-image: url(https:\/\/acusticsambient.com\/wp-content\/uploads\/2020\/09\/vibraciones-11-scaled.jpg?id=2001) !important;background-position: center !important;background-repeat: no-repeat !important;background-size: cover !important;}&#8221;][\/vc_column_inner][\/vc_row_inner][\/vc_column][\/vc_row][vc_row css_animation=&#8221;&#8221; row_type=&#8221;row&#8221; use_row_as_full_screen_section=&#8221;no&#8221; type=&#8221;full_width&#8221; angled_section=&#8221;no&#8221; text_align=&#8221;left&#8221; background_image_as_pattern=&#8221;without_pattern&#8221; z_index=&#8221;&#8221; css=&#8221;.vc_custom_1600335949546{background-color: #ffffff !important;}&#8221;][vc_column][vc_empty_space height=&#8221;48px&#8221;][vc_column_text]<\/p>\n<h2 style=\"text-align: center; color: #51a126;\">Els nostres <span style=\"color: #969799;\"> Projectes:<\/span><\/h2>\n<h3 style=\"text-align: center; color: #51a126;\">Vibracions<\/h3>\n<p>[\/vc_column_text][vc_empty_space height=&#8221;48px&#8221;][vc_gallery type=&#8221;image_grid&#8221; images=&#8221;1953,1957,1959,1963,1965,1967,1969,1971,1973,1975,1977,1979,1981,1983,1985,1987,1989,1991,1993,1995,1997,1999,2001,3351,3349,3347,3345,3343,3341,3339&#8243; img_size=&#8221;500&#215;500&#8243; column_number=&#8221;4&#8243; grayscale=&#8221;no&#8221; images_space=&#8221;gallery_with_space&#8221;][vc_empty_space height=&#8221;48px&#8221;][\/vc_column][\/vc_row]<\/p>\n","protected":false},"excerpt":{"rendered":"<p>[vc_row css_animation=&#8221;&#8221; row_type=&#8221;row&#8221; use_row_as_full_screen_section=&#8221;no&#8221; type=&#8221;grid&#8221; angled_section=&#8221;no&#8221; text_align=&#8221;left&#8221; background_image_as_pattern=&#8221;without_pattern&#8221; css=&#8221;.vc_custom_1600364212737{padding-top: 120px !important;padding-bottom: 120px !important;}&#8221; z_index=&#8221;&#8221;][vc_column][vc_row_inner row_type=&#8221;row&#8221; type=&#8221;full_width&#8221; text_align=&#8221;left&#8221; css_animation=&#8221;&#8221;][vc_column_inner width=&#8221;1\/2&#8243;][vc_column_text css=&#8221;.vc_custom_1604567029450{padding-top: 30px !important;padding-right: 30px !important;padding-bottom: 30px !important;}&#8221;] Vibracions L&#8217;experi\u00e8ncia portada a terme des de l&#8217;any 2000 ens ha facilitat la possibilitat d&#8217;estandaritzar i simplificar solucions constructives&#8230;<\/p>\n","protected":false},"author":2,"featured_media":0,"parent":0,"menu_order":300,"comment_status":"closed","ping_status":"closed","template":"full_width.php","meta":{"footnotes":""},"class_list":["post-2245","page","type-page","status-publish","hentry"],"yoast_head":"<!-- This site is optimized with the Yoast SEO plugin v19.13 - https:\/\/yoast.com\/wordpress\/plugins\/seo\/ -->\n<title>Vibracions | Acustics Ambient<\/title>\n<meta name=\"robots\" content=\"index, follow, max-snippet:-1, max-image-preview:large, max-video-preview:-1\" \/>\n<link rel=\"canonical\" href=\"https:\/\/acusticsambient.com\/ca\/vibracions\/\" \/>\n<meta property=\"og:locale\" content=\"ca_ES\" \/>\n<meta property=\"og:type\" content=\"article\" \/>\n<meta property=\"og:title\" content=\"Vibracions | Acustics Ambient\" \/>\n<meta property=\"og:description\" content=\"[vc_row css_animation=&#8221;&#8221; row_type=&#8221;row&#8221; use_row_as_full_screen_section=&#8221;no&#8221; type=&#8221;grid&#8221; angled_section=&#8221;no&#8221; text_align=&#8221;left&#8221; background_image_as_pattern=&#8221;without_pattern&#8221; css=&#8221;.vc_custom_1600364212737{padding-top: 120px !important;padding-bottom: 120px !important;}&#8221; z_index=&#8221;&#8221;][vc_column][vc_row_inner row_type=&#8221;row&#8221; type=&#8221;full_width&#8221; text_align=&#8221;left&#8221; css_animation=&#8221;&#8221;][vc_column_inner width=&#8221;1\/2&#8243;][vc_column_text css=&#8221;.vc_custom_1604567029450{padding-top: 30px !important;padding-right: 30px !important;padding-bottom: 30px !important;}&#8221;] Vibracions L&#8217;experi\u00e8ncia portada a terme des de l&#8217;any 2000 ens ha facilitat la possibilitat d&#8217;estandaritzar i simplificar solucions constructives...\" \/>\n<meta property=\"og:url\" content=\"https:\/\/acusticsambient.com\/ca\/vibracions\/\" \/>\n<meta property=\"og:site_name\" content=\"Acustics Ambient\" \/>\n<meta property=\"article:modified_time\" content=\"2021-03-08T11:33:31+00:00\" \/>\n<meta name=\"twitter:card\" content=\"summary_large_image\" \/>\n<meta name=\"twitter:label1\" content=\"Temps estimat de lectura\" \/>\n\t<meta name=\"twitter:data1\" content=\"2 minuts\" \/>\n<script type=\"application\/ld+json\" class=\"yoast-schema-graph\">{\"@context\":\"https:\/\/schema.org\",\"@graph\":[{\"@type\":\"WebPage\",\"@id\":\"https:\/\/acusticsambient.com\/ca\/vibracions\/\",\"url\":\"https:\/\/acusticsambient.com\/ca\/vibracions\/\",\"name\":\"Vibracions | Acustics Ambient\",\"isPartOf\":{\"@id\":\"https:\/\/acusticsambient.com\/ca\/#website\"},\"datePublished\":\"2020-09-09T07:14:06+00:00\",\"dateModified\":\"2021-03-08T11:33:31+00:00\",\"breadcrumb\":{\"@id\":\"https:\/\/acusticsambient.com\/ca\/vibracions\/#breadcrumb\"},\"inLanguage\":\"ca\",\"potentialAction\":[{\"@type\":\"ReadAction\",\"target\":[\"https:\/\/acusticsambient.com\/ca\/vibracions\/\"]}]},{\"@type\":\"BreadcrumbList\",\"@id\":\"https:\/\/acusticsambient.com\/ca\/vibracions\/#breadcrumb\",\"itemListElement\":[{\"@type\":\"ListItem\",\"position\":1,\"name\":\"Home\",\"item\":\"https:\/\/acusticsambient.com\/ca\/\"},{\"@type\":\"ListItem\",\"position\":2,\"name\":\"Vibracions\"}]},{\"@type\":\"WebSite\",\"@id\":\"https:\/\/acusticsambient.com\/ca\/#website\",\"url\":\"https:\/\/acusticsambient.com\/ca\/\",\"name\":\"Acustics Ambient\",\"description\":\"Just another WordPress site\",\"publisher\":{\"@id\":\"https:\/\/acusticsambient.com\/ca\/#organization\"},\"potentialAction\":[{\"@type\":\"SearchAction\",\"target\":{\"@type\":\"EntryPoint\",\"urlTemplate\":\"https:\/\/acusticsambient.com\/ca\/?s={search_term_string}\"},\"query-input\":\"required name=search_term_string\"}],\"inLanguage\":\"ca\"},{\"@type\":\"Organization\",\"@id\":\"https:\/\/acusticsambient.com\/ca\/#organization\",\"name\":\"Ac\u00fastics Ambient Consultoria Ac\u00fastica\",\"url\":\"https:\/\/acusticsambient.com\/ca\/\",\"logo\":{\"@type\":\"ImageObject\",\"inLanguage\":\"ca\",\"@id\":\"https:\/\/acusticsambient.com\/ca\/#\/schema\/logo\/image\/\",\"url\":\"https:\/\/acusticsambient.com\/wp-content\/uploads\/2020\/09\/acusticalogo.png\",\"contentUrl\":\"https:\/\/acusticsambient.com\/wp-content\/uploads\/2020\/09\/acusticalogo.png\",\"width\":900,\"height\":600,\"caption\":\"Ac\u00fastics Ambient Consultoria Ac\u00fastica\"},\"image\":{\"@id\":\"https:\/\/acusticsambient.com\/ca\/#\/schema\/logo\/image\/\"}}]}<\/script>\n<!-- \/ Yoast SEO plugin. -->","yoast_head_json":{"title":"Vibracions | Acustics Ambient","robots":{"index":"index","follow":"follow","max-snippet":"max-snippet:-1","max-image-preview":"max-image-preview:large","max-video-preview":"max-video-preview:-1"},"canonical":"https:\/\/acusticsambient.com\/ca\/vibracions\/","og_locale":"ca_ES","og_type":"article","og_title":"Vibracions | Acustics Ambient","og_description":"[vc_row css_animation=&#8221;&#8221; row_type=&#8221;row&#8221; use_row_as_full_screen_section=&#8221;no&#8221; type=&#8221;grid&#8221; angled_section=&#8221;no&#8221; text_align=&#8221;left&#8221; background_image_as_pattern=&#8221;without_pattern&#8221; css=&#8221;.vc_custom_1600364212737{padding-top: 120px !important;padding-bottom: 120px !important;}&#8221; z_index=&#8221;&#8221;][vc_column][vc_row_inner row_type=&#8221;row&#8221; type=&#8221;full_width&#8221; text_align=&#8221;left&#8221; css_animation=&#8221;&#8221;][vc_column_inner width=&#8221;1\/2&#8243;][vc_column_text css=&#8221;.vc_custom_1604567029450{padding-top: 30px !important;padding-right: 30px !important;padding-bottom: 30px !important;}&#8221;] Vibracions L&#8217;experi\u00e8ncia portada a terme des de l&#8217;any 2000 ens ha facilitat la possibilitat d&#8217;estandaritzar i simplificar solucions constructives...","og_url":"https:\/\/acusticsambient.com\/ca\/vibracions\/","og_site_name":"Acustics Ambient","article_modified_time":"2021-03-08T11:33:31+00:00","twitter_card":"summary_large_image","twitter_misc":{"Temps estimat de lectura":"2 minuts"},"schema":{"@context":"https:\/\/schema.org","@graph":[{"@type":"WebPage","@id":"https:\/\/acusticsambient.com\/ca\/vibracions\/","url":"https:\/\/acusticsambient.com\/ca\/vibracions\/","name":"Vibracions | Acustics Ambient","isPartOf":{"@id":"https:\/\/acusticsambient.com\/ca\/#website"},"datePublished":"2020-09-09T07:14:06+00:00","dateModified":"2021-03-08T11:33:31+00:00","breadcrumb":{"@id":"https:\/\/acusticsambient.com\/ca\/vibracions\/#breadcrumb"},"inLanguage":"ca","potentialAction":[{"@type":"ReadAction","target":["https:\/\/acusticsambient.com\/ca\/vibracions\/"]}]},{"@type":"BreadcrumbList","@id":"https:\/\/acusticsambient.com\/ca\/vibracions\/#breadcrumb","itemListElement":[{"@type":"ListItem","position":1,"name":"Home","item":"https:\/\/acusticsambient.com\/ca\/"},{"@type":"ListItem","position":2,"name":"Vibracions"}]},{"@type":"WebSite","@id":"https:\/\/acusticsambient.com\/ca\/#website","url":"https:\/\/acusticsambient.com\/ca\/","name":"Acustics Ambient","description":"Just another WordPress site","publisher":{"@id":"https:\/\/acusticsambient.com\/ca\/#organization"},"potentialAction":[{"@type":"SearchAction","target":{"@type":"EntryPoint","urlTemplate":"https:\/\/acusticsambient.com\/ca\/?s={search_term_string}"},"query-input":"required name=search_term_string"}],"inLanguage":"ca"},{"@type":"Organization","@id":"https:\/\/acusticsambient.com\/ca\/#organization","name":"Ac\u00fastics Ambient Consultoria Ac\u00fastica","url":"https:\/\/acusticsambient.com\/ca\/","logo":{"@type":"ImageObject","inLanguage":"ca","@id":"https:\/\/acusticsambient.com\/ca\/#\/schema\/logo\/image\/","url":"https:\/\/acusticsambient.com\/wp-content\/uploads\/2020\/09\/acusticalogo.png","contentUrl":"https:\/\/acusticsambient.com\/wp-content\/uploads\/2020\/09\/acusticalogo.png","width":900,"height":600,"caption":"Ac\u00fastics Ambient Consultoria Ac\u00fastica"},"image":{"@id":"https:\/\/acusticsambient.com\/ca\/#\/schema\/logo\/image\/"}}]}},"_links":{"self":[{"href":"https:\/\/acusticsambient.com\/ca\/wp-json\/wp\/v2\/pages\/2245","targetHints":{"allow":["GET"]}}],"collection":[{"href":"https:\/\/acusticsambient.com\/ca\/wp-json\/wp\/v2\/pages"}],"about":[{"href":"https:\/\/acusticsambient.com\/ca\/wp-json\/wp\/v2\/types\/page"}],"author":[{"embeddable":true,"href":"https:\/\/acusticsambient.com\/ca\/wp-json\/wp\/v2\/users\/2"}],"replies":[{"embeddable":true,"href":"https:\/\/acusticsambient.com\/ca\/wp-json\/wp\/v2\/comments?post=2245"}],"version-history":[{"count":23,"href":"https:\/\/acusticsambient.com\/ca\/wp-json\/wp\/v2\/pages\/2245\/revisions"}],"predecessor-version":[{"id":3374,"href":"https:\/\/acusticsambient.com\/ca\/wp-json\/wp\/v2\/pages\/2245\/revisions\/3374"}],"wp:attachment":[{"href":"https:\/\/acusticsambient.com\/ca\/wp-json\/wp\/v2\/media?parent=2245"}],"curies":[{"name":"wp","href":"https:\/\/api.w.org\/{rel}","templated":true}]}}