{"id":2241,"date":"2020-09-09T07:11:45","date_gmt":"2020-09-09T07:11:45","guid":{"rendered":"https:\/\/acusticsambient.com\/restaurantes\/"},"modified":"2021-03-09T12:02:10","modified_gmt":"2021-03-09T12:02:10","slug":"restaurants","status":"publish","type":"page","link":"https:\/\/acusticsambient.com\/ca\/restaurants\/","title":{"rendered":"Restaurants"},"content":{"rendered":"<p>[vc_row css_animation=&#8221;&#8221; row_type=&#8221;row&#8221; use_row_as_full_screen_section=&#8221;no&#8221; type=&#8221;grid&#8221; angled_section=&#8221;no&#8221; text_align=&#8221;left&#8221; background_image_as_pattern=&#8221;without_pattern&#8221; css=&#8221;.vc_custom_1600364212737{padding-top: 120px !important;padding-bottom: 120px !important;}&#8221; z_index=&#8221;&#8221;][vc_column][vc_row_inner row_type=&#8221;row&#8221; type=&#8221;full_width&#8221; text_align=&#8221;left&#8221; css_animation=&#8221;&#8221;][vc_column_inner width=&#8221;1\/2&#8243;][vc_column_text css=&#8221;.vc_custom_1604447259710{padding-top: 30px !important;padding-right: 30px !important;padding-bottom: 30px !important;}&#8221;]<\/p>\n<h3>Ac\u00fastica en restaurants<\/h3>\n<p>Dissenys minimalistes, sostres alts, finestrals, elevada densitat de comensals, factors que influeixen i poden aportar una p\u00e8ssima ac\u00fastica d&#8217;un menjador. No obstant aix\u00f2, podem aconseguir que mitjan\u00e7ant un correcte disseny dels requeriments est\u00e8tics siguin compatibles amb el confort ac\u00fastic.<br \/>\nQueixes reals extretes en webs de recomanacions gastron\u00f2miques:<br \/>\n&#8220;&#8230;Molt soroll i poc relax&#8221;<\/p>\n<p>&#8220;&#8230;molt soroll&#8221;<br \/>\n&#8220;&#8230;pel que fa al que vam menjar va estar b\u00e9. no hi ha queixa, per\u00f2 el menjador molt soroll\u00f3s,&#8221;<\/p>\n<p>&#8220;&#8230;Soroll estrident&#8221;<br \/>\n&#8220;&#8230;la cuina excel\u00b7lent per\u00f2 el menjador \u00e9s soroll\u00f3s fins a punts insuperables&#8221;<\/p>\n<p>&#8220;&#8230;Excel\u00b7lent menjar, molt soroll&#8221;<br \/>\n&#8230;&#8221; molt professional, hi ha molt\u00edssim soroll al menjador, a causa del sostre sense plaques anti-soroll i les grans mampares de vidre que reboten el soroll. Hi havia moments en qu\u00e8 les quatre persones a la taula no ens pod\u00edem sentir. A part d&#8217;aix\u00f2, un servei i un dinar excel\u00b7lents.&#8221;<\/p>\n<p>&#8220;&#8230;Un desastre! S&#8217;han confiat i descuiden els detalls tot i les queixes! Molt menjar de poca qualitat i molt soroll&#8221;<\/p>\n<p>&#8220;&#8230;Dinar amb crits, veus i sorolls&#8221;<br \/>\n[\/vc_column_text][\/vc_column_inner][vc_column_inner width=&#8221;1\/2&#8243; css=&#8221;.vc_custom_1600769055840{padding-top: 300px !important;padding-bottom: 100% !important;background-image: url(https:\/\/acusticsambient.com\/wp-content\/uploads\/2020\/09\/RESTAURANT-7.jpg?id=1926) !important;background-position: center !important;background-repeat: no-repeat !important;background-size: cover !important;}&#8221;][\/vc_column_inner][\/vc_row_inner][vc_row_inner row_type=&#8221;row&#8221; type=&#8221;full_width&#8221; text_align=&#8221;left&#8221; css_animation=&#8221;&#8221;][vc_column_inner width=&#8221;1\/2&#8243; css=&#8221;.vc_custom_1600769073401{padding-top: 300px !important;padding-bottom: 100% !important;background-image: url(https:\/\/acusticsambient.com\/wp-content\/uploads\/2020\/09\/OCIO-6.jpg?id=1916) !important;background-position: center !important;background-repeat: no-repeat !important;background-size: cover !important;}&#8221;][\/vc_column_inner][vc_column_inner width=&#8221;1\/2&#8243;][vc_column_text css=&#8221;.vc_custom_1604490933095{padding-bottom: 30px !important;padding-left: 30px !important;}&#8221;]<\/p>\n<h3><strong>AC\u00daSTICS AMBIENT pot corregir aquests defectes i aconseguir el confort necessari<\/strong><\/h3>\n<p>Projectes duts a terme, des de l&#8217;any 2000 ens avalen. Hem participat en infinitat de tipologies de projectes. Estudis d&#8217;Impacte Ac\u00fastic redactats en la fase inicial de disseny o ja b\u00e9 en fase de rehabilitaci\u00f3 ac\u00fastica proposant mesures correctores a posteriori.<\/p>\n<p>El menjador d&#8217;un restaurant \u00e9s un lloc d&#8217;oci on gaudir socialitzant mitjan\u00e7ant la paraula, \u00e9s un espai perqu\u00e8 flueixi la conversa.<\/p>\n<p>Cal doncs poder gaudir d&#8217;un soroll de fons controlat, aix\u00ed com de la intimitat necess\u00e0ria entre les diferents taules.<\/p>\n<p>El par\u00e0metre que hem de quantificar i controlar \u00e9s el temps de reverberaci\u00f3. Trobem d&#8217;altra banda l&#8217;exig\u00e8ncia normativa establerta pel HR Protecci\u00f3 a Soroll del Codi T\u00e8cnic de l&#8217;Edificaci\u00f3.<br \/>\n&lt;&lt; El temps de reverberaci\u00f3 en restaurants i menjadors buits no ser\u00e0 m\u00e9s gran que 0,9 s. &gt;&gt;.<br \/>\nLa correcci\u00f3 del temps de reverberaci\u00f3 d&#8217;un espai \u00e9s possible realitzar-se mitjan\u00e7ant panells ac\u00fastics decoratius en sostre i parets sense necessitat d&#8217;obres. Ara b\u00e9 l&#8217;a\u00efllament ac\u00fastic necessari per al compliment d&#8217;Ordenances municipals s&#8217;ha de tractar en l&#8217;\u00e0mbit de projecte posat la seva correcci\u00f3 a posteriori \u00e9s traum\u00e0tica i costosa.<\/p>\n<p><strong>Ac\u00fastics Ambient pot garantir el compliment de normativa mitjan\u00e7ant el disseny de projecte i seguiment d&#8217;execuci\u00f3 optimitzant des d&#8217;un principi i ajustant la inversi\u00f3.<\/strong>[\/vc_column_text]\n\n\t<a href=\"https:\/\/acusticsambient.com\/ca\/#projectes\" target=\"_self\" style=\"color: #ffffff;background-color: #51a126;font-size: 20px;font-weight: 400;margin: 20px 0px 0px 0px\" class=\"qode-btn qode-btn-medium qode-btn-solid qode-btn-custom-hover-bg qode-btn-custom-hover-color qode-btn-default-hover\" data-hover-bg-color=\"#96949a\" data-hover-color=\"#ffffff\" >\n\t    <span class=\"qode-btn-text\">M\u00e9s Projectes<\/span>\t<\/a>\n\n[\/vc_column_inner][\/vc_row_inner][\/vc_column][\/vc_row][vc_row css_animation=&#8221;&#8221; row_type=&#8221;row&#8221; use_row_as_full_screen_section=&#8221;no&#8221; type=&#8221;full_width&#8221; angled_section=&#8221;no&#8221; text_align=&#8221;left&#8221; background_image_as_pattern=&#8221;without_pattern&#8221; z_index=&#8221;&#8221; css=&#8221;.vc_custom_1600335949546{background-color: #ffffff !important;}&#8221;][vc_column][vc_empty_space height=&#8221;48px&#8221;][vc_column_text]<\/p>\n<h2 style=\"text-align: center; color: #51a126;\">Els nostres <span style=\"color: #969799;\"> Projectes:<\/span><\/h2>\n<h3 style=\"text-align: center; color: #51a126;\">Restaurants<\/h3>\n<p>[\/vc_column_text][vc_empty_space height=&#8221;48px&#8221;][vc_gallery type=&#8221;image_grid&#8221; images=&#8221;1895,1897,1899,1901,1903,1905,1907,1909,1911,1913,1915,1917,1919,1921,1923,1925,1927,3450,3452,3454,3456,3458,3460&#8243; img_size=&#8221;500&#215;500&#8243; column_number=&#8221;4&#8243; grayscale=&#8221;no&#8221; images_space=&#8221;gallery_with_space&#8221;][vc_empty_space height=&#8221;48px&#8221;][\/vc_column][\/vc_row]<\/p>\n","protected":false},"excerpt":{"rendered":"<p>[vc_row css_animation=&#8221;&#8221; row_type=&#8221;row&#8221; use_row_as_full_screen_section=&#8221;no&#8221; type=&#8221;grid&#8221; angled_section=&#8221;no&#8221; text_align=&#8221;left&#8221; background_image_as_pattern=&#8221;without_pattern&#8221; css=&#8221;.vc_custom_1600364212737{padding-top: 120px !important;padding-bottom: 120px !important;}&#8221; z_index=&#8221;&#8221;][vc_column][vc_row_inner row_type=&#8221;row&#8221; type=&#8221;full_width&#8221; text_align=&#8221;left&#8221; css_animation=&#8221;&#8221;][vc_column_inner width=&#8221;1\/2&#8243;][vc_column_text css=&#8221;.vc_custom_1604447259710{padding-top: 30px !important;padding-right: 30px !important;padding-bottom: 30px !important;}&#8221;] Ac\u00fastica en restaurants Dissenys minimalistes, sostres alts, finestrals, elevada densitat de comensals, factors que influeixen i poden aportar una&#8230;<\/p>\n","protected":false},"author":2,"featured_media":0,"parent":0,"menu_order":300,"comment_status":"closed","ping_status":"closed","template":"full_width.php","meta":[],"yoast_head":"<!-- This site is optimized with the Yoast SEO plugin v19.13 - https:\/\/yoast.com\/wordpress\/plugins\/seo\/ -->\n<title>Restaurants | Acustics Ambient<\/title>\n<meta name=\"robots\" content=\"index, follow, max-snippet:-1, max-image-preview:large, max-video-preview:-1\" \/>\n<link rel=\"canonical\" href=\"https:\/\/acusticsambient.com\/ca\/restaurants\/\" \/>\n<meta property=\"og:locale\" content=\"ca_ES\" \/>\n<meta property=\"og:type\" content=\"article\" \/>\n<meta property=\"og:title\" content=\"Restaurants | Acustics Ambient\" \/>\n<meta property=\"og:description\" content=\"[vc_row css_animation=&#8221;&#8221; row_type=&#8221;row&#8221; use_row_as_full_screen_section=&#8221;no&#8221; type=&#8221;grid&#8221; angled_section=&#8221;no&#8221; text_align=&#8221;left&#8221; background_image_as_pattern=&#8221;without_pattern&#8221; css=&#8221;.vc_custom_1600364212737{padding-top: 120px !important;padding-bottom: 120px !important;}&#8221; z_index=&#8221;&#8221;][vc_column][vc_row_inner row_type=&#8221;row&#8221; type=&#8221;full_width&#8221; text_align=&#8221;left&#8221; css_animation=&#8221;&#8221;][vc_column_inner width=&#8221;1\/2&#8243;][vc_column_text css=&#8221;.vc_custom_1604447259710{padding-top: 30px !important;padding-right: 30px !important;padding-bottom: 30px !important;}&#8221;] Ac\u00fastica en restaurants Dissenys minimalistes, sostres alts, finestrals, elevada densitat de comensals, factors que influeixen i poden aportar una...\" \/>\n<meta property=\"og:url\" content=\"https:\/\/acusticsambient.com\/ca\/restaurants\/\" \/>\n<meta property=\"og:site_name\" content=\"Acustics Ambient\" \/>\n<meta property=\"article:modified_time\" content=\"2021-03-09T12:02:10+00:00\" \/>\n<meta name=\"twitter:card\" content=\"summary_large_image\" \/>\n<meta name=\"twitter:label1\" content=\"Temps estimat de lectura\" \/>\n\t<meta name=\"twitter:data1\" content=\"4 minuts\" \/>\n<script type=\"application\/ld+json\" class=\"yoast-schema-graph\">{\"@context\":\"https:\/\/schema.org\",\"@graph\":[{\"@type\":\"WebPage\",\"@id\":\"https:\/\/acusticsambient.com\/ca\/restaurants\/\",\"url\":\"https:\/\/acusticsambient.com\/ca\/restaurants\/\",\"name\":\"Restaurants | Acustics Ambient\",\"isPartOf\":{\"@id\":\"https:\/\/acusticsambient.com\/ca\/#website\"},\"datePublished\":\"2020-09-09T07:11:45+00:00\",\"dateModified\":\"2021-03-09T12:02:10+00:00\",\"breadcrumb\":{\"@id\":\"https:\/\/acusticsambient.com\/ca\/restaurants\/#breadcrumb\"},\"inLanguage\":\"ca\",\"potentialAction\":[{\"@type\":\"ReadAction\",\"target\":[\"https:\/\/acusticsambient.com\/ca\/restaurants\/\"]}]},{\"@type\":\"BreadcrumbList\",\"@id\":\"https:\/\/acusticsambient.com\/ca\/restaurants\/#breadcrumb\",\"itemListElement\":[{\"@type\":\"ListItem\",\"position\":1,\"name\":\"Home\",\"item\":\"https:\/\/acusticsambient.com\/ca\/\"},{\"@type\":\"ListItem\",\"position\":2,\"name\":\"Restaurants\"}]},{\"@type\":\"WebSite\",\"@id\":\"https:\/\/acusticsambient.com\/ca\/#website\",\"url\":\"https:\/\/acusticsambient.com\/ca\/\",\"name\":\"Acustics Ambient\",\"description\":\"Just another WordPress site\",\"publisher\":{\"@id\":\"https:\/\/acusticsambient.com\/ca\/#organization\"},\"potentialAction\":[{\"@type\":\"SearchAction\",\"target\":{\"@type\":\"EntryPoint\",\"urlTemplate\":\"https:\/\/acusticsambient.com\/ca\/?s={search_term_string}\"},\"query-input\":\"required name=search_term_string\"}],\"inLanguage\":\"ca\"},{\"@type\":\"Organization\",\"@id\":\"https:\/\/acusticsambient.com\/ca\/#organization\",\"name\":\"Ac\u00fastics Ambient Consultoria Ac\u00fastica\",\"url\":\"https:\/\/acusticsambient.com\/ca\/\",\"logo\":{\"@type\":\"ImageObject\",\"inLanguage\":\"ca\",\"@id\":\"https:\/\/acusticsambient.com\/ca\/#\/schema\/logo\/image\/\",\"url\":\"https:\/\/acusticsambient.com\/wp-content\/uploads\/2020\/09\/acusticalogo.png\",\"contentUrl\":\"https:\/\/acusticsambient.com\/wp-content\/uploads\/2020\/09\/acusticalogo.png\",\"width\":900,\"height\":600,\"caption\":\"Ac\u00fastics Ambient Consultoria Ac\u00fastica\"},\"image\":{\"@id\":\"https:\/\/acusticsambient.com\/ca\/#\/schema\/logo\/image\/\"}}]}<\/script>\n<!-- \/ Yoast SEO plugin. -->","yoast_head_json":{"title":"Restaurants | Acustics Ambient","robots":{"index":"index","follow":"follow","max-snippet":"max-snippet:-1","max-image-preview":"max-image-preview:large","max-video-preview":"max-video-preview:-1"},"canonical":"https:\/\/acusticsambient.com\/ca\/restaurants\/","og_locale":"ca_ES","og_type":"article","og_title":"Restaurants | Acustics Ambient","og_description":"[vc_row css_animation=&#8221;&#8221; row_type=&#8221;row&#8221; use_row_as_full_screen_section=&#8221;no&#8221; type=&#8221;grid&#8221; angled_section=&#8221;no&#8221; text_align=&#8221;left&#8221; background_image_as_pattern=&#8221;without_pattern&#8221; css=&#8221;.vc_custom_1600364212737{padding-top: 120px !important;padding-bottom: 120px !important;}&#8221; z_index=&#8221;&#8221;][vc_column][vc_row_inner row_type=&#8221;row&#8221; type=&#8221;full_width&#8221; text_align=&#8221;left&#8221; css_animation=&#8221;&#8221;][vc_column_inner width=&#8221;1\/2&#8243;][vc_column_text css=&#8221;.vc_custom_1604447259710{padding-top: 30px !important;padding-right: 30px !important;padding-bottom: 30px !important;}&#8221;] Ac\u00fastica en restaurants Dissenys minimalistes, sostres alts, finestrals, elevada densitat de comensals, factors que influeixen i poden aportar una...","og_url":"https:\/\/acusticsambient.com\/ca\/restaurants\/","og_site_name":"Acustics Ambient","article_modified_time":"2021-03-09T12:02:10+00:00","twitter_card":"summary_large_image","twitter_misc":{"Temps estimat de lectura":"4 minuts"},"schema":{"@context":"https:\/\/schema.org","@graph":[{"@type":"WebPage","@id":"https:\/\/acusticsambient.com\/ca\/restaurants\/","url":"https:\/\/acusticsambient.com\/ca\/restaurants\/","name":"Restaurants | Acustics Ambient","isPartOf":{"@id":"https:\/\/acusticsambient.com\/ca\/#website"},"datePublished":"2020-09-09T07:11:45+00:00","dateModified":"2021-03-09T12:02:10+00:00","breadcrumb":{"@id":"https:\/\/acusticsambient.com\/ca\/restaurants\/#breadcrumb"},"inLanguage":"ca","potentialAction":[{"@type":"ReadAction","target":["https:\/\/acusticsambient.com\/ca\/restaurants\/"]}]},{"@type":"BreadcrumbList","@id":"https:\/\/acusticsambient.com\/ca\/restaurants\/#breadcrumb","itemListElement":[{"@type":"ListItem","position":1,"name":"Home","item":"https:\/\/acusticsambient.com\/ca\/"},{"@type":"ListItem","position":2,"name":"Restaurants"}]},{"@type":"WebSite","@id":"https:\/\/acusticsambient.com\/ca\/#website","url":"https:\/\/acusticsambient.com\/ca\/","name":"Acustics Ambient","description":"Just another WordPress site","publisher":{"@id":"https:\/\/acusticsambient.com\/ca\/#organization"},"potentialAction":[{"@type":"SearchAction","target":{"@type":"EntryPoint","urlTemplate":"https:\/\/acusticsambient.com\/ca\/?s={search_term_string}"},"query-input":"required name=search_term_string"}],"inLanguage":"ca"},{"@type":"Organization","@id":"https:\/\/acusticsambient.com\/ca\/#organization","name":"Ac\u00fastics Ambient Consultoria Ac\u00fastica","url":"https:\/\/acusticsambient.com\/ca\/","logo":{"@type":"ImageObject","inLanguage":"ca","@id":"https:\/\/acusticsambient.com\/ca\/#\/schema\/logo\/image\/","url":"https:\/\/acusticsambient.com\/wp-content\/uploads\/2020\/09\/acusticalogo.png","contentUrl":"https:\/\/acusticsambient.com\/wp-content\/uploads\/2020\/09\/acusticalogo.png","width":900,"height":600,"caption":"Ac\u00fastics Ambient Consultoria Ac\u00fastica"},"image":{"@id":"https:\/\/acusticsambient.com\/ca\/#\/schema\/logo\/image\/"}}]}},"_links":{"self":[{"href":"https:\/\/acusticsambient.com\/ca\/wp-json\/wp\/v2\/pages\/2241"}],"collection":[{"href":"https:\/\/acusticsambient.com\/ca\/wp-json\/wp\/v2\/pages"}],"about":[{"href":"https:\/\/acusticsambient.com\/ca\/wp-json\/wp\/v2\/types\/page"}],"author":[{"embeddable":true,"href":"https:\/\/acusticsambient.com\/ca\/wp-json\/wp\/v2\/users\/2"}],"replies":[{"embeddable":true,"href":"https:\/\/acusticsambient.com\/ca\/wp-json\/wp\/v2\/comments?post=2241"}],"version-history":[{"count":7,"href":"https:\/\/acusticsambient.com\/ca\/wp-json\/wp\/v2\/pages\/2241\/revisions"}],"predecessor-version":[{"id":3462,"href":"https:\/\/acusticsambient.com\/ca\/wp-json\/wp\/v2\/pages\/2241\/revisions\/3462"}],"wp:attachment":[{"href":"https:\/\/acusticsambient.com\/ca\/wp-json\/wp\/v2\/media?parent=2241"}],"curies":[{"name":"wp","href":"https:\/\/api.w.org\/{rel}","templated":true}]}}