{"id":2235,"date":"2020-09-09T07:03:53","date_gmt":"2020-09-09T07:03:53","guid":{"rendered":"https:\/\/acusticsambient.com\/medioambiente-mapa-acustico\/"},"modified":"2021-03-09T10:23:44","modified_gmt":"2021-03-09T10:23:44","slug":"mediambient-mapa-acustic","status":"publish","type":"page","link":"https:\/\/acusticsambient.com\/ca\/mediambient-mapa-acustic\/","title":{"rendered":"Mediambient &#8211; Mapes ac\u00fastics"},"content":{"rendered":"<p>[vc_row css_animation=&#8221;&#8221; row_type=&#8221;row&#8221; use_row_as_full_screen_section=&#8221;no&#8221; type=&#8221;grid&#8221; angled_section=&#8221;no&#8221; text_align=&#8221;left&#8221; background_image_as_pattern=&#8221;without_pattern&#8221; css=&#8221;.vc_custom_1600364212737{padding-top: 120px !important;padding-bottom: 120px !important;}&#8221; z_index=&#8221;&#8221;][vc_column][vc_row_inner row_type=&#8221;row&#8221; type=&#8221;full_width&#8221; text_align=&#8221;left&#8221; css_animation=&#8221;&#8221;][vc_column_inner width=&#8221;1\/2&#8243;][vc_column_text css=&#8221;.vc_custom_1604427685448{padding-top: 30px !important;padding-right: 30px !important;padding-bottom: 30px !important;}&#8221;]<\/p>\n<h3>Ac\u00fastica i medi ambient<\/h3>\n<p>Ac\u00fastics Ambient SL porta a terme la predicci\u00f3 de soroll mitjan\u00e7ant programari espec\u00edfic tenint en un compte propagaci\u00f3 i dispersi\u00f3 de soroll:<\/p>\n<p>Espectre de soroll en ter\u00e7os d&#8217;octaves fent especial \u00e8mfasi en baixa freq\u00fc\u00e8ncia.<\/p>\n<p>Dispersi\u00f3 geom\u00e8trica (diverg\u00e8ncia, atenuaci\u00f3 de dist\u00e0ncia) de soroll; absorci\u00f3 de soroll per l&#8217;aire depenent de la temperatura atmosf\u00e8rica, pressi\u00f3 i humitat;<br \/>\nEstabilitat atmosf\u00e8rica (efectes de gradient de temperatura, inversi\u00f3 de temperatura); Velocitat i direcci\u00f3 de vent; topografia;<\/p>\n<p>Efectes sobre el s\u00f2l (absorci\u00f3); Pres\u00e8ncia de carreteres, pol\u00edgons industrials, edificis, barreres ac\u00fastiques.<\/p>\n<p>Depenent dels requisits espec\u00edfics de el projecte, portem a terme la modelitzaci\u00f3 de dispersi\u00f3 de soroll mitjan\u00e7ant diferents (programari):<\/p>\n<p>1. <a href=\"https:\/\/www.emsbk.com\/predictor-lima\/\">Predictor 7810<\/a> (Models: Dinamarca \/ Pa\u00efsos Baixos \/ Alemanya) &#8211; soroll industrial, vial i ferroviari;<\/p>\n<p>2. <a href=\"http:\/\/www.datakustik.com\/en\/products\/cadnaa\">CadnaA<\/a> (Alemanya): soroll industrial, vial i ferroviari;<\/p>\n<h3><strong> Mapes de capacitat ac\u00fastica <\/strong><\/h3>\n<p>Els mapes de capacitat ac\u00fastica municipal s\u00f3n un instrument per a la gesti\u00f3 ambiental de soroll, que tenen com a finalitat evitar, prevenir o reduir la contaminaci\u00f3 ac\u00fastica a la qual est\u00e0 exposada la poblaci\u00f3, la prevenci\u00f3 i \/ o millora de la qualitat ac\u00fastica del territori.<\/p>\n<p>El mapa assigna els nivells d&#8217;immissi\u00f3 fixats com a objectius de qualitat en el territori, establint les zones de sensibilitat ac\u00fastica, que agrupen les parts del territori amb la mateixa percepci\u00f3 ac\u00fastica (classificant-les en: alta, moderada i baixa), per a tres per\u00edodes temporals diferenciats : dia, tarda i nit, on tamb\u00e9 s&#8217;incorporen els usos de terra.[\/vc_column_text][\/vc_column_inner][vc_column_inner width=&#8221;1\/2&#8243; css=&#8221;.vc_custom_1600762968354{padding-top: 300px !important;padding-bottom: 950px !important;background-image: url(https:\/\/acusticsambient.com\/wp-content\/uploads\/2020\/09\/MEDIAMBIENT-8-rotated.jpg?id=1783) !important;background-position: center !important;background-repeat: no-repeat !important;background-size: cover !important;}&#8221;][\/vc_column_inner][\/vc_row_inner][vc_row_inner row_type=&#8221;row&#8221; type=&#8221;full_width&#8221; text_align=&#8221;left&#8221; css_animation=&#8221;&#8221;][vc_column_inner width=&#8221;1\/2&#8243; css=&#8221;.vc_custom_1600763466132{padding-top: 300px !important;padding-bottom: 230% !important;background-image: url(https:\/\/acusticsambient.com\/wp-content\/uploads\/2020\/09\/MAPA-5.jpg?id=1769) !important;background-position: center !important;background-repeat: no-repeat !important;background-size: cover !important;}&#8221;][\/vc_column_inner][vc_column_inner width=&#8221;1\/2&#8243;][vc_column_text css=&#8221;.vc_custom_1604429503240{padding-bottom: 30px !important;padding-left: 30px !important;}&#8221;]En funci\u00f3 de les caracter\u00edstiques del municipi, els mapes tamb\u00e9 han d&#8217;incloure les zones declarades d&#8217;especial protecci\u00f3 de la qualitat ac\u00fastica (ZEPQA), les zones de r\u00e8gim especial (ZARE), les zones de soroll que es defineixin i altres \u00e0rees de sensibilitat ac\u00fastica que assoleixin uns objectius de qualitat que atorguin m\u00e9s protecci\u00f3 al territori.<\/p>\n<blockquote>\n<h3><strong>La totalitat d&#8217;ajuntaments tenen l&#8217;obligaci\u00f3 d&#8217;elaborar i aprovar el mapa de capacitat ac\u00fastica i posar-lo a disposici\u00f3 de la poblaci\u00f3. Ac\u00fastics Ambient SL tenim \u00e0mplia experi\u00e8ncia en la redacci\u00f3 d&#8217;aquests mapes tant per a poblacions de gran magnitud com per a petites poblacions. <\/strong><\/h3>\n<\/blockquote>\n<p>Els mapes de capacitat ac\u00fastica s&#8217;han d&#8217;elaborar i representar, seguint els criteris establerts en el Decret 245\/2005, de 8 de novembre, modificat pel Decret 176\/2009, de 10 de novembre, pel qual s&#8217;aprova el Reglament de la Llei 16\/2002.<\/p>\n<h3>Pla d&#8217;acci\u00f3 de reducci\u00f3 de soroll<\/h3>\n<p>L&#8217;estrat\u00e8gia establerta per a la reducci\u00f3 de nivells de soroll rau en l&#8217;an\u00e0lisi de l&#8217;nombre de persones exposades a alts nivells de soroll, en particular a causa de l&#8217;augment de l&#8217;tr\u00e0nsit per carretera, aviaci\u00f3, i a l&#8217;augment de l&#8217;nombre d&#8217;habitants de les ciutats.<\/p>\n<p>Les accions de reducci\u00f3 de soroll es divideixen en tres temes: planificaci\u00f3 i orientaci\u00f3, que afecten a la font de soroll, i reducci\u00f3 de soroll estructural.<\/p>\n<p>Els plans d&#8217;acci\u00f3 han de contenir, entre altres, els seg\u00fcents elements:<\/p>\n<p>&#8211; La descripci\u00f3 de l&#8217;aglomeraci\u00f3, els principals eixos viaris, els principals eixos ferroviaris o principals aeroports i altres fonts considerades<\/p>\n<p>&#8211; L&#8217;autoritat responsable i el context jur\u00eddic<\/p>\n<p>&#8211; Els valors l\u00edmit d&#8217;immissi\u00f3 establerts d&#8217;acord amb els annexos d&#8217;aquest Reglament<\/p>\n<p>&#8211; el resum dels resultats de les tasques de cartografia de soroll<\/p>\n<p>&#8211; l&#8217;avaluaci\u00f3 de l&#8217;nombre estimat de persones exposades a soroll i la determinaci\u00f3 dels problemes i les situacions que han de millorar<\/p>\n<p>&#8211; la relaci\u00f3 de les al\u00b7legacions o observacions rebudes en el tr\u00e0mit d&#8217;informaci\u00f3 p\u00fablica<\/p>\n<p>&#8211; Les mesures que ja s&#8217;apliquen per reduir el soroll i els projectes en preparaci\u00f3<\/p>\n<p>&#8211; Les actuacions previstes per les autoritats competents per als pr\u00f2xims cinc anys, incloses les mesures per protegir les zones tranquil\u00b7les<\/p>\n<p>&#8211; Les estrat\u00e8gies a llarg termini<\/p>\n<p>&#8211; La informaci\u00f3 econ\u00f2mica (si est\u00e0 disponible): pressupostos, avaluacions cost-efic\u00e0cia o cost-benefici<\/p>\n<p>&#8211; Les disposicions previstes per avaluar l&#8217;aplicaci\u00f3 i els resultats de el pla d&#8217;acci\u00f3.[\/vc_column_text][\/vc_column_inner][\/vc_row_inner][vc_row_inner row_type=&#8221;row&#8221; type=&#8221;full_width&#8221; text_align=&#8221;left&#8221; css_animation=&#8221;&#8221;][vc_column_inner width=&#8221;1\/2&#8243;][vc_column_text css=&#8221;.vc_custom_1604430616681{padding-top: 30px !important;padding-right: 30px !important;padding-bottom: 30px !important;}&#8221;]Algunes de les mesures que poden preveure les autoritats dins les seves compet\u00e8ncies s\u00f3n, entre altres: la regulaci\u00f3 de la mobilitat, l&#8217;ordenaci\u00f3 del territori, l&#8217;aplicaci\u00f3 de mesures t\u00e8cniques en les fonts emissores, la selecci\u00f3 de fonts m\u00e9s silencioses, la reducci\u00f3 de la transmissi\u00f3 de soroll i mesures o incentius reglamentaris o econ\u00f2mics.<\/p>\n<h3>Mapes Estrat\u00e8gics de Soroll (MER)<\/h3>\n<p>Els mapes estrat\u00e8gics de soroll s\u00f3n eines dissenyades per a poder avaluar globalment l&#8217;exposici\u00f3 a soroll en una zona determinada, segons es defineix en la Directiva 2002\/49 \/ CE de parlament europeu i de l&#8217;consell de 25 de juny de 2002 sobre avaluaci\u00f3 i gesti\u00f3 de l&#8217;soroll ambiental. La seva elaboraci\u00f3 i gesti\u00f3 queda regulada tant per l&#8217;esmentada Directiva, com per la Llei 37\/2003, de 17 de novembre, de l&#8217;Soroll i els reials decrets 1513\/2005, 1367\/2007 i 1038\/2012 que la desenvolupen. En compliment d&#8217;aquesta normativa, s&#8217;elaboren els mapes estrat\u00e8gics de soroll dels aeroports que registrin m\u00e9s de 50.000 operacions anuals. Aquests mapes es realitzen cada 5 anys, segons requereix la normativa, i s\u00f3n una eina de diagn\u00f2stic que permet avaluar la situaci\u00f3 de la contaminaci\u00f3 ac\u00fastica a l&#8217;entorn d&#8217;un aeroport i per a un any de refer\u00e8ncia, permetent fer un seguiment de l&#8217;evoluci\u00f3 de l&#8217;soroll .[\/vc_column_text]\n\n\t<a href=\"https:\/\/acusticsambient.com\/ca\/#projectes\" target=\"_self\" style=\"color: #ffffff;background-color: #51a126;font-size: 20px;font-weight: 400;margin: 20px 0px 0px 0px\" class=\"qode-btn qode-btn-medium qode-btn-solid qode-btn-custom-hover-bg qode-btn-custom-hover-color qode-btn-default-hover\" data-hover-bg-color=\"#96949a\" data-hover-color=\"#ffffff\" >\n\t    <span class=\"qode-btn-text\">M\u00e9s Projectes<\/span>\t<\/a>\n\n[\/vc_column_inner][vc_column_inner width=&#8221;1\/2&#8243; css=&#8221;.vc_custom_1600763246128{padding-top: 300px !important;padding-bottom: 100% !important;background-image: url(https:\/\/acusticsambient.com\/wp-content\/uploads\/2020\/09\/MAPA-2.jpg?id=1787) !important;background-position: center !important;background-repeat: no-repeat !important;background-size: cover !important;}&#8221;][\/vc_column_inner][\/vc_row_inner][\/vc_column][\/vc_row][vc_row css_animation=&#8221;&#8221; row_type=&#8221;row&#8221; use_row_as_full_screen_section=&#8221;no&#8221; type=&#8221;full_width&#8221; angled_section=&#8221;no&#8221; text_align=&#8221;left&#8221; background_image_as_pattern=&#8221;without_pattern&#8221; z_index=&#8221;&#8221; css=&#8221;.vc_custom_1600335949546{background-color: #ffffff !important;}&#8221;][vc_column][vc_empty_space height=&#8221;48px&#8221;][vc_column_text]<\/p>\n<h2 style=\"text-align: center; color: #51a126;\">Els Nostres <span style=\"color: #969799;\"> Projectes: <\/span><\/h2>\n<h3 style=\"text-align: center; color: #51a126;\">Medi Ambient \u2013 <span style=\"color: #969799;\">Mapa ac\u00fastic<\/span><\/h3>\n<p>[\/vc_column_text][vc_empty_space height=&#8221;48px&#8221;][vc_gallery type=&#8221;image_grid&#8221; images=&#8221;1766,1768,1770,1772,1774,1776,1778,1780,1782,1784,1786,1788,3378,3380&#8243; img_size=&#8221;500&#215;500&#8243; column_number=&#8221;4&#8243; grayscale=&#8221;no&#8221; images_space=&#8221;gallery_with_space&#8221;][vc_empty_space height=&#8221;48px&#8221;][\/vc_column][\/vc_row]<\/p>\n","protected":false},"excerpt":{"rendered":"<p>[vc_row css_animation=&#8221;&#8221; row_type=&#8221;row&#8221; use_row_as_full_screen_section=&#8221;no&#8221; type=&#8221;grid&#8221; angled_section=&#8221;no&#8221; text_align=&#8221;left&#8221; background_image_as_pattern=&#8221;without_pattern&#8221; css=&#8221;.vc_custom_1600364212737{padding-top: 120px !important;padding-bottom: 120px !important;}&#8221; z_index=&#8221;&#8221;][vc_column][vc_row_inner row_type=&#8221;row&#8221; type=&#8221;full_width&#8221; text_align=&#8221;left&#8221; css_animation=&#8221;&#8221;][vc_column_inner width=&#8221;1\/2&#8243;][vc_column_text css=&#8221;.vc_custom_1604427685448{padding-top: 30px !important;padding-right: 30px !important;padding-bottom: 30px !important;}&#8221;] Ac\u00fastica i medi ambient Ac\u00fastics Ambient SL porta a terme la predicci\u00f3 de soroll mitjan\u00e7ant programari espec\u00edfic tenint en&#8230;<\/p>\n","protected":false},"author":2,"featured_media":0,"parent":0,"menu_order":300,"comment_status":"closed","ping_status":"closed","template":"full_width.php","meta":[],"yoast_head":"<!-- This site is optimized with the Yoast SEO plugin v19.13 - https:\/\/yoast.com\/wordpress\/plugins\/seo\/ -->\n<title>Mediambient - Mapes ac\u00fastics | Acustics Ambient<\/title>\n<meta name=\"robots\" content=\"index, follow, max-snippet:-1, max-image-preview:large, max-video-preview:-1\" \/>\n<link rel=\"canonical\" href=\"https:\/\/acusticsambient.com\/ca\/mediambient-mapa-acustic\/\" \/>\n<meta property=\"og:locale\" content=\"ca_ES\" \/>\n<meta property=\"og:type\" content=\"article\" \/>\n<meta property=\"og:title\" content=\"Mediambient - Mapes ac\u00fastics | Acustics Ambient\" \/>\n<meta property=\"og:description\" content=\"[vc_row css_animation=&#8221;&#8221; row_type=&#8221;row&#8221; use_row_as_full_screen_section=&#8221;no&#8221; type=&#8221;grid&#8221; angled_section=&#8221;no&#8221; text_align=&#8221;left&#8221; background_image_as_pattern=&#8221;without_pattern&#8221; css=&#8221;.vc_custom_1600364212737{padding-top: 120px !important;padding-bottom: 120px !important;}&#8221; z_index=&#8221;&#8221;][vc_column][vc_row_inner row_type=&#8221;row&#8221; type=&#8221;full_width&#8221; text_align=&#8221;left&#8221; css_animation=&#8221;&#8221;][vc_column_inner width=&#8221;1\/2&#8243;][vc_column_text css=&#8221;.vc_custom_1604427685448{padding-top: 30px !important;padding-right: 30px !important;padding-bottom: 30px !important;}&#8221;] Ac\u00fastica i medi ambient Ac\u00fastics Ambient SL porta a terme la predicci\u00f3 de soroll mitjan\u00e7ant programari espec\u00edfic tenint en...\" \/>\n<meta property=\"og:url\" content=\"https:\/\/acusticsambient.com\/ca\/mediambient-mapa-acustic\/\" \/>\n<meta property=\"og:site_name\" content=\"Acustics Ambient\" \/>\n<meta property=\"article:modified_time\" content=\"2021-03-09T10:23:44+00:00\" \/>\n<meta name=\"twitter:card\" content=\"summary_large_image\" \/>\n<meta name=\"twitter:label1\" content=\"Temps estimat de lectura\" \/>\n\t<meta name=\"twitter:data1\" content=\"6 minuts\" \/>\n<script type=\"application\/ld+json\" class=\"yoast-schema-graph\">{\"@context\":\"https:\/\/schema.org\",\"@graph\":[{\"@type\":\"WebPage\",\"@id\":\"https:\/\/acusticsambient.com\/ca\/mediambient-mapa-acustic\/\",\"url\":\"https:\/\/acusticsambient.com\/ca\/mediambient-mapa-acustic\/\",\"name\":\"Mediambient - Mapes ac\u00fastics | Acustics Ambient\",\"isPartOf\":{\"@id\":\"https:\/\/acusticsambient.com\/ca\/#website\"},\"datePublished\":\"2020-09-09T07:03:53+00:00\",\"dateModified\":\"2021-03-09T10:23:44+00:00\",\"breadcrumb\":{\"@id\":\"https:\/\/acusticsambient.com\/ca\/mediambient-mapa-acustic\/#breadcrumb\"},\"inLanguage\":\"ca\",\"potentialAction\":[{\"@type\":\"ReadAction\",\"target\":[\"https:\/\/acusticsambient.com\/ca\/mediambient-mapa-acustic\/\"]}]},{\"@type\":\"BreadcrumbList\",\"@id\":\"https:\/\/acusticsambient.com\/ca\/mediambient-mapa-acustic\/#breadcrumb\",\"itemListElement\":[{\"@type\":\"ListItem\",\"position\":1,\"name\":\"Home\",\"item\":\"https:\/\/acusticsambient.com\/ca\/\"},{\"@type\":\"ListItem\",\"position\":2,\"name\":\"Mediambient &#8211; Mapes ac\u00fastics\"}]},{\"@type\":\"WebSite\",\"@id\":\"https:\/\/acusticsambient.com\/ca\/#website\",\"url\":\"https:\/\/acusticsambient.com\/ca\/\",\"name\":\"Acustics Ambient\",\"description\":\"Just another WordPress site\",\"publisher\":{\"@id\":\"https:\/\/acusticsambient.com\/ca\/#organization\"},\"potentialAction\":[{\"@type\":\"SearchAction\",\"target\":{\"@type\":\"EntryPoint\",\"urlTemplate\":\"https:\/\/acusticsambient.com\/ca\/?s={search_term_string}\"},\"query-input\":\"required name=search_term_string\"}],\"inLanguage\":\"ca\"},{\"@type\":\"Organization\",\"@id\":\"https:\/\/acusticsambient.com\/ca\/#organization\",\"name\":\"Ac\u00fastics Ambient Consultoria Ac\u00fastica\",\"url\":\"https:\/\/acusticsambient.com\/ca\/\",\"logo\":{\"@type\":\"ImageObject\",\"inLanguage\":\"ca\",\"@id\":\"https:\/\/acusticsambient.com\/ca\/#\/schema\/logo\/image\/\",\"url\":\"https:\/\/acusticsambient.com\/wp-content\/uploads\/2020\/09\/acusticalogo.png\",\"contentUrl\":\"https:\/\/acusticsambient.com\/wp-content\/uploads\/2020\/09\/acusticalogo.png\",\"width\":900,\"height\":600,\"caption\":\"Ac\u00fastics Ambient Consultoria Ac\u00fastica\"},\"image\":{\"@id\":\"https:\/\/acusticsambient.com\/ca\/#\/schema\/logo\/image\/\"}}]}<\/script>\n<!-- \/ Yoast SEO plugin. -->","yoast_head_json":{"title":"Mediambient - Mapes ac\u00fastics | Acustics Ambient","robots":{"index":"index","follow":"follow","max-snippet":"max-snippet:-1","max-image-preview":"max-image-preview:large","max-video-preview":"max-video-preview:-1"},"canonical":"https:\/\/acusticsambient.com\/ca\/mediambient-mapa-acustic\/","og_locale":"ca_ES","og_type":"article","og_title":"Mediambient - Mapes ac\u00fastics | Acustics Ambient","og_description":"[vc_row css_animation=&#8221;&#8221; row_type=&#8221;row&#8221; use_row_as_full_screen_section=&#8221;no&#8221; type=&#8221;grid&#8221; angled_section=&#8221;no&#8221; text_align=&#8221;left&#8221; background_image_as_pattern=&#8221;without_pattern&#8221; css=&#8221;.vc_custom_1600364212737{padding-top: 120px !important;padding-bottom: 120px !important;}&#8221; z_index=&#8221;&#8221;][vc_column][vc_row_inner row_type=&#8221;row&#8221; type=&#8221;full_width&#8221; text_align=&#8221;left&#8221; css_animation=&#8221;&#8221;][vc_column_inner width=&#8221;1\/2&#8243;][vc_column_text css=&#8221;.vc_custom_1604427685448{padding-top: 30px !important;padding-right: 30px !important;padding-bottom: 30px !important;}&#8221;] Ac\u00fastica i medi ambient Ac\u00fastics Ambient SL porta a terme la predicci\u00f3 de soroll mitjan\u00e7ant programari espec\u00edfic tenint en...","og_url":"https:\/\/acusticsambient.com\/ca\/mediambient-mapa-acustic\/","og_site_name":"Acustics Ambient","article_modified_time":"2021-03-09T10:23:44+00:00","twitter_card":"summary_large_image","twitter_misc":{"Temps estimat de lectura":"6 minuts"},"schema":{"@context":"https:\/\/schema.org","@graph":[{"@type":"WebPage","@id":"https:\/\/acusticsambient.com\/ca\/mediambient-mapa-acustic\/","url":"https:\/\/acusticsambient.com\/ca\/mediambient-mapa-acustic\/","name":"Mediambient - Mapes ac\u00fastics | Acustics Ambient","isPartOf":{"@id":"https:\/\/acusticsambient.com\/ca\/#website"},"datePublished":"2020-09-09T07:03:53+00:00","dateModified":"2021-03-09T10:23:44+00:00","breadcrumb":{"@id":"https:\/\/acusticsambient.com\/ca\/mediambient-mapa-acustic\/#breadcrumb"},"inLanguage":"ca","potentialAction":[{"@type":"ReadAction","target":["https:\/\/acusticsambient.com\/ca\/mediambient-mapa-acustic\/"]}]},{"@type":"BreadcrumbList","@id":"https:\/\/acusticsambient.com\/ca\/mediambient-mapa-acustic\/#breadcrumb","itemListElement":[{"@type":"ListItem","position":1,"name":"Home","item":"https:\/\/acusticsambient.com\/ca\/"},{"@type":"ListItem","position":2,"name":"Mediambient &#8211; Mapes ac\u00fastics"}]},{"@type":"WebSite","@id":"https:\/\/acusticsambient.com\/ca\/#website","url":"https:\/\/acusticsambient.com\/ca\/","name":"Acustics Ambient","description":"Just another WordPress site","publisher":{"@id":"https:\/\/acusticsambient.com\/ca\/#organization"},"potentialAction":[{"@type":"SearchAction","target":{"@type":"EntryPoint","urlTemplate":"https:\/\/acusticsambient.com\/ca\/?s={search_term_string}"},"query-input":"required name=search_term_string"}],"inLanguage":"ca"},{"@type":"Organization","@id":"https:\/\/acusticsambient.com\/ca\/#organization","name":"Ac\u00fastics Ambient Consultoria Ac\u00fastica","url":"https:\/\/acusticsambient.com\/ca\/","logo":{"@type":"ImageObject","inLanguage":"ca","@id":"https:\/\/acusticsambient.com\/ca\/#\/schema\/logo\/image\/","url":"https:\/\/acusticsambient.com\/wp-content\/uploads\/2020\/09\/acusticalogo.png","contentUrl":"https:\/\/acusticsambient.com\/wp-content\/uploads\/2020\/09\/acusticalogo.png","width":900,"height":600,"caption":"Ac\u00fastics Ambient Consultoria Ac\u00fastica"},"image":{"@id":"https:\/\/acusticsambient.com\/ca\/#\/schema\/logo\/image\/"}}]}},"_links":{"self":[{"href":"https:\/\/acusticsambient.com\/ca\/wp-json\/wp\/v2\/pages\/2235"}],"collection":[{"href":"https:\/\/acusticsambient.com\/ca\/wp-json\/wp\/v2\/pages"}],"about":[{"href":"https:\/\/acusticsambient.com\/ca\/wp-json\/wp\/v2\/types\/page"}],"author":[{"embeddable":true,"href":"https:\/\/acusticsambient.com\/ca\/wp-json\/wp\/v2\/users\/2"}],"replies":[{"embeddable":true,"href":"https:\/\/acusticsambient.com\/ca\/wp-json\/wp\/v2\/comments?post=2235"}],"version-history":[{"count":15,"href":"https:\/\/acusticsambient.com\/ca\/wp-json\/wp\/v2\/pages\/2235\/revisions"}],"predecessor-version":[{"id":3382,"href":"https:\/\/acusticsambient.com\/ca\/wp-json\/wp\/v2\/pages\/2235\/revisions\/3382"}],"wp:attachment":[{"href":"https:\/\/acusticsambient.com\/ca\/wp-json\/wp\/v2\/media?parent=2235"}],"curies":[{"name":"wp","href":"https:\/\/api.w.org\/{rel}","templated":true}]}}