{"id":2203,"date":"2020-09-09T07:08:24","date_gmt":"2020-09-09T07:08:24","guid":{"rendered":"https:\/\/acusticsambient.com\/pantallas-acusticas\/"},"modified":"2020-11-04T11:27:52","modified_gmt":"2020-11-04T11:27:52","slug":"pantalles-acustiques","status":"publish","type":"page","link":"https:\/\/acusticsambient.com\/ca\/pantalles-acustiques\/","title":{"rendered":"Pantalles ac\u00fastiques"},"content":{"rendered":"<p>[vc_row css_animation=&#8221;&#8221; row_type=&#8221;row&#8221; use_row_as_full_screen_section=&#8221;no&#8221; type=&#8221;grid&#8221; angled_section=&#8221;no&#8221; text_align=&#8221;left&#8221; background_image_as_pattern=&#8221;without_pattern&#8221; css=&#8221;.vc_custom_1600364212737{padding-top: 120px !important;padding-bottom: 120px !important;}&#8221; z_index=&#8221;&#8221;][vc_column][vc_row_inner row_type=&#8221;row&#8221; type=&#8221;full_width&#8221; text_align=&#8221;left&#8221; css_animation=&#8221;&#8221;][vc_column_inner width=&#8221;1\/2&#8243;][vc_column_text css=&#8221;.vc_custom_1604489031775{padding-top: 30px !important;padding-right: 30px !important;padding-bottom: 30px !important;}&#8221;]<\/p>\n<h3>A\u00efllament ac\u00fastic amb pantalles<\/h3>\n<p>La funci\u00f3 principal de les barreres ac\u00fastiques \u00e9s protegir els receptors de soroll excessiu generat pel tr\u00e0nsit rodat, soroll industrial, m\u00e0quines de climatitzaci\u00f3, etc.<br \/>\nSi b\u00e9 la responsabilitat de mitigar el soroll de tr\u00e0nsit rodat recau en els projectes vials o de promotor quan l&#8217;edifici \u00e9s el que s&#8217;instal\u00b7la prop d&#8217;una infraestructura existent* (Veure CTE), les pantalles ac\u00fastiques es consideren les mesures de mitigaci\u00f3 de soroll m\u00e9s raonables disponibles.<br \/>\nCal considerar molts factors en el disseny de les barreres ac\u00fastiques. En primer lloc, les pantalles han de ser ac\u00fasticament adequades. Un disseny optimitzat de pantalles ac\u00fastiques necessitaria les degudes consideracions tant des del punt de vista ac\u00fastic, urban\u00edstic, est\u00e8tic, impacte visual, etc&#8230;.,<br \/>\nEl material, la ubicaci\u00f3, les dimensions i les formes de les pantalles ac\u00fastiques poden afectar el rendiment ac\u00fastic.<br \/>\nEl cam\u00ed en l\u00ednia recta original des de la font al receptor ara es veu interromput per la pantalla de soroll. Depenent del material de la pantalla contra el soroll i del tractament de la superf\u00edcie, una part de l&#8217;energia del soroll original es reflecteix o es dispersa cap a la font. Altres porcions s\u00f3n absorbides pel material de la pantalla contra el soroll, transmeses a trav\u00e9s de la pantalla contra el soroll o difractades en l&#8217;extrem superior de la pantalla contra el soroll.<br \/>\n[\/vc_column_text][\/vc_column_inner][vc_column_inner width=&#8221;1\/2&#8243; css=&#8221;.vc_custom_1600764993225{padding-top: 300px !important;padding-bottom: 100% !important;background-image: url(https:\/\/acusticsambient.com\/wp-content\/uploads\/2020\/09\/PANTALLA-7-scaled.jpg?id=1837) !important;background-position: center !important;background-repeat: no-repeat !important;background-size: cover !important;}&#8221;][\/vc_column_inner][\/vc_row_inner][vc_row_inner row_type=&#8221;row&#8221; type=&#8221;full_width&#8221; text_align=&#8221;left&#8221; css_animation=&#8221;&#8221;][vc_column_inner width=&#8221;1\/2&#8243; css=&#8221;.vc_custom_1600765121980{padding-top: 300px !important;padding-bottom: 150% !important;background-image: url(https:\/\/acusticsambient.com\/wp-content\/uploads\/2020\/09\/PANTALLA-6-scaled.jpg?id=1835) !important;background-position: center !important;background-repeat: no-repeat !important;background-size: cover !important;}&#8221;][\/vc_column_inner][vc_column_inner width=&#8221;1\/2&#8243;][vc_column_text css=&#8221;.vc_custom_1604489114537{padding-bottom: 30px !important;padding-left: 30px !important;}&#8221;]El soroll transm\u00e8s, per\u00f2, continua cap al receptor amb una &#8220;p\u00e8rdua&#8221; d&#8217;energia ac\u00fastica (energia ac\u00fastica de reflexi\u00f3 i part transformada en calor).<\/p>\n<blockquote>\n<h3><strong>Perqu\u00e8 una pantalla sigui completament efectiva, la quantitat d&#8217;energia sonora que la travessa ha de ser significativament menor que la que passa per la part superior mitjan\u00e7ant l&#8217;efecte de difracci\u00f3<\/strong><\/h3>\n<\/blockquote>\n<p>En les etapes de disseny i construcci\u00f3 hem de cuidar els detalls per evitar ponts ac\u00fastics, escletxes, ja sigui amb els panells contigus, al llarg de la part inferior o espais per a senyals de tr\u00e0nsit, unions de construcci\u00f3 o juntes de dilataci\u00f3.<br \/>\nL&#8217;efic\u00e0cia d&#8217;una pantalla prima d&#8217;una determinada al\u00e7ada pot augmentar acostant l&#8217;extrem de difracci\u00f3 a la font de soroll, augmentant aix\u00ed la difer\u00e8ncia de traject\u00f2ria. Quan es col\u00b7loca una pantalla alta prop de la cal\u00e7ada, inclinar la secci\u00f3 superior cap a la font pot proporcionar un benefici addicional. L&#8217;augment de nombre d&#8217;extrems difractant tamb\u00e9 pot millorar considerablement l&#8217;atenuaci\u00f3.<br \/>\nEn la majoria dels casos, ser\u00e0 relativament cost\u00f3s proporcionar m\u00e9s d&#8217;una pantalla, per\u00f2, al col\u00b7locar panells laterals curts a una pantalla de manera que hi hagi diversos elements d&#8217;infractors en el mateix nivell, pot augmentar el nombre d&#8217;extrems difractant. Els assaigs a gran escala amb una pantalla de triple tall han demostrat beneficis de fins a 3 dB (A) en determinades circumst\u00e0ncies. Haurem de garantir la seguretat integral del projecte mitjan\u00e7ant un \u00f2ptim dimensionament estructural.<\/p>\n<p>El disseny i els materials utilitzats en les pantalles ac\u00fastiques se seleccionaran per garantir que factors com la resist\u00e8ncia a l&#8217;envelliment \/ corrosi\u00f3, la resist\u00e8ncia a l&#8217;impacte i la resist\u00e8ncia al foc, etc. puguin satisfer els requisits especificats de cada projecte.<br \/>\n[\/vc_column_text]\n\n\t<a href=\"https:\/\/acusticsambient.com\/ca\/#projectes\" target=\"_self\" style=\"color: #ffffff;background-color: #51a126;font-size: 20px;font-weight: 400;margin: 20px 0px 0px 0px\" class=\"qode-btn qode-btn-medium qode-btn-solid qode-btn-custom-hover-bg qode-btn-custom-hover-color qode-btn-default-hover\" data-hover-bg-color=\"#96949a\" data-hover-color=\"#ffffff\" >\n\t    <span class=\"qode-btn-text\">M\u00e9s Projectes<\/span>\t<\/a>\n\n[\/vc_column_inner][\/vc_row_inner][\/vc_column][\/vc_row][vc_row css_animation=&#8221;&#8221; row_type=&#8221;row&#8221; use_row_as_full_screen_section=&#8221;no&#8221; type=&#8221;full_width&#8221; angled_section=&#8221;no&#8221; text_align=&#8221;left&#8221; background_image_as_pattern=&#8221;without_pattern&#8221; z_index=&#8221;&#8221; css=&#8221;.vc_custom_1600335949546{background-color: #ffffff !important;}&#8221;][vc_column][vc_empty_space height=&#8221;48px&#8221;][vc_column_text]<\/p>\n<h2 style=\"text-align: center; color: #51a126;\">Els Nostres <span style=\"color: #969799;\">Projectes:<\/span><\/h2>\n<h3 style=\"text-align: center; color: #51a126;\">Pantalles <span style=\"color: #969799;\">ac\u00fastiques<\/span><\/h3>\n<p>[\/vc_column_text][vc_empty_space height=&#8221;48px&#8221;][vc_gallery type=&#8221;image_grid&#8221; images=&#8221;1828,1830,1832,1834,1836,1838,1840&#8243; img_size=&#8221;500&#215;500&#8243; column_number=&#8221;4&#8243; grayscale=&#8221;no&#8221; images_space=&#8221;gallery_with_space&#8221;][vc_empty_space height=&#8221;48px&#8221;][\/vc_column][\/vc_row]<\/p>\n","protected":false},"excerpt":{"rendered":"<p>[vc_row css_animation=&#8221;&#8221; row_type=&#8221;row&#8221; use_row_as_full_screen_section=&#8221;no&#8221; type=&#8221;grid&#8221; angled_section=&#8221;no&#8221; text_align=&#8221;left&#8221; background_image_as_pattern=&#8221;without_pattern&#8221; css=&#8221;.vc_custom_1600364212737{padding-top: 120px !important;padding-bottom: 120px !important;}&#8221; z_index=&#8221;&#8221;][vc_column][vc_row_inner row_type=&#8221;row&#8221; type=&#8221;full_width&#8221; text_align=&#8221;left&#8221; css_animation=&#8221;&#8221;][vc_column_inner width=&#8221;1\/2&#8243;][vc_column_text css=&#8221;.vc_custom_1604489031775{padding-top: 30px !important;padding-right: 30px !important;padding-bottom: 30px !important;}&#8221;] A\u00efllament ac\u00fastic amb pantalles La funci\u00f3 principal de les barreres ac\u00fastiques \u00e9s protegir els receptors de soroll excessiu generat&#8230;<\/p>\n","protected":false},"author":2,"featured_media":0,"parent":0,"menu_order":300,"comment_status":"closed","ping_status":"closed","template":"full_width.php","meta":[],"yoast_head":"<!-- This site is optimized with the Yoast SEO plugin v19.13 - https:\/\/yoast.com\/wordpress\/plugins\/seo\/ -->\n<title>Pantalles ac\u00fastiques | Acustics Ambient<\/title>\n<meta name=\"robots\" content=\"index, follow, max-snippet:-1, max-image-preview:large, max-video-preview:-1\" \/>\n<link rel=\"canonical\" href=\"https:\/\/acusticsambient.com\/ca\/pantalles-acustiques\/\" \/>\n<meta property=\"og:locale\" content=\"ca_ES\" \/>\n<meta property=\"og:type\" content=\"article\" \/>\n<meta property=\"og:title\" content=\"Pantalles ac\u00fastiques | Acustics Ambient\" \/>\n<meta property=\"og:description\" content=\"[vc_row css_animation=&#8221;&#8221; row_type=&#8221;row&#8221; use_row_as_full_screen_section=&#8221;no&#8221; type=&#8221;grid&#8221; angled_section=&#8221;no&#8221; text_align=&#8221;left&#8221; background_image_as_pattern=&#8221;without_pattern&#8221; css=&#8221;.vc_custom_1600364212737{padding-top: 120px !important;padding-bottom: 120px !important;}&#8221; z_index=&#8221;&#8221;][vc_column][vc_row_inner row_type=&#8221;row&#8221; type=&#8221;full_width&#8221; text_align=&#8221;left&#8221; css_animation=&#8221;&#8221;][vc_column_inner width=&#8221;1\/2&#8243;][vc_column_text css=&#8221;.vc_custom_1604489031775{padding-top: 30px !important;padding-right: 30px !important;padding-bottom: 30px !important;}&#8221;] A\u00efllament ac\u00fastic amb pantalles La funci\u00f3 principal de les barreres ac\u00fastiques \u00e9s protegir els receptors de soroll excessiu generat...\" \/>\n<meta property=\"og:url\" content=\"https:\/\/acusticsambient.com\/ca\/pantalles-acustiques\/\" \/>\n<meta property=\"og:site_name\" content=\"Acustics Ambient\" \/>\n<meta property=\"article:modified_time\" content=\"2020-11-04T11:27:52+00:00\" \/>\n<meta name=\"twitter:card\" content=\"summary_large_image\" \/>\n<meta name=\"twitter:label1\" content=\"Temps estimat de lectura\" \/>\n\t<meta name=\"twitter:data1\" content=\"4 minuts\" \/>\n<script type=\"application\/ld+json\" class=\"yoast-schema-graph\">{\"@context\":\"https:\/\/schema.org\",\"@graph\":[{\"@type\":\"WebPage\",\"@id\":\"https:\/\/acusticsambient.com\/ca\/pantalles-acustiques\/\",\"url\":\"https:\/\/acusticsambient.com\/ca\/pantalles-acustiques\/\",\"name\":\"Pantalles ac\u00fastiques | Acustics Ambient\",\"isPartOf\":{\"@id\":\"https:\/\/acusticsambient.com\/ca\/#website\"},\"datePublished\":\"2020-09-09T07:08:24+00:00\",\"dateModified\":\"2020-11-04T11:27:52+00:00\",\"breadcrumb\":{\"@id\":\"https:\/\/acusticsambient.com\/ca\/pantalles-acustiques\/#breadcrumb\"},\"inLanguage\":\"ca\",\"potentialAction\":[{\"@type\":\"ReadAction\",\"target\":[\"https:\/\/acusticsambient.com\/ca\/pantalles-acustiques\/\"]}]},{\"@type\":\"BreadcrumbList\",\"@id\":\"https:\/\/acusticsambient.com\/ca\/pantalles-acustiques\/#breadcrumb\",\"itemListElement\":[{\"@type\":\"ListItem\",\"position\":1,\"name\":\"Home\",\"item\":\"https:\/\/acusticsambient.com\/ca\/\"},{\"@type\":\"ListItem\",\"position\":2,\"name\":\"Pantalles ac\u00fastiques\"}]},{\"@type\":\"WebSite\",\"@id\":\"https:\/\/acusticsambient.com\/ca\/#website\",\"url\":\"https:\/\/acusticsambient.com\/ca\/\",\"name\":\"Acustics Ambient\",\"description\":\"Just another WordPress site\",\"publisher\":{\"@id\":\"https:\/\/acusticsambient.com\/ca\/#organization\"},\"potentialAction\":[{\"@type\":\"SearchAction\",\"target\":{\"@type\":\"EntryPoint\",\"urlTemplate\":\"https:\/\/acusticsambient.com\/ca\/?s={search_term_string}\"},\"query-input\":\"required name=search_term_string\"}],\"inLanguage\":\"ca\"},{\"@type\":\"Organization\",\"@id\":\"https:\/\/acusticsambient.com\/ca\/#organization\",\"name\":\"Ac\u00fastics Ambient Consultoria Ac\u00fastica\",\"url\":\"https:\/\/acusticsambient.com\/ca\/\",\"logo\":{\"@type\":\"ImageObject\",\"inLanguage\":\"ca\",\"@id\":\"https:\/\/acusticsambient.com\/ca\/#\/schema\/logo\/image\/\",\"url\":\"https:\/\/acusticsambient.com\/wp-content\/uploads\/2020\/09\/acusticalogo.png\",\"contentUrl\":\"https:\/\/acusticsambient.com\/wp-content\/uploads\/2020\/09\/acusticalogo.png\",\"width\":900,\"height\":600,\"caption\":\"Ac\u00fastics Ambient Consultoria Ac\u00fastica\"},\"image\":{\"@id\":\"https:\/\/acusticsambient.com\/ca\/#\/schema\/logo\/image\/\"}}]}<\/script>\n<!-- \/ Yoast SEO plugin. -->","yoast_head_json":{"title":"Pantalles ac\u00fastiques | Acustics Ambient","robots":{"index":"index","follow":"follow","max-snippet":"max-snippet:-1","max-image-preview":"max-image-preview:large","max-video-preview":"max-video-preview:-1"},"canonical":"https:\/\/acusticsambient.com\/ca\/pantalles-acustiques\/","og_locale":"ca_ES","og_type":"article","og_title":"Pantalles ac\u00fastiques | Acustics Ambient","og_description":"[vc_row css_animation=&#8221;&#8221; row_type=&#8221;row&#8221; use_row_as_full_screen_section=&#8221;no&#8221; type=&#8221;grid&#8221; angled_section=&#8221;no&#8221; text_align=&#8221;left&#8221; background_image_as_pattern=&#8221;without_pattern&#8221; css=&#8221;.vc_custom_1600364212737{padding-top: 120px !important;padding-bottom: 120px !important;}&#8221; z_index=&#8221;&#8221;][vc_column][vc_row_inner row_type=&#8221;row&#8221; type=&#8221;full_width&#8221; text_align=&#8221;left&#8221; css_animation=&#8221;&#8221;][vc_column_inner width=&#8221;1\/2&#8243;][vc_column_text css=&#8221;.vc_custom_1604489031775{padding-top: 30px !important;padding-right: 30px !important;padding-bottom: 30px !important;}&#8221;] A\u00efllament ac\u00fastic amb pantalles La funci\u00f3 principal de les barreres ac\u00fastiques \u00e9s protegir els receptors de soroll excessiu generat...","og_url":"https:\/\/acusticsambient.com\/ca\/pantalles-acustiques\/","og_site_name":"Acustics Ambient","article_modified_time":"2020-11-04T11:27:52+00:00","twitter_card":"summary_large_image","twitter_misc":{"Temps estimat de lectura":"4 minuts"},"schema":{"@context":"https:\/\/schema.org","@graph":[{"@type":"WebPage","@id":"https:\/\/acusticsambient.com\/ca\/pantalles-acustiques\/","url":"https:\/\/acusticsambient.com\/ca\/pantalles-acustiques\/","name":"Pantalles ac\u00fastiques | Acustics Ambient","isPartOf":{"@id":"https:\/\/acusticsambient.com\/ca\/#website"},"datePublished":"2020-09-09T07:08:24+00:00","dateModified":"2020-11-04T11:27:52+00:00","breadcrumb":{"@id":"https:\/\/acusticsambient.com\/ca\/pantalles-acustiques\/#breadcrumb"},"inLanguage":"ca","potentialAction":[{"@type":"ReadAction","target":["https:\/\/acusticsambient.com\/ca\/pantalles-acustiques\/"]}]},{"@type":"BreadcrumbList","@id":"https:\/\/acusticsambient.com\/ca\/pantalles-acustiques\/#breadcrumb","itemListElement":[{"@type":"ListItem","position":1,"name":"Home","item":"https:\/\/acusticsambient.com\/ca\/"},{"@type":"ListItem","position":2,"name":"Pantalles ac\u00fastiques"}]},{"@type":"WebSite","@id":"https:\/\/acusticsambient.com\/ca\/#website","url":"https:\/\/acusticsambient.com\/ca\/","name":"Acustics Ambient","description":"Just another WordPress site","publisher":{"@id":"https:\/\/acusticsambient.com\/ca\/#organization"},"potentialAction":[{"@type":"SearchAction","target":{"@type":"EntryPoint","urlTemplate":"https:\/\/acusticsambient.com\/ca\/?s={search_term_string}"},"query-input":"required name=search_term_string"}],"inLanguage":"ca"},{"@type":"Organization","@id":"https:\/\/acusticsambient.com\/ca\/#organization","name":"Ac\u00fastics Ambient Consultoria Ac\u00fastica","url":"https:\/\/acusticsambient.com\/ca\/","logo":{"@type":"ImageObject","inLanguage":"ca","@id":"https:\/\/acusticsambient.com\/ca\/#\/schema\/logo\/image\/","url":"https:\/\/acusticsambient.com\/wp-content\/uploads\/2020\/09\/acusticalogo.png","contentUrl":"https:\/\/acusticsambient.com\/wp-content\/uploads\/2020\/09\/acusticalogo.png","width":900,"height":600,"caption":"Ac\u00fastics Ambient Consultoria Ac\u00fastica"},"image":{"@id":"https:\/\/acusticsambient.com\/ca\/#\/schema\/logo\/image\/"}}]}},"_links":{"self":[{"href":"https:\/\/acusticsambient.com\/ca\/wp-json\/wp\/v2\/pages\/2203"}],"collection":[{"href":"https:\/\/acusticsambient.com\/ca\/wp-json\/wp\/v2\/pages"}],"about":[{"href":"https:\/\/acusticsambient.com\/ca\/wp-json\/wp\/v2\/types\/page"}],"author":[{"embeddable":true,"href":"https:\/\/acusticsambient.com\/ca\/wp-json\/wp\/v2\/users\/2"}],"replies":[{"embeddable":true,"href":"https:\/\/acusticsambient.com\/ca\/wp-json\/wp\/v2\/comments?post=2203"}],"version-history":[{"count":7,"href":"https:\/\/acusticsambient.com\/ca\/wp-json\/wp\/v2\/pages\/2203\/revisions"}],"predecessor-version":[{"id":2554,"href":"https:\/\/acusticsambient.com\/ca\/wp-json\/wp\/v2\/pages\/2203\/revisions\/2554"}],"wp:attachment":[{"href":"https:\/\/acusticsambient.com\/ca\/wp-json\/wp\/v2\/media?parent=2203"}],"curies":[{"name":"wp","href":"https:\/\/api.w.org\/{rel}","templated":true}]}}