{"id":2168,"date":"2020-09-08T08:41:18","date_gmt":"2020-09-08T08:41:18","guid":{"rendered":"https:\/\/acusticsambient.com\/hoteles\/"},"modified":"2020-11-04T11:35:43","modified_gmt":"2020-11-04T11:35:43","slug":"hotels","status":"publish","type":"page","link":"https:\/\/acusticsambient.com\/ca\/hotels\/","title":{"rendered":"Hotels"},"content":{"rendered":"<p>[vc_row css_animation=&#8221;&#8221; row_type=&#8221;row&#8221; use_row_as_full_screen_section=&#8221;no&#8221; type=&#8221;grid&#8221; angled_section=&#8221;no&#8221; text_align=&#8221;left&#8221; background_image_as_pattern=&#8221;without_pattern&#8221; css=&#8221;.vc_custom_1600364212737{padding-top: 120px !important;padding-bottom: 120px !important;}&#8221; z_index=&#8221;&#8221;][vc_column][vc_row_inner row_type=&#8221;row&#8221; type=&#8221;full_width&#8221; text_align=&#8221;left&#8221; css_animation=&#8221;&#8221;][vc_column_inner width=&#8221;1\/2&#8243;][vc_column_text css=&#8221;.vc_custom_1604400075882{padding-top: 30px !important;padding-right: 30px !important;padding-bottom: 30px !important;}&#8221;]<\/p>\n<h2>Ac\u00fastica d&#8217;hotels<\/h2>\n<p><strong style=\"font-size: 16px;\">Un bon projecte Ac\u00fastic evita queixes i critiques en un futur,&#8230; \u00e9s garantia de confort.<\/strong><\/p>\n<p>En edificis tipus Hotel o residencial hem d&#8217;assegurar el confort ac\u00fastic requerit per l&#8217;elevat nivell d&#8217;exig\u00e8ncia dels clients en moments d&#8217;oci i relax.<br \/>\nD&#8217;inici assegurarem elevats nivells d&#8217;a\u00efllament ac\u00fastic superiors als establerts per la normativa vigent (CTE). Aconseguirem d&#8217;aquesta manera la privacitat i nivell de soroll de fons requerit en dormitoris i estances de rep\u00f2s.<\/p>\n<h3><strong>Elevats requeriments d&#8217;a\u00efllament<\/strong><\/h3>\n<p>L&#8217;elevat grau d&#8217;a\u00efllament requereix que la totalitat d&#8217;instal\u00b7lacions aportin de la mateixa manera nivells d&#8217;immissi\u00f3 controlats pel fet que el soroll de fons no va a emmascarar els nivells d&#8217;emissi\u00f3 generats per les instal\u00b7lacions.<br \/>\nEspecial atenci\u00f3 a quarts de m\u00e0quines, ascensors, pas de conduccions de sistemes de renovaci\u00f3 d&#8217;aire, cambres de bombes, transmissi\u00f3 de vibracions de maquin\u00e0ria situada a coberta, transformadors, cuina, sistemes d&#8217;extracci\u00f3 de fum, bugaderia, gimn\u00e0s, spa, cambres frigor\u00edfiques , etc, &#8230;<br \/>\nEspecial atenci\u00f3 per a zones de reproducci\u00f3 musical com a bar \/ disc \/ cafeteria aix\u00ed com en zones comunes per evitar les mol\u00e8sties de caminar, o tr\u00e0nsit de maletes o carros de servei, &#8230;<br \/>\nD&#8217;altra banda hem de posar l&#8217;accent en el tractament antivibratori de determinades fonts com piscines, hidromassatges o jacuzzis per evitar la transmissi\u00f3 de mol\u00e8sties a estades confrontants.<br \/>\n[\/vc_column_text][\/vc_column_inner][vc_column_inner width=&#8221;1\/2&#8243; css=&#8221;.vc_custom_1600709322316{padding-top: 300px !important;padding-bottom: 700px !important;background-image: url(https:\/\/acusticsambient.com\/wp-content\/uploads\/2020\/09\/HOTEL-1-scaled.jpg?id=1692) !important;background-position: center !important;background-repeat: no-repeat !important;background-size: cover !important;}&#8221;][\/vc_column_inner][\/vc_row_inner][vc_row_inner row_type=&#8221;row&#8221; type=&#8221;full_width&#8221; text_align=&#8221;left&#8221; css_animation=&#8221;&#8221;][vc_column_inner width=&#8221;1\/2&#8243; css=&#8221;.vc_custom_1600709362926{padding-top: 300px !important;padding-bottom: 300px !important;background-image: url(https:\/\/acusticsambient.com\/wp-content\/uploads\/2020\/09\/HOTEL-5-scaled.jpg?id=1696) !important;background-position: center !important;background-repeat: no-repeat !important;background-size: cover !important;}&#8221;][\/vc_column_inner][vc_column_inner width=&#8221;1\/2&#8243;][vc_column_text css=&#8221;.vc_custom_1604400136089{padding-top: 30px !important;padding-left: 30px !important;}&#8221;]<\/p>\n<blockquote>\n<h3><strong>Un correcte disseny AC\u00daSTIC a nivell de projecte ens facilitar\u00e0 enormement les solucions constructives aconseguint tractar de forma eficiente i optimitzant recursos.<\/strong><\/h3>\n<\/blockquote>\n<p>[\/vc_column_text][vc_column_text css=&#8221;.vc_custom_1604401225881{padding-bottom: 30px !important;padding-left: 30px !important;}&#8221;]Destaquem de la mateixa manera la necessitat d&#8217;obtenir uns nivells de confort ac\u00fastic a l&#8217;interior d&#8217;espais dedicats a la paraula com a sales de congressos, reunions o videoconfer\u00e8ncies, aix\u00ed com en cafeteria, restaurant.<\/p>\n<p><strong style=\"font-size: 16px;\">El correcte projecte Ac\u00fastic evita queixes i critiques en un futur,&#8230; \u00e9s garantia de confort.<\/strong>[\/vc_column_text]\n\n\t<a href=\"https:\/\/acusticsambient.com\/ca\/#projectes\" target=\"_self\" style=\"color: #ffffff;background-color: #51a126;font-size: 20px;font-weight: 400;margin: 20px 0px 0px 0px\" class=\"qode-btn qode-btn-medium qode-btn-solid qode-btn-custom-hover-bg qode-btn-custom-hover-color qode-btn-default-hover\" data-hover-bg-color=\"#96949a\" data-hover-color=\"#ffffff\" >\n\t    <span class=\"qode-btn-text\">M\u00e9s Projectes<\/span>\t<\/a>\n\n[\/vc_column_inner][\/vc_row_inner][\/vc_column][\/vc_row][vc_row css_animation=&#8221;&#8221; row_type=&#8221;row&#8221; use_row_as_full_screen_section=&#8221;no&#8221; type=&#8221;full_width&#8221; angled_section=&#8221;no&#8221; text_align=&#8221;left&#8221; background_image_as_pattern=&#8221;without_pattern&#8221; z_index=&#8221;&#8221; css=&#8221;.vc_custom_1600335949546{background-color: #ffffff !important;}&#8221;][vc_column][vc_empty_space height=&#8221;48px&#8221;][vc_column_text]<\/p>\n<h2 style=\"text-align: center; color: #51a126;\">Els nostres <span style=\"color: #969799;\"> Projectes:<\/span><\/h2>\n<h3 style=\"text-align: center; color: #51a126;\">Hotels<\/h3>\n<p>[\/vc_column_text][vc_empty_space height=&#8221;48px&#8221;][vc_gallery type=&#8221;image_grid&#8221; images=&#8221;1689,1691,1693,1695,1697&#8243; img_size=&#8221;500&#215;500&#8243; column_number=&#8221;4&#8243; grayscale=&#8221;no&#8221; images_space=&#8221;gallery_with_space&#8221;][vc_empty_space height=&#8221;48px&#8221;][\/vc_column][\/vc_row]<\/p>\n","protected":false},"excerpt":{"rendered":"<p>[vc_row css_animation=&#8221;&#8221; row_type=&#8221;row&#8221; use_row_as_full_screen_section=&#8221;no&#8221; type=&#8221;grid&#8221; angled_section=&#8221;no&#8221; text_align=&#8221;left&#8221; background_image_as_pattern=&#8221;without_pattern&#8221; css=&#8221;.vc_custom_1600364212737{padding-top: 120px !important;padding-bottom: 120px !important;}&#8221; z_index=&#8221;&#8221;][vc_column][vc_row_inner row_type=&#8221;row&#8221; type=&#8221;full_width&#8221; text_align=&#8221;left&#8221; css_animation=&#8221;&#8221;][vc_column_inner width=&#8221;1\/2&#8243;][vc_column_text css=&#8221;.vc_custom_1604400075882{padding-top: 30px !important;padding-right: 30px !important;padding-bottom: 30px !important;}&#8221;] Ac\u00fastica d&#8217;hotels Un bon projecte Ac\u00fastic evita queixes i critiques en un futur,&#8230; \u00e9s garantia de confort. En edificis&#8230;<\/p>\n","protected":false},"author":2,"featured_media":0,"parent":0,"menu_order":300,"comment_status":"closed","ping_status":"closed","template":"full_width.php","meta":[],"yoast_head":"<!-- This site is optimized with the Yoast SEO plugin v19.13 - https:\/\/yoast.com\/wordpress\/plugins\/seo\/ -->\n<title>Hotels | Acustics Ambient<\/title>\n<meta name=\"robots\" content=\"index, follow, max-snippet:-1, max-image-preview:large, max-video-preview:-1\" \/>\n<link rel=\"canonical\" href=\"https:\/\/acusticsambient.com\/ca\/hotels\/\" \/>\n<meta property=\"og:locale\" content=\"ca_ES\" \/>\n<meta property=\"og:type\" content=\"article\" \/>\n<meta property=\"og:title\" content=\"Hotels | Acustics Ambient\" \/>\n<meta property=\"og:description\" content=\"[vc_row css_animation=&#8221;&#8221; row_type=&#8221;row&#8221; use_row_as_full_screen_section=&#8221;no&#8221; type=&#8221;grid&#8221; angled_section=&#8221;no&#8221; text_align=&#8221;left&#8221; background_image_as_pattern=&#8221;without_pattern&#8221; css=&#8221;.vc_custom_1600364212737{padding-top: 120px !important;padding-bottom: 120px !important;}&#8221; z_index=&#8221;&#8221;][vc_column][vc_row_inner row_type=&#8221;row&#8221; type=&#8221;full_width&#8221; text_align=&#8221;left&#8221; css_animation=&#8221;&#8221;][vc_column_inner width=&#8221;1\/2&#8243;][vc_column_text css=&#8221;.vc_custom_1604400075882{padding-top: 30px !important;padding-right: 30px !important;padding-bottom: 30px !important;}&#8221;] Ac\u00fastica d&#8217;hotels Un bon projecte Ac\u00fastic evita queixes i critiques en un futur,&#8230; \u00e9s garantia de confort. En edificis...\" \/>\n<meta property=\"og:url\" content=\"https:\/\/acusticsambient.com\/ca\/hotels\/\" \/>\n<meta property=\"og:site_name\" content=\"Acustics Ambient\" \/>\n<meta property=\"article:modified_time\" content=\"2020-11-04T11:35:43+00:00\" \/>\n<meta name=\"twitter:card\" content=\"summary_large_image\" \/>\n<meta name=\"twitter:label1\" content=\"Temps estimat de lectura\" \/>\n\t<meta name=\"twitter:data1\" content=\"3 minuts\" \/>\n<script type=\"application\/ld+json\" class=\"yoast-schema-graph\">{\"@context\":\"https:\/\/schema.org\",\"@graph\":[{\"@type\":\"WebPage\",\"@id\":\"https:\/\/acusticsambient.com\/ca\/hotels\/\",\"url\":\"https:\/\/acusticsambient.com\/ca\/hotels\/\",\"name\":\"Hotels | Acustics Ambient\",\"isPartOf\":{\"@id\":\"https:\/\/acusticsambient.com\/ca\/#website\"},\"datePublished\":\"2020-09-08T08:41:18+00:00\",\"dateModified\":\"2020-11-04T11:35:43+00:00\",\"breadcrumb\":{\"@id\":\"https:\/\/acusticsambient.com\/ca\/hotels\/#breadcrumb\"},\"inLanguage\":\"ca\",\"potentialAction\":[{\"@type\":\"ReadAction\",\"target\":[\"https:\/\/acusticsambient.com\/ca\/hotels\/\"]}]},{\"@type\":\"BreadcrumbList\",\"@id\":\"https:\/\/acusticsambient.com\/ca\/hotels\/#breadcrumb\",\"itemListElement\":[{\"@type\":\"ListItem\",\"position\":1,\"name\":\"Home\",\"item\":\"https:\/\/acusticsambient.com\/ca\/\"},{\"@type\":\"ListItem\",\"position\":2,\"name\":\"Hotels\"}]},{\"@type\":\"WebSite\",\"@id\":\"https:\/\/acusticsambient.com\/ca\/#website\",\"url\":\"https:\/\/acusticsambient.com\/ca\/\",\"name\":\"Acustics Ambient\",\"description\":\"Just another WordPress site\",\"publisher\":{\"@id\":\"https:\/\/acusticsambient.com\/ca\/#organization\"},\"potentialAction\":[{\"@type\":\"SearchAction\",\"target\":{\"@type\":\"EntryPoint\",\"urlTemplate\":\"https:\/\/acusticsambient.com\/ca\/?s={search_term_string}\"},\"query-input\":\"required name=search_term_string\"}],\"inLanguage\":\"ca\"},{\"@type\":\"Organization\",\"@id\":\"https:\/\/acusticsambient.com\/ca\/#organization\",\"name\":\"Ac\u00fastics Ambient Consultoria Ac\u00fastica\",\"url\":\"https:\/\/acusticsambient.com\/ca\/\",\"logo\":{\"@type\":\"ImageObject\",\"inLanguage\":\"ca\",\"@id\":\"https:\/\/acusticsambient.com\/ca\/#\/schema\/logo\/image\/\",\"url\":\"https:\/\/acusticsambient.com\/wp-content\/uploads\/2020\/09\/acusticalogo.png\",\"contentUrl\":\"https:\/\/acusticsambient.com\/wp-content\/uploads\/2020\/09\/acusticalogo.png\",\"width\":900,\"height\":600,\"caption\":\"Ac\u00fastics Ambient Consultoria Ac\u00fastica\"},\"image\":{\"@id\":\"https:\/\/acusticsambient.com\/ca\/#\/schema\/logo\/image\/\"}}]}<\/script>\n<!-- \/ Yoast SEO plugin. -->","yoast_head_json":{"title":"Hotels | Acustics Ambient","robots":{"index":"index","follow":"follow","max-snippet":"max-snippet:-1","max-image-preview":"max-image-preview:large","max-video-preview":"max-video-preview:-1"},"canonical":"https:\/\/acusticsambient.com\/ca\/hotels\/","og_locale":"ca_ES","og_type":"article","og_title":"Hotels | Acustics Ambient","og_description":"[vc_row css_animation=&#8221;&#8221; row_type=&#8221;row&#8221; use_row_as_full_screen_section=&#8221;no&#8221; type=&#8221;grid&#8221; angled_section=&#8221;no&#8221; text_align=&#8221;left&#8221; background_image_as_pattern=&#8221;without_pattern&#8221; css=&#8221;.vc_custom_1600364212737{padding-top: 120px !important;padding-bottom: 120px !important;}&#8221; z_index=&#8221;&#8221;][vc_column][vc_row_inner row_type=&#8221;row&#8221; type=&#8221;full_width&#8221; text_align=&#8221;left&#8221; css_animation=&#8221;&#8221;][vc_column_inner width=&#8221;1\/2&#8243;][vc_column_text css=&#8221;.vc_custom_1604400075882{padding-top: 30px !important;padding-right: 30px !important;padding-bottom: 30px !important;}&#8221;] Ac\u00fastica d&#8217;hotels Un bon projecte Ac\u00fastic evita queixes i critiques en un futur,&#8230; \u00e9s garantia de confort. En edificis...","og_url":"https:\/\/acusticsambient.com\/ca\/hotels\/","og_site_name":"Acustics Ambient","article_modified_time":"2020-11-04T11:35:43+00:00","twitter_card":"summary_large_image","twitter_misc":{"Temps estimat de lectura":"3 minuts"},"schema":{"@context":"https:\/\/schema.org","@graph":[{"@type":"WebPage","@id":"https:\/\/acusticsambient.com\/ca\/hotels\/","url":"https:\/\/acusticsambient.com\/ca\/hotels\/","name":"Hotels | Acustics Ambient","isPartOf":{"@id":"https:\/\/acusticsambient.com\/ca\/#website"},"datePublished":"2020-09-08T08:41:18+00:00","dateModified":"2020-11-04T11:35:43+00:00","breadcrumb":{"@id":"https:\/\/acusticsambient.com\/ca\/hotels\/#breadcrumb"},"inLanguage":"ca","potentialAction":[{"@type":"ReadAction","target":["https:\/\/acusticsambient.com\/ca\/hotels\/"]}]},{"@type":"BreadcrumbList","@id":"https:\/\/acusticsambient.com\/ca\/hotels\/#breadcrumb","itemListElement":[{"@type":"ListItem","position":1,"name":"Home","item":"https:\/\/acusticsambient.com\/ca\/"},{"@type":"ListItem","position":2,"name":"Hotels"}]},{"@type":"WebSite","@id":"https:\/\/acusticsambient.com\/ca\/#website","url":"https:\/\/acusticsambient.com\/ca\/","name":"Acustics Ambient","description":"Just another WordPress site","publisher":{"@id":"https:\/\/acusticsambient.com\/ca\/#organization"},"potentialAction":[{"@type":"SearchAction","target":{"@type":"EntryPoint","urlTemplate":"https:\/\/acusticsambient.com\/ca\/?s={search_term_string}"},"query-input":"required name=search_term_string"}],"inLanguage":"ca"},{"@type":"Organization","@id":"https:\/\/acusticsambient.com\/ca\/#organization","name":"Ac\u00fastics Ambient Consultoria Ac\u00fastica","url":"https:\/\/acusticsambient.com\/ca\/","logo":{"@type":"ImageObject","inLanguage":"ca","@id":"https:\/\/acusticsambient.com\/ca\/#\/schema\/logo\/image\/","url":"https:\/\/acusticsambient.com\/wp-content\/uploads\/2020\/09\/acusticalogo.png","contentUrl":"https:\/\/acusticsambient.com\/wp-content\/uploads\/2020\/09\/acusticalogo.png","width":900,"height":600,"caption":"Ac\u00fastics Ambient Consultoria Ac\u00fastica"},"image":{"@id":"https:\/\/acusticsambient.com\/ca\/#\/schema\/logo\/image\/"}}]}},"_links":{"self":[{"href":"https:\/\/acusticsambient.com\/ca\/wp-json\/wp\/v2\/pages\/2168"}],"collection":[{"href":"https:\/\/acusticsambient.com\/ca\/wp-json\/wp\/v2\/pages"}],"about":[{"href":"https:\/\/acusticsambient.com\/ca\/wp-json\/wp\/v2\/types\/page"}],"author":[{"embeddable":true,"href":"https:\/\/acusticsambient.com\/ca\/wp-json\/wp\/v2\/users\/2"}],"replies":[{"embeddable":true,"href":"https:\/\/acusticsambient.com\/ca\/wp-json\/wp\/v2\/comments?post=2168"}],"version-history":[{"count":12,"href":"https:\/\/acusticsambient.com\/ca\/wp-json\/wp\/v2\/pages\/2168\/revisions"}],"predecessor-version":[{"id":2557,"href":"https:\/\/acusticsambient.com\/ca\/wp-json\/wp\/v2\/pages\/2168\/revisions\/2557"}],"wp:attachment":[{"href":"https:\/\/acusticsambient.com\/ca\/wp-json\/wp\/v2\/media?parent=2168"}],"curies":[{"name":"wp","href":"https:\/\/api.w.org\/{rel}","templated":true}]}}