{"id":2153,"date":"2020-09-08T08:38:23","date_gmt":"2020-09-08T08:38:23","guid":{"rendered":"https:\/\/acusticsambient.com\/certificacion-acustica\/"},"modified":"2020-10-07T09:26:29","modified_gmt":"2020-10-07T09:26:29","slug":"certificacio-acustica","status":"publish","type":"page","link":"https:\/\/acusticsambient.com\/ca\/certificacio-acustica\/","title":{"rendered":"Certificaci\u00f3 ac\u00fastica"},"content":{"rendered":"<p>[vc_row css_animation=&#8221;&#8221; row_type=&#8221;row&#8221; use_row_as_full_screen_section=&#8221;no&#8221; type=&#8221;grid&#8221; angled_section=&#8221;no&#8221; text_align=&#8221;left&#8221; background_image_as_pattern=&#8221;without_pattern&#8221; css=&#8221;.vc_custom_1600364212737{padding-top: 120px !important;padding-bottom: 120px !important;}&#8221; z_index=&#8221;&#8221;][vc_column][vc_row_inner row_type=&#8221;row&#8221; type=&#8221;full_width&#8221; text_align=&#8221;left&#8221; css_animation=&#8221;&#8221;][vc_column_inner width=&#8221;1\/2&#8243;][vc_column_text css=&#8221;.vc_custom_1602061710599{padding-top: 30px !important;padding-right: 30px !important;padding-bottom: 30px !important;}&#8221;]<\/p>\n<h3>Decrets i normativa ac\u00fastica<\/h3>\n<h3><strong>Lleis:<\/strong><\/h3>\n<h3><\/h3>\n<ul>\n<li><a href=\"https:\/\/www.boe.es\/buscar\/act.php?id=BOE-A-2003-20976\" target=\"_blank\" rel=\"noopener noreferrer\"><span style=\"font-weight: 400;\">Llei 37\/2003, de 17 de novembre, del Soroll.<\/span><\/a><\/li>\n<li><a href=\"https:\/\/www.parlament.cat\/document\/nom\/TL%2022In.pdf\" target=\"_blank\" rel=\"noopener noreferrer\"><span style=\"font-weight: 400;\">Llei 16\/2002, de 28 de juny, de protecci\u00f3 contra la contaminaci\u00f3 ac\u00fastica.<\/span><\/a><\/li>\n<li><a href=\"https:\/\/portaljuridic.gencat.cat\/eli\/es-ct\/d\/2009\/11\/10\/176\" target=\"_blank\" rel=\"noopener noreferrer\"><span style=\"font-weight: 400;\">Decreo 176\/2009, de 10 de novembre, per el qual s&#8217;aprova el Reglament de la Lley 16\/2002, de 28 de juny, de protecci\u00f3 contra la contaminaci\u00f3 ac\u00fastica, i s&#8217;adapten els anexos.<\/span><\/a><\/li>\n<li><a href=\"https:\/\/www.boe.es\/eli\/es\/rd\/2006\/03\/10\/286\/con\" target=\"_blank\" rel=\"noopener noreferrer\"><span style=\"font-weight: 400;\">Real Decret 286\/2006, de 10 de mar\u00e7, sobre la protecci\u00f3 de la salut i la seguretat dels treballadors contra els riscos relacionats amb l&#8217;exposici\u00f3 al soroll.<\/span><\/a><\/li>\n<\/ul>\n<h3>Mapa de capacitat ac\u00fastica<\/h3>\n<p>Els Mapes estrat\u00e8gics de soroll (MES) tenen com a finalitat avaluar l&#8217;exposici\u00f3 de la poblaci\u00f3 a el soroll que prov\u00e9 de diferents fonts en una zona determinada, i serveixen de base per a l&#8217;elaboraci\u00f3 dels Plans d&#8217;acci\u00f3 per a la millora i la recuperaci\u00f3 de la qualitat ac\u00fastica on sigui necessari i per mantenir la qualitat de l&#8217;entorn ac\u00fastic on sigui satisfact\u00f2ria.<\/p>\n<p>Determina el grau de sensibilitat ac\u00fastica per cada tram de carrer, en funci\u00f3 dels usos de terra i de les activitats que es donen habitualment. Les zones m\u00e9s sensibles s\u00f3n les que requeriran m\u00e9s protecci\u00f3 i, per tant, per <a href=\"http:\/\/sig.gencat.cat\/visors\/capacitat_acustica.html\" target=\"_blank\" rel=\"noopener noreferrer\"><strong>normativa<\/strong><\/a> tindran associats uns nivells l\u00edmit permesos m\u00e9s restrictius. Aquest mapa ja que ens determina els objectius de qualitat ac\u00fastica als quals la ciutat vol arribar.[\/vc_column_text][\/vc_column_inner][vc_column_inner width=&#8221;1\/2&#8243; css=&#8221;.vc_custom_1600704910196{padding-top: 300px !important;padding-bottom: 520px !important;background-image: url(https:\/\/acusticsambient.com\/wp-content\/uploads\/2020\/09\/INDUSTRIA-6.jpg?id=1652) !important;background-position: center !important;background-repeat: no-repeat !important;background-size: cover !important;}&#8221;][\/vc_column_inner][\/vc_row_inner][vc_row_inner row_type=&#8221;row&#8221; type=&#8221;full_width&#8221; text_align=&#8221;left&#8221; css_animation=&#8221;&#8221;][vc_column_inner width=&#8221;1\/2&#8243; css=&#8221;.vc_custom_1600705108587{padding-top: 300px !important;padding-bottom: 700px !important;background-image: url(https:\/\/acusticsambient.com\/wp-content\/uploads\/2020\/09\/VIBRACIONES-4.jpg?id=1658) !important;background-position: center !important;background-repeat: no-repeat !important;background-size: cover !important;}&#8221;][\/vc_column_inner][vc_column_inner width=&#8221;1\/2&#8243; css=&#8221;.vc_custom_1602062700249{padding-top: 50px !important;padding-bottom: 30px !important;padding-left: 30px !important;}&#8221;][vc_column_text css=&#8221;.vc_custom_1602062677575{padding-top: 50px !important;padding-bottom: 30px !important;padding-left: 30px !important;}&#8221;]<\/p>\n<h3><strong>MES:<\/strong><\/h3>\n<ul>\n<li><a href=\"https:\/\/ajuntament.barcelona.cat\/ordenances\/sites\/default\/files\/pdf\/mediambient.425_9.pdf\" target=\"_blank\" rel=\"noopener noreferrer\">Ordenan\u00e7a del Medi Ambient de Barcelona (02-05-2011). Modificaci\u00f3 Ordenan\u00e7a del Medi Ambient de Barcelona (28-04-2014).<\/a><\/li>\n<li><a href=\"https:\/\/www.paeria.es\/planol\/MCA\/Mem%c3%b2ria%20MCA%202017.pdf\" target=\"_blank\" rel=\"noopener noreferrer\">Mapa de Capacitat Ac\u00fastica de Lleida (2017)<\/a><\/li>\n<li><a href=\"https:\/\/www.paeria.es\/planol\/MES\/planols-MES.pdf\" target=\"_blank\" rel=\"noopener noreferrer\">Mapa Estrat\u00e8gic de Soroll de Lleida (2017)<\/a><\/li>\n<li><a href=\"https:\/\/urbanisme.paeria.cat\/fitxers\/documents\/Ordenana_llicncies_i_comunicacions.pdf\"><span style=\"font-weight: 400;\">Ordenan\u00e7a reguladora dels procediments d\u2019intervenci\u00f3 administrativa municipal sobre l\u2019\u00fas del s\u00f2l i edificaci\u00f3: llic\u00e8ncies urban\u00edstiques i comunicacions pr\u00e8vies.<\/span><\/a><span style=\"font-weight: 400;\">\u00a0(Publicada BOP 231\u00a0-01\/12\/2016)<\/span><\/li>\n<li><span style=\"font-weight: 400;\">A\u00efllament ac\u00fastic a soroll aeri segons norma UNE-EN ISO 140-4 i UNE-EN ISO 16283-1. <\/span><\/li>\n<li style=\"font-weight: 400;\"><a href=\"https:\/\/www.aenor.com\/normas-y-libros\/buscador-de-normas\/UNE?c=N0054637\"><span style=\"font-weight: 400;\">Ac\u00fastica. Medici\u00f3n in situ del aislamiento ac\u00fastico en los edificios y en los elementos de construcci\u00f3n. Parte 1: Aislamiento a ruido a\u00e9reo. (ISO 16283-1:2014).<\/span><\/a><\/li>\n<li><span style=\"font-weight: 400;\">A\u00efllament a soroll d\u2019impactes segons norma UNE-EN ISO 140-7 i UNE-EN ISO 16283-2<\/span><\/li>\n<li><a href=\"https:\/\/www.aenor.com\/normas-y-libros\/buscador-de-normas\/UNE?c=N0061523\"><span style=\"font-weight: 400;\">Ac\u00fastica. Medici\u00f3n in situ del aislamiento ac\u00fastico en los edificios y en los elementos de construcci\u00f3n. Parte 2: Aislamiento a ruido de impactos. (ISO 16283-2:2018).<\/span><\/a><\/li>\n<li><span style=\"font-weight: 400;\">A\u00efllament ac\u00fastic de fa\u00e7anes segons norma UNE-EN ISO 140-5.<\/span><\/li>\n<li><span style=\"font-weight: 400;\"><a href=\"https:\/\/www.aenor.com\/normas-y-libros\/buscador-de-normas\/UNE?c=N0057030\">Ac\u00fastica. Mesura in situ de l&#8217;a\u00efllament ac\u00fastic en els edificis i en els elements de construcci\u00f3. Part 3: A\u00efllament a soroll de fa\u00e7ana. (ISO 16.283-3: 2016)<\/a><\/span><\/li>\n<li><a href=\"https:\/\/www.codigotecnico.org\/index.php\/menu-proteccion-frente-ruido.html\"><span style=\"font-weight: 400;\">D&#8217;acord amb les disposicions transit\u00f2ries de el Reial Decret 732\/2019, aquesta nova versi\u00f3 de l&#8217;DB-HR ser\u00e0 d&#8217;aplicaci\u00f3 obligat\u00f2ria a les obres de nova construcci\u00f3 ia les intervencions en edificis existents per a les que, en ambd\u00f3s casos, se sol\u00b7liciti llic\u00e8ncia municipal d&#8217;obres a partir d&#8217;el 24 de setembre de 2020. per a aquelles per a les que la llic\u00e8ncia municipal d&#8217;obres es sol\u00b7liciti abans d&#8217;aquesta data la seva aplicaci\u00f3 \u00e9s volunt\u00e0ria, podent aplicar-se tamb\u00e9 la versi\u00f3 anterior de el document.<\/span><\/a><\/li>\n<\/ul>\n<p>[\/vc_column_text]\n\n\t<a href=\"https:\/\/acusticsambient.comprojectes\" target=\"_self\" style=\"color: #ffffff;background-color: #51a126;font-size: 20px;font-weight: 400;margin: 20px 0px 0px 0px\" class=\"qode-btn qode-btn-medium qode-btn-solid qode-btn-custom-hover-bg qode-btn-custom-hover-color qode-btn-default-hover\" data-hover-bg-color=\"#96949a\" data-hover-color=\"#ffffff\" >\n\t    <span class=\"qode-btn-text\">M\u00e1s Proyectos<\/span>\t<\/a>\n\n[\/vc_column_inner][\/vc_row_inner][\/vc_column][\/vc_row][vc_row css_animation=&#8221;&#8221; row_type=&#8221;row&#8221; use_row_as_full_screen_section=&#8221;no&#8221; type=&#8221;full_width&#8221; angled_section=&#8221;no&#8221; text_align=&#8221;left&#8221; background_image_as_pattern=&#8221;without_pattern&#8221; z_index=&#8221;&#8221; css=&#8221;.vc_custom_1600335949546{background-color: #ffffff !important;}&#8221;][vc_column][vc_empty_space height=&#8221;48px&#8221;][vc_column_text]<\/p>\n<h2 style=\"text-align: center; color: #51a126;\">Els Nostres <span style=\"color: #969799;\">Projectes:<\/span><\/h2>\n<h3 style=\"text-align: center; color: #51a126;\">Certificaci\u00f3 <span style=\"color: #969799;\">ac\u00fastica<\/span><\/h3>\n<p>[\/vc_column_text][vc_empty_space height=&#8221;48px&#8221;][vc_gallery type=&#8221;image_grid&#8221; images=&#8221;1653,1655,1657,1659,1661,1663&#8243; img_size=&#8221;500&#215;500&#8243; column_number=&#8221;4&#8243; grayscale=&#8221;no&#8221; images_space=&#8221;gallery_with_space&#8221;][vc_empty_space height=&#8221;48px&#8221;][\/vc_column][\/vc_row]<\/p>\n","protected":false},"excerpt":{"rendered":"<p>[vc_row css_animation=&#8221;&#8221; row_type=&#8221;row&#8221; use_row_as_full_screen_section=&#8221;no&#8221; type=&#8221;grid&#8221; angled_section=&#8221;no&#8221; text_align=&#8221;left&#8221; background_image_as_pattern=&#8221;without_pattern&#8221; css=&#8221;.vc_custom_1600364212737{padding-top: 120px !important;padding-bottom: 120px !important;}&#8221; z_index=&#8221;&#8221;][vc_column][vc_row_inner row_type=&#8221;row&#8221; type=&#8221;full_width&#8221; text_align=&#8221;left&#8221; css_animation=&#8221;&#8221;][vc_column_inner width=&#8221;1\/2&#8243;][vc_column_text css=&#8221;.vc_custom_1602061710599{padding-top: 30px !important;padding-right: 30px !important;padding-bottom: 30px !important;}&#8221;] Decrets i normativa ac\u00fastica Lleis: Llei 37\/2003, de 17 de novembre, del Soroll. Llei 16\/2002, de 28 de juny,&#8230;<\/p>\n","protected":false},"author":2,"featured_media":0,"parent":0,"menu_order":300,"comment_status":"closed","ping_status":"closed","template":"full_width.php","meta":{"footnotes":""},"class_list":["post-2153","page","type-page","status-publish","hentry"],"yoast_head":"<!-- This site is optimized with the Yoast SEO plugin v19.13 - https:\/\/yoast.com\/wordpress\/plugins\/seo\/ -->\n<title>Certificaci\u00f3 ac\u00fastica | Acustics Ambient<\/title>\n<meta name=\"robots\" content=\"index, follow, max-snippet:-1, max-image-preview:large, max-video-preview:-1\" \/>\n<link rel=\"canonical\" href=\"https:\/\/acusticsambient.com\/ca\/certificacio-acustica\/\" \/>\n<meta property=\"og:locale\" content=\"ca_ES\" \/>\n<meta property=\"og:type\" content=\"article\" \/>\n<meta property=\"og:title\" content=\"Certificaci\u00f3 ac\u00fastica | Acustics Ambient\" \/>\n<meta property=\"og:description\" content=\"[vc_row css_animation=&#8221;&#8221; row_type=&#8221;row&#8221; use_row_as_full_screen_section=&#8221;no&#8221; type=&#8221;grid&#8221; angled_section=&#8221;no&#8221; text_align=&#8221;left&#8221; background_image_as_pattern=&#8221;without_pattern&#8221; css=&#8221;.vc_custom_1600364212737{padding-top: 120px !important;padding-bottom: 120px !important;}&#8221; z_index=&#8221;&#8221;][vc_column][vc_row_inner row_type=&#8221;row&#8221; type=&#8221;full_width&#8221; text_align=&#8221;left&#8221; css_animation=&#8221;&#8221;][vc_column_inner width=&#8221;1\/2&#8243;][vc_column_text css=&#8221;.vc_custom_1602061710599{padding-top: 30px !important;padding-right: 30px !important;padding-bottom: 30px !important;}&#8221;] Decrets i normativa ac\u00fastica Lleis: Llei 37\/2003, de 17 de novembre, del Soroll. Llei 16\/2002, de 28 de juny,...\" \/>\n<meta property=\"og:url\" content=\"https:\/\/acusticsambient.com\/ca\/certificacio-acustica\/\" \/>\n<meta property=\"og:site_name\" content=\"Acustics Ambient\" \/>\n<meta property=\"article:modified_time\" content=\"2020-10-07T09:26:29+00:00\" \/>\n<meta name=\"twitter:card\" content=\"summary_large_image\" \/>\n<meta name=\"twitter:label1\" content=\"Temps estimat de lectura\" \/>\n\t<meta name=\"twitter:data1\" content=\"4 minuts\" \/>\n<script type=\"application\/ld+json\" class=\"yoast-schema-graph\">{\"@context\":\"https:\/\/schema.org\",\"@graph\":[{\"@type\":\"WebPage\",\"@id\":\"https:\/\/acusticsambient.com\/ca\/certificacio-acustica\/\",\"url\":\"https:\/\/acusticsambient.com\/ca\/certificacio-acustica\/\",\"name\":\"Certificaci\u00f3 ac\u00fastica | Acustics Ambient\",\"isPartOf\":{\"@id\":\"https:\/\/acusticsambient.com\/ca\/#website\"},\"datePublished\":\"2020-09-08T08:38:23+00:00\",\"dateModified\":\"2020-10-07T09:26:29+00:00\",\"breadcrumb\":{\"@id\":\"https:\/\/acusticsambient.com\/ca\/certificacio-acustica\/#breadcrumb\"},\"inLanguage\":\"ca\",\"potentialAction\":[{\"@type\":\"ReadAction\",\"target\":[\"https:\/\/acusticsambient.com\/ca\/certificacio-acustica\/\"]}]},{\"@type\":\"BreadcrumbList\",\"@id\":\"https:\/\/acusticsambient.com\/ca\/certificacio-acustica\/#breadcrumb\",\"itemListElement\":[{\"@type\":\"ListItem\",\"position\":1,\"name\":\"Home\",\"item\":\"https:\/\/acusticsambient.com\/ca\/\"},{\"@type\":\"ListItem\",\"position\":2,\"name\":\"Certificaci\u00f3 ac\u00fastica\"}]},{\"@type\":\"WebSite\",\"@id\":\"https:\/\/acusticsambient.com\/ca\/#website\",\"url\":\"https:\/\/acusticsambient.com\/ca\/\",\"name\":\"Acustics Ambient\",\"description\":\"Just another WordPress site\",\"publisher\":{\"@id\":\"https:\/\/acusticsambient.com\/ca\/#organization\"},\"potentialAction\":[{\"@type\":\"SearchAction\",\"target\":{\"@type\":\"EntryPoint\",\"urlTemplate\":\"https:\/\/acusticsambient.com\/ca\/?s={search_term_string}\"},\"query-input\":\"required name=search_term_string\"}],\"inLanguage\":\"ca\"},{\"@type\":\"Organization\",\"@id\":\"https:\/\/acusticsambient.com\/ca\/#organization\",\"name\":\"Ac\u00fastics Ambient Consultoria Ac\u00fastica\",\"url\":\"https:\/\/acusticsambient.com\/ca\/\",\"logo\":{\"@type\":\"ImageObject\",\"inLanguage\":\"ca\",\"@id\":\"https:\/\/acusticsambient.com\/ca\/#\/schema\/logo\/image\/\",\"url\":\"https:\/\/acusticsambient.com\/wp-content\/uploads\/2020\/09\/acusticalogo.png\",\"contentUrl\":\"https:\/\/acusticsambient.com\/wp-content\/uploads\/2020\/09\/acusticalogo.png\",\"width\":900,\"height\":600,\"caption\":\"Ac\u00fastics Ambient Consultoria Ac\u00fastica\"},\"image\":{\"@id\":\"https:\/\/acusticsambient.com\/ca\/#\/schema\/logo\/image\/\"}}]}<\/script>\n<!-- \/ Yoast SEO plugin. -->","yoast_head_json":{"title":"Certificaci\u00f3 ac\u00fastica | Acustics Ambient","robots":{"index":"index","follow":"follow","max-snippet":"max-snippet:-1","max-image-preview":"max-image-preview:large","max-video-preview":"max-video-preview:-1"},"canonical":"https:\/\/acusticsambient.com\/ca\/certificacio-acustica\/","og_locale":"ca_ES","og_type":"article","og_title":"Certificaci\u00f3 ac\u00fastica | Acustics Ambient","og_description":"[vc_row css_animation=&#8221;&#8221; row_type=&#8221;row&#8221; use_row_as_full_screen_section=&#8221;no&#8221; type=&#8221;grid&#8221; angled_section=&#8221;no&#8221; text_align=&#8221;left&#8221; background_image_as_pattern=&#8221;without_pattern&#8221; css=&#8221;.vc_custom_1600364212737{padding-top: 120px !important;padding-bottom: 120px !important;}&#8221; z_index=&#8221;&#8221;][vc_column][vc_row_inner row_type=&#8221;row&#8221; type=&#8221;full_width&#8221; text_align=&#8221;left&#8221; css_animation=&#8221;&#8221;][vc_column_inner width=&#8221;1\/2&#8243;][vc_column_text css=&#8221;.vc_custom_1602061710599{padding-top: 30px !important;padding-right: 30px !important;padding-bottom: 30px !important;}&#8221;] Decrets i normativa ac\u00fastica Lleis: Llei 37\/2003, de 17 de novembre, del Soroll. Llei 16\/2002, de 28 de juny,...","og_url":"https:\/\/acusticsambient.com\/ca\/certificacio-acustica\/","og_site_name":"Acustics Ambient","article_modified_time":"2020-10-07T09:26:29+00:00","twitter_card":"summary_large_image","twitter_misc":{"Temps estimat de lectura":"4 minuts"},"schema":{"@context":"https:\/\/schema.org","@graph":[{"@type":"WebPage","@id":"https:\/\/acusticsambient.com\/ca\/certificacio-acustica\/","url":"https:\/\/acusticsambient.com\/ca\/certificacio-acustica\/","name":"Certificaci\u00f3 ac\u00fastica | Acustics Ambient","isPartOf":{"@id":"https:\/\/acusticsambient.com\/ca\/#website"},"datePublished":"2020-09-08T08:38:23+00:00","dateModified":"2020-10-07T09:26:29+00:00","breadcrumb":{"@id":"https:\/\/acusticsambient.com\/ca\/certificacio-acustica\/#breadcrumb"},"inLanguage":"ca","potentialAction":[{"@type":"ReadAction","target":["https:\/\/acusticsambient.com\/ca\/certificacio-acustica\/"]}]},{"@type":"BreadcrumbList","@id":"https:\/\/acusticsambient.com\/ca\/certificacio-acustica\/#breadcrumb","itemListElement":[{"@type":"ListItem","position":1,"name":"Home","item":"https:\/\/acusticsambient.com\/ca\/"},{"@type":"ListItem","position":2,"name":"Certificaci\u00f3 ac\u00fastica"}]},{"@type":"WebSite","@id":"https:\/\/acusticsambient.com\/ca\/#website","url":"https:\/\/acusticsambient.com\/ca\/","name":"Acustics Ambient","description":"Just another WordPress site","publisher":{"@id":"https:\/\/acusticsambient.com\/ca\/#organization"},"potentialAction":[{"@type":"SearchAction","target":{"@type":"EntryPoint","urlTemplate":"https:\/\/acusticsambient.com\/ca\/?s={search_term_string}"},"query-input":"required name=search_term_string"}],"inLanguage":"ca"},{"@type":"Organization","@id":"https:\/\/acusticsambient.com\/ca\/#organization","name":"Ac\u00fastics Ambient Consultoria Ac\u00fastica","url":"https:\/\/acusticsambient.com\/ca\/","logo":{"@type":"ImageObject","inLanguage":"ca","@id":"https:\/\/acusticsambient.com\/ca\/#\/schema\/logo\/image\/","url":"https:\/\/acusticsambient.com\/wp-content\/uploads\/2020\/09\/acusticalogo.png","contentUrl":"https:\/\/acusticsambient.com\/wp-content\/uploads\/2020\/09\/acusticalogo.png","width":900,"height":600,"caption":"Ac\u00fastics Ambient Consultoria Ac\u00fastica"},"image":{"@id":"https:\/\/acusticsambient.com\/ca\/#\/schema\/logo\/image\/"}}]}},"_links":{"self":[{"href":"https:\/\/acusticsambient.com\/ca\/wp-json\/wp\/v2\/pages\/2153","targetHints":{"allow":["GET"]}}],"collection":[{"href":"https:\/\/acusticsambient.com\/ca\/wp-json\/wp\/v2\/pages"}],"about":[{"href":"https:\/\/acusticsambient.com\/ca\/wp-json\/wp\/v2\/types\/page"}],"author":[{"embeddable":true,"href":"https:\/\/acusticsambient.com\/ca\/wp-json\/wp\/v2\/users\/2"}],"replies":[{"embeddable":true,"href":"https:\/\/acusticsambient.com\/ca\/wp-json\/wp\/v2\/comments?post=2153"}],"version-history":[{"count":5,"href":"https:\/\/acusticsambient.com\/ca\/wp-json\/wp\/v2\/pages\/2153\/revisions"}],"predecessor-version":[{"id":2159,"href":"https:\/\/acusticsambient.com\/ca\/wp-json\/wp\/v2\/pages\/2153\/revisions\/2159"}],"wp:attachment":[{"href":"https:\/\/acusticsambient.com\/ca\/wp-json\/wp\/v2\/media?parent=2153"}],"curies":[{"name":"wp","href":"https:\/\/api.w.org\/{rel}","templated":true}]}}