{"id":2129,"date":"2020-09-07T10:50:55","date_gmt":"2020-09-07T10:50:55","guid":{"rendered":"https:\/\/acusticsambient.com\/audiovisual-estudios-tv\/"},"modified":"2021-03-09T11:51:05","modified_gmt":"2021-03-09T11:51:05","slug":"audiovisual-estudis-tv","status":"publish","type":"page","link":"https:\/\/acusticsambient.com\/ca\/audiovisual-estudis-tv\/","title":{"rendered":"Audiovisual estudis TV"},"content":{"rendered":"<p>[vc_row css_animation=&#8221;&#8221; row_type=&#8221;row&#8221; use_row_as_full_screen_section=&#8221;no&#8221; type=&#8221;grid&#8221; angled_section=&#8221;no&#8221; text_align=&#8221;left&#8221; background_image_as_pattern=&#8221;without_pattern&#8221; css=&#8221;.vc_custom_1600364212737{padding-top: 120px !important;padding-bottom: 120px !important;}&#8221; z_index=&#8221;&#8221;][vc_column][vc_row_inner row_type=&#8221;row&#8221; type=&#8221;full_width&#8221; text_align=&#8221;left&#8221; css_animation=&#8221;&#8221;][vc_column_inner width=&#8221;1\/2&#8243;][vc_column_text css=&#8221;.vc_custom_1604425440249{padding-top: 30px !important;padding-right: 30px !important;padding-bottom: 30px !important;}&#8221;]<\/p>\n<h3>Ac\u00fastica de sales<\/h3>\n<p>La figura del Consultor Ac\u00fastic la proposem com un col\u00b7laborador adjunt a l&#8217;equip redactor del Projecte Arquitect\u00f2nic \/ Industrial. La nostra tasca radicar\u00e0 en proposar solucions en l&#8217;\u00e0mbit d&#8217;a\u00efllament ac\u00fastic, assegurant la privacitat necess\u00e0ria entre estances, com procurant que cap focus extern pugui pertorbar l&#8217;activitat dels espais, proposar els materials necessaris per assegurar l&#8217;ac\u00fastica m\u00e9s adient per l&#8217;activitat prevista.<\/p>\n<p>L&#8217;ac\u00fastica de sales es fonamenta en l&#8217;estudi del volum, la forma i els materials de revestiment d&#8217;un espai a fi de garantir la qualitat sonora que demani el seu \u00fas.<\/p>\n<p>Amb el projecte de condicionament ac\u00fastic estudiem tot preveient la resposta de la sala a partir del seu model tridimensional. Utilitzem un software espec\u00edfic per ac\u00fastica d&#8217;espais i avaluarem la intel\u00b7ligibilitat en cada estan\u00e7a.<\/p>\n<p>Cada espai t\u00e9 uns requeriments establerts per una s\u00e8rie de par\u00e0metres ac\u00fastics o factors de m\u00e8rit recomanats. La simulaci\u00f3 ac\u00fastica ens permet controlar tots aquests par\u00e0metres, per bandes de freq\u00fc\u00e8ncia, a fi de controlar-los en tota la seva audi\u00e8ncia.[\/vc_column_text][\/vc_column_inner][vc_column_inner width=&#8221;1\/2&#8243; css=&#8221;.vc_custom_1600331005410{padding-top: 300px !important;padding-bottom: 300px !important;background-image: url(https:\/\/acusticsambient.com\/wp-content\/uploads\/2020\/09\/ESTUDIO-2-scaled.jpg?id=1461) !important;background-position: center !important;background-repeat: no-repeat !important;background-size: cover !important;}&#8221;][\/vc_column_inner][\/vc_row_inner][vc_row_inner row_type=&#8221;row&#8221; type=&#8221;full_width&#8221; text_align=&#8221;left&#8221; css_animation=&#8221;&#8221;][vc_column_inner width=&#8221;1\/2&#8243; css=&#8221;.vc_custom_1600708077126{padding-top: 300px !important;padding-bottom: 450px !important;background-image: url(https:\/\/acusticsambient.com\/wp-content\/uploads\/2020\/09\/ESTUDI-2-scaled.jpg?id=1465) !important;background-position: center !important;background-repeat: no-repeat !important;background-size: cover !important;}&#8221;][\/vc_column_inner][vc_column_inner width=&#8221;1\/2&#8243;][vc_column_text css=&#8221;.vc_custom_1604425515584{padding-top: 30px !important;padding-left: 30px !important;}&#8221;]<\/p>\n<blockquote>\n<h3>Si un espai pateix un mal disseny ac\u00fastic, un desequilibri freq\u00fcencial, un exc\u00e9s o una manca d&#8217;absorci\u00f3, o b\u00e9 si t\u00e9 una forma incorrecta o un volum no adequat, aquest espai no podr\u00e0 donar resposta a la demanda del seu \u00fas i apareixeran problemes de reflexions no desitjades o ecos, manca d&#8217;intel\u00b7ligibilitat, desequilibri freq\u00fcencial, o p\u00e8rdua de confort ac\u00fastic.<\/h3>\n<\/blockquote>\n<p>[\/vc_column_text][vc_column_text css=&#8221;.vc_custom_1604425559839{padding-bottom: 30px !important;padding-left: 30px !important;}&#8221;]En espais audiovisuals \u00e9s fonamental assegurar uns nivells de soroll de fons \u00f2ptims per poder garantir una correcta ac\u00fastica en els processos de registre. Tot tenint en compte els possibles nivells generats per les instal\u00b7lacions de climatitzaci\u00f3 i renovaci\u00f3 d&#8217;aire.<\/p>\n<p>Els principals par\u00e0metres ac\u00fastics que tindrem en compte en aquesta tipologia d&#8217;espais seran principalment el temps de reverberaci\u00f3 i els par\u00e0metres d&#8217;intel\u00b7ligibilitat.[\/vc_column_text]\n\n\t<a href=\"https:\/\/acusticsambient.com\/ca\/#projectes\" target=\"_self\" style=\"color: #ffffff;background-color: #51a126;font-size: 20px;font-weight: 400;margin: 20px 0px 0px 0px\" class=\"qode-btn qode-btn-medium qode-btn-solid qode-btn-custom-hover-bg qode-btn-custom-hover-color qode-btn-default-hover\" data-hover-bg-color=\"#96949a\" data-hover-color=\"#ffffff\" >\n\t    <span class=\"qode-btn-text\">M\u00e9s Projectes<\/span>\t<\/a>\n\n[\/vc_column_inner][\/vc_row_inner][\/vc_column][\/vc_row][vc_row css_animation=&#8221;&#8221; row_type=&#8221;row&#8221; use_row_as_full_screen_section=&#8221;no&#8221; type=&#8221;full_width&#8221; angled_section=&#8221;no&#8221; text_align=&#8221;left&#8221; background_image_as_pattern=&#8221;without_pattern&#8221; z_index=&#8221;&#8221; css=&#8221;.vc_custom_1598863638347{background-color: #ffffff !important;}&#8221;][vc_column][vc_empty_space height=&#8221;48px&#8221;][vc_column_text]<\/p>\n<h2 style=\"text-align: center; color: #51a126;\">Els Nostres <span style=\"color: #969799;\">Projectes:<\/span><\/h2>\n<h3 style=\"text-align: center; color: #51a126;\">Audiovisual estudis TV<\/h3>\n<p>[\/vc_column_text][vc_empty_space height=&#8221;48px&#8221;][vc_gallery type=&#8221;image_grid&#8221; images=&#8221;3405,3407&#8243; img_size=&#8221;500&#215;500&#8243; column_number=&#8221;4&#8243; grayscale=&#8221;no&#8221; images_space=&#8221;gallery_with_space&#8221;][vc_empty_space height=&#8221;48px&#8221;][\/vc_column][\/vc_row]<\/p>\n","protected":false},"excerpt":{"rendered":"<p>[vc_row css_animation=&#8221;&#8221; row_type=&#8221;row&#8221; use_row_as_full_screen_section=&#8221;no&#8221; type=&#8221;grid&#8221; angled_section=&#8221;no&#8221; text_align=&#8221;left&#8221; background_image_as_pattern=&#8221;without_pattern&#8221; css=&#8221;.vc_custom_1600364212737{padding-top: 120px !important;padding-bottom: 120px !important;}&#8221; z_index=&#8221;&#8221;][vc_column][vc_row_inner row_type=&#8221;row&#8221; type=&#8221;full_width&#8221; text_align=&#8221;left&#8221; css_animation=&#8221;&#8221;][vc_column_inner width=&#8221;1\/2&#8243;][vc_column_text css=&#8221;.vc_custom_1604425440249{padding-top: 30px !important;padding-right: 30px !important;padding-bottom: 30px !important;}&#8221;] Ac\u00fastica de sales La figura del Consultor Ac\u00fastic la proposem com un col\u00b7laborador adjunt a l&#8217;equip redactor del Projecte&#8230;<\/p>\n","protected":false},"author":2,"featured_media":0,"parent":0,"menu_order":300,"comment_status":"closed","ping_status":"closed","template":"full_width.php","meta":[],"yoast_head":"<!-- This site is optimized with the Yoast SEO plugin v19.13 - https:\/\/yoast.com\/wordpress\/plugins\/seo\/ -->\n<title>Audiovisual estudis TV | Acustics Ambient<\/title>\n<meta name=\"robots\" content=\"index, follow, max-snippet:-1, max-image-preview:large, max-video-preview:-1\" \/>\n<link rel=\"canonical\" href=\"https:\/\/acusticsambient.com\/ca\/audiovisual-estudis-tv\/\" \/>\n<meta property=\"og:locale\" content=\"ca_ES\" \/>\n<meta property=\"og:type\" content=\"article\" \/>\n<meta property=\"og:title\" content=\"Audiovisual estudis TV | Acustics Ambient\" \/>\n<meta property=\"og:description\" content=\"[vc_row css_animation=&#8221;&#8221; row_type=&#8221;row&#8221; use_row_as_full_screen_section=&#8221;no&#8221; type=&#8221;grid&#8221; angled_section=&#8221;no&#8221; text_align=&#8221;left&#8221; background_image_as_pattern=&#8221;without_pattern&#8221; css=&#8221;.vc_custom_1600364212737{padding-top: 120px !important;padding-bottom: 120px !important;}&#8221; z_index=&#8221;&#8221;][vc_column][vc_row_inner row_type=&#8221;row&#8221; type=&#8221;full_width&#8221; text_align=&#8221;left&#8221; css_animation=&#8221;&#8221;][vc_column_inner width=&#8221;1\/2&#8243;][vc_column_text css=&#8221;.vc_custom_1604425440249{padding-top: 30px !important;padding-right: 30px !important;padding-bottom: 30px !important;}&#8221;] Ac\u00fastica de sales La figura del Consultor Ac\u00fastic la proposem com un col\u00b7laborador adjunt a l&#8217;equip redactor del Projecte...\" \/>\n<meta property=\"og:url\" content=\"https:\/\/acusticsambient.com\/ca\/audiovisual-estudis-tv\/\" \/>\n<meta property=\"og:site_name\" content=\"Acustics Ambient\" \/>\n<meta property=\"article:modified_time\" content=\"2021-03-09T11:51:05+00:00\" \/>\n<meta name=\"twitter:card\" content=\"summary_large_image\" \/>\n<meta name=\"twitter:label1\" content=\"Temps estimat de lectura\" \/>\n\t<meta name=\"twitter:data1\" content=\"3 minuts\" \/>\n<script type=\"application\/ld+json\" class=\"yoast-schema-graph\">{\"@context\":\"https:\/\/schema.org\",\"@graph\":[{\"@type\":\"WebPage\",\"@id\":\"https:\/\/acusticsambient.com\/ca\/audiovisual-estudis-tv\/\",\"url\":\"https:\/\/acusticsambient.com\/ca\/audiovisual-estudis-tv\/\",\"name\":\"Audiovisual estudis TV | Acustics Ambient\",\"isPartOf\":{\"@id\":\"https:\/\/acusticsambient.com\/ca\/#website\"},\"datePublished\":\"2020-09-07T10:50:55+00:00\",\"dateModified\":\"2021-03-09T11:51:05+00:00\",\"breadcrumb\":{\"@id\":\"https:\/\/acusticsambient.com\/ca\/audiovisual-estudis-tv\/#breadcrumb\"},\"inLanguage\":\"ca\",\"potentialAction\":[{\"@type\":\"ReadAction\",\"target\":[\"https:\/\/acusticsambient.com\/ca\/audiovisual-estudis-tv\/\"]}]},{\"@type\":\"BreadcrumbList\",\"@id\":\"https:\/\/acusticsambient.com\/ca\/audiovisual-estudis-tv\/#breadcrumb\",\"itemListElement\":[{\"@type\":\"ListItem\",\"position\":1,\"name\":\"Home\",\"item\":\"https:\/\/acusticsambient.com\/ca\/\"},{\"@type\":\"ListItem\",\"position\":2,\"name\":\"Audiovisual estudis TV\"}]},{\"@type\":\"WebSite\",\"@id\":\"https:\/\/acusticsambient.com\/ca\/#website\",\"url\":\"https:\/\/acusticsambient.com\/ca\/\",\"name\":\"Acustics Ambient\",\"description\":\"Just another WordPress site\",\"publisher\":{\"@id\":\"https:\/\/acusticsambient.com\/ca\/#organization\"},\"potentialAction\":[{\"@type\":\"SearchAction\",\"target\":{\"@type\":\"EntryPoint\",\"urlTemplate\":\"https:\/\/acusticsambient.com\/ca\/?s={search_term_string}\"},\"query-input\":\"required name=search_term_string\"}],\"inLanguage\":\"ca\"},{\"@type\":\"Organization\",\"@id\":\"https:\/\/acusticsambient.com\/ca\/#organization\",\"name\":\"Ac\u00fastics Ambient Consultoria Ac\u00fastica\",\"url\":\"https:\/\/acusticsambient.com\/ca\/\",\"logo\":{\"@type\":\"ImageObject\",\"inLanguage\":\"ca\",\"@id\":\"https:\/\/acusticsambient.com\/ca\/#\/schema\/logo\/image\/\",\"url\":\"https:\/\/acusticsambient.com\/wp-content\/uploads\/2020\/09\/acusticalogo.png\",\"contentUrl\":\"https:\/\/acusticsambient.com\/wp-content\/uploads\/2020\/09\/acusticalogo.png\",\"width\":900,\"height\":600,\"caption\":\"Ac\u00fastics Ambient Consultoria Ac\u00fastica\"},\"image\":{\"@id\":\"https:\/\/acusticsambient.com\/ca\/#\/schema\/logo\/image\/\"}}]}<\/script>\n<!-- \/ Yoast SEO plugin. -->","yoast_head_json":{"title":"Audiovisual estudis TV | Acustics Ambient","robots":{"index":"index","follow":"follow","max-snippet":"max-snippet:-1","max-image-preview":"max-image-preview:large","max-video-preview":"max-video-preview:-1"},"canonical":"https:\/\/acusticsambient.com\/ca\/audiovisual-estudis-tv\/","og_locale":"ca_ES","og_type":"article","og_title":"Audiovisual estudis TV | Acustics Ambient","og_description":"[vc_row css_animation=&#8221;&#8221; row_type=&#8221;row&#8221; use_row_as_full_screen_section=&#8221;no&#8221; type=&#8221;grid&#8221; angled_section=&#8221;no&#8221; text_align=&#8221;left&#8221; background_image_as_pattern=&#8221;without_pattern&#8221; css=&#8221;.vc_custom_1600364212737{padding-top: 120px !important;padding-bottom: 120px !important;}&#8221; z_index=&#8221;&#8221;][vc_column][vc_row_inner row_type=&#8221;row&#8221; type=&#8221;full_width&#8221; text_align=&#8221;left&#8221; css_animation=&#8221;&#8221;][vc_column_inner width=&#8221;1\/2&#8243;][vc_column_text css=&#8221;.vc_custom_1604425440249{padding-top: 30px !important;padding-right: 30px !important;padding-bottom: 30px !important;}&#8221;] Ac\u00fastica de sales La figura del Consultor Ac\u00fastic la proposem com un col\u00b7laborador adjunt a l&#8217;equip redactor del Projecte...","og_url":"https:\/\/acusticsambient.com\/ca\/audiovisual-estudis-tv\/","og_site_name":"Acustics Ambient","article_modified_time":"2021-03-09T11:51:05+00:00","twitter_card":"summary_large_image","twitter_misc":{"Temps estimat de lectura":"3 minuts"},"schema":{"@context":"https:\/\/schema.org","@graph":[{"@type":"WebPage","@id":"https:\/\/acusticsambient.com\/ca\/audiovisual-estudis-tv\/","url":"https:\/\/acusticsambient.com\/ca\/audiovisual-estudis-tv\/","name":"Audiovisual estudis TV | Acustics Ambient","isPartOf":{"@id":"https:\/\/acusticsambient.com\/ca\/#website"},"datePublished":"2020-09-07T10:50:55+00:00","dateModified":"2021-03-09T11:51:05+00:00","breadcrumb":{"@id":"https:\/\/acusticsambient.com\/ca\/audiovisual-estudis-tv\/#breadcrumb"},"inLanguage":"ca","potentialAction":[{"@type":"ReadAction","target":["https:\/\/acusticsambient.com\/ca\/audiovisual-estudis-tv\/"]}]},{"@type":"BreadcrumbList","@id":"https:\/\/acusticsambient.com\/ca\/audiovisual-estudis-tv\/#breadcrumb","itemListElement":[{"@type":"ListItem","position":1,"name":"Home","item":"https:\/\/acusticsambient.com\/ca\/"},{"@type":"ListItem","position":2,"name":"Audiovisual estudis TV"}]},{"@type":"WebSite","@id":"https:\/\/acusticsambient.com\/ca\/#website","url":"https:\/\/acusticsambient.com\/ca\/","name":"Acustics Ambient","description":"Just another WordPress site","publisher":{"@id":"https:\/\/acusticsambient.com\/ca\/#organization"},"potentialAction":[{"@type":"SearchAction","target":{"@type":"EntryPoint","urlTemplate":"https:\/\/acusticsambient.com\/ca\/?s={search_term_string}"},"query-input":"required name=search_term_string"}],"inLanguage":"ca"},{"@type":"Organization","@id":"https:\/\/acusticsambient.com\/ca\/#organization","name":"Ac\u00fastics Ambient Consultoria Ac\u00fastica","url":"https:\/\/acusticsambient.com\/ca\/","logo":{"@type":"ImageObject","inLanguage":"ca","@id":"https:\/\/acusticsambient.com\/ca\/#\/schema\/logo\/image\/","url":"https:\/\/acusticsambient.com\/wp-content\/uploads\/2020\/09\/acusticalogo.png","contentUrl":"https:\/\/acusticsambient.com\/wp-content\/uploads\/2020\/09\/acusticalogo.png","width":900,"height":600,"caption":"Ac\u00fastics Ambient Consultoria Ac\u00fastica"},"image":{"@id":"https:\/\/acusticsambient.com\/ca\/#\/schema\/logo\/image\/"}}]}},"_links":{"self":[{"href":"https:\/\/acusticsambient.com\/ca\/wp-json\/wp\/v2\/pages\/2129"}],"collection":[{"href":"https:\/\/acusticsambient.com\/ca\/wp-json\/wp\/v2\/pages"}],"about":[{"href":"https:\/\/acusticsambient.com\/ca\/wp-json\/wp\/v2\/types\/page"}],"author":[{"embeddable":true,"href":"https:\/\/acusticsambient.com\/ca\/wp-json\/wp\/v2\/users\/2"}],"replies":[{"embeddable":true,"href":"https:\/\/acusticsambient.com\/ca\/wp-json\/wp\/v2\/comments?post=2129"}],"version-history":[{"count":11,"href":"https:\/\/acusticsambient.com\/ca\/wp-json\/wp\/v2\/pages\/2129\/revisions"}],"predecessor-version":[{"id":3409,"href":"https:\/\/acusticsambient.com\/ca\/wp-json\/wp\/v2\/pages\/2129\/revisions\/3409"}],"wp:attachment":[{"href":"https:\/\/acusticsambient.com\/ca\/wp-json\/wp\/v2\/media?parent=2129"}],"curies":[{"name":"wp","href":"https:\/\/api.w.org\/{rel}","templated":true}]}}