{"id":2102,"date":"2017-10-26T13:00:10","date_gmt":"2017-10-26T13:00:10","guid":{"rendered":"https:\/\/acusticsambient.com\/contacto\/"},"modified":"2020-11-27T11:05:23","modified_gmt":"2020-11-27T11:05:23","slug":"contacte","status":"publish","type":"page","link":"https:\/\/acusticsambient.com\/ca\/contacte\/","title":{"rendered":"Contacte"},"content":{"rendered":"<p>[vc_row css_animation=&#8221;&#8221; row_type=&#8221;row&#8221; use_row_as_full_screen_section=&#8221;no&#8221; type=&#8221;grid&#8221; angled_section=&#8221;no&#8221; text_align=&#8221;left&#8221; background_image_as_pattern=&#8221;without_pattern&#8221; css=&#8221;.vc_custom_1600360966147{padding-top: 60px !important;}&#8221; z_index=&#8221;&#8221;][vc_column width=&#8221;3\/4&#8243; css=&#8221;.vc_custom_1600361101385{padding-right: 5% !important;}&#8221;]<div class=\"wpcf7 no-js\" id=\"wpcf7-f1016-o1\" lang=\"es-ES\" dir=\"ltr\">\n<div class=\"screen-reader-response\"><p role=\"status\" aria-live=\"polite\" aria-atomic=\"true\"><\/p> <ul><\/ul><\/div>\n<form action=\"\/ca\/wp-json\/wp\/v2\/pages\/2102#wpcf7-f1016-o1\" method=\"post\" class=\"wpcf7-form init cf7_custom_style_2\" aria-label=\"Formulario de contacto\" novalidate=\"novalidate\" data-status=\"init\">\n<div style=\"display: none;\">\n<input type=\"hidden\" name=\"_wpcf7\" value=\"1016\" \/>\n<input type=\"hidden\" name=\"_wpcf7_version\" value=\"5.7.1\" \/>\n<input type=\"hidden\" name=\"_wpcf7_locale\" value=\"es_ES\" \/>\n<input type=\"hidden\" name=\"_wpcf7_unit_tag\" value=\"wpcf7-f1016-o1\" \/>\n<input type=\"hidden\" name=\"_wpcf7_container_post\" value=\"0\" \/>\n<input type=\"hidden\" name=\"_wpcf7_posted_data_hash\" value=\"\" \/>\n<input type=\"hidden\" name=\"_wpcf7_recaptcha_response\" value=\"\" \/>\n<\/div>\n<p><label> Nom*<br \/>\n<span class=\"wpcf7-form-control-wrap\" data-name=\"your-name\"><input size=\"40\" class=\"wpcf7-form-control wpcf7-text wpcf7-validates-as-required\" aria-required=\"true\" aria-invalid=\"false\" value=\"\" type=\"text\" name=\"your-name\" \/><\/span> <\/label>\n<\/p>\n<p><label>Empresa (opcional)<br \/>\n<span class=\"wpcf7-form-control-wrap\" data-name=\"your-company\"><input size=\"40\" class=\"wpcf7-form-control wpcf7-text\" aria-invalid=\"false\" value=\"\" type=\"text\" name=\"your-company\" \/><\/span> <\/label>\n<\/p>\n<p><label> Email*<br \/>\n<span class=\"wpcf7-form-control-wrap\" data-name=\"your-email\"><input size=\"40\" class=\"wpcf7-form-control wpcf7-text wpcf7-email wpcf7-validates-as-required wpcf7-validates-as-email\" aria-required=\"true\" aria-invalid=\"false\" value=\"\" type=\"email\" name=\"your-email\" \/><\/span> <\/label>\n<\/p>\n<p><label> tel\u00e8fon*<br \/>\n<span class=\"wpcf7-form-control-wrap\" data-name=\"your-tel\"><input size=\"40\" class=\"wpcf7-form-control wpcf7-text wpcf7-validates-as-required\" aria-required=\"true\" aria-invalid=\"false\" value=\"\" type=\"text\" name=\"your-tel\" \/><\/span> <\/label>\n<\/p>\n<p><label> missatge<br \/>\n<span class=\"wpcf7-form-control-wrap\" data-name=\"your-message\"><textarea cols=\"40\" rows=\"10\" class=\"wpcf7-form-control wpcf7-textarea\" aria-invalid=\"false\" name=\"your-message\"><\/textarea><\/span> <\/label>\n<\/p>\n<p><label><span class=\"wpcf7-form-control-wrap\" data-name=\"LOPD\"><span class=\"wpcf7-form-control wpcf7-acceptance\"><span class=\"wpcf7-list-item\"><label><input type=\"checkbox\" name=\"LOPD\" value=\"1\" aria-invalid=\"false\" \/><span class=\"wpcf7-list-item-label\">He llegit i accepto la <a href=\"\/ca\/politica-de-privacitat\/\" target=\"_blank\">pol\u00edtica de privacitat<\/a><\/span><\/label><\/span><\/span><\/span><\/label><br \/>\n<br clear=\"all\" \/><br \/>\n<input class=\"wpcf7-form-control has-spinner wpcf7-submit\" type=\"submit\" value=\"Enviar\" \/>\n<\/p><div class=\"wpcf7-response-output\" aria-hidden=\"true\"><\/div><\/form><\/div>[vc_column_text]<\/p>\n<p style=\"font-size: 12px; line-height: 13px;\" align=\"justify\">Tractem la informaci\u00f3 que ens facilita per tal d&#8217;enviar-li publicitat relacionada amb els nostres productes i serveis per qualsevol mitj\u00e0 (postal, correu electr\u00f2nic o tel\u00e8fon) i convidar-lo a esdeveniments organitzats per l&#8217;empresa. Les dades proporcionades es conservaran mentre no sol\u00b7liciti el cessament de l&#8217;activitat. Les dades no se cediran a tercers excepte en els casos en qu\u00e8 hi hagi una obligaci\u00f3 legal. Vost\u00e8 t\u00e9 dret a obtenir confirmaci\u00f3 sobre si en Ac\u00fastics Ambient SL estem tractant les seves dades personals per tant t\u00e9 dret a accedir a les seves dades personals, rectificar les dades inexactes o sol\u00b7licitar la seva supressi\u00f3 quan les dades ja no siguin necessaris per als fins que van ser recollides.<\/p>\n<p>[\/vc_column_text][vc_empty_space height=&#8221;40px&#8221;][\/vc_column][vc_column width=&#8221;1\/4&#8243;][vc_empty_space height=&#8221;40px&#8221;][vc_column_text]<\/p>\n<h4>Direcci\u00f3<\/h4>\n<p>[\/vc_column_text][vc_column_text]<\/p>\n<p class=\"section-hero-header-title\">Parc cient\u00edfic<\/p>\n<p>Lleida<\/p>\n<p>Barcelona[\/vc_column_text][vc_empty_space height=&#8221;27px&#8221;][vc_empty_space height=&#8221;13px&#8221;][vc_column_text]<\/p>\n<h4>Tel\u00e8fon<\/h4>\n<p>[\/vc_column_text][vc_column_text]<\/p>\n<div>\n<p class=\"section-hero-header-title\">+34 \u00a0973 22 47 08<\/p>\n<\/div>\n<p>[\/vc_column_text][vc_empty_space height=&#8221;27px&#8221;][vc_empty_space height=&#8221;13px&#8221;][vc_column_text]<\/p>\n<h4>Email<\/h4>\n<p>[\/vc_column_text][vc_column_text]info@acusticsambient.com[\/vc_column_text][\/vc_column][\/vc_row][vc_row css_animation=&#8221;&#8221; row_type=&#8221;row&#8221; use_row_as_full_screen_section=&#8221;no&#8221; type=&#8221;grid&#8221; angled_section=&#8221;no&#8221; text_align=&#8221;left&#8221; background_image_as_pattern=&#8221;without_pattern&#8221; css=&#8221;.vc_custom_1600361156189{padding-top: 90px !important;padding-bottom: 90px !important;}&#8221; z_index=&#8221;&#8221;][vc_column][vc_column_text]<iframe loading=\"lazy\" style=\"border: 0;\" tabindex=\"0\" src=\"https:\/\/www.google.com\/maps\/embed?pb=!1m18!1m12!1m3!1d2983.325059904025!2d0.6051863152190095!3d41.605481990409665!2m3!1f0!2f0!3f0!3m2!1i1024!2i768!4f13.1!3m3!1m2!1s0x12a6e011237ad187%3A0xceb25c730cb1ceda!2sAc%C3%BAstics%20Ambient%20SL%20Consultoria%20Ac%C3%BAstica%20Insonorizaci%C3%B3n!5e0!3m2!1ses!2ses!4v1595935830107!5m2!1ses!2ses\" width=\"100%\" height=\"450\" frameborder=\"0\" allowfullscreen=\"allowfullscreen\" aria-hidden=\"false\"><\/iframe>[\/vc_column_text][\/vc_column][\/vc_row]<\/p>\n","protected":false},"excerpt":{"rendered":"<p>[vc_row css_animation=&#8221;&#8221; row_type=&#8221;row&#8221; use_row_as_full_screen_section=&#8221;no&#8221; type=&#8221;grid&#8221; angled_section=&#8221;no&#8221; text_align=&#8221;left&#8221; background_image_as_pattern=&#8221;without_pattern&#8221; css=&#8221;.vc_custom_1600360966147{padding-top: 60px !important;}&#8221; z_index=&#8221;&#8221;][vc_column width=&#8221;3\/4&#8243; css=&#8221;.vc_custom_1600361101385{padding-right: 5% !important;}&#8221;][vc_column_text] Tractem la informaci\u00f3 que ens facilita per tal d&#8217;enviar-li publicitat relacionada amb els nostres productes i serveis per qualsevol mitj\u00e0 (postal, correu electr\u00f2nic o tel\u00e8fon) i convidar-lo a esdeveniments&#8230;<\/p>\n","protected":false},"author":2,"featured_media":0,"parent":0,"menu_order":700,"comment_status":"closed","ping_status":"closed","template":"full_width.php","meta":[],"yoast_head":"<!-- This site is optimized with the Yoast SEO plugin v19.13 - https:\/\/yoast.com\/wordpress\/plugins\/seo\/ -->\n<title>Contacte | Acustics Ambient<\/title>\n<meta name=\"robots\" content=\"index, follow, max-snippet:-1, max-image-preview:large, max-video-preview:-1\" \/>\n<link rel=\"canonical\" href=\"https:\/\/acusticsambient.com\/ca\/contacte\/\" \/>\n<meta property=\"og:locale\" content=\"ca_ES\" \/>\n<meta property=\"og:type\" content=\"article\" \/>\n<meta property=\"og:title\" content=\"Contacte | Acustics Ambient\" \/>\n<meta property=\"og:description\" content=\"[vc_row css_animation=&#8221;&#8221; row_type=&#8221;row&#8221; use_row_as_full_screen_section=&#8221;no&#8221; type=&#8221;grid&#8221; angled_section=&#8221;no&#8221; text_align=&#8221;left&#8221; background_image_as_pattern=&#8221;without_pattern&#8221; css=&#8221;.vc_custom_1600360966147{padding-top: 60px !important;}&#8221; z_index=&#8221;&#8221;][vc_column width=&#8221;3\/4&#8243; css=&#8221;.vc_custom_1600361101385{padding-right: 5% !important;}&#8221;][vc_column_text] Tractem la informaci\u00f3 que ens facilita per tal d&#8217;enviar-li publicitat relacionada amb els nostres productes i serveis per qualsevol mitj\u00e0 (postal, correu electr\u00f2nic o tel\u00e8fon) i convidar-lo a esdeveniments...\" \/>\n<meta property=\"og:url\" content=\"https:\/\/acusticsambient.com\/ca\/contacte\/\" \/>\n<meta property=\"og:site_name\" content=\"Acustics Ambient\" \/>\n<meta property=\"article:modified_time\" content=\"2020-11-27T11:05:23+00:00\" \/>\n<meta name=\"twitter:card\" content=\"summary_large_image\" \/>\n<meta name=\"twitter:label1\" content=\"Temps estimat de lectura\" \/>\n\t<meta name=\"twitter:data1\" content=\"2 minuts\" \/>\n<script type=\"application\/ld+json\" class=\"yoast-schema-graph\">{\"@context\":\"https:\/\/schema.org\",\"@graph\":[{\"@type\":\"WebPage\",\"@id\":\"https:\/\/acusticsambient.com\/ca\/contacte\/\",\"url\":\"https:\/\/acusticsambient.com\/ca\/contacte\/\",\"name\":\"Contacte | Acustics Ambient\",\"isPartOf\":{\"@id\":\"https:\/\/acusticsambient.com\/ca\/#website\"},\"datePublished\":\"2017-10-26T13:00:10+00:00\",\"dateModified\":\"2020-11-27T11:05:23+00:00\",\"breadcrumb\":{\"@id\":\"https:\/\/acusticsambient.com\/ca\/contacte\/#breadcrumb\"},\"inLanguage\":\"ca\",\"potentialAction\":[{\"@type\":\"ReadAction\",\"target\":[\"https:\/\/acusticsambient.com\/ca\/contacte\/\"]}]},{\"@type\":\"BreadcrumbList\",\"@id\":\"https:\/\/acusticsambient.com\/ca\/contacte\/#breadcrumb\",\"itemListElement\":[{\"@type\":\"ListItem\",\"position\":1,\"name\":\"Home\",\"item\":\"https:\/\/acusticsambient.com\/ca\/\"},{\"@type\":\"ListItem\",\"position\":2,\"name\":\"Contacte\"}]},{\"@type\":\"WebSite\",\"@id\":\"https:\/\/acusticsambient.com\/ca\/#website\",\"url\":\"https:\/\/acusticsambient.com\/ca\/\",\"name\":\"Acustics Ambient\",\"description\":\"Just another WordPress site\",\"publisher\":{\"@id\":\"https:\/\/acusticsambient.com\/ca\/#organization\"},\"potentialAction\":[{\"@type\":\"SearchAction\",\"target\":{\"@type\":\"EntryPoint\",\"urlTemplate\":\"https:\/\/acusticsambient.com\/ca\/?s={search_term_string}\"},\"query-input\":\"required name=search_term_string\"}],\"inLanguage\":\"ca\"},{\"@type\":\"Organization\",\"@id\":\"https:\/\/acusticsambient.com\/ca\/#organization\",\"name\":\"Ac\u00fastics Ambient Consultoria Ac\u00fastica\",\"url\":\"https:\/\/acusticsambient.com\/ca\/\",\"logo\":{\"@type\":\"ImageObject\",\"inLanguage\":\"ca\",\"@id\":\"https:\/\/acusticsambient.com\/ca\/#\/schema\/logo\/image\/\",\"url\":\"https:\/\/acusticsambient.com\/wp-content\/uploads\/2020\/09\/acusticalogo.png\",\"contentUrl\":\"https:\/\/acusticsambient.com\/wp-content\/uploads\/2020\/09\/acusticalogo.png\",\"width\":900,\"height\":600,\"caption\":\"Ac\u00fastics Ambient Consultoria Ac\u00fastica\"},\"image\":{\"@id\":\"https:\/\/acusticsambient.com\/ca\/#\/schema\/logo\/image\/\"}}]}<\/script>\n<!-- \/ Yoast SEO plugin. -->","yoast_head_json":{"title":"Contacte | Acustics Ambient","robots":{"index":"index","follow":"follow","max-snippet":"max-snippet:-1","max-image-preview":"max-image-preview:large","max-video-preview":"max-video-preview:-1"},"canonical":"https:\/\/acusticsambient.com\/ca\/contacte\/","og_locale":"ca_ES","og_type":"article","og_title":"Contacte | Acustics Ambient","og_description":"[vc_row css_animation=&#8221;&#8221; row_type=&#8221;row&#8221; use_row_as_full_screen_section=&#8221;no&#8221; type=&#8221;grid&#8221; angled_section=&#8221;no&#8221; text_align=&#8221;left&#8221; background_image_as_pattern=&#8221;without_pattern&#8221; css=&#8221;.vc_custom_1600360966147{padding-top: 60px !important;}&#8221; z_index=&#8221;&#8221;][vc_column width=&#8221;3\/4&#8243; css=&#8221;.vc_custom_1600361101385{padding-right: 5% !important;}&#8221;][vc_column_text] Tractem la informaci\u00f3 que ens facilita per tal d&#8217;enviar-li publicitat relacionada amb els nostres productes i serveis per qualsevol mitj\u00e0 (postal, correu electr\u00f2nic o tel\u00e8fon) i convidar-lo a esdeveniments...","og_url":"https:\/\/acusticsambient.com\/ca\/contacte\/","og_site_name":"Acustics Ambient","article_modified_time":"2020-11-27T11:05:23+00:00","twitter_card":"summary_large_image","twitter_misc":{"Temps estimat de lectura":"2 minuts"},"schema":{"@context":"https:\/\/schema.org","@graph":[{"@type":"WebPage","@id":"https:\/\/acusticsambient.com\/ca\/contacte\/","url":"https:\/\/acusticsambient.com\/ca\/contacte\/","name":"Contacte | Acustics Ambient","isPartOf":{"@id":"https:\/\/acusticsambient.com\/ca\/#website"},"datePublished":"2017-10-26T13:00:10+00:00","dateModified":"2020-11-27T11:05:23+00:00","breadcrumb":{"@id":"https:\/\/acusticsambient.com\/ca\/contacte\/#breadcrumb"},"inLanguage":"ca","potentialAction":[{"@type":"ReadAction","target":["https:\/\/acusticsambient.com\/ca\/contacte\/"]}]},{"@type":"BreadcrumbList","@id":"https:\/\/acusticsambient.com\/ca\/contacte\/#breadcrumb","itemListElement":[{"@type":"ListItem","position":1,"name":"Home","item":"https:\/\/acusticsambient.com\/ca\/"},{"@type":"ListItem","position":2,"name":"Contacte"}]},{"@type":"WebSite","@id":"https:\/\/acusticsambient.com\/ca\/#website","url":"https:\/\/acusticsambient.com\/ca\/","name":"Acustics Ambient","description":"Just another WordPress site","publisher":{"@id":"https:\/\/acusticsambient.com\/ca\/#organization"},"potentialAction":[{"@type":"SearchAction","target":{"@type":"EntryPoint","urlTemplate":"https:\/\/acusticsambient.com\/ca\/?s={search_term_string}"},"query-input":"required name=search_term_string"}],"inLanguage":"ca"},{"@type":"Organization","@id":"https:\/\/acusticsambient.com\/ca\/#organization","name":"Ac\u00fastics Ambient Consultoria Ac\u00fastica","url":"https:\/\/acusticsambient.com\/ca\/","logo":{"@type":"ImageObject","inLanguage":"ca","@id":"https:\/\/acusticsambient.com\/ca\/#\/schema\/logo\/image\/","url":"https:\/\/acusticsambient.com\/wp-content\/uploads\/2020\/09\/acusticalogo.png","contentUrl":"https:\/\/acusticsambient.com\/wp-content\/uploads\/2020\/09\/acusticalogo.png","width":900,"height":600,"caption":"Ac\u00fastics Ambient Consultoria Ac\u00fastica"},"image":{"@id":"https:\/\/acusticsambient.com\/ca\/#\/schema\/logo\/image\/"}}]}},"_links":{"self":[{"href":"https:\/\/acusticsambient.com\/ca\/wp-json\/wp\/v2\/pages\/2102"}],"collection":[{"href":"https:\/\/acusticsambient.com\/ca\/wp-json\/wp\/v2\/pages"}],"about":[{"href":"https:\/\/acusticsambient.com\/ca\/wp-json\/wp\/v2\/types\/page"}],"author":[{"embeddable":true,"href":"https:\/\/acusticsambient.com\/ca\/wp-json\/wp\/v2\/users\/2"}],"replies":[{"embeddable":true,"href":"https:\/\/acusticsambient.com\/ca\/wp-json\/wp\/v2\/comments?post=2102"}],"version-history":[{"count":6,"href":"https:\/\/acusticsambient.com\/ca\/wp-json\/wp\/v2\/pages\/2102\/revisions"}],"predecessor-version":[{"id":2838,"href":"https:\/\/acusticsambient.com\/ca\/wp-json\/wp\/v2\/pages\/2102\/revisions\/2838"}],"wp:attachment":[{"href":"https:\/\/acusticsambient.com\/ca\/wp-json\/wp\/v2\/media?parent=2102"}],"curies":[{"name":"wp","href":"https:\/\/api.w.org\/{rel}","templated":true}]}}