{"id":2096,"date":"2020-07-28T11:23:49","date_gmt":"2020-07-28T11:23:49","guid":{"rendered":"https:\/\/acusticsambient.com\/aislamiento\/"},"modified":"2020-10-05T08:36:13","modified_gmt":"2020-10-05T08:36:13","slug":"aillament","status":"publish","type":"page","link":"https:\/\/acusticsambient.com\/ca\/aillament\/","title":{"rendered":"A\u00efllament"},"content":{"rendered":"<p>[vc_row css_animation=&#8221;&#8221; row_type=&#8221;row&#8221; use_row_as_full_screen_section=&#8221;no&#8221; type=&#8221;grid&#8221; angled_section=&#8221;no&#8221; text_align=&#8221;left&#8221; background_image_as_pattern=&#8221;without_pattern&#8221; css=&#8221;.vc_custom_1600364212737{padding-top: 120px !important;padding-bottom: 120px !important;}&#8221; z_index=&#8221;&#8221;][vc_column][vc_row_inner row_type=&#8221;row&#8221; type=&#8221;full_width&#8221; text_align=&#8221;left&#8221; css_animation=&#8221;&#8221;][vc_column_inner width=&#8221;1\/2&#8243;][vc_column_text css=&#8221;.vc_custom_1601886244075{padding-right: 10% !important;padding-bottom: 30px !important;}&#8221;]<\/p>\n<h3>Reducci\u00f3 de soroll mitjan\u00e7ant a\u00efllament<\/h3>\n<p>A\u00efllar suposa impedir que un so penetri en un mitj\u00e0 o que surti d&#8217;ell. Per aix\u00f2, per a\u00efllar, en els sistemes constructius combinem tant materials absorbents, com materials a\u00efllants. A l&#8217;incidir l&#8217;ona ac\u00fastica sobre un element constructiu, una part de l&#8217;energia sonora es reflecteix, una altra s&#8217;absorbeix transformant-se en energia calor\u00edfica i una altra es transmet travessant l&#8217;element constructiu.<\/p>\n<p>S&#8217;ent\u00e9n per a\u00efllament ac\u00fastic a el conjunt de procediments emprats per reduir o evitar la transmissi\u00f3 de sorolls per via a\u00e8ria o estructural.<\/p>\n<h3><strong> A\u00efllament ac\u00fastic aeri <\/strong><\/h3>\n<p>A\u00efllament contra el so aeri d&#8217;acord amb la norma ISO 16.283-1 determinat en bandes de freq\u00fc\u00e8ncia (bandes d&#8217;un ter\u00e7 d&#8217;octava o bandes d&#8217;octava) a partir de les quals es poden obtenir qualificacions d&#8217;un nombre \u00fanic per a l&#8217;rendiment de l&#8217;edifici de acord amb la norma ISO 717-1<\/p>\n<h3>A\u00efllament ac\u00fastic d&#8217;impacte<\/h3>\n<p>A\u00efllament contra el so d&#8217;impacte d&#8217;acord amb la norma ISO 16.283-2 determinat en bandes de freq\u00fc\u00e8ncia (bandes d&#8217;un ter\u00e7 d&#8217;octava o bandes d&#8217;octava) a partir de les quals es poden obtenir qualificacions d&#8217;un nombre \u00fanic per al rendiment de l&#8217;edifici d&#8217;acord amb la norma ISO 717-2<\/p>\n<h3>A\u00efllament ac\u00fastic aeri de fa\u00e7anes<\/h3>\n<p>A\u00efllament contra el soroll de l&#8217;exterior segons la norma ISO 16.283-3 determinat en bandes de freq\u00fc\u00e8ncia (bandes d&#8217;un ter\u00e7 d&#8217;octava o bandes d&#8217;octava) a partir de les quals es poden obtenir qualificacions d&#8217;un nombre \u00fanic per a l&#8217;rendiment de l&#8217;edifici d&#8217;acord amb la norma ISO 717-1[\/vc_column_text][\/vc_column_inner][vc_column_inner width=&#8221;1\/2&#8243; css=&#8221;.vc_custom_1600767243000{padding-top: 300px !important;padding-bottom: 130% !important;background-image: url(https:\/\/acusticsambient.com\/wp-content\/uploads\/2020\/09\/AUDITORI-9.jpg?id=1392) !important;background-position: center !important;background-repeat: no-repeat !important;background-size: cover !important;}&#8221;][\/vc_column_inner][\/vc_row_inner][vc_row_inner row_type=&#8221;row&#8221; type=&#8221;full_width&#8221; text_align=&#8221;left&#8221; css_animation=&#8221;&#8221;][vc_column_inner width=&#8221;1\/2&#8243; css=&#8221;.vc_custom_1600767286704{padding-top: 300px !important;padding-bottom: 160% !important;background-image: url(https:\/\/acusticsambient.com\/wp-content\/uploads\/2020\/09\/INDUSTRIA-2.jpg?id=1725) !important;background-position: center !important;background-repeat: no-repeat !important;background-size: cover !important;}&#8221;][\/vc_column_inner][vc_column_inner width=&#8221;1\/2&#8243;][vc_column_text css=&#8221;.vc_custom_1601886564117{padding-bottom: 30px !important;padding-left: 30px !important;}&#8221;]<\/p>\n<h3>Difer\u00e8ncia de nivells estandarditzada:<\/h3>\n<p>Ponderada A, entre recintes interiors, DnT, A: Valoraci\u00f3 global, en dBA, de la difer\u00e8ncia de nivells estandarditzada, entre recintes interiors, DnT, per a soroll rosa.<\/p>\n<p>Difer\u00e8ncia de nivells estandarditzada entre recintes interiors, DnT: Difer\u00e8ncia, en dB, entre a els nivells medios de pressi\u00f3 sonora produits en dos recintes per una o Diverses fonts de soroll emetent en un d&#8217;ELLS, normalitzada a la valor 0,5 s de l&#8217; temps de reverberaci\u00f3. En general \u00e9s Funci\u00f3 de la freq\u00fc\u00e8ncia<\/p>\n<p>Difer\u00e8ncia de nivells estandarditzada entre recintes, (o A\u00efllament ac\u00fastic brut entre recintes), D: Difer\u00e8ncia, en dB, entre a els nivells medios de pressi\u00f3 sonora produits en dos recintes per l&#8217;acci\u00f3 d&#8217;una o Diverses fonts de soroll emetent en un d &#8216;ELLS, que \u00e9s pren com a recinte emissor.<\/p>\n<p>Difer\u00e8ncia de nivells estandarditzada en fa\u00e7anes, en cobertes ia S\u00f2ls en contacte amb l&#8217;aire exterior, D2m, nT: A\u00efllament ac\u00fastic a soroll aeri d&#8217;1 fa\u00e7ana, un coberta o terra en contacte amb l&#8217;aire exterior, en dB, Quan la mesura de el nivell d&#8217;soroll exterior, L1,2m, \u00e9s fa a 2 metres Davant de la fa\u00e7ana o la coberta.<\/p>\n<p>\u00cdndex global de Reducci\u00f3 ac\u00fastica d&#8217;1 element constructiu, ponderat A, RA: Valoraci\u00f3 global, en dBA, de l&#8217;\u00edndex de Reducci\u00f3 ac\u00fastica, R, per un soroll incident rosa normalitzat, ponderat A.<\/p>\n<p>Els \u00cdndexs de Reducci\u00f3 ac\u00fastica \u00e9s determinaran mitjan\u00e7ant assaig a l&#8217;laboratori. Tanmateix, i en abs\u00e8ncia d&#8217;assaig, \u00e9s olla dir que l&#8217;\u00edndex de Reducci\u00f3 ac\u00fastica proporcionat per 1 element constructiu d&#8217;1 full de materials homogenis, \u00e9s Funci\u00f3 quasi exclusiva de su massa.<\/p>\n<p>\u00cdndex de Reducci\u00f3 ac\u00fastica d&#8217;1 element constructiu, R: A\u00efllament ac\u00fastic, en dB, d&#8217;1 element constructiu mesurat en laboratori. \u00c9s Funci\u00f3 de la freq\u00fc\u00e8ncia.<\/p>\n<p>\u00cdndex de Reducci\u00f3 ac\u00fastica aparent, R &#8216;: A\u00efllament ac\u00fastic, en dB, d&#8217;1 element constructiu mesurat in situ, incloses els Transmissions indirectes. En funci\u00f3 de la freq\u00fc\u00e8ncia.<\/p>\n<p>ISO 12354-1: 2017 especifica models de c\u00e0lcul dissenyats per estimar l&#8217;A\u00efllament ac\u00fastic a l&#8217;aire entre habitacions adjacents a edificis restaurats, utilitzant sevamajoria tats mesurades que caracteritzen la Transmissi\u00f3 de flanqueig directe o INDIRECTE p\u00e8ls elements de construcci\u00f3 participants, i M\u00e8todes derivats teoricament de propagaci\u00f3 de l&#8217;so en elements estructurals.[\/vc_column_text][\/vc_column_inner][\/vc_row_inner][vc_row_inner row_type=&#8221;row&#8221; type=&#8221;full_width&#8221; text_align=&#8221;left&#8221; css_animation=&#8221;&#8221;][vc_column_inner width=&#8221;1\/2&#8243;][vc_column_text css=&#8221;.vc_custom_1601886723804{padding-right: 10% !important;padding-bottom: 30px !important;}&#8221;]<\/p>\n<h3>A\u00efllament ac\u00fastic a soroll d&#8217;impactes<\/h3>\n<p>A\u00efllament ac\u00fastic a soroll d&#8217;impactes: Protecci\u00f3 davant el soroll d&#8217;impactes. Ve determinat pel nivell global de pressi\u00f3 de soroll d&#8217;impactes estandarditzat, L&#8217;nT, w, en dB.<\/p>\n<p>Nivell de pressi\u00f3 de soroll d&#8217;impactes estandarditzat, L&#8217;nT: Nivell de pressi\u00f3 sonora mitj\u00e0, en dB, en el recinte receptor normalitzat a un temps de reverberaci\u00f3 d&#8217;0,5s, quan l&#8217;element constructiu de separaci\u00f3 respecte a l&#8217;recinte emissor \u00e9s excitat per la m\u00e0quina d&#8217;impactes normalitzada. \u00c9s funci\u00f3 de la freq\u00fc\u00e8ncia.<\/p>\n<p>Nivell de pressi\u00f3 de soroll d&#8217;impactes normalitzat d&#8217;un element constructiu horitzontal, L n: Nivell de pressi\u00f3 sonora mitj\u00e0 en el recinte receptor referit a una absorci\u00f3 de 10 m2, amb l&#8217;element constructiu horitzontal muntat com a element de separaci\u00f3 respecte a el recinte superior. Tal element \u00e9s excitat per la m\u00e0quina d&#8217;impactes normalitzada, en condicions d&#8217;assaig en laboratori (manca de transmissions indirectes). \u00c9s funci\u00f3 de la freq\u00fc\u00e8ncia.<\/p>\n<p>Nivell global de pressi\u00f3 de soroll d&#8217;impactes estandarditzat, L&#8217;nT, w: Valoraci\u00f3 global de l&#8217;nivell de pressi\u00f3 de soroll d&#8217;impactes estandarditzat, L&#8217;nT.<\/p>\n<p>Nivell global de pressi\u00f3 de soroll d&#8217;impactes normalitzat d&#8217;un element constructiu horitzontal, L n, w: Valor a 500 Hz de la corba de refer\u00e8ncia ajustada als valors experimentals de nivell de pressi\u00f3 de soroll d&#8217;impactes normalitzat, L n. Si els nivells experimentals estan donats per bandes d&#8217;octava, cal reduir en 5 dB el valor a 500Hz.<\/p>\n<h3>A\u00efllament actiu<\/h3>\n<p>T\u00e8cniques de prevenci\u00f3 i sistemes de control de les emissions.<\/p>\n<p>El Limitador de pot\u00e8ncia \u00e9s un equalitzador limitador de ter\u00e7os d&#8217;octava que adapta el nivell sonor produ\u00eft per l&#8217;equip en el que s&#8217;instal\u00b7la a les condicions de l&#8217;a\u00efllament de el local de manera que a cada ter\u00e7 d&#8217;octava es compleix que:<\/p>\n<p>Nivell de pressi\u00f3 sonora en el local &amp; lt; A\u00efllament de el local + Nivell de pressi\u00f3 sonora m\u00e0xim perm\u00e8s per Normativa en el receptor (Corba NC).[\/vc_column_text]\n\n\t<a href=\"https:\/\/acusticsambient.com\/#proyectos\" target=\"_self\" style=\"color: #ffffff;background-color: #51a126;font-size: 20px;font-weight: 400;margin: 20px 0px 0px 0px\" class=\"qode-btn qode-btn-medium qode-btn-solid qode-btn-custom-hover-bg qode-btn-custom-hover-color qode-btn-default-hover\" data-hover-bg-color=\"#96949a\" data-hover-color=\"#ffffff\" >\n\t    <span class=\"qode-btn-text\">M\u00e9s Projectes<\/span>\t<\/a>\n\n[\/vc_column_inner][vc_column_inner width=&#8221;1\/2&#8243; css=&#8221;.vc_custom_1600767310289{padding-top: 300px !important;padding-bottom: 170% !important;background-image: url(https:\/\/acusticsambient.com\/wp-content\/uploads\/2020\/09\/MEDIAMBIENT-8-rotated.jpg?id=1783) !important;background-position: center !important;background-repeat: no-repeat !important;background-size: cover !important;}&#8221;][\/vc_column_inner][\/vc_row_inner][\/vc_column][\/vc_row][vc_row css_animation=&#8221;&#8221; row_type=&#8221;row&#8221; use_row_as_full_screen_section=&#8221;no&#8221; type=&#8221;full_width&#8221; angled_section=&#8221;no&#8221; text_align=&#8221;left&#8221; background_image_as_pattern=&#8221;without_pattern&#8221;][vc_column css=&#8221;.vc_custom_1598604146555{padding-top: 0px !important;padding-right: 0px !important;padding-bottom: 0px !important;padding-left: 0px !important;background-color: #51a126 !important;}&#8221;]<div class=\"qode-advanced-call-to-action\" style=\"height:155px\">\n\t<a class=\"advanced-cta-link\" href=\"\/ca\/contacte\" target=\"_self\"><\/a>\n\t<div class=\"qode-advanced-cta-content\">\t\t\n\t    <span class=\"qode-advanced-cta-text-holder\" style=\"color:#ffffff;font-size:25px;font-weight:700\">\n\t\t    Sol\u00b7licita m\u00e9s informaci\u00f3\t    <\/span>\n\t    <span class=\"qode-advanced-cta-icon-holder\" style=\"color:#ffffff;font-size:38px;font-weight:600;height:45px;width:45px\">\n\t\t    <span class=\"qode-advanced-cta-icon-holder-table\">\n\t\t    \t<span class=\"qode-advanced-cta-icon-holder-cell\" >\n\t\t\t    \t<span aria-hidden=\"true\" class=\"qode_icon_font_elegant arrow_right qode-advanced-cta-icon\" ><\/span>\t\t\t    <\/span>\n\t\t    <\/span>\n\t\t    \t    <\/span>\n\t<\/div>\n\t\t\t<div class=\"qode-advanced-cta-background-holder\">\n\t\t\t<span class=\"qode-advanced-cta-background-1 qode-type1-gradient-left-to-right\"><\/span>\n\t\t\t<span class=\"qode-advanced-cta-background-2 qode-type1-gradient-left-to-right\"><\/span>\n\t\t\t<span class=\"qode-advanced-cta-background-3\"><\/span>\n\t\t<\/div>\n\t<\/div>[\/vc_column][\/vc_row]<\/p>\n","protected":false},"excerpt":{"rendered":"<p>[vc_row css_animation=&#8221;&#8221; row_type=&#8221;row&#8221; use_row_as_full_screen_section=&#8221;no&#8221; type=&#8221;grid&#8221; angled_section=&#8221;no&#8221; text_align=&#8221;left&#8221; background_image_as_pattern=&#8221;without_pattern&#8221; css=&#8221;.vc_custom_1600364212737{padding-top: 120px !important;padding-bottom: 120px !important;}&#8221; z_index=&#8221;&#8221;][vc_column][vc_row_inner row_type=&#8221;row&#8221; type=&#8221;full_width&#8221; text_align=&#8221;left&#8221; css_animation=&#8221;&#8221;][vc_column_inner width=&#8221;1\/2&#8243;][vc_column_text css=&#8221;.vc_custom_1601886244075{padding-right: 10% !important;padding-bottom: 30px !important;}&#8221;] Reducci\u00f3 de soroll mitjan\u00e7ant a\u00efllament A\u00efllar suposa impedir que un so penetri en un mitj\u00e0 o que surti d&#8217;ell. Per aix\u00f2,&#8230;<\/p>\n","protected":false},"author":2,"featured_media":0,"parent":0,"menu_order":300,"comment_status":"closed","ping_status":"closed","template":"full_width.php","meta":[],"yoast_head":"<!-- This site is optimized with the Yoast SEO plugin v19.13 - https:\/\/yoast.com\/wordpress\/plugins\/seo\/ -->\n<title>A\u00efllament | Acustics Ambient<\/title>\n<meta name=\"robots\" content=\"index, follow, max-snippet:-1, max-image-preview:large, max-video-preview:-1\" \/>\n<link rel=\"canonical\" href=\"https:\/\/acusticsambient.com\/ca\/aillament\/\" \/>\n<meta property=\"og:locale\" content=\"ca_ES\" \/>\n<meta property=\"og:type\" content=\"article\" \/>\n<meta property=\"og:title\" content=\"A\u00efllament | Acustics Ambient\" \/>\n<meta property=\"og:description\" content=\"[vc_row css_animation=&#8221;&#8221; row_type=&#8221;row&#8221; use_row_as_full_screen_section=&#8221;no&#8221; type=&#8221;grid&#8221; angled_section=&#8221;no&#8221; text_align=&#8221;left&#8221; background_image_as_pattern=&#8221;without_pattern&#8221; css=&#8221;.vc_custom_1600364212737{padding-top: 120px !important;padding-bottom: 120px !important;}&#8221; z_index=&#8221;&#8221;][vc_column][vc_row_inner row_type=&#8221;row&#8221; type=&#8221;full_width&#8221; text_align=&#8221;left&#8221; css_animation=&#8221;&#8221;][vc_column_inner width=&#8221;1\/2&#8243;][vc_column_text css=&#8221;.vc_custom_1601886244075{padding-right: 10% !important;padding-bottom: 30px !important;}&#8221;] Reducci\u00f3 de soroll mitjan\u00e7ant a\u00efllament A\u00efllar suposa impedir que un so penetri en un mitj\u00e0 o que surti d&#8217;ell. Per aix\u00f2,...\" \/>\n<meta property=\"og:url\" content=\"https:\/\/acusticsambient.com\/ca\/aillament\/\" \/>\n<meta property=\"og:site_name\" content=\"Acustics Ambient\" \/>\n<meta property=\"article:modified_time\" content=\"2020-10-05T08:36:13+00:00\" \/>\n<meta name=\"twitter:card\" content=\"summary_large_image\" \/>\n<meta name=\"twitter:label1\" content=\"Temps estimat de lectura\" \/>\n\t<meta name=\"twitter:data1\" content=\"7 minuts\" \/>\n<script type=\"application\/ld+json\" class=\"yoast-schema-graph\">{\"@context\":\"https:\/\/schema.org\",\"@graph\":[{\"@type\":\"WebPage\",\"@id\":\"https:\/\/acusticsambient.com\/ca\/aillament\/\",\"url\":\"https:\/\/acusticsambient.com\/ca\/aillament\/\",\"name\":\"A\u00efllament | Acustics Ambient\",\"isPartOf\":{\"@id\":\"https:\/\/acusticsambient.com\/ca\/#website\"},\"datePublished\":\"2020-07-28T11:23:49+00:00\",\"dateModified\":\"2020-10-05T08:36:13+00:00\",\"breadcrumb\":{\"@id\":\"https:\/\/acusticsambient.com\/ca\/aillament\/#breadcrumb\"},\"inLanguage\":\"ca\",\"potentialAction\":[{\"@type\":\"ReadAction\",\"target\":[\"https:\/\/acusticsambient.com\/ca\/aillament\/\"]}]},{\"@type\":\"BreadcrumbList\",\"@id\":\"https:\/\/acusticsambient.com\/ca\/aillament\/#breadcrumb\",\"itemListElement\":[{\"@type\":\"ListItem\",\"position\":1,\"name\":\"Home\",\"item\":\"https:\/\/acusticsambient.com\/ca\/\"},{\"@type\":\"ListItem\",\"position\":2,\"name\":\"A\u00efllament\"}]},{\"@type\":\"WebSite\",\"@id\":\"https:\/\/acusticsambient.com\/ca\/#website\",\"url\":\"https:\/\/acusticsambient.com\/ca\/\",\"name\":\"Acustics Ambient\",\"description\":\"Just another WordPress site\",\"publisher\":{\"@id\":\"https:\/\/acusticsambient.com\/ca\/#organization\"},\"potentialAction\":[{\"@type\":\"SearchAction\",\"target\":{\"@type\":\"EntryPoint\",\"urlTemplate\":\"https:\/\/acusticsambient.com\/ca\/?s={search_term_string}\"},\"query-input\":\"required name=search_term_string\"}],\"inLanguage\":\"ca\"},{\"@type\":\"Organization\",\"@id\":\"https:\/\/acusticsambient.com\/ca\/#organization\",\"name\":\"Ac\u00fastics Ambient Consultoria Ac\u00fastica\",\"url\":\"https:\/\/acusticsambient.com\/ca\/\",\"logo\":{\"@type\":\"ImageObject\",\"inLanguage\":\"ca\",\"@id\":\"https:\/\/acusticsambient.com\/ca\/#\/schema\/logo\/image\/\",\"url\":\"https:\/\/acusticsambient.com\/wp-content\/uploads\/2020\/09\/acusticalogo.png\",\"contentUrl\":\"https:\/\/acusticsambient.com\/wp-content\/uploads\/2020\/09\/acusticalogo.png\",\"width\":900,\"height\":600,\"caption\":\"Ac\u00fastics Ambient Consultoria Ac\u00fastica\"},\"image\":{\"@id\":\"https:\/\/acusticsambient.com\/ca\/#\/schema\/logo\/image\/\"}}]}<\/script>\n<!-- \/ Yoast SEO plugin. -->","yoast_head_json":{"title":"A\u00efllament | Acustics Ambient","robots":{"index":"index","follow":"follow","max-snippet":"max-snippet:-1","max-image-preview":"max-image-preview:large","max-video-preview":"max-video-preview:-1"},"canonical":"https:\/\/acusticsambient.com\/ca\/aillament\/","og_locale":"ca_ES","og_type":"article","og_title":"A\u00efllament | Acustics Ambient","og_description":"[vc_row css_animation=&#8221;&#8221; row_type=&#8221;row&#8221; use_row_as_full_screen_section=&#8221;no&#8221; type=&#8221;grid&#8221; angled_section=&#8221;no&#8221; text_align=&#8221;left&#8221; background_image_as_pattern=&#8221;without_pattern&#8221; css=&#8221;.vc_custom_1600364212737{padding-top: 120px !important;padding-bottom: 120px !important;}&#8221; z_index=&#8221;&#8221;][vc_column][vc_row_inner row_type=&#8221;row&#8221; type=&#8221;full_width&#8221; text_align=&#8221;left&#8221; css_animation=&#8221;&#8221;][vc_column_inner width=&#8221;1\/2&#8243;][vc_column_text css=&#8221;.vc_custom_1601886244075{padding-right: 10% !important;padding-bottom: 30px !important;}&#8221;] Reducci\u00f3 de soroll mitjan\u00e7ant a\u00efllament A\u00efllar suposa impedir que un so penetri en un mitj\u00e0 o que surti d&#8217;ell. Per aix\u00f2,...","og_url":"https:\/\/acusticsambient.com\/ca\/aillament\/","og_site_name":"Acustics Ambient","article_modified_time":"2020-10-05T08:36:13+00:00","twitter_card":"summary_large_image","twitter_misc":{"Temps estimat de lectura":"7 minuts"},"schema":{"@context":"https:\/\/schema.org","@graph":[{"@type":"WebPage","@id":"https:\/\/acusticsambient.com\/ca\/aillament\/","url":"https:\/\/acusticsambient.com\/ca\/aillament\/","name":"A\u00efllament | Acustics Ambient","isPartOf":{"@id":"https:\/\/acusticsambient.com\/ca\/#website"},"datePublished":"2020-07-28T11:23:49+00:00","dateModified":"2020-10-05T08:36:13+00:00","breadcrumb":{"@id":"https:\/\/acusticsambient.com\/ca\/aillament\/#breadcrumb"},"inLanguage":"ca","potentialAction":[{"@type":"ReadAction","target":["https:\/\/acusticsambient.com\/ca\/aillament\/"]}]},{"@type":"BreadcrumbList","@id":"https:\/\/acusticsambient.com\/ca\/aillament\/#breadcrumb","itemListElement":[{"@type":"ListItem","position":1,"name":"Home","item":"https:\/\/acusticsambient.com\/ca\/"},{"@type":"ListItem","position":2,"name":"A\u00efllament"}]},{"@type":"WebSite","@id":"https:\/\/acusticsambient.com\/ca\/#website","url":"https:\/\/acusticsambient.com\/ca\/","name":"Acustics Ambient","description":"Just another WordPress site","publisher":{"@id":"https:\/\/acusticsambient.com\/ca\/#organization"},"potentialAction":[{"@type":"SearchAction","target":{"@type":"EntryPoint","urlTemplate":"https:\/\/acusticsambient.com\/ca\/?s={search_term_string}"},"query-input":"required name=search_term_string"}],"inLanguage":"ca"},{"@type":"Organization","@id":"https:\/\/acusticsambient.com\/ca\/#organization","name":"Ac\u00fastics Ambient Consultoria Ac\u00fastica","url":"https:\/\/acusticsambient.com\/ca\/","logo":{"@type":"ImageObject","inLanguage":"ca","@id":"https:\/\/acusticsambient.com\/ca\/#\/schema\/logo\/image\/","url":"https:\/\/acusticsambient.com\/wp-content\/uploads\/2020\/09\/acusticalogo.png","contentUrl":"https:\/\/acusticsambient.com\/wp-content\/uploads\/2020\/09\/acusticalogo.png","width":900,"height":600,"caption":"Ac\u00fastics Ambient Consultoria Ac\u00fastica"},"image":{"@id":"https:\/\/acusticsambient.com\/ca\/#\/schema\/logo\/image\/"}}]}},"_links":{"self":[{"href":"https:\/\/acusticsambient.com\/ca\/wp-json\/wp\/v2\/pages\/2096"}],"collection":[{"href":"https:\/\/acusticsambient.com\/ca\/wp-json\/wp\/v2\/pages"}],"about":[{"href":"https:\/\/acusticsambient.com\/ca\/wp-json\/wp\/v2\/types\/page"}],"author":[{"embeddable":true,"href":"https:\/\/acusticsambient.com\/ca\/wp-json\/wp\/v2\/users\/2"}],"replies":[{"embeddable":true,"href":"https:\/\/acusticsambient.com\/ca\/wp-json\/wp\/v2\/comments?post=2096"}],"version-history":[{"count":4,"href":"https:\/\/acusticsambient.com\/ca\/wp-json\/wp\/v2\/pages\/2096\/revisions"}],"predecessor-version":[{"id":2101,"href":"https:\/\/acusticsambient.com\/ca\/wp-json\/wp\/v2\/pages\/2096\/revisions\/2101"}],"wp:attachment":[{"href":"https:\/\/acusticsambient.com\/ca\/wp-json\/wp\/v2\/media?parent=2096"}],"curies":[{"name":"wp","href":"https:\/\/api.w.org\/{rel}","templated":true}]}}