{"id":2053,"date":"2017-10-26T10:26:48","date_gmt":"2017-10-26T10:26:48","guid":{"rendered":"https:\/\/acusticsambient.com\/arquitectura-con-madera\/"},"modified":"2020-11-04T12:02:19","modified_gmt":"2020-11-04T12:02:19","slug":"arquitectura-amb-fusta","status":"publish","type":"page","link":"https:\/\/acusticsambient.com\/ca\/arquitectura-amb-fusta\/","title":{"rendered":"Arquitectura amb fusta"},"content":{"rendered":"<p>[vc_row css_animation=&#8221;&#8221; row_type=&#8221;row&#8221; use_row_as_full_screen_section=&#8221;no&#8221; type=&#8221;full_width&#8221; angled_section=&#8221;no&#8221; text_align=&#8221;left&#8221; background_image_as_pattern=&#8221;without_pattern&#8221; z_index=&#8221;&#8221; css=&#8221;.vc_custom_1600699405145{padding-top: 60px !important;}&#8221;][vc_column width=&#8221;1\/2&#8243; css=&#8221;.vc_custom_1600703853702{padding-bottom: 30px !important;}&#8221;][vc_column_text css=&#8221;.vc_custom_1601891636291{padding-right: 30px !important;padding-bottom: 30px !important;}&#8221;]<\/p>\n<h3>Construccions amb fusta<\/h3>\n<p>Des de l&#8217;any 2009 i despr\u00e9s de l&#8217;aprovaci\u00f3 del <strong>CODI T\u00c8CNIC EDIFICACI\u00d3 HR Protecci\u00f3 contra el soroll,<\/strong> Ac\u00fastics Ambient SL s&#8217;ha especialitzat en la intervenci\u00f3 de projectes arquitect\u00f2nics en fusta laminada encolada i entramat lleuger per a la construcci\u00f3. La nostra experi\u00e8ncia ens permet innovar constantment i desenvolupar noves solucions per als projectes m\u00e9s complexos.<br \/>\nAc\u00fastics Ambient SL s&#8217;adapta a l&#8217;equip multidisciplinari de redacci\u00f3 de projecte aportant solucions per a complir els requisits normatius, aix\u00ed com als requisits m\u00e9s exigents establerts pel client final.<br \/>\nSolucions constructives combinades mitjan\u00e7ant elements modulars de construcci\u00f3 en sec mitjan\u00e7ant entramat lleuger i panell estructural tipus CLT.<\/p>\n<p>Sistemes combinats mitjan\u00e7ant sistemes de construcci\u00f3 tradicional.[\/vc_column_text]\n\n\t<a href=\"https:\/\/acusticsambient.com\/ca\/#projectes\" target=\"_self\" style=\"color: #ffffff;background-color: #51a126;font-size: 20px;font-weight: 400;margin: 20px 0px 0px 0px\" class=\"qode-btn qode-btn-medium qode-btn-solid qode-btn-custom-hover-bg qode-btn-custom-hover-color qode-btn-default-hover\" data-hover-bg-color=\"#96949a\" data-hover-color=\"#ffffff\" >\n\t    <span class=\"qode-btn-text\">M\u00e9s Projectes<\/span>\t<\/a>\n\n[\/vc_column][vc_column width=&#8221;1\/2&#8243;][vc_single_image image=&#8221;1214&#8243; img_size=&#8221;900&#215;1200&#8243; alignment=&#8221;center&#8221; qode_css_animation=&#8221;&#8221;][\/vc_column][\/vc_row][vc_row css_animation=&#8221;&#8221; row_type=&#8221;row&#8221; use_row_as_full_screen_section=&#8221;no&#8221; type=&#8221;full_width&#8221; angled_section=&#8221;no&#8221; text_align=&#8221;left&#8221; background_image_as_pattern=&#8221;without_pattern&#8221; z_index=&#8221;&#8221; css=&#8221;.vc_custom_1598863638347{background-color: #ffffff !important;}&#8221;][vc_column][vc_empty_space height=&#8221;48px&#8221;][vc_column_text]<\/p>\n<h2 style=\"text-align: center; color: #51a126;\">Els nostres <span style=\"color: #969799;\">Proyectes:<\/span><\/h2>\n<h3 style=\"text-align: center; color: #51a126;\">Arquitectura <span style=\"color: #969799;\">amb fusta<\/span><\/h3>\n<p>[\/vc_column_text][vc_empty_space height=&#8221;48px&#8221;]<div class='projects_holder_outer v4 portfolio_with_space portfolio_standard'>\n        <div class='projects_holder portfolio_main_holder clearfix v4 standard portfolio_full_image portfolio_one_by_one'>\n        \n        <article class='mix portfolio_category_45 default' style=''>\n    \n    \n    \n                <div class='image_holder'>\n                <a itemprop='url' class='portfolio_link_for_touch' href='https:\/\/acusticsambient.com\/ca\/portfolio_page\/estudi-d-impacte-acustic-projecte-basic-executiu-centre-civic-can-portabella\/' target=''>\n                    \n<span class='image'><img width=\"800\" height=\"800\" src=\"https:\/\/acusticsambient.com\/wp-content\/uploads\/2020\/09\/arquitectura-amb-fusta15.jpg\" class=\"attachment-full size-full wp-post-image\" alt=\"\" decoding=\"async\" loading=\"lazy\" srcset=\"https:\/\/acusticsambient.com\/wp-content\/uploads\/2020\/09\/arquitectura-amb-fusta15.jpg 800w, https:\/\/acusticsambient.com\/wp-content\/uploads\/2020\/09\/arquitectura-amb-fusta15-300x300.jpg 300w, https:\/\/acusticsambient.com\/wp-content\/uploads\/2020\/09\/arquitectura-amb-fusta15-150x150.jpg 150w, https:\/\/acusticsambient.com\/wp-content\/uploads\/2020\/09\/arquitectura-amb-fusta15-768x768.jpg 768w, https:\/\/acusticsambient.com\/wp-content\/uploads\/2020\/09\/arquitectura-amb-fusta15-570x570.jpg 570w, https:\/\/acusticsambient.com\/wp-content\/uploads\/2020\/09\/arquitectura-amb-fusta15-500x500.jpg 500w, https:\/\/acusticsambient.com\/wp-content\/uploads\/2020\/09\/arquitectura-amb-fusta15-700x700.jpg 700w\" sizes=\"(max-width: 800px) 100vw, 800px\" \/><\/span>                <\/a>\n\n                <span class='text_holder'>\n    <span class='text_outer'>\n        <span class='text_inner'>\n            <span class='feature_holder'>\n                            <span class=\"feature_holder_icons\">';\n                    \n                            <a itemprop='url' class='preview qbutton small white' href='https:\/\/acusticsambient.com\/ca\/portfolio_page\/estudi-d-impacte-acustic-projecte-basic-executiu-centre-civic-can-portabella\/' target='_self'>Veure m\u00e9s<\/i><\/a>\n    \n                                            <\/span>\n        <\/span>\n    <\/span>\n<\/span>            <\/div>\n                <div class='portfolio_description text_align_center' >\n\n        \n    <h5 itemprop=\"name\" class=\"portfolio_title entry_title\"><a itemprop=\"url\" href=\"https:\/\/acusticsambient.com\/ca\/portfolio_page\/estudi-d-impacte-acustic-projecte-basic-executiu-centre-civic-can-portabella\/\"  target=\"_self\"> Estudi d\u2019 Impacte Ac\u00fastic .Projecte B\u00e0sic Executiu CENTRE CIVIC CAN PORTABELLA<\/a><\/h5>\n\n\n            <div style=\"background-color: #51a126\" class=\"portfolio_separator separator  small center\"><\/div>\n\n        \n    <\/div>\n        \n<\/article>\n<article class='mix portfolio_category_45 default' style=''>\n    \n    \n    \n                <div class='image_holder'>\n                <a itemprop='url' class='portfolio_link_for_touch' href='https:\/\/acusticsambient.com\/ca\/portfolio_page\/estudi-d-impacte-acustic-projecte-basic-executiu-edifici-residencia-estudiants-josep\/' target=''>\n                    \n<span class='image'><img width=\"800\" height=\"800\" src=\"https:\/\/acusticsambient.com\/wp-content\/uploads\/2020\/09\/arquitectura-amb-fusta12.jpg\" class=\"attachment-full size-full wp-post-image\" alt=\"\" decoding=\"async\" loading=\"lazy\" srcset=\"https:\/\/acusticsambient.com\/wp-content\/uploads\/2020\/09\/arquitectura-amb-fusta12.jpg 800w, https:\/\/acusticsambient.com\/wp-content\/uploads\/2020\/09\/arquitectura-amb-fusta12-300x300.jpg 300w, https:\/\/acusticsambient.com\/wp-content\/uploads\/2020\/09\/arquitectura-amb-fusta12-150x150.jpg 150w, https:\/\/acusticsambient.com\/wp-content\/uploads\/2020\/09\/arquitectura-amb-fusta12-768x768.jpg 768w, https:\/\/acusticsambient.com\/wp-content\/uploads\/2020\/09\/arquitectura-amb-fusta12-570x570.jpg 570w, https:\/\/acusticsambient.com\/wp-content\/uploads\/2020\/09\/arquitectura-amb-fusta12-500x500.jpg 500w, https:\/\/acusticsambient.com\/wp-content\/uploads\/2020\/09\/arquitectura-amb-fusta12-700x700.jpg 700w\" sizes=\"(max-width: 800px) 100vw, 800px\" \/><\/span>                <\/a>\n\n                <span class='text_holder'>\n    <span class='text_outer'>\n        <span class='text_inner'>\n            <span class='feature_holder'>\n                            <span class=\"feature_holder_icons\">';\n                    \n                            <a itemprop='url' class='preview qbutton small white' href='https:\/\/acusticsambient.com\/ca\/portfolio_page\/estudi-d-impacte-acustic-projecte-basic-executiu-edifici-residencia-estudiants-josep\/' target='_self'>Veure m\u00e9s<\/i><\/a>\n    \n                                            <\/span>\n        <\/span>\n    <\/span>\n<\/span>            <\/div>\n                <div class='portfolio_description text_align_center' >\n\n        \n    <h5 itemprop=\"name\" class=\"portfolio_title entry_title\"><a itemprop=\"url\" href=\"https:\/\/acusticsambient.com\/ca\/portfolio_page\/estudi-d-impacte-acustic-projecte-basic-executiu-edifici-residencia-estudiants-josep\/\"  target=\"_self\"> Estudi d\u2019 Impacte Ac\u00fastic Projecte B\u00e0sic Executiu Edifici Residencia Estudiants Josep<\/a><\/h5>\n\n\n            <div style=\"background-color: #51a126\" class=\"portfolio_separator separator  small center\"><\/div>\n\n        \n    <\/div>\n        \n<\/article>\n<article class='mix portfolio_category_45 default' style=''>\n    \n    \n    \n                <div class='image_holder'>\n                <a itemprop='url' class='portfolio_link_for_touch' href='https:\/\/acusticsambient.com\/ca\/portfolio_page\/estudi-d-impacte-acustic-projecte-basic-executiu-edifici-habitatges-arquitecte-ramon-llobera-serentill-lleida\/' target=''>\n                    \n<span class='image'><img width=\"1512\" height=\"1512\" src=\"https:\/\/acusticsambient.com\/wp-content\/uploads\/2020\/08\/arquitectura-amb-fusta-9-1.jpg\" class=\"attachment-full size-full wp-post-image\" alt=\"\" decoding=\"async\" loading=\"lazy\" srcset=\"https:\/\/acusticsambient.com\/wp-content\/uploads\/2020\/08\/arquitectura-amb-fusta-9-1.jpg 1512w, https:\/\/acusticsambient.com\/wp-content\/uploads\/2020\/08\/arquitectura-amb-fusta-9-1-300x300.jpg 300w, https:\/\/acusticsambient.com\/wp-content\/uploads\/2020\/08\/arquitectura-amb-fusta-9-1-1024x1024.jpg 1024w, https:\/\/acusticsambient.com\/wp-content\/uploads\/2020\/08\/arquitectura-amb-fusta-9-1-150x150.jpg 150w, https:\/\/acusticsambient.com\/wp-content\/uploads\/2020\/08\/arquitectura-amb-fusta-9-1-768x768.jpg 768w, https:\/\/acusticsambient.com\/wp-content\/uploads\/2020\/08\/arquitectura-amb-fusta-9-1-570x570.jpg 570w, https:\/\/acusticsambient.com\/wp-content\/uploads\/2020\/08\/arquitectura-amb-fusta-9-1-500x500.jpg 500w, https:\/\/acusticsambient.com\/wp-content\/uploads\/2020\/08\/arquitectura-amb-fusta-9-1-1000x1000.jpg 1000w, https:\/\/acusticsambient.com\/wp-content\/uploads\/2020\/08\/arquitectura-amb-fusta-9-1-700x700.jpg 700w\" sizes=\"(max-width: 1512px) 100vw, 1512px\" \/><\/span>                <\/a>\n\n                <span class='text_holder'>\n    <span class='text_outer'>\n        <span class='text_inner'>\n            <span class='feature_holder'>\n                            <span class=\"feature_holder_icons\">';\n                    \n                            <a itemprop='url' class='preview qbutton small white' href='https:\/\/acusticsambient.com\/ca\/portfolio_page\/estudi-d-impacte-acustic-projecte-basic-executiu-edifici-habitatges-arquitecte-ramon-llobera-serentill-lleida\/' target='_self'>Veure m\u00e9s<\/i><\/a>\n    \n                                            <\/span>\n        <\/span>\n    <\/span>\n<\/span>            <\/div>\n                <div class='portfolio_description text_align_center' >\n\n        \n    <h5 itemprop=\"name\" class=\"portfolio_title entry_title\"><a itemprop=\"url\" href=\"https:\/\/acusticsambient.com\/ca\/portfolio_page\/estudi-d-impacte-acustic-projecte-basic-executiu-edifici-habitatges-arquitecte-ramon-llobera-serentill-lleida\/\"  target=\"_self\"> Estudi d\u2019Impacte Ac\u00fastic. Projecte B\u00e0sic Executiu Edifici habitatges Arquitecte Ramon Llobera Serentill (Lleida)<\/a><\/h5>\n\n\n            <div style=\"background-color: #51a126\" class=\"portfolio_separator separator  small center\"><\/div>\n\n        \n    <\/div>\n        \n<\/article>\n<article class='mix portfolio_category_45 default' style=''>\n    \n    \n    \n                <div class='image_holder'>\n                <a itemprop='url' class='portfolio_link_for_touch' href='https:\/\/acusticsambient.com\/ca\/portfolio_page\/estudi-d-impacte-acustic-projecte-basic-executiu-promotor-eco-hotel-terra-bonanssa\/' target=''>\n                    \n<span class='image'><img width=\"1512\" height=\"1512\" src=\"https:\/\/acusticsambient.com\/wp-content\/uploads\/2020\/08\/arquitectura-amb-fusta-10-1.jpg\" class=\"attachment-full size-full wp-post-image\" alt=\"\" decoding=\"async\" loading=\"lazy\" srcset=\"https:\/\/acusticsambient.com\/wp-content\/uploads\/2020\/08\/arquitectura-amb-fusta-10-1.jpg 1512w, https:\/\/acusticsambient.com\/wp-content\/uploads\/2020\/08\/arquitectura-amb-fusta-10-1-300x300.jpg 300w, https:\/\/acusticsambient.com\/wp-content\/uploads\/2020\/08\/arquitectura-amb-fusta-10-1-1024x1024.jpg 1024w, https:\/\/acusticsambient.com\/wp-content\/uploads\/2020\/08\/arquitectura-amb-fusta-10-1-150x150.jpg 150w, https:\/\/acusticsambient.com\/wp-content\/uploads\/2020\/08\/arquitectura-amb-fusta-10-1-768x768.jpg 768w, https:\/\/acusticsambient.com\/wp-content\/uploads\/2020\/08\/arquitectura-amb-fusta-10-1-570x570.jpg 570w, https:\/\/acusticsambient.com\/wp-content\/uploads\/2020\/08\/arquitectura-amb-fusta-10-1-500x500.jpg 500w, https:\/\/acusticsambient.com\/wp-content\/uploads\/2020\/08\/arquitectura-amb-fusta-10-1-1000x1000.jpg 1000w, https:\/\/acusticsambient.com\/wp-content\/uploads\/2020\/08\/arquitectura-amb-fusta-10-1-700x700.jpg 700w\" sizes=\"(max-width: 1512px) 100vw, 1512px\" \/><\/span>                <\/a>\n\n                <span class='text_holder'>\n    <span class='text_outer'>\n        <span class='text_inner'>\n            <span class='feature_holder'>\n                            <span class=\"feature_holder_icons\">';\n                    \n                            <a itemprop='url' class='preview qbutton small white' href='https:\/\/acusticsambient.com\/ca\/portfolio_page\/estudi-d-impacte-acustic-projecte-basic-executiu-promotor-eco-hotel-terra-bonanssa\/' target='_self'>Veure m\u00e9s<\/i><\/a>\n    \n                                            <\/span>\n        <\/span>\n    <\/span>\n<\/span>            <\/div>\n                <div class='portfolio_description text_align_center' >\n\n        \n    <h5 itemprop=\"name\" class=\"portfolio_title entry_title\"><a itemprop=\"url\" href=\"https:\/\/acusticsambient.com\/ca\/portfolio_page\/estudi-d-impacte-acustic-projecte-basic-executiu-promotor-eco-hotel-terra-bonanssa\/\"  target=\"_self\"> Estudi d\u2019 Impacte Ac\u00fastic .Projecte B\u00e0sic Executiu  Promotor: ECO HOTEL TERRA BONANSSA<\/a><\/h5>\n\n\n            <div style=\"background-color: #51a126\" class=\"portfolio_separator separator  small center\"><\/div>\n\n        \n    <\/div>\n        \n<\/article>\n        <div class='filler'><\/div>\n            <div class='filler'><\/div>\n            <div class='filler'><\/div>\n            <div class='filler'><\/div>\n        <\/div>\n\n    \n    <\/div>[vc_empty_space height=&#8221;48px&#8221;][\/vc_column][\/vc_row]<\/p>\n","protected":false},"excerpt":{"rendered":"<p>[vc_row css_animation=&#8221;&#8221; row_type=&#8221;row&#8221; use_row_as_full_screen_section=&#8221;no&#8221; type=&#8221;full_width&#8221; angled_section=&#8221;no&#8221; text_align=&#8221;left&#8221; background_image_as_pattern=&#8221;without_pattern&#8221; z_index=&#8221;&#8221; css=&#8221;.vc_custom_1600699405145{padding-top: 60px !important;}&#8221;][vc_column width=&#8221;1\/2&#8243; css=&#8221;.vc_custom_1600703853702{padding-bottom: 30px !important;}&#8221;][vc_column_text css=&#8221;.vc_custom_1601891636291{padding-right: 30px !important;padding-bottom: 30px !important;}&#8221;] Construccions amb fusta Des de l&#8217;any 2009 i despr\u00e9s de l&#8217;aprovaci\u00f3 del CODI T\u00c8CNIC EDIFICACI\u00d3 HR Protecci\u00f3 contra el soroll, Ac\u00fastics Ambient SL s&#8217;ha&#8230;<\/p>\n","protected":false},"author":2,"featured_media":0,"parent":0,"menu_order":300,"comment_status":"closed","ping_status":"closed","template":"","meta":[],"yoast_head":"<!-- This site is optimized with the Yoast SEO plugin v19.13 - https:\/\/yoast.com\/wordpress\/plugins\/seo\/ -->\n<title>Arquitectura amb fusta | Acustics Ambient<\/title>\n<meta name=\"robots\" content=\"index, follow, max-snippet:-1, max-image-preview:large, max-video-preview:-1\" \/>\n<link rel=\"canonical\" href=\"https:\/\/acusticsambient.com\/ca\/arquitectura-amb-fusta\/\" \/>\n<meta property=\"og:locale\" content=\"ca_ES\" \/>\n<meta property=\"og:type\" content=\"article\" \/>\n<meta property=\"og:title\" content=\"Arquitectura amb fusta | Acustics Ambient\" \/>\n<meta property=\"og:description\" content=\"[vc_row css_animation=&#8221;&#8221; row_type=&#8221;row&#8221; use_row_as_full_screen_section=&#8221;no&#8221; type=&#8221;full_width&#8221; angled_section=&#8221;no&#8221; text_align=&#8221;left&#8221; background_image_as_pattern=&#8221;without_pattern&#8221; z_index=&#8221;&#8221; css=&#8221;.vc_custom_1600699405145{padding-top: 60px !important;}&#8221;][vc_column width=&#8221;1\/2&#8243; css=&#8221;.vc_custom_1600703853702{padding-bottom: 30px !important;}&#8221;][vc_column_text css=&#8221;.vc_custom_1601891636291{padding-right: 30px !important;padding-bottom: 30px !important;}&#8221;] Construccions amb fusta Des de l&#8217;any 2009 i despr\u00e9s de l&#8217;aprovaci\u00f3 del CODI T\u00c8CNIC EDIFICACI\u00d3 HR Protecci\u00f3 contra el soroll, Ac\u00fastics Ambient SL s&#8217;ha...\" \/>\n<meta property=\"og:url\" content=\"https:\/\/acusticsambient.com\/ca\/arquitectura-amb-fusta\/\" \/>\n<meta property=\"og:site_name\" content=\"Acustics Ambient\" \/>\n<meta property=\"article:modified_time\" content=\"2020-11-04T12:02:19+00:00\" \/>\n<meta name=\"twitter:card\" content=\"summary_large_image\" \/>\n<meta name=\"twitter:label1\" content=\"Temps estimat de lectura\" \/>\n\t<meta name=\"twitter:data1\" content=\"2 minuts\" \/>\n<script type=\"application\/ld+json\" class=\"yoast-schema-graph\">{\"@context\":\"https:\/\/schema.org\",\"@graph\":[{\"@type\":\"WebPage\",\"@id\":\"https:\/\/acusticsambient.com\/ca\/arquitectura-amb-fusta\/\",\"url\":\"https:\/\/acusticsambient.com\/ca\/arquitectura-amb-fusta\/\",\"name\":\"Arquitectura amb fusta | Acustics Ambient\",\"isPartOf\":{\"@id\":\"https:\/\/acusticsambient.com\/ca\/#website\"},\"datePublished\":\"2017-10-26T10:26:48+00:00\",\"dateModified\":\"2020-11-04T12:02:19+00:00\",\"breadcrumb\":{\"@id\":\"https:\/\/acusticsambient.com\/ca\/arquitectura-amb-fusta\/#breadcrumb\"},\"inLanguage\":\"ca\",\"potentialAction\":[{\"@type\":\"ReadAction\",\"target\":[\"https:\/\/acusticsambient.com\/ca\/arquitectura-amb-fusta\/\"]}]},{\"@type\":\"BreadcrumbList\",\"@id\":\"https:\/\/acusticsambient.com\/ca\/arquitectura-amb-fusta\/#breadcrumb\",\"itemListElement\":[{\"@type\":\"ListItem\",\"position\":1,\"name\":\"Home\",\"item\":\"https:\/\/acusticsambient.com\/ca\/\"},{\"@type\":\"ListItem\",\"position\":2,\"name\":\"Arquitectura amb fusta\"}]},{\"@type\":\"WebSite\",\"@id\":\"https:\/\/acusticsambient.com\/ca\/#website\",\"url\":\"https:\/\/acusticsambient.com\/ca\/\",\"name\":\"Acustics Ambient\",\"description\":\"Just another WordPress site\",\"publisher\":{\"@id\":\"https:\/\/acusticsambient.com\/ca\/#organization\"},\"potentialAction\":[{\"@type\":\"SearchAction\",\"target\":{\"@type\":\"EntryPoint\",\"urlTemplate\":\"https:\/\/acusticsambient.com\/ca\/?s={search_term_string}\"},\"query-input\":\"required name=search_term_string\"}],\"inLanguage\":\"ca\"},{\"@type\":\"Organization\",\"@id\":\"https:\/\/acusticsambient.com\/ca\/#organization\",\"name\":\"Ac\u00fastics Ambient Consultoria Ac\u00fastica\",\"url\":\"https:\/\/acusticsambient.com\/ca\/\",\"logo\":{\"@type\":\"ImageObject\",\"inLanguage\":\"ca\",\"@id\":\"https:\/\/acusticsambient.com\/ca\/#\/schema\/logo\/image\/\",\"url\":\"https:\/\/acusticsambient.com\/wp-content\/uploads\/2020\/09\/acusticalogo.png\",\"contentUrl\":\"https:\/\/acusticsambient.com\/wp-content\/uploads\/2020\/09\/acusticalogo.png\",\"width\":900,\"height\":600,\"caption\":\"Ac\u00fastics Ambient Consultoria Ac\u00fastica\"},\"image\":{\"@id\":\"https:\/\/acusticsambient.com\/ca\/#\/schema\/logo\/image\/\"}}]}<\/script>\n<!-- \/ Yoast SEO plugin. -->","yoast_head_json":{"title":"Arquitectura amb fusta | Acustics Ambient","robots":{"index":"index","follow":"follow","max-snippet":"max-snippet:-1","max-image-preview":"max-image-preview:large","max-video-preview":"max-video-preview:-1"},"canonical":"https:\/\/acusticsambient.com\/ca\/arquitectura-amb-fusta\/","og_locale":"ca_ES","og_type":"article","og_title":"Arquitectura amb fusta | Acustics Ambient","og_description":"[vc_row css_animation=&#8221;&#8221; row_type=&#8221;row&#8221; use_row_as_full_screen_section=&#8221;no&#8221; type=&#8221;full_width&#8221; angled_section=&#8221;no&#8221; text_align=&#8221;left&#8221; background_image_as_pattern=&#8221;without_pattern&#8221; z_index=&#8221;&#8221; css=&#8221;.vc_custom_1600699405145{padding-top: 60px !important;}&#8221;][vc_column width=&#8221;1\/2&#8243; css=&#8221;.vc_custom_1600703853702{padding-bottom: 30px !important;}&#8221;][vc_column_text css=&#8221;.vc_custom_1601891636291{padding-right: 30px !important;padding-bottom: 30px !important;}&#8221;] Construccions amb fusta Des de l&#8217;any 2009 i despr\u00e9s de l&#8217;aprovaci\u00f3 del CODI T\u00c8CNIC EDIFICACI\u00d3 HR Protecci\u00f3 contra el soroll, Ac\u00fastics Ambient SL s&#8217;ha...","og_url":"https:\/\/acusticsambient.com\/ca\/arquitectura-amb-fusta\/","og_site_name":"Acustics Ambient","article_modified_time":"2020-11-04T12:02:19+00:00","twitter_card":"summary_large_image","twitter_misc":{"Temps estimat de lectura":"2 minuts"},"schema":{"@context":"https:\/\/schema.org","@graph":[{"@type":"WebPage","@id":"https:\/\/acusticsambient.com\/ca\/arquitectura-amb-fusta\/","url":"https:\/\/acusticsambient.com\/ca\/arquitectura-amb-fusta\/","name":"Arquitectura amb fusta | Acustics Ambient","isPartOf":{"@id":"https:\/\/acusticsambient.com\/ca\/#website"},"datePublished":"2017-10-26T10:26:48+00:00","dateModified":"2020-11-04T12:02:19+00:00","breadcrumb":{"@id":"https:\/\/acusticsambient.com\/ca\/arquitectura-amb-fusta\/#breadcrumb"},"inLanguage":"ca","potentialAction":[{"@type":"ReadAction","target":["https:\/\/acusticsambient.com\/ca\/arquitectura-amb-fusta\/"]}]},{"@type":"BreadcrumbList","@id":"https:\/\/acusticsambient.com\/ca\/arquitectura-amb-fusta\/#breadcrumb","itemListElement":[{"@type":"ListItem","position":1,"name":"Home","item":"https:\/\/acusticsambient.com\/ca\/"},{"@type":"ListItem","position":2,"name":"Arquitectura amb fusta"}]},{"@type":"WebSite","@id":"https:\/\/acusticsambient.com\/ca\/#website","url":"https:\/\/acusticsambient.com\/ca\/","name":"Acustics Ambient","description":"Just another WordPress site","publisher":{"@id":"https:\/\/acusticsambient.com\/ca\/#organization"},"potentialAction":[{"@type":"SearchAction","target":{"@type":"EntryPoint","urlTemplate":"https:\/\/acusticsambient.com\/ca\/?s={search_term_string}"},"query-input":"required name=search_term_string"}],"inLanguage":"ca"},{"@type":"Organization","@id":"https:\/\/acusticsambient.com\/ca\/#organization","name":"Ac\u00fastics Ambient Consultoria Ac\u00fastica","url":"https:\/\/acusticsambient.com\/ca\/","logo":{"@type":"ImageObject","inLanguage":"ca","@id":"https:\/\/acusticsambient.com\/ca\/#\/schema\/logo\/image\/","url":"https:\/\/acusticsambient.com\/wp-content\/uploads\/2020\/09\/acusticalogo.png","contentUrl":"https:\/\/acusticsambient.com\/wp-content\/uploads\/2020\/09\/acusticalogo.png","width":900,"height":600,"caption":"Ac\u00fastics Ambient Consultoria Ac\u00fastica"},"image":{"@id":"https:\/\/acusticsambient.com\/ca\/#\/schema\/logo\/image\/"}}]}},"_links":{"self":[{"href":"https:\/\/acusticsambient.com\/ca\/wp-json\/wp\/v2\/pages\/2053"}],"collection":[{"href":"https:\/\/acusticsambient.com\/ca\/wp-json\/wp\/v2\/pages"}],"about":[{"href":"https:\/\/acusticsambient.com\/ca\/wp-json\/wp\/v2\/types\/page"}],"author":[{"embeddable":true,"href":"https:\/\/acusticsambient.com\/ca\/wp-json\/wp\/v2\/users\/2"}],"replies":[{"embeddable":true,"href":"https:\/\/acusticsambient.com\/ca\/wp-json\/wp\/v2\/comments?post=2053"}],"version-history":[{"count":7,"href":"https:\/\/acusticsambient.com\/ca\/wp-json\/wp\/v2\/pages\/2053\/revisions"}],"predecessor-version":[{"id":2560,"href":"https:\/\/acusticsambient.com\/ca\/wp-json\/wp\/v2\/pages\/2053\/revisions\/2560"}],"wp:attachment":[{"href":"https:\/\/acusticsambient.com\/ca\/wp-json\/wp\/v2\/media?parent=2053"}],"curies":[{"name":"wp","href":"https:\/\/api.w.org\/{rel}","templated":true}]}}